{"id":583,"date":"2023-10-13T13:17:41","date_gmt":"2023-10-13T13:17:41","guid":{"rendered":"https:\/\/www.itu.int\/wtsa\/tests\/amnt-20\/"},"modified":"2023-11-13T09:10:05","modified_gmt":"2023-11-13T09:10:05","slug":"amnt-20","status":"publish","type":"page","link":"https:\/\/www.itu.int\/wtsa\/tests\/fr\/amnt-20\/","title":{"rendered":"AMNT-20"},"content":{"rendered":"\n    <section class=\"ituBanner bg countdown\">\n        <div class=\"bgContainer\">\n            <img decoding=\"async\" src=\"https:\/\/www.itu.int\/wtsa\/tests\/wp-content\/uploads\/sites\/4\/2023\/11\/2.jpg\" alt=\"\" \/>\n            <div class=\"ituContainer\">\n                <div class=\"content\">\n                    <div class=\"main\">\n                        <script src=\"https:\/\/unpkg.com\/@lottiefiles\/lottie-player@1.5.7\/dist\/lottie-player.js\"><\/script>\n                        <lottie-player src=\"https:\/\/lottie.host\/de3e2035-c685-4144-98b0-a4c3af100107\/PKwcnlBm6Z.json\" background=\"transparent\" autoplay=\"\"><\/lottie-player>\n                                            <\/div>\n                <\/div>\n            <\/div>\n        <\/div>\n    <\/section>\n    <div class=\"ituContainer grid\">\n        <div data-span=\"12\">\n                            <div class=\"ituContainer\">\n<p class=\"wp-block-paragraph\"><strong>L&rsquo;Assembl\u00e9e mondiale de normalisation des t\u00e9l\u00e9communications<\/strong>, qui a lieu tous les quatre ans, d\u00e9finit les activit\u00e9s de l&rsquo;UIT-T pour la p\u00e9riode d&rsquo;\u00e9tudes suivante. <strong>L\u2019AMNT-20<\/strong> s\u2019est tenue \u00e0 <strong>Gen\u00e8ve (Suisse) du 1er au 9 mars 2022<\/strong>, et a \u00e9t\u00e9 pr\u00e9c\u00e9d\u00e9e <strong>du Colloque mondial sur la normalisation, le 28 f\u00e9vrier 2022<\/strong>\u200b.<\/p>\n<\/div>                    <\/div>\n    <\/div>\n","protected":false},"excerpt":{"rendered":"","protected":false},"author":2,"featured_media":0,"parent":0,"menu_order":1,"comment_status":"closed","ping_status":"closed","template":"","meta":{"_crdt_document":"","_uag_custom_page_level_css":"","footnotes":""},"class_list":["post-583","page","type-page","status-publish","hentry"],"uagb_featured_image_src":{"full":false,"thumbnail":false,"medium":false,"medium_large":false,"large":false,"1536x1536":false,"2048x2048":false,"gform-image-choice-sm":false,"gform-image-choice-md":false,"gform-image-choice-lg":false},"uagb_author_info":{"display_name":"WTSA-24","author_link":"https:\/\/www.itu.int\/wtsa\/tests\/fr\/author\/arvin-ugale\/"},"uagb_comment_info":0,"uagb_excerpt":null,"_links":{"self":[{"href":"https:\/\/www.itu.int\/wtsa\/tests\/fr\/wp-json\/wp\/v2\/pages\/583","targetHints":{"allow":["GET"]}}],"collection":[{"href":"https:\/\/www.itu.int\/wtsa\/tests\/fr\/wp-json\/wp\/v2\/pages"}],"about":[{"href":"https:\/\/www.itu.int\/wtsa\/tests\/fr\/wp-json\/wp\/v2\/types\/page"}],"author":[{"embeddable":true,"href":"https:\/\/www.itu.int\/wtsa\/tests\/fr\/wp-json\/wp\/v2\/users\/2"}],"replies":[{"embeddable":true,"href":"https:\/\/www.itu.int\/wtsa\/tests\/fr\/wp-json\/wp\/v2\/comments?post=583"}],"version-history":[{"count":0,"href":"https:\/\/www.itu.int\/wtsa\/tests\/fr\/wp-json\/wp\/v2\/pages\/583\/revisions"}],"wp:attachment":[{"href":"https:\/\/www.itu.int\/wtsa\/tests\/fr\/wp-json\/wp\/v2\/media?parent=583"}],"curies":[{"name":"wp","href":"https:\/\/api.w.org\/{rel}","templated":true}]}}