{"id":3028,"date":"2024-08-28T14:41:18","date_gmt":"2024-08-28T14:41:18","guid":{"rendered":"https:\/\/www.itu.int\/wtsa\/2024\/?page_id=3028"},"modified":"2024-10-23T11:01:49","modified_gmt":"2024-10-23T05:31:49","slug":"day08","status":"publish","type":"page","link":"https:\/\/www.itu.int\/wtsa\/2024\/expo\/dws\/day08\/","title":{"rendered":"Wednesday, 23 October"},"content":{"rendered":"    <div class=\"ituContainer grid\">\n        <div data-span=\"12\">\n                            <div class=\"ituContainer\">\n<div class=\"wp-block-columns is-layout-flex wp-container-core-columns-is-layout-8f761849 wp-block-columns-is-layout-flex\"><div class=\"ituContainer\">\n<div class=\"wp-block-column is-layout-flow wp-block-column-is-layout-flow\" style=\"flex-basis:33.33%\"><div class=\"ituContainer\">\n<p class=\"wp-block-paragraph\">13:00 &#8211; 14:00<\/p>\n<\/div><\/div>\n<\/div>\n\n<div class=\"ituContainer\">\n<div class=\"wp-block-column is-layout-flow wp-block-column-is-layout-flow\" style=\"flex-basis:66.66%\"><div class=\"ituContainer\">\n<p class=\"wp-block-paragraph\" id=\"Day8Session\"><strong>Bridging the digital divide: The role of standards in shaping an inclusive future<\/strong><\/p>\n<\/div>\n\n<div class=\"ituContainer\">\n<p class=\"wp-block-paragraph\">ITU Partner2Connect session <\/p>\n<\/div>\n\n<div class=\"ituContainer\">\n<p class=\"wp-block-paragraph\">This session will showcase the commitments of P2C Champions and pledgers that advance global digital inclusion through ITU standards. It aims to promote the P2C platform&#8217;s role in aligning global efforts toward universal connectivity and leverage relationships among participants to develop partnerships for pledge implementation. Additionally, it seeks to inspire members of the WTSA community to join the Partner2Connect Digital Coalition and pledge for universal meaningful connectivity and digital transformation. A key focus will be on the participation of P2C pledgers committed to ICT standards that promote digital inclusion, highlighting their vital role in bridging the digital divide and ensuring universal connectivity.<\/p>\n<\/div>\n\n<div class=\"ituContainer\">\n<p class=\"wp-block-paragraph\"><\/p>\n<\/div>\n\n<div class=\"ituContainer\">\n<p class=\"wp-block-paragraph\"><br>Opening Remarks:<\/p>\n<\/div>\n\n<div class=\"ituContainer\">\n<p class=\"wp-block-paragraph\">\u2022 <strong><a href=\"https:\/\/www.itu.int\/wtsa\/2024\/dws\/bios#DMartin\">Doreen Bogdan-Martin<\/a><\/strong>,<strong> <\/strong>Secretary-General, International Telecommunication Union (ITU)<\/p>\n<\/div>\n\n<div class=\"ituContainer\">\n<p class=\"wp-block-paragraph\">\u2022 <a href=\"https:\/\/www.itu.int\/wtsa\/2024\/expo\/dws\/bios#SGupta\"><strong>Sandeep Kumar Gupta<\/strong><\/a>, Director, Ministry of Communications, India<\/p>\n<\/div>\n\n<div class=\"ituContainer\">\n<p class=\"wp-block-paragraph\"><br>Moderator:<\/p>\n<\/div>\n\n<div class=\"ituContainer\">\n<p class=\"wp-block-paragraph\"><strong><a href=\"https:\/\/www.itu.int\/wtsa\/2024\/expo\/dws\/bios#FWerner\">Frederic Werner<\/a><\/strong>, Chief, Strategy and Operations, AI for Good, TSB, International Telecommunication Union (ITU)<br><\/p>\n<\/div>\n\n<div class=\"ituContainer\">\n<p class=\"wp-block-paragraph\"><br>Panelists:<\/p>\n<\/div>\n\n<div class=\"ituContainer\">\n<p class=\"wp-block-paragraph\">\u2022 <strong><a href=\"https:\/\/www.itu.int\/wtsa\/2024\/expo\/dws\/bios#JCockerill\">Joshua Cockerill<\/a><\/strong>, Director, Department of Infrastructure, Transport, Regional Development, Communications and the Arts, Australia<\/p>\n<\/div>\n\n<div class=\"ituContainer\">\n<p class=\"wp-block-paragraph\">\u2022 <strong><a href=\"https:\/\/www.itu.int\/wtsa\/2024\/dws\/bios#RNeves\">Ronaldo Neves<\/a><\/strong>, Head, International Affairs Office, Ag\u00eancia Nacional de Telecomunica\u00e7\u00f5es \u2013 ANATEL, Brazil<\/p>\n<\/div>\n\n<div class=\"ituContainer\">\n<p class=\"wp-block-paragraph\"><strong>\u2022 <a href=\"https:\/\/www.itu.int\/wtsa\/2024\/expo\/dws\/bios#RMukite\">Rebecca Mukite<\/a><\/strong>, Head, Communications Infrastructure and Services, Uganda Communications Commission (UCC), Uganda<\/p>\n<\/div>\n\n<div class=\"ituContainer\">\n<p class=\"wp-block-paragraph\">\u2022 <a href=\"https:\/\/www.itu.int\/wtsa\/2024\/dws\/bios#LTian\"><strong>Li Tian<\/strong><\/a>, Director of Standards Management, ZTE Corporation, China<\/p>\n<\/div>\n\n<div class=\"ituContainer\">\n<p class=\"wp-block-paragraph\">\u2022 <strong><a href=\"https:\/\/www.itu.int\/wtsa\/2024\/dws\/bios#RCastillo\">Rosanny Arias Castillo<\/a><\/strong>, Manager, Office of Information and Communication Technology (OGTIC), The Dominican Republic<\/p>\n<\/div>\n\n<div class=\"ituContainer\">\n<p class=\"wp-block-paragraph\">\u2022 <strong><a href=\"https:\/\/www.itu.int\/wtsa\/2024\/dws\/bios#YHiroshi\">Yamamoto Hiroshi<\/a><\/strong>, Director, Nippon Telegraph and Telephone Corporation (NTT)<\/p>\n<\/div>\n\n<div class=\"ituContainer\">\n<p class=\"wp-block-paragraph\"><br>Closing Remarks: <\/p>\n<\/div>\n\n<div class=\"ituContainer\">\n<p class=\"wp-block-paragraph\"><strong><a href=\"https:\/\/www.itu.int\/wtsa\/2024\/dws\/bios#AOkuda\">Atsuko Okuda<\/a><\/strong>, Regional Director, International Telecommunication Union (ITU) Regional Office for Asia and the Pacific<\/p>\n<\/div><\/div>\n<\/div><\/div>\n<\/div>                    <\/div>\n    <\/div>\n\n\n<div class=\"ituContainer\">\n<p class=\"wp-block-paragraph\"><\/p>\n<\/div>","protected":false},"excerpt":{"rendered":"","protected":false},"author":2,"featured_media":0,"parent":3018,"menu_order":8,"comment_status":"closed","ping_status":"closed","template":"","meta":{"_crdt_document":"","_uag_custom_page_level_css":"","footnotes":""},"class_list":["post-3028","page","type-page","status-publish","hentry"],"uagb_featured_image_src":{"full":false,"thumbnail":false,"medium":false,"medium_large":false,"large":false,"1536x1536":false,"2048x2048":false,"gform-image-choice-sm":false,"gform-image-choice-md":false,"gform-image-choice-lg":false},"uagb_author_info":{"display_name":"WTSA-24","author_link":"https:\/\/www.itu.int\/wtsa\/2024\/author\/arvin-ugale\/"},"uagb_comment_info":0,"uagb_excerpt":null,"_links":{"self":[{"href":"https:\/\/www.itu.int\/wtsa\/2024\/wp-json\/wp\/v2\/pages\/3028","targetHints":{"allow":["GET"]}}],"collection":[{"href":"https:\/\/www.itu.int\/wtsa\/2024\/wp-json\/wp\/v2\/pages"}],"about":[{"href":"https:\/\/www.itu.int\/wtsa\/2024\/wp-json\/wp\/v2\/types\/page"}],"author":[{"embeddable":true,"href":"https:\/\/www.itu.int\/wtsa\/2024\/wp-json\/wp\/v2\/users\/2"}],"replies":[{"embeddable":true,"href":"https:\/\/www.itu.int\/wtsa\/2024\/wp-json\/wp\/v2\/comments?post=3028"}],"version-history":[{"count":0,"href":"https:\/\/www.itu.int\/wtsa\/2024\/wp-json\/wp\/v2\/pages\/3028\/revisions"}],"up":[{"embeddable":true,"href":"https:\/\/www.itu.int\/wtsa\/2024\/wp-json\/wp\/v2\/pages\/3018"}],"wp:attachment":[{"href":"https:\/\/www.itu.int\/wtsa\/2024\/wp-json\/wp\/v2\/media?parent=3028"}],"curies":[{"name":"wp","href":"https:\/\/api.w.org\/{rel}","templated":true}]}}