{"id":3020,"date":"2024-08-28T14:36:29","date_gmt":"2024-08-28T14:36:29","guid":{"rendered":"https:\/\/www.itu.int\/wtsa\/2024\/?page_id=3020"},"modified":"2024-10-11T20:14:33","modified_gmt":"2024-10-11T14:44:33","slug":"day01","status":"publish","type":"page","link":"https:\/\/www.itu.int\/wtsa\/2024\/expo\/dws\/day01\/","title":{"rendered":"Monday, 14 October"},"content":{"rendered":"    <div class=\"ituContainer grid\">\n        <div data-span=\"12\">\n                            <div class=\"ituContainer\">\n<div class=\"wp-block-columns is-layout-flex wp-container-core-columns-is-layout-8f761849 wp-block-columns-is-layout-flex\"><div class=\"ituContainer\">\n<div class=\"wp-block-column is-layout-flow wp-block-column-is-layout-flow\" style=\"flex-basis:33.33%\"><div class=\"ituContainer\">\n<p class=\"has-text-align-center wp-block-paragraph\">12:25 &#8211; 13:05<\/p>\n<\/div><\/div>\n<\/div>\n\n<div class=\"ituContainer\">\n<div class=\"wp-block-column is-layout-flow wp-block-column-is-layout-flow\" style=\"flex-basis:66.66%\"><div class=\"ituContainer\">\n<p class=\"wp-block-paragraph\" id=\"Day1Session2\"><strong><strong>\u200bPreventing fraud using Secure Telephony Signalling Framework<\/strong><\/strong><\/p>\n<\/div>\n\n<div class=\"ituContainer\">\n<p class=\"wp-block-paragraph\">This panel will discuss how ITU standards developed by ITU-T Study Group 11 and ongoing work can help prevent fraud and other related attacks. The panel will also identify further actions of different stakeholders (e.g. regulators, operators) for implementing this solution in existing networks as well as how ITU can facilitate it. In addition, the panel will discuss the interoperability of the proposed solution with existing solutions, taking into account that there is no global consensus on how to solve the problem.<br><br>Moderator:<\/p>\n<\/div>\n\n<div class=\"ituContainer\">\n<p class=\"wp-block-paragraph\"><strong><a href=\"https:\/\/www.itu.int\/wtsa\/2024\/expo\/dws\/bios#DAndreev\">Denis Andreev<\/a><\/strong>, Advisor, Telecommunication Standardization Bureau (TSB), ITU<\/p>\n<\/div>\n\n<div class=\"ituContainer\">\n<p class=\"wp-block-paragraph\">Panellists:<\/p>\n<\/div>\n\n<div class=\"ituContainer\">\n<p class=\"wp-block-paragraph\">\u2022 <strong><a href=\"https:\/\/www.itu.int\/wtsa\/2024\/dws\/bios#TSingh\">Tejpal Singh<\/a><\/strong>, Advisor, Telecom Regulatory Authority of India (TRAI), India<\/p>\n<\/div>\n\n<div class=\"ituContainer\">\n<p class=\"wp-block-paragraph\">\u2022 <strong><a href=\"https:\/\/www.itu.int\/wtsa\/2024\/expo\/dws\/bios#AKlinger\">Assaf Klinger<\/a><\/strong>, Head of R&amp;D, Vaulto, Israel<\/p>\n<\/div>\n\n<div class=\"ituContainer\">\n<p class=\"wp-block-paragraph\">\u2022 <strong><a href=\"https:\/\/www.itu.int\/wtsa\/2024\/dws\/bios#VCravo\">Vanessa Copetti Cravo<\/a><\/strong>, Telecommunication Regulation Expert, Ag\u00eancia Nacional de Telecomunica\u00e7\u00f5es (ANATEL), Brazil<\/p>\n<\/div><\/div>\n<\/div><\/div>\n<\/div>                            <div class=\"ituContainer\">\n<div class=\"wp-block-columns is-layout-flex wp-container-core-columns-is-layout-8f761849 wp-block-columns-is-layout-flex\"><div class=\"ituContainer\">\n<div class=\"wp-block-column is-layout-flow wp-block-column-is-layout-flow\" style=\"flex-basis:33.33%\"><div class=\"ituContainer\">\n<p class=\"has-text-align-center wp-block-paragraph\">13:10 &#8211; 13:30<\/p>\n<\/div><\/div>\n<\/div>\n\n<div class=\"ituContainer\">\n<div class=\"wp-block-column is-layout-flow wp-block-column-is-layout-flow\" style=\"flex-basis:66.66%\"><div class=\"ituContainer\">\n<p class=\"wp-block-paragraph\" id=\"Day1Session3\"><strong><strong>FNSV collaboration with ITU Digital Financial Services Security Lab for implementation of Blockchain Secure Authentication<\/strong><\/strong><\/p>\n<\/div>\n\n<div class=\"ituContainer\">\n<p class=\"wp-block-paragraph\"><strong><br><\/strong>Speaker:<\/p>\n<\/div>\n\n<div class=\"ituContainer\">\n<p class=\"wp-block-paragraph\"><strong><a href=\"https:\/\/www.itu.int\/wtsa\/2024\/expo\/dws\/bios#AKholid\">Ariff Olan Kholid<\/a><\/strong>,<strong> <\/strong>Project Management Officer, FNSValue Malaysia<\/p>\n<\/div><\/div>\n<\/div><\/div>\n<\/div>                    <\/div>\n    <\/div>\n\n\n<div class=\"ituContainer\">\n<p class=\"wp-block-paragraph\"><\/p>\n<\/div>","protected":false},"excerpt":{"rendered":"","protected":false},"author":2,"featured_media":0,"parent":3018,"menu_order":1,"comment_status":"closed","ping_status":"closed","template":"","meta":{"_crdt_document":"","_uag_custom_page_level_css":"","footnotes":""},"class_list":["post-3020","page","type-page","status-publish","hentry"],"uagb_featured_image_src":{"full":false,"thumbnail":false,"medium":false,"medium_large":false,"large":false,"1536x1536":false,"2048x2048":false,"gform-image-choice-sm":false,"gform-image-choice-md":false,"gform-image-choice-lg":false},"uagb_author_info":{"display_name":"WTSA-24","author_link":"https:\/\/www.itu.int\/wtsa\/2024\/author\/arvin-ugale\/"},"uagb_comment_info":0,"uagb_excerpt":null,"_links":{"self":[{"href":"https:\/\/www.itu.int\/wtsa\/2024\/wp-json\/wp\/v2\/pages\/3020","targetHints":{"allow":["GET"]}}],"collection":[{"href":"https:\/\/www.itu.int\/wtsa\/2024\/wp-json\/wp\/v2\/pages"}],"about":[{"href":"https:\/\/www.itu.int\/wtsa\/2024\/wp-json\/wp\/v2\/types\/page"}],"author":[{"embeddable":true,"href":"https:\/\/www.itu.int\/wtsa\/2024\/wp-json\/wp\/v2\/users\/2"}],"replies":[{"embeddable":true,"href":"https:\/\/www.itu.int\/wtsa\/2024\/wp-json\/wp\/v2\/comments?post=3020"}],"version-history":[{"count":0,"href":"https:\/\/www.itu.int\/wtsa\/2024\/wp-json\/wp\/v2\/pages\/3020\/revisions"}],"up":[{"embeddable":true,"href":"https:\/\/www.itu.int\/wtsa\/2024\/wp-json\/wp\/v2\/pages\/3018"}],"wp:attachment":[{"href":"https:\/\/www.itu.int\/wtsa\/2024\/wp-json\/wp\/v2\/media?parent=3020"}],"curies":[{"name":"wp","href":"https:\/\/api.w.org\/{rel}","templated":true}]}}