{"id":128,"date":"2022-02-08T13:24:35","date_gmt":"2022-02-08T13:24:35","guid":{"rendered":"https:\/\/www.itu.int\/wrd-22\/home\/"},"modified":"2022-02-21T13:33:29","modified_gmt":"2022-02-21T13:33:29","slug":"home","status":"publish","type":"page","link":"https:\/\/www.itu.int\/wrd-22\/fr\/","title":{"rendered":"Home"},"content":{"rendered":"    <section class=\"ituBanner bg smallheight\">\n        <div class=\"bgContainer \">\n            <img src=https:\/\/www.itu.int\/wrd-22\/wp-content\/uploads\/sites\/20\/2022\/02\/UNESCO-Header-page-web-1876x750-20220106FR.jpg alt=\"Background decorative image\" \/>\n            <div class=\"ituContainer grid\">\n                <div class=\"content\" data-span=\"8\">\n                    <div class=\"main\">\n                        <h2 class=\"h1 white\"><\/h2>\n                    <\/div>\n                    <div class=\"addInfo\"><\/div>\n                <\/div>\n            <\/div>\n        <\/div>\n    <\/section>\n\n\n    <div class=\"ituContainer grid\">\n        <div data-span=\"12\">\n                    <\/div>\n    <\/div>\n\n\n    <div class=\"ituContainer grid\">\n        <div data-span=\"12\">\n                            <div class=\"ituContainer\">\n<div class=\"wp-block-columns is-layout-flex wp-container-core-columns-is-layout-8f761849 wp-block-columns-is-layout-flex\"><div class=\"ituContainer\">\n<div class=\"wp-block-column is-layout-flow wp-block-column-is-layout-flow\" style=\"flex-basis:66.66%\"><div class=\"ituContainer\">\n<h2 class=\"wp-block-heading\" id=\"worldradioday\"><a href=\"https:\/\/twitter.com\/worldradioday?lang=en\">#WorldRadioDay<\/a><\/h2>\n<\/div>\n\n<div class=\"ituContainer\">\n<p class=\"wp-block-paragraph\"><a href=\"https:\/\/en.unesco.org\/commemorations\/worldradioday\"><strong>La Journ\u00e9e mondiale de la radio de 2022<\/strong><\/a> vise \u00e0 c\u00e9l\u00e9brer la 11\u00e8me \u00e9dition de cette manifestation et plus d&rsquo;un si\u00e8cle de radio.&nbsp;<\/p>\n<\/div>\n\n<div class=\"ituContainer\">\n<p class=\"wp-block-paragraph\"><strong>Proclam\u00e9e en 2011 par les \u00c9tats Membres de l&rsquo;UNESCO et adopt\u00e9e par l&rsquo;Assembl\u00e9e g\u00e9n\u00e9rale des Nations Unies en 2012 en tant que Journ\u00e9e internationale, la Journ\u00e9e mondiale de la radio est c\u00e9l\u00e9br\u00e9e le 13 f\u00e9vrier. <\/strong><br><br><strong>La Journ\u00e9e mondiale de la radio met \u00e0 l&rsquo;honneur le potentiel unique de la radio pour connecter les personnes et rassembler les communaut\u00e9s.<\/strong><\/p>\n<\/div>\n\n<div class=\"ituContainer\">\n<p class=\"wp-block-paragraph\">Selon diff\u00e9rents rapports internationaux, <strong>la radio<\/strong> demeure l&rsquo;un des m\u00e9dias les plus fiables et les plus utilis\u00e9s au monde. Selon diff\u00e9rents rapports internationaux, la radio demeure l&rsquo;un des m\u00e9dias les plus fiables et les plus utilis\u00e9s au monde. L&rsquo;\u00e9dition de 2022 de la Journ\u00e9e mondiale de la radio a pour th\u00e8me \u00ab<strong>La radio et la confiance<\/strong>\u00bb.&nbsp;<\/p>\n<\/div>\n\n    <div class=\"ituContainer grid\">\n        <div data-span=\"12\">\n                    <\/div>\n    <\/div>\n\n\n<div class=\"ituContainer\">\n<ul class=\"wp-block-list\"><li><strong>\u00ab<a href=\"https:\/\/www.itu.int\/hub\/2022\/02\/world-radio-day-trust-accessibility\/\">Journ\u00e9e mondiale de la radio: c\u00e9l\u00e9brer la confiance et l&rsquo;accessibilit\u00e9<\/a>\u00bb <\/strong>*<strong><br><\/strong>M. Mario Maniewicz, Directeur du Bureau des radiocommunications de l&rsquo;UIT <br><br><\/li><li><strong><strong>\u00ab<\/strong><a href=\"https:\/\/news.un.org\/fr\/story\/2022\/02\/1114232\"><strong>La radio: le m\u00e9dia universel qui ne laisse personne de c\u00f4t\u00e9<\/strong><\/a><strong>\u00bb<\/strong><\/strong> *<br>M. Mario Maniewicz, Directeur du Bureau des radiocommunications de l&rsquo;UIT <\/li><\/ul>\n<\/div>\n\n<div class=\"ituContainer\">\n<ul class=\"wp-block-list\"><li><a href=\"https:\/\/www.itu.int\/net4\/wsis\/forum\/2022\/Agenda\/Session\/119\"><strong>R\u00e9flexions virtuelles dans le cadre du SMSI (SMSI TalkX) sur la Journ\u00e9e mondiale de la radio<\/strong><\/a><strong> *<\/strong><br><br><\/li><li><strong>\u00ab<a href=\"https:\/\/www.itu.int\/hub\/2022\/02\/radio-broadcast-technical-standards-itu-r\/\">La radio en tant que m\u00e9dia de confiance: le r\u00f4le des normes techniques<\/a>\u00bb<\/strong> *<br>M. Paolo Lazzarini, Vice-Pr\u00e9sident de la Commission d&rsquo;\u00e9tudes 6 (Service de radiodiffusion) de l&rsquo;UIT-R, et M. Darko Ratkaj, Responsable principal de projet, Union europ\u00e9enne de la radio-t\u00e9l\u00e9vision (UER)<br><br><\/li><li><strong><strong>\u00ab<\/strong><\/strong><a href=\"https:\/\/www.itu.int\/hub\/2022\/02\/fm-radio-expansion-africa-ge84-plan\/\"><strong>Une nouvelle avanc\u00e9e sur la voie du d\u00e9veloppement de la radio MF en Afrique<\/strong><\/a><strong>\u00bb<\/strong> *<br>Mme Ilham Ghazi, Chef de la Division des services de radiodiffusion, UIT<br><\/li><\/ul>\n<\/div><\/div>\n<\/div>\n\n<div class=\"ituContainer\">\n<div class=\"wp-block-column is-vertically-aligned-top is-layout-flow wp-block-column-is-layout-flow\" style=\"flex-basis:33%\">    <div class=\"ituContainer grid\">\n        <div data-span=\"12\">\n                            <div class=\"ituContainer\">\n<div class=\"wp-block-image\"><figure class=\"aligncenter size-full\"><img fetchpriority=\"high\" decoding=\"async\" width=\"250\" height=\"250\" src=\"https:\/\/www.itu.int\/wrd-22\/wp-content\/uploads\/sites\/20\/2022\/02\/UNESCO-Banniere-square-250X250-20220106FR.jpg\" alt=\"\" class=\"wp-image-295\" srcset=\"https:\/\/www.itu.int\/wrd-22\/wp-content\/uploads\/sites\/20\/2022\/02\/UNESCO-Banniere-square-250X250-20220106FR.jpg 250w, https:\/\/www.itu.int\/wrd-22\/wp-content\/uploads\/sites\/20\/2022\/02\/UNESCO-Banniere-square-250X250-20220106FR-150x150.jpg 150w\" sizes=\"(max-width: 250px) 100vw, 250px\" \/><\/figure><\/div>\n<\/div>                    <\/div>\n    <\/div>\n\n\n<div class=\"ituContainer\">\n<div class=\"wp-block-columns are-vertically-aligned-center is-layout-flex wp-container-core-columns-is-layout-8f761849 wp-block-columns-is-layout-flex\"><div class=\"ituContainer\">\n<div class=\"wp-block-column is-vertically-aligned-center is-layout-flow wp-block-column-is-layout-flow\"><div class=\"ituContainer\">\n<figure class=\"wp-block-audio aligncenter\"><audio controls src=\"https:\/\/www.itu.int\/wrd-22\/wp-content\/uploads\/sites\/20\/2022\/02\/Loud-Radio-Rachelle-Fisher-World-Radio-Day-2022.mp3\"><\/audio><figcaption>Loud (Radio) \u2013&nbsp;<a rel=\"noreferrer noopener\" href=\"https:\/\/www.itu.int\/wrd-22\/wp-content\/uploads\/sites\/20\/2022\/02\/PROPOSAL_World-Radio-Day-Official-Song.pdf\" target=\"_blank\">Rachelle Fisher<\/a><br><a rel=\"noreferrer noopener\" href=\"https:\/\/www.academiadelaradio.es\/wrd_song.html\" target=\"_blank\">L&rsquo;Acad\u00e9mie espagnole de la radio (Academia Espa\u00f1ola de la Radio)<\/a>&nbsp;est responsable de la production et de la promotion de cette chanson.<br>Journ\u00e9e mondiale de la radio de 2022<\/figcaption><\/figure>\n<\/div><\/div>\n<\/div><\/div>\n<\/div>\n\n<div class=\"ituContainer\">\n<a href=\"http:\/\/radio.garden\/\" target=\"_self\" rel=\"noopener\" class=\"wp-block-itu-cards-icons-item\"><\/a><div class=\"itu-cards-icons-item\"><a href=\"http:\/\/radio.garden\/\" target=\"_self\" rel=\"noopener\" class=\"wp-block-itu-cards-icons-item\"><img>D\u00e9couvrez \u00e0 quoi ressemble la radio \u00e0 travers le monde.<strong><a href=\"http:\/\/radio.garden\/\">Radio.garden<\/a><\/strong><a href=\"http:\/\/radio.garden\/\"> est un excellent moyen de se mettre sur la m\u00eame longueur d&rsquo;onde, sur un site unique et gratuit. Nous vous souhaitons une bonne \u00e9coute!<\/a><\/div>\n<\/div><\/div>\n<\/div><\/div>\n<\/div>                    <\/div>\n    <\/div>\n\n\n    <div class=\"ituContainer grid\">\n        <div data-span=\"12\">\n                            <div class=\"ituContainer\">\n<h2 class=\"wp-block-heading\" id=\"podcast\">Podcast<\/h2>\n<\/div>                                <section>\n        <div class=\"ituContainer grid\">\n                                                <a class=\"ituCard anim bg hor\" href=\"https:\/\/soundcloud.com\/ituproduction\/itu-technologized-interview-with-mario-maniewicz-director-itu-radiocommunication-bureau-1\" data-span=\"6\" target=\"\">\n        <img decoding=\"async\" class=\"square\" src=\"https:\/\/www.itu.int\/wrd-22\/wp-content\/uploads\/sites\/20\/2022\/02\/itupodcasts.png\" alt=\"\" \/>\n        <div class=\"content\">\n            <div class=\"main\">\n                <p class=\"title\">\u00c9dition de 2022 de la Journ\u00e9e mondiale de la radio: la radio et la confiance, Mario Maniewicz, Directeur du Bureau des radiocommunications de l&rsquo;UIT<\/p>\n                <p>\u00c0 l&rsquo;occasion de l&rsquo;\u00e9dition de 2022 de la Journ\u00e9e mondiale de la radio, nous \u00e9changeons avec Mario Maniewicz, Directeur du Bureau des radiocommunications de l&rsquo;UIT, au sujet du th\u00e8me \u00ab\u00a0La radio et la confiance\u00a0\u00bb et du r\u00f4le de l&rsquo;UIT visant \u00e0 maintenir la bonne dynamique de la radio.<\/p>\n            <\/div>\n        <\/div>\n    <\/a>\n                    <\/div>\n    <\/section>\n                            <div class=\"ituContainer\">\n<p class=\"wp-block-paragraph\"><em><em><em>Consultez les articles des <\/em><a href=\"https:\/\/www.itu.int\/hub\/\"><em>Nouvelles de l&rsquo;UIT<\/em><\/a><em> (en anglais uniquement) et d&rsquo;<\/em><a href=\"https:\/\/www.itu.int\/hub\/\"><em>ONU Info<\/em><\/a><em> (en anglais et en fran\u00e7ais)<\/em><\/em><\/em><\/p>\n<\/div>                    <\/div>\n    <\/div>\n","protected":false},"excerpt":{"rendered":"","protected":false},"author":5,"featured_media":0,"parent":0,"menu_order":0,"comment_status":"closed","ping_status":"closed","template":"","meta":{"_crdt_document":"","_uag_custom_page_level_css":"","footnotes":""},"folder":[],"class_list":["post-128","page","type-page","status-publish","hentry"],"uagb_featured_image_src":{"full":false,"thumbnail":false,"medium":false,"medium_large":false,"large":false,"1536x1536":false,"2048x2048":false,"gs-tiny":false,"xl":false,"xxl":false,"xxxl":false,"xxxxl":false,"xxxxxl":false,"gform-image-choice-sm":false,"gform-image-choice-md":false,"gform-image-choice-lg":false},"uagb_author_info":{"display_name":"mgaillard","author_link":"https:\/\/www.itu.int\/wrd-22\/fr\/author\/mgaillard\/"},"uagb_comment_info":0,"uagb_excerpt":null,"_links":{"self":[{"href":"https:\/\/www.itu.int\/wrd-22\/fr\/wp-json\/wp\/v2\/pages\/128","targetHints":{"allow":["GET"]}}],"collection":[{"href":"https:\/\/www.itu.int\/wrd-22\/fr\/wp-json\/wp\/v2\/pages"}],"about":[{"href":"https:\/\/www.itu.int\/wrd-22\/fr\/wp-json\/wp\/v2\/types\/page"}],"author":[{"embeddable":true,"href":"https:\/\/www.itu.int\/wrd-22\/fr\/wp-json\/wp\/v2\/users\/5"}],"replies":[{"embeddable":true,"href":"https:\/\/www.itu.int\/wrd-22\/fr\/wp-json\/wp\/v2\/comments?post=128"}],"version-history":[{"count":0,"href":"https:\/\/www.itu.int\/wrd-22\/fr\/wp-json\/wp\/v2\/pages\/128\/revisions"}],"wp:attachment":[{"href":"https:\/\/www.itu.int\/wrd-22\/fr\/wp-json\/wp\/v2\/media?parent=128"}],"wp:term":[{"taxonomy":"folder","embeddable":true,"href":"https:\/\/www.itu.int\/wrd-22\/fr\/wp-json\/wp\/v2\/folder?post=128"}],"curies":[{"name":"wp","href":"https:\/\/api.w.org\/{rel}","templated":true}]}}