{"id":135,"date":"2022-02-08T15:43:38","date_gmt":"2022-02-08T15:43:38","guid":{"rendered":"https:\/\/www.itu.int\/wrd-22\/home\/"},"modified":"2022-02-21T15:52:34","modified_gmt":"2022-02-21T15:52:34","slug":"home","status":"publish","type":"page","link":"https:\/\/www.itu.int\/wrd-22\/es\/","title":{"rendered":"Home"},"content":{"rendered":"    <section class=\"ituBanner bg smallheight\">\n        <div class=\"bgContainer \">\n            <img src=https:\/\/www.itu.int\/wrd-22\/wp-content\/uploads\/sites\/20\/2022\/02\/UNESCO-Header-page-web-1876x750-20220106ES.jpg alt=\"Background decorative image\" \/>\n            <div class=\"ituContainer grid\">\n                <div class=\"content\" data-span=\"8\">\n                    <div class=\"main\">\n                        <h2 class=\"h1 white\"><\/h2>\n                    <\/div>\n                    <div class=\"addInfo\"><\/div>\n                <\/div>\n            <\/div>\n        <\/div>\n    <\/section>\n\n\n    <div class=\"ituContainer grid\">\n        <div data-span=\"12\">\n                    <\/div>\n    <\/div>\n\n\n    <div class=\"ituContainer grid\">\n        <div data-span=\"12\">\n                            <div class=\"ituContainer\">\n<div class=\"wp-block-columns is-layout-flex wp-container-core-columns-is-layout-8f761849 wp-block-columns-is-layout-flex\"><div class=\"ituContainer\">\n<div class=\"wp-block-column is-layout-flow wp-block-column-is-layout-flow\" style=\"flex-basis:66.66%\"><div class=\"ituContainer\">\n<h2 class=\"wp-block-heading\" id=\"worldradioday\"><a href=\"https:\/\/twitter.com\/worldradioday?lang=en\">#WorldRadioDay<\/a><\/h2>\n<\/div>\n\n<div class=\"ituContainer\">\n<p class=\"wp-block-paragraph\">En el <a href=\"https:\/\/en.unesco.org\/commemorations\/worldradioday\"><strong>D\u00eda Mundial de la Radio 2022<\/strong><\/a> se conmemora la 11.\u00aa edici\u00f3n de este D\u00eda Internacional y se celebran los m\u00e1s de 100 a\u00f1os de vida de la radio.&nbsp;<\/p>\n<\/div>\n\n<div class=\"ituContainer\">\n<p class=\"wp-block-paragraph\"><strong>Proclamado en 2011 por los Estados Miembros de la UNESCO y adoptado en 2012 por la Asamblea General de las Naciones Unidas como D\u00eda Internacional, el 13 de febrero se convirti\u00f3 en el D\u00eda Mundial de la Radio. <\/strong><br><br><strong>El D\u00eda Mundial de la Radio celebra el poder \u00fanico de la radio para conectar a las personas y acercarlas a su comunidad.<\/strong><\/p>\n<\/div>\n\n<div class=\"ituContainer\">\n<p class=\"wp-block-paragraph\">El D\u00eda Mundial de la <strong>Radio<\/strong>celebra el poder \u00fanico de la radio para conectar a las personas y acercarlas a su comunidad. La edici\u00f3n de 2022 del D\u00eda Mundial de la Radio gira en torno al tema \u00ab<strong>La radio y la confianza<\/strong>\u00bb.&nbsp;<\/p>\n<\/div>\n\n    <div class=\"ituContainer grid\">\n        <div data-span=\"12\">\n                    <\/div>\n    <\/div>\n\n\n<div class=\"ituContainer\">\n<ul class=\"wp-block-list\"><li><strong>\u00ab<a href=\"https:\/\/www.itu.int\/hub\/2022\/02\/world-radio-day-trust-accessibility\/\">El D\u00eda Mundial de la Radio: celebrando la confianza y la accesibilidad<\/a>\u00bb <\/strong>* <strong><br><\/strong> Sr. Mario Maniewicz, Director de la Oficina de Radiocomunicaciones <br><br><\/li><li><strong><strong>\u00ab<\/strong><a href=\"https:\/\/news.un.org\/en\/story\/2022\/02\/1111882\"><strong>La radio: el medio universal que no deja a nadie atr\u00e1s<\/strong><\/a><strong>\u00bb<\/strong> * <\/strong><br>Sr. Mario Maniewicz, Director de la Oficina de Radiocomunicaciones <br><\/li><\/ul>\n<\/div>\n\n<div class=\"ituContainer\">\n<ul class=\"wp-block-list\"><li><a href=\"https:\/\/www.itu.int\/net4\/wsis\/forum\/2022\/Agenda\/Session\/119\"><strong>Charla de la CMSI sobre el D\u00eda Mundial de la Radio*<\/strong><\/a><br><br><\/li><li><strong>\u00ab<a href=\"https:\/\/www.itu.int\/hub\/2022\/02\/radio-broadcast-technical-standards-itu-r\/\">En la radio confiamos: el papel de las normas t\u00e9cnicas<\/a>\u00bb<\/strong> *<br>Sr. Paolo Lazzarini, Vicepresidente de la Comisi\u00f3n de Estudio 6 del UIT-R (Servicios de radiodifusi\u00f3n), y Sr. Darko Ratkaj, Responsable principal de proyectos de la Uni\u00f3n Europea de Radiodifusi\u00f3n (UER)<br><br><\/li><li><strong>\u00ab<\/strong><a href=\"https:\/\/www.itu.int\/hub\/2022\/02\/fm-radio-expansion-africa-ge84-plan\/\"><strong>Otro paso hacia la expansi\u00f3n de la radio FM en \u00c1frica<\/strong><\/a><strong>\u00bb<\/strong>*<br>Sra. Ilham Ghazi, Jefa de la Divisi\u00f3n de Servicios de Radiodifusi\u00f3n de la UIT<br><\/li><\/ul>\n<\/div>\n\n<div class=\"ituContainer\">\n<ul class=\"wp-block-list\"><li>\u00bfPor qu\u00e9 no explorar el sonido de la radio en el mundo? <a href=\"http:\/\/radio.garden\/\">Radio.garden<\/a> es la soluci\u00f3n perfecta para sintonizar con el mundo, desde un \u00fanico sitio web y de manera gratuita. Escuche y disfrute.<\/li><\/ul>\n<\/div><\/div>\n<\/div>\n\n<div class=\"ituContainer\">\n<div class=\"wp-block-column is-vertically-aligned-top is-layout-flow wp-block-column-is-layout-flow\" style=\"flex-basis:33%\">    <div class=\"ituContainer grid\">\n        <div data-span=\"12\">\n                    <\/div>\n    <\/div>\n\n\n<div class=\"ituContainer\">\n<div class=\"wp-block-image\"><figure class=\"aligncenter size-full\"><img fetchpriority=\"high\" decoding=\"async\" width=\"250\" height=\"250\" src=\"https:\/\/www.itu.int\/wrd-22\/wp-content\/uploads\/sites\/20\/2022\/02\/UNESCO-Banniere-square-250X250-20220106ES.jpg\" alt=\"\" class=\"wp-image-313\" srcset=\"https:\/\/www.itu.int\/wrd-22\/wp-content\/uploads\/sites\/20\/2022\/02\/UNESCO-Banniere-square-250X250-20220106ES.jpg 250w, https:\/\/www.itu.int\/wrd-22\/wp-content\/uploads\/sites\/20\/2022\/02\/UNESCO-Banniere-square-250X250-20220106ES-150x150.jpg 150w\" sizes=\"(max-width: 250px) 100vw, 250px\" \/><\/figure><\/div>\n<\/div>\n\n<div class=\"ituContainer\">\n<div class=\"wp-block-columns are-vertically-aligned-center is-layout-flex wp-container-core-columns-is-layout-8f761849 wp-block-columns-is-layout-flex\"><div class=\"ituContainer\">\n<div class=\"wp-block-column is-vertically-aligned-center is-layout-flow wp-block-column-is-layout-flow\"><div class=\"ituContainer\">\n<figure class=\"wp-block-audio aligncenter\"><audio controls src=\"https:\/\/www.itu.int\/wrd-22\/wp-content\/uploads\/sites\/20\/2022\/02\/Loud-Radio-Rachelle-Fisher-World-Radio-Day-2022.mp3\"><\/audio><figcaption><em>Loud (Radio)<\/em> \u2013 <a href=\"https:\/\/www.itu.int\/wrd-22\/wp-content\/uploads\/sites\/20\/2022\/02\/PROPOSAL_World-Radio-Day-Official-Song.pdf\">Rachelle Fisher<br><\/a>La <a href=\"https:\/\/www.academiadelaradio.es\/wrd_song.html\">Academia Espa\u00f1ola de la Radio<\/a> es la productora y la promotora de esta canci\u00f3n<a href=\"https:\/\/www.academiadelaradio.es\/wrd_song.html\">.<\/a><br>D\u00eda Mundial de la Radio 2022<\/figcaption><\/figure>\n<\/div><\/div>\n<\/div><\/div>\n<\/div>\n\n<div class=\"ituContainer\">\n<a href=\"http:\/\/radio.garden\/\" target=\"_self\" rel=\"noopener\" class=\"wp-block-itu-cards-icons-item\"><\/a><div class=\"itu-cards-icons-item\"><a href=\"http:\/\/radio.garden\/\" target=\"_self\" rel=\"noopener\" class=\"wp-block-itu-cards-icons-item\"><img>\u00bfPor qu\u00e9 no explorar el sonido de la radio en el mundo? <strong>Radio.garden<\/strong> es la soluci\u00f3n perfecta para sintonizar con el mundo, desde un \u00fanico sitio web y de manera gratuita. Escuche y disfrute.<\/a><\/div>\n<\/div><\/div>\n<\/div><\/div>\n<\/div>                    <\/div>\n    <\/div>\n\n\n    <div class=\"ituContainer grid\">\n        <div data-span=\"12\">\n                            <div class=\"ituContainer\">\n<h2 class=\"wp-block-heading\" id=\"podcast\">Podcast<\/h2>\n<\/div>                                <section>\n        <div class=\"ituContainer grid\">\n                                                <a class=\"ituCard anim bg hor\" href=\"https:\/\/soundcloud.com\/ituproduction\/itu-technologized-interview-with-mario-maniewicz-director-itu-radiocommunication-bureau-1\" data-span=\"6\" target=\"\">\n        <img decoding=\"async\" class=\"square\" src=\"https:\/\/www.itu.int\/wrd-22\/wp-content\/uploads\/sites\/20\/2022\/02\/itupodcasts.png\" alt=\"\" \/>\n        <div class=\"content\">\n            <div class=\"main\">\n                <p class=\"title\">D\u00eda Mundial de la Radio 2022: La radio y la confianza por Mario Maniewicz, Director de la Oficina de Radiocomunicaciones<\/p>\n                <p>Para el D\u00eda Mundial de la Radio 2022, nos ponemos al d\u00eda con Mario Maniewicz, Director de la Oficina de Radiocomunicaciones, y hablamos con \u00e9l de \u201cLa radio y la confianza\u201d y el papel de la UIT para que la radio siga funcionando con fuerza.<\/p>\n            <\/div>\n        <\/div>\n    <\/a>\n                    <\/div>\n    <\/section>\n                            <div class=\"ituContainer\">\n<p class=\"wp-block-paragraph\"><em><em><em><em>*\u00a0\u00a0 Lea los art\u00edculos en\u00a0<\/em><a rel=\"noreferrer noopener\" href=\"https:\/\/www.itu.int\/hub\/\" target=\"_blank\"><em>Actualidades de la UIT<\/em><\/a><em>\u00a0(solo en ingl\u00e9s) y\u00a0<\/em><a rel=\"noreferrer noopener\" href=\"https:\/\/news.un.org\/en\/\" target=\"_blank\"><em>Noticias ONU<\/em><\/a><em>\u00a0(ingl\u00e9s y franc\u00e9s)<\/em><\/em><\/em><\/em><\/p>\n<\/div>                    <\/div>\n    <\/div>\n","protected":false},"excerpt":{"rendered":"","protected":false},"author":5,"featured_media":0,"parent":0,"menu_order":0,"comment_status":"closed","ping_status":"closed","template":"","meta":{"_crdt_document":"","_uag_custom_page_level_css":"","footnotes":""},"folder":[],"class_list":["post-135","page","type-page","status-publish","hentry"],"uagb_featured_image_src":{"full":false,"thumbnail":false,"medium":false,"medium_large":false,"large":false,"1536x1536":false,"2048x2048":false,"gs-tiny":false,"xl":false,"xxl":false,"xxxl":false,"xxxxl":false,"xxxxxl":false,"gform-image-choice-sm":false,"gform-image-choice-md":false,"gform-image-choice-lg":false},"uagb_author_info":{"display_name":"mgaillard","author_link":"https:\/\/www.itu.int\/wrd-22\/es\/author\/mgaillard\/"},"uagb_comment_info":0,"uagb_excerpt":null,"_links":{"self":[{"href":"https:\/\/www.itu.int\/wrd-22\/es\/wp-json\/wp\/v2\/pages\/135","targetHints":{"allow":["GET"]}}],"collection":[{"href":"https:\/\/www.itu.int\/wrd-22\/es\/wp-json\/wp\/v2\/pages"}],"about":[{"href":"https:\/\/www.itu.int\/wrd-22\/es\/wp-json\/wp\/v2\/types\/page"}],"author":[{"embeddable":true,"href":"https:\/\/www.itu.int\/wrd-22\/es\/wp-json\/wp\/v2\/users\/5"}],"replies":[{"embeddable":true,"href":"https:\/\/www.itu.int\/wrd-22\/es\/wp-json\/wp\/v2\/comments?post=135"}],"version-history":[{"count":0,"href":"https:\/\/www.itu.int\/wrd-22\/es\/wp-json\/wp\/v2\/pages\/135\/revisions"}],"wp:attachment":[{"href":"https:\/\/www.itu.int\/wrd-22\/es\/wp-json\/wp\/v2\/media?parent=135"}],"wp:term":[{"taxonomy":"folder","embeddable":true,"href":"https:\/\/www.itu.int\/wrd-22\/es\/wp-json\/wp\/v2\/folder?post=135"}],"curies":[{"name":"wp","href":"https:\/\/api.w.org\/{rel}","templated":true}]}}