{"id":3440,"date":"2022-05-12T09:30:54","date_gmt":"2022-05-12T08:30:54","guid":{"rendered":"https:\/\/www.itu.int\/wrc-23\/media-pack\/"},"modified":"2022-05-12T09:45:46","modified_gmt":"2022-05-12T08:45:46","slug":"media-pack","status":"publish","type":"page","link":"https:\/\/www.itu.int\/wrc-23\/fr\/media-pack\/","title":{"rendered":"Media pack"},"content":{"rendered":"<div class=\"ituContainer\">\n<p class=\"eplus-u1OYxu eplus-wrapper wp-block-paragraph\">\u200bExpos\u00e9s d\u00e9taill\u00e9s sur des questions et des technologies rev\u00eatant une importance cruciale\u200b\u200b \u200b<\/p>\n<\/div>\n\n<div class=\"ituContainer\">\n<ul class=\"eplus-f8sCmX eplus-wrapper wp-block-list\"><li><a href=\"https:\/\/www.itu.int\/fr\/mediacentre\/backgrounders\/Pages\/5G-fifth-generation-of-mobile-technologies.aspx\">5G \u2013 Les technologies mobiles de cinqui\u00e8me g\u00e9n\u00e9ration<\/a><\/li><li><a href=\"https:\/\/www.itu.int\/fr\/mediacentre\/backgrounders\/Pages\/High-altitude-platform-systems.aspx\">HAPS \u2013 Stations plac\u00e9es sur des plates-formes \u00e0 haute altitude<\/a><\/li><li><a href=\"https:\/\/www.itu.int\/fr\/mediacentre\/backgrounders\/Pages\/itu-study-groups.aspx\">Commissions d\u2019\u00e9tudes de l\u2019UIT<\/a><\/li><li><a href=\"https:\/\/www.itu.int\/fr\/mediacentre\/backgrounders\/Pages\/itu-r-managing-the-radio-frequency-spectrum-for-the-world.aspx\">UIT-R: G\u00e9rer le spectre des fr\u00e9quences radio\u00e9lectriques dans l&rsquo;int\u00e9r\u00eat de l&rsquo;humanit\u00e9 tout enti\u00e8re<\/a><\/li><li><a href=\"https:\/\/www.itu.int\/fr\/mediacentre\/backgrounders\/Pages\/Radiocommunications-for-keeping-ships-and-people-safe-at-sea.aspx\">Garantir la s\u00e9curit\u00e9 des personnes et des navires en mer par les radiocommunications<\/a><\/li><li><a href=\"https:\/\/www.itu.int\/fr\/mediacentre\/backgrounders\/Pages\/Earth-stations-in-motion-satellite-issues.aspx\">Questions relatives aux satellites: Stations terriennes en mouvement (ESIM)<\/a><\/li><li><a href=\"https:\/\/www.itu.int\/fr\/mediacentre\/backgrounders\/Pages\/Non-geostationary-satellite-systems.aspx\">Syst\u00e8mes \u00e0 satellites non g\u00e9ostationnaires<\/a><\/li><li><a href=\"https:\/\/www.itu.int\/en\/mediacentre\/backgrounders\/Pages\/non-GSO-satellite-systems-with-short-duration-missions.aspx\">Satellite issues: Small SATS: Nano and Pico \u2013 short duration missions\u200b\u200b<\/a><\/li><li><a href=\"https:\/\/www.itu.int\/fr\/mediacentre\/backgrounders\/Pages\/Regulation-of-Satellite-Systems.aspx\" target=\"_blank\" rel=\"noreferrer noopener\">R\u00e8glementation et syst\u00e8mes \u00e0 satellites<\/a><\/li><\/ul>\n<\/div>\n\n<div class=\"ituContainer\">\n<p class=\"eplus-AfPPYg eplus-wrapper wp-block-paragraph\"><\/p>\n<\/div>","protected":false},"excerpt":{"rendered":"<p>\u200bExpos\u00e9s d\u00e9taill\u00e9s sur des questions et des technologies rev\u00eatant une importance cruciale\u200b\u200b \u200b 5G \u2013 Les technologies mobiles de cinqui\u00e8me g\u00e9n\u00e9ration HAPS \u2013 Stations plac\u00e9es sur des plates-formes \u00e0 haute altitude Commissions d\u2019\u00e9tudes de l\u2019UIT UIT-R: G\u00e9rer le spectre des fr\u00e9quences radio\u00e9lectriques dans l&rsquo;int\u00e9r\u00eat de l&rsquo;humanit\u00e9 tout enti\u00e8re Garantir la s\u00e9curit\u00e9 des personnes et des [&hellip;]<\/p>\n","protected":false},"author":5,"featured_media":0,"parent":0,"menu_order":3,"comment_status":"closed","ping_status":"closed","template":"page-banner-blue.php","meta":{"_crdt_document":"","_uag_custom_page_level_css":"","footnotes":""},"folder":[],"class_list":["post-3440","page","type-page","status-publish","hentry"],"uagb_featured_image_src":{"full":false,"thumbnail":false,"medium":false,"medium_large":false,"large":false,"1536x1536":false,"2048x2048":false,"gs-tiny":false,"xl":false,"xxl":false,"xxxl":false,"xxxxl":false,"xxxxxl":false,"gform-image-choice-sm":false,"gform-image-choice-md":false,"gform-image-choice-lg":false},"uagb_author_info":{"display_name":"mgaillard","author_link":"https:\/\/www.itu.int\/wrc-23\/fr\/author\/mgaillard\/"},"uagb_comment_info":0,"uagb_excerpt":"\u200bExpos\u00e9s d\u00e9taill\u00e9s sur des questions et des technologies rev\u00eatant une importance cruciale\u200b\u200b \u200b 5G \u2013 Les technologies mobiles de cinqui\u00e8me g\u00e9n\u00e9ration HAPS \u2013 Stations plac\u00e9es sur des plates-formes \u00e0 haute altitude Commissions d\u2019\u00e9tudes de l\u2019UIT UIT-R: G\u00e9rer le spectre des fr\u00e9quences radio\u00e9lectriques dans l&rsquo;int\u00e9r\u00eat de l&rsquo;humanit\u00e9 tout enti\u00e8re Garantir la s\u00e9curit\u00e9 des personnes et des\u2026","_links":{"self":[{"href":"https:\/\/www.itu.int\/wrc-23\/fr\/wp-json\/wp\/v2\/pages\/3440","targetHints":{"allow":["GET"]}}],"collection":[{"href":"https:\/\/www.itu.int\/wrc-23\/fr\/wp-json\/wp\/v2\/pages"}],"about":[{"href":"https:\/\/www.itu.int\/wrc-23\/fr\/wp-json\/wp\/v2\/types\/page"}],"author":[{"embeddable":true,"href":"https:\/\/www.itu.int\/wrc-23\/fr\/wp-json\/wp\/v2\/users\/5"}],"replies":[{"embeddable":true,"href":"https:\/\/www.itu.int\/wrc-23\/fr\/wp-json\/wp\/v2\/comments?post=3440"}],"version-history":[{"count":0,"href":"https:\/\/www.itu.int\/wrc-23\/fr\/wp-json\/wp\/v2\/pages\/3440\/revisions"}],"wp:attachment":[{"href":"https:\/\/www.itu.int\/wrc-23\/fr\/wp-json\/wp\/v2\/media?parent=3440"}],"wp:term":[{"taxonomy":"folder","embeddable":true,"href":"https:\/\/www.itu.int\/wrc-23\/fr\/wp-json\/wp\/v2\/folder?post=3440"}],"curies":[{"name":"wp","href":"https:\/\/api.w.org\/{rel}","templated":true}]}}