{"id":3409,"date":"2022-05-11T08:33:44","date_gmt":"2022-05-11T07:33:44","guid":{"rendered":"https:\/\/www.itu.int\/wrc-23\/radiocommunication-bureau\/"},"modified":"2022-05-11T08:35:47","modified_gmt":"2022-05-11T07:35:47","slug":"radiocommunication-bureau","status":"publish","type":"page","link":"https:\/\/www.itu.int\/wrc-23\/fr\/radiocommunication-bureau\/","title":{"rendered":"Bureau des radiocommunications"},"content":{"rendered":"<div class=\"ituContainer\">\n<p class=\"wp-block-paragraph\">Bras ex\u00e9cutif du&nbsp;<a href=\"https:\/\/www.itu.int\/ITU-R\/go\/sector-organization\/fr\">Secteur des radiocommunications<\/a>, le Bureau des radiocommunications (BR) est dirig\u00e9 par un&nbsp;<a href=\"https:\/\/www.itu.int\/ITU-R\/go\/director\/fr\">Directeur&nbsp;<\/a>\u00e9lu qui coordonne les travaux du Secteur. Le Directeur du BR est assist\u00e9 par une \u00e9quipe d\u00b4ing\u00e9nieurs, d\u00b4informaticiens et de gestionnaires de haut niveau qui, avec le personnel administratif, constituent l\u00b4effectif du Bureau.<\/p>\n<\/div>\n\n<div class=\"ituContainer\">\n<p class=\"wp-block-paragraph\"><strong>Le Bureau des radiocommunications:<\/strong><\/p>\n<\/div>\n\n<div class=\"ituContainer\">\n<ul class=\"wp-block-list\"><li>fournit l\u00b4appui technique et administratif n\u00e9cessaire aux&nbsp;<a href=\"https:\/\/www.itu.int\/ITU-R\/go\/rconf\/fr\">Conf\u00e9rences<\/a>,&nbsp;<a href=\"https:\/\/www.itu.int\/ITU-R\/go\/ra\/fr\">Assembl\u00e9es<\/a>&nbsp;et&nbsp;<a href=\"https:\/\/www.itu.int\/ITU-R\/go\/rsg\/fr\">Commissions d\u00b4\u00e9tudes des radiocommunications<\/a>&nbsp;ainsi qu\u00b4aux groupes de travail et aux Groupes d\u00b4action;<\/li><li>applique les dispositions du&nbsp;<a href=\"https:\/\/www.itu.int\/pub\/R-REG-RR\/fr\">R\u00e8glement des radiocommunications<\/a>&nbsp;et de divers Accords r\u00e9gionaux;<\/li><li>inscrit et enregistre les assignations de fr\u00e9quence et les caract\u00e9ristiques orbitales des services spatiaux et tient \u00e0 jour le Fichier de r\u00e9f\u00e9rence&nbsp; international des fr\u00e9quences;<\/li><li>donne des avis aux&nbsp;<a href=\"https:\/\/www.itu.int\/members\/index-fr.html\">Etats Membres&nbsp;<\/a>sur l\u00b4utilisation \u00e9quitable, efficace et \u00e9conomique du spectre des fr\u00e9quences radio\u00e9lectriques et des orbites de satellites, examine les cas de brouillage pr\u00e9judiciable et apporte son concours pour les r\u00e9soudre;<\/li><li>coordonne l\u00b4\u00e9laboration, l\u00b4\u00e9dition et la diffusion des&nbsp;<a href=\"https:\/\/www.itu.int\/ITU-R\/go\/itur-circulars\/fr\">circulaires<\/a>, documents et&nbsp;<a href=\"https:\/\/www.itu.int\/publications\/sector.aspx?sector=1&amp;lang=fr\">publications<\/a>&nbsp;\u00e9labor\u00e9s dans le Secteur;<\/li><li>fournit des informations techniques, organise des s\u00e9minaires sur la gestion nationale des fr\u00e9quences et les radiocommunications et travaille en \u00e9troite collaboration avec le&nbsp;<a href=\"https:\/\/www.itu.int\/ITU-D\/index-fr.asp\">Bureau de d\u00e9veloppement des t\u00e9l\u00e9communications&nbsp;<\/a>afin d\u00b4aider les pays en d\u00e9veloppement.<\/li><\/ul>\n<\/div>\n\n<div class=\"ituContainer\">\n<p class=\"wp-block-paragraph\"><\/p>\n<\/div>","protected":false},"excerpt":{"rendered":"<p>Bras ex\u00e9cutif du&nbsp;Secteur des radiocommunications, le Bureau des radiocommunications (BR) est dirig\u00e9 par un&nbsp;Directeur&nbsp;\u00e9lu qui coordonne les travaux du Secteur. Le Directeur du BR est assist\u00e9 par une \u00e9quipe d\u00b4ing\u00e9nieurs, d\u00b4informaticiens et de gestionnaires de haut niveau qui, avec le personnel administratif, constituent l\u00b4effectif du Bureau. Le Bureau des radiocommunications: fournit l\u00b4appui technique et administratif [&hellip;]<\/p>\n","protected":false},"author":5,"featured_media":0,"parent":0,"menu_order":0,"comment_status":"closed","ping_status":"closed","template":"page-banner-blue.php","meta":{"_crdt_document":"","_uag_custom_page_level_css":"","footnotes":""},"folder":[],"class_list":["post-3409","page","type-page","status-publish","hentry"],"uagb_featured_image_src":{"full":false,"thumbnail":false,"medium":false,"medium_large":false,"large":false,"1536x1536":false,"2048x2048":false,"gs-tiny":false,"xl":false,"xxl":false,"xxxl":false,"xxxxl":false,"xxxxxl":false,"gform-image-choice-sm":false,"gform-image-choice-md":false,"gform-image-choice-lg":false},"uagb_author_info":{"display_name":"mgaillard","author_link":"https:\/\/www.itu.int\/wrc-23\/fr\/author\/mgaillard\/"},"uagb_comment_info":0,"uagb_excerpt":"Bras ex\u00e9cutif du&nbsp;Secteur des radiocommunications, le Bureau des radiocommunications (BR) est dirig\u00e9 par un&nbsp;Directeur&nbsp;\u00e9lu qui coordonne les travaux du Secteur. Le Directeur du BR est assist\u00e9 par une \u00e9quipe d\u00b4ing\u00e9nieurs, d\u00b4informaticiens et de gestionnaires de haut niveau qui, avec le personnel administratif, constituent l\u00b4effectif du Bureau. Le Bureau des radiocommunications: fournit l\u00b4appui technique et administratif\u2026","_links":{"self":[{"href":"https:\/\/www.itu.int\/wrc-23\/fr\/wp-json\/wp\/v2\/pages\/3409","targetHints":{"allow":["GET"]}}],"collection":[{"href":"https:\/\/www.itu.int\/wrc-23\/fr\/wp-json\/wp\/v2\/pages"}],"about":[{"href":"https:\/\/www.itu.int\/wrc-23\/fr\/wp-json\/wp\/v2\/types\/page"}],"author":[{"embeddable":true,"href":"https:\/\/www.itu.int\/wrc-23\/fr\/wp-json\/wp\/v2\/users\/5"}],"replies":[{"embeddable":true,"href":"https:\/\/www.itu.int\/wrc-23\/fr\/wp-json\/wp\/v2\/comments?post=3409"}],"version-history":[{"count":0,"href":"https:\/\/www.itu.int\/wrc-23\/fr\/wp-json\/wp\/v2\/pages\/3409\/revisions"}],"wp:attachment":[{"href":"https:\/\/www.itu.int\/wrc-23\/fr\/wp-json\/wp\/v2\/media?parent=3409"}],"wp:term":[{"taxonomy":"folder","embeddable":true,"href":"https:\/\/www.itu.int\/wrc-23\/fr\/wp-json\/wp\/v2\/folder?post=3409"}],"curies":[{"name":"wp","href":"https:\/\/api.w.org\/{rel}","templated":true}]}}