{"id":3226,"date":"2021-10-25T21:52:34","date_gmt":"2021-10-25T20:52:34","guid":{"rendered":"https:\/\/www.itu.int\/wrc-23\/home-en\/"},"modified":"2025-02-07T16:54:59","modified_gmt":"2025-02-07T12:54:59","slug":"home","status":"publish","type":"page","link":"https:\/\/www.itu.int\/wrc-23\/fr\/","title":{"rendered":"Accueil"},"content":{"rendered":"\n    <section class=\"ituBanner bg countdown\">\n        <div class=\"bgContainer\">\n            <img decoding=\"async\" src=\"https:\/\/www.itu.int\/wrc-23\/wp-content\/uploads\/sites\/12\/2022\/10\/pexels-photo-1164x350-1.jpg\" alt=\"\" \/>\n            <div class=\"ituContainer\">\n                <div class=\"content\">\n                    <div class=\"main\">\n                        <script src=\"https:\/\/unpkg.com\/@lottiefiles\/lottie-player@latest\/dist\/lottie-player.js\"><\/script>\n                        <lottie-player src=\"https:\/\/www.itu.int\/wrc-23\/wp-content\/uploads\/sites\/12\/2022\/12\/513852_WRC-23-logo-emblem-webpage-animation.json\" background=\"transparent\" autoplay=\"\"><\/lottie-player>\n                                            <\/div>\n                <\/div>\n            <\/div>\n        <\/div>\n    <\/section>\n\n\n    <div class=\"ituContainer grid\">\n        <div data-span=\"12\">\n                            <div class=\"ituContainer\">\n<h2 class=\"wp-block-heading\" id=\"itu-world-radiocommunication-conference-2023-wrc-23-dubai-united-arab-emirates-20-november-to-15-december-2023\">Conf\u00e9rence mondiale des radiocommunications de l\u2019UIT de 2023 (CMR-23)<br>Duba\u00ef (\u00c9mirats arabes unis), du 20 novembre au 15 d\u00e9cembre 2023<\/h2>\n<\/div>                            <div class=\"ituContainer\">\n<p class=\"wp-block-paragraph\">Les Conf\u00e9rences mondiales des radiocommunications (CMR) ont lieu tous les trois \u00e0 quatre ans pour examiner et, si n\u00e9cessaire, r\u00e9viser le R\u00e8glement des radiocommunications, trait\u00e9 international r\u00e9gissant l\u2019utilisation du spectre des fr\u00e9quences radio\u00e9lectriques et des orbites de satellites g\u00e9ostationnaires et non g\u00e9ostationnaires. Les r\u00e9visions sont faites sur la base d\u2019un&nbsp;<a href=\"https:\/\/www.itu.int\/wrc-23\/wrc-23-agenda\/\">ordre du jour&nbsp;<\/a>d\u00e9termin\u00e9e par le Conseil de l\u2019UIT, compte tenu des recommandations formul\u00e9es par des conf\u00e9rences mondiales des radiocommunications ant\u00e9rieures.<\/p>\n<\/div>                            <div class=\"wp-bootstrap-blocks-button\">\n\t<a\n\t\thref=\"\/wrc-23\/about\/\"\n\t\t\t\t\t\tclass=\"btn btn-secondary\"\n\t>\n\t\tRead more\t<\/a>\n<\/div>\n                            <div class=\"ituContainer\">\n<h2 class=\"wp-block-heading\">R\u00e8glement des radiocommunications<\/h2>\n<\/div>                                <section>\n        <div class=\"ituContainer grid\">\n                                                <a class=\"ituCard anim bg hor\" href=\"https:\/\/www.itu.int\/hub\/publication\/r-reg-rr-2024\/#\/fr\" data-span=\"6\" target=\"_blank\">\n        <img decoding=\"async\" class=\"square\" src=\"https:\/\/www.itu.int\/wrc-23\/wp-content\/uploads\/sites\/12\/2025\/02\/image.png\" alt=\"\" \/>\n        <div class=\"content\">\n            <div class=\"main\">\n                <p class=\"title\">R\u00e8glement des radiocommunications 2024<\/p>\n\n            <\/div>\n            <div class=\"addInfo\">\u200b\u200b\u200b\u200b\u200b\u200b\u200b\u200b\u200b\u200b\u200b\u200b\u200b\u200b\u200b\u200b\u200b\u200b\u200b\u200b\u200b\u200bL&rsquo;\u00e9dition de 2024 du R\u00e8glement des radiocommunications de l&rsquo;UIT est d\u00e9sormais disponible en ligne dans les six langues officielles des Nations Unies !<\/div>\n        <\/div>\n    <\/a>\n\n                    <\/div>\n    <\/section>\n                            <div class=\"ituContainer\">\n<h2 class=\"wp-block-heading\">Actes finals de la CMR-23<\/h2>\n<\/div>                                <section>\n        <div class=\"ituContainer grid\">\n                                                <a class=\"ituCard anim bg hor\" href=\"https:\/\/www.itu.int\/en\/publications\/ITU-R\/pages\/publications.aspx?parent=R-ACT-WRC.16-2024&#038;media=electronic\" data-span=\"6\" target=\"_blank\">\n        <img decoding=\"async\" class=\"square\" src=\"https:\/\/www.itu.int\/wrc-23\/wp-content\/uploads\/sites\/12\/2024\/03\/WRC-23_Final-Acts_e_news.jpg\" alt=\"\" \/>\n        <div class=\"content\">\n            <div class=\"main\">\n                <p class=\"title\">Actes finals de la CMR-23<br><\/p>\n\n            <\/div>\n            <div class=\"addInfo\">Conf\u00e9rence mondiale des radiocommunications de 2023\u200e<\/div>\n        <\/div>\n    <\/a>\n\n                    <\/div>\n    <\/section>\n                            <div class=\"ituContainer\">\n<h2 class=\"wp-block-heading\">Minutes of the Plenary Meetings\u200b<\/h2>\n<\/div>                    <\/div>\n    <\/div>\n\n\n    <div class=\"ituContainer grid\">\n        <div data-span=\"12\">\n                                <section>\n        <div class=\"ituContainer grid\">\n                                                        <a class=\"ituCard anim\" data-span=\"3\" href=\"https:\/\/www.itu.int\/md\/meetingdoc.asp?lang=en&#038;parent=R23-WRC23-C&#038;class=MINS\" target='blank' rel='noreferrer noopener'>\n                    <div class=\"content center\">\n                <div class=\"main\">\n                    <img decoding=\"async\" src=\"https:\/\/www.itu.int\/wrc-23\/wp-content\/uploads\/sites\/12\/2021\/12\/WRC-23-icons-17-1.png\" class=\"icon\" alt=\"icon\" \/>\n                                            <p class=\"title\">Proc\u00e8s-verbaux des s\u00e9ances pl\u00e9ni\u00e8res<\/p>\n                                                            <p><\/p>\n                                    <\/div>\n            <\/div>\n                    <\/a>\n    \n                    <\/div>\n    <\/section>\n                    <\/div>\n    <\/div>\n\n\n    <div class=\"ituContainer grid\">\n        <div data-span=\"12\">\n                            <div class=\"ituContainer\">\n<h2 class=\"wp-block-heading eplus-PsIUht eplus-wrapper\" id=\"information\">Information<\/h2>\n<\/div>                                <section>\n        <div class=\"ituContainer grid\">\n                                                        <a class=\"ituCard anim\" data-span=\"3\" href=\"https:\/\/www.itu.int\/en\/myitu\/Publications\/2020\/09\/02\/14\/23\/Radio-Regulations-2020\" >\n                    <div class=\"content center\">\n                <div class=\"main\">\n                    <img decoding=\"async\" src=\"https:\/\/www.itu.int\/wrc-23\/wp-content\/uploads\/sites\/12\/2021\/12\/WRC-23-icons-180x180-06.png\" class=\"icon\" alt=\"icon\" \/>\n                                            <p class=\"title\">R\u00e8glement des radiocommunications 2020<\/p>\n                                                            <p><\/p>\n                                    <\/div>\n            <\/div>\n                    <\/a>\n    \n                                                        <a class=\"ituCard anim\" data-span=\"3\" href=\"\/wrc-23\/booklet-wrc-23\/\" >\n                    <div class=\"content center\">\n                <div class=\"main\">\n                    <img decoding=\"async\" src=\"https:\/\/www.itu.int\/wrc-23\/wp-content\/uploads\/sites\/12\/2021\/12\/WRC-23-icons-180x180-01.png\" class=\"icon\" alt=\"icon\" \/>\n                                            <p class=\"title\">Brochure de la CMR-23<\/p>\n                                                            <p>Ordre du jour et R\u00e9solutions pertinentes<\/p>\n                                    <\/div>\n            <\/div>\n                    <\/a>\n    \n                                                        <a class=\"ituCard anim\" data-span=\"3\" href=\"\/wrc-23\/preparations\/preparations-for-wrc-23\/\" >\n                    <div class=\"content center\">\n                <div class=\"main\">\n                    <img decoding=\"async\" src=\"https:\/\/www.itu.int\/wrc-23\/wp-content\/uploads\/sites\/12\/2021\/12\/WRC-23-icons-180x180-04.png\" class=\"icon\" alt=\"icon\" \/>\n                                            <p class=\"title\">Pr\u00e9paratifs<\/p>\n                                                            <p><\/p>\n                                    <\/div>\n            <\/div>\n                    <\/a>\n    \n                                                        <a class=\"ituCard anim\" data-span=\"3\" href=\"\/wrc-23\/documents\/\" >\n                    <div class=\"content center\">\n                <div class=\"main\">\n                    <img decoding=\"async\" src=\"https:\/\/www.itu.int\/wrc-23\/wp-content\/uploads\/sites\/12\/2021\/12\/WRC-23-icons-17-1.png\" class=\"icon\" alt=\"icon\" \/>\n                                            <p class=\"title\">Conference <br>Documents<\/p>\n                                                            <p><\/p>\n                                    <\/div>\n            <\/div>\n                    <\/a>\n    \n                                                        <a class=\"ituCard anim\" data-span=\"3\" href=\"\/wrc-23\/programme\/timetable-and-schedule\/\" >\n                    <div class=\"content center\">\n                <div class=\"main\">\n                    <img decoding=\"async\" src=\"https:\/\/www.itu.int\/wrc-23\/wp-content\/uploads\/sites\/12\/2023\/10\/Side-events.png\" class=\"icon\" alt=\"icon\" \/>\n                                            <p class=\"title\">Calendrier et calendrier<\/p>\n                                                            <p><\/p>\n                                    <\/div>\n            <\/div>\n                    <\/a>\n    \n                                                        <a class=\"ituCard anim\" data-span=\"3\" href=\"https:\/\/www.un.org\/management\/sites\/www.un.org.management\/files\/un-system-model-code-conduct.pdf\" target='blank' rel='noreferrer noopener'>\n                    <div class=\"content center\">\n                <div class=\"main\">\n                    <img decoding=\"async\" src=\"https:\/\/www.itu.int\/wrc-23\/wp-content\/uploads\/sites\/12\/2023\/10\/code-of-conduct.png\" class=\"icon\" alt=\"icon\" \/>\n                                            <p class=\"title\">Code de conduite<\/p>\n                                                            <p>PDF<\/p>\n                                    <\/div>\n            <\/div>\n                    <\/a>\n    \n                    <\/div>\n    <\/section>\n                    <\/div>\n    <\/div>\n\n\n    <div class=\"ituContainer grid\">\n        <div data-span=\"12\">\n                            <div class=\"ituContainer\">\n<h2 class=\"wp-block-heading eplus-6eEDP8 eplus-wrapper\" id=\"resources\">Resources<\/h2>\n<\/div>                                <section>\n        <div class=\"ituContainer grid\">\n                                                <a class=\"ituCard anim bg hor\" href=\"https:\/\/dubaiwrc23.ae\/home\" data-span=\"6\" target=\"_blank\">\n        <img decoding=\"async\" class=\"square\" src=\"https:\/\/www.itu.int\/wrc-23\/wp-content\/uploads\/sites\/12\/2023\/01\/frame-Dubai.jpg\" alt=\"\" \/>\n        <div class=\"content\">\n            <div class=\"main\">\n                <p class=\"title\">Host Country Website<\/p>\n\n            <\/div>\n            <div class=\"addInfo\">\u200b\u200bITU World Radiocommunication Conference 2023\u200b <br>Host Country Website<\/div>\n        <\/div>\n    <\/a>\n\n                                                <a class=\"ituCard anim bg hor\" href=\"https:\/\/www.itu.int\/pub\/R-ACT-CPM-2023\" data-span=\"6\" target=\"_blank\">\n        <img decoding=\"async\" class=\"square\" src=\"https:\/\/www.itu.int\/wrc-23\/wp-content\/uploads\/sites\/12\/2023\/05\/R-ACT-CPM-2023-JPG-E.jpg\" alt=\"\" \/>\n        <div class=\"content\">\n            <div class=\"main\">\n                <p class=\"title\">\u200b\u200bReport of the Conference Preparatory Meeting to the WRC-23\u200b\u200b\u200b\u200b\u200b\u200b\u200b<\/p>\n\n            <\/div>\n            <div class=\"addInfo\">\u200bon technical, operational and regulatory\/procedural matters to be considered by the WRC-23\u200b\u200b\u200b<\/div>\n        <\/div>\n    <\/a>\n\n                    <\/div>\n    <\/section>\n                                <section>\n        <div class=\"ituContainer grid\">\n                                                        <a class=\"ituCard anim\" data-span=\"3\" href=\"\/wrc-23\/wrc-23-agenda\/\" >\n                    <div class=\"content center\">\n                <div class=\"main\">\n                    <img decoding=\"async\" src=\"https:\/\/www.itu.int\/wrc-23\/wp-content\/uploads\/sites\/12\/2021\/12\/WRC-23-icons-180x180-08.png\" class=\"icon\" alt=\"icon\" \/>\n                                            <p class=\"title\">Points de l\u2019ordre du jour et \u00e9tat d\u2019avancement des \u00e9tudes<\/p>\n                                                            <p><\/p>\n                                    <\/div>\n            <\/div>\n                    <\/a>\n    \n                                                        <a class=\"ituCard anim\" data-span=\"3\" href=\"\/wrc-23\/newsroom\/\" >\n                    <div class=\"content center\">\n                <div class=\"main\">\n                    <img decoding=\"async\" src=\"https:\/\/www.itu.int\/wrc-23\/wp-content\/uploads\/sites\/12\/2021\/12\/WRC-23-icons-180x180-14.png\" class=\"icon\" alt=\"icon\" \/>\n                                            <p class=\"title\">Newsroom<\/p>\n                                                            <p><\/p>\n                                    <\/div>\n            <\/div>\n                    <\/a>\n    \n                                                        <a class=\"ituCard anim\" data-span=\"3\" href=\"\/wrc-23\/electronic-tools\/\" >\n                    <div class=\"content center\">\n                <div class=\"main\">\n                    <img decoding=\"async\" src=\"https:\/\/www.itu.int\/wrc-23\/wp-content\/uploads\/sites\/12\/2021\/12\/WRC-23-icons-180x180-02.png\" class=\"icon\" alt=\"icon\" \/>\n                                            <p class=\"title\">Outils \u00e9lectroniques<\/p>\n                                                            <p><\/p>\n                                    <\/div>\n            <\/div>\n                    <\/a>\n    \n                                                        <a class=\"ituCard anim\" data-span=\"3\" href=\"\/wrc-23\/participation\/practical-info\/\" >\n                    <div class=\"content center\">\n                <div class=\"main\">\n                    <img decoding=\"async\" src=\"https:\/\/www.itu.int\/wrc-23\/wp-content\/uploads\/sites\/12\/2021\/12\/WRC-23-icons-180x180-05.png\" class=\"icon\" alt=\"icon\" \/>\n                                            <p class=\"title\">Informations pratiques pour les participants<\/p>\n                                                            <p><\/p>\n                                    <\/div>\n            <\/div>\n                    <\/a>\n    \n                                                        <a class=\"ituCard anim\" data-span=\"3\" href=\"\/wrc-23\/participation\/registration\/\" >\n                    <div class=\"content center\">\n                <div class=\"main\">\n                    <img decoding=\"async\" src=\"https:\/\/www.itu.int\/wrc-23\/wp-content\/uploads\/sites\/12\/2021\/12\/WRC-23-icons-180x180-12.png\" class=\"icon\" alt=\"icon\" \/>\n                                            <p class=\"title\">Inscription des d\u00e9l\u00e9gu\u00e9s<\/p>\n                                                            <p>RA-23 \/ WRC-23<\/p>\n                                    <\/div>\n            <\/div>\n                    <\/a>\n    \n                                                        <a class=\"ituCard anim\" data-span=\"3\" href=\"\/ra-23-wrc-23-media-accreditation\/\" >\n                    <div class=\"content center\">\n                <div class=\"main\">\n                    <img decoding=\"async\" src=\"https:\/\/www.itu.int\/wrc-23\/wp-content\/uploads\/sites\/12\/2023\/04\/media_accreditation-icon.png\" class=\"icon\" alt=\"icon\" \/>\n                                            <p class=\"title\">Accr\u00e9ditation des m\u00e9dias<\/p>\n                                                            <p>RA-23 \/ WRC-23<\/p>\n                                    <\/div>\n            <\/div>\n                    <\/a>\n    \n                                                        <a class=\"ituCard anim\" data-span=\"3\" href=\"\/wrc-23\/use-of-logo\/\" >\n                    <div class=\"content center\">\n                <div class=\"main\">\n                    <img decoding=\"async\" src=\"https:\/\/www.itu.int\/wrc-23\/wp-content\/uploads\/sites\/12\/2021\/12\/WRC-23-icons-180x180-09.png\" class=\"icon\" alt=\"icon\" \/>\n                                            <p class=\"title\">Utilisation des logos<\/p>\n                                                            <p><\/p>\n                                    <\/div>\n            <\/div>\n                    <\/a>\n    \n                    <\/div>\n    <\/section>\n                    <\/div>\n    <\/div>\n\n\n    <div class=\"ituContainer grid\">\n        <div data-span=\"12\">\n                                <section>\n        <div class=\"ituContainer grid\">\n                    <\/div>\n    <\/section>\n                    <\/div>\n    <\/div>\n\n\n    <div class=\"ituContainer grid\">\n        <div data-span=\"12\">\n                            <div class=\"ituContainer\">\n<h2 class=\"wp-block-heading eplus-QpCyQf eplus-wrapper\" id=\"activities-and-events\">Activit\u00e9s et \u00e9v\u00e9nements<\/h2>\n<\/div>                                <section>\n        <div class=\"ituContainer grid\">\n                                                <a class=\"ituCard anim bg hor\" href=\"https:\/\/www.itu.int\/en\/ITU-R\/study-groups\/rcpm\/Pages\/cpm-23.aspx\" data-span=\"6\" target=\"\">\n        <img decoding=\"async\" class=\"square\" src=\"https:\/\/www.itu.int\/wrc-23\/wp-content\/uploads\/sites\/12\/2021\/12\/Homepage-Events-tiles-gradient-03.png\" alt=\"\" \/>\n        <div class=\"content\">\n            <div class=\"main\">\n                <p class=\"title\">CPM-23<\/p>\n\n            <\/div>\n            <div class=\"addInfo\">Conference Preparatory Meeting (CPM)<\/div>\n        <\/div>\n    <\/a>\n\n                                                <a class=\"ituCard anim bg hor\" href=\"https:\/\/www.itu.int\/ra-23\" data-span=\"6\" target=\"\">\n        <img decoding=\"async\" class=\"square\" src=\"https:\/\/www.itu.int\/wrc-23\/wp-content\/uploads\/sites\/12\/2021\/12\/Homepage-Events-tiles-gradient-04.png\" alt=\"\" \/>\n        <div class=\"content\">\n            <div class=\"main\">\n                <p class=\"title\">RA-23<\/p>\n\n            <\/div>\n            <div class=\"addInfo\">Radiocommunication Assemblies (RA)<\/div>\n        <\/div>\n    <\/a>\n\n                                                <a class=\"ituCard anim bg hor\" href=\"https:\/\/www.itu.int\/en\/ITU-R\/conferences\/wrc\/2023\/irwsp\/Pages\/default.aspx\" data-span=\"6\" target=\"\">\n        <img decoding=\"async\" class=\"square\" src=\"https:\/\/www.itu.int\/wrc-23\/wp-content\/uploads\/sites\/12\/2021\/12\/Homepage-Events-tiles-gradient-02.png\" alt=\"\" \/>\n        <div class=\"content\">\n            <div class=\"main\">\n                <p class=\"title\">IRW<\/p>\n\n            <\/div>\n            <div class=\"addInfo\">ITU Inter-regional Workshops on WRC-23 Preparation<\/div>\n        <\/div>\n    <\/a>\n\n                                                <a class=\"ituCard anim bg hor\" href=\"http:\/\/itu.int\/now4wrc23\/\" data-span=\"6\" target=\"\">\n        <img decoding=\"async\" class=\"square\" src=\"https:\/\/www.itu.int\/wrc-23\/wp-content\/uploads\/sites\/12\/2021\/12\/Homepage-Events-tiles-gradient-01.png\" alt=\"\" \/>\n        <div class=\"content\">\n            <div class=\"main\">\n                <p class=\"title\">NOW4WRC23<\/p>\n\n            <\/div>\n            <div class=\"addInfo\">Network of Women for WRC-23<\/div>\n        <\/div>\n    <\/a>\n\n                    <\/div>\n    <\/section>\n                    <\/div>\n    <\/div>\n","protected":false},"excerpt":{"rendered":"","protected":false},"author":5,"featured_media":0,"parent":0,"menu_order":0,"comment_status":"closed","ping_status":"closed","template":"","meta":{"_crdt_document":"","_uag_custom_page_level_css":"","footnotes":""},"folder":[],"class_list":["post-3226","page","type-page","status-publish","hentry"],"uagb_featured_image_src":{"full":false,"thumbnail":false,"medium":false,"medium_large":false,"large":false,"1536x1536":false,"2048x2048":false,"gs-tiny":false,"xl":false,"xxl":false,"xxxl":false,"xxxxl":false,"xxxxxl":false,"gform-image-choice-sm":false,"gform-image-choice-md":false,"gform-image-choice-lg":false},"uagb_author_info":{"display_name":"mgaillard","author_link":"https:\/\/www.itu.int\/wrc-23\/fr\/author\/mgaillard\/"},"uagb_comment_info":0,"uagb_excerpt":null,"_links":{"self":[{"href":"https:\/\/www.itu.int\/wrc-23\/fr\/wp-json\/wp\/v2\/pages\/3226","targetHints":{"allow":["GET"]}}],"collection":[{"href":"https:\/\/www.itu.int\/wrc-23\/fr\/wp-json\/wp\/v2\/pages"}],"about":[{"href":"https:\/\/www.itu.int\/wrc-23\/fr\/wp-json\/wp\/v2\/types\/page"}],"author":[{"embeddable":true,"href":"https:\/\/www.itu.int\/wrc-23\/fr\/wp-json\/wp\/v2\/users\/5"}],"replies":[{"embeddable":true,"href":"https:\/\/www.itu.int\/wrc-23\/fr\/wp-json\/wp\/v2\/comments?post=3226"}],"version-history":[{"count":0,"href":"https:\/\/www.itu.int\/wrc-23\/fr\/wp-json\/wp\/v2\/pages\/3226\/revisions"}],"wp:attachment":[{"href":"https:\/\/www.itu.int\/wrc-23\/fr\/wp-json\/wp\/v2\/media?parent=3226"}],"wp:term":[{"taxonomy":"folder","embeddable":true,"href":"https:\/\/www.itu.int\/wrc-23\/fr\/wp-json\/wp\/v2\/folder?post=3226"}],"curies":[{"name":"wp","href":"https:\/\/api.w.org\/{rel}","templated":true}]}}