{"id":3444,"date":"2022-05-12T09:40:05","date_gmt":"2022-05-12T08:40:05","guid":{"rendered":"https:\/\/www.itu.int\/wrc-23\/media-pack\/"},"modified":"2022-05-12T09:46:56","modified_gmt":"2022-05-12T08:46:56","slug":"media-pack","status":"publish","type":"page","link":"https:\/\/www.itu.int\/wrc-23\/es\/media-pack\/","title":{"rendered":"Media pack"},"content":{"rendered":"<div class=\"ituContainer\">\n<p class=\"eplus-u1OYxu eplus-wrapper wp-block-paragraph\">\u200bInformes exhaustivos sobre temas y tecnolog\u00edas fundamentales\u200b<\/p>\n<\/div>\n\n<div class=\"ituContainer\">\n<ul class=\"eplus-f8sCmX eplus-wrapper wp-block-list\"><li><a href=\"https:\/\/www.itu.int\/es\/mediacentre\/backgrounders\/Pages\/5G-fifth-generation-of-mobile-technologies.aspx\">5G \u2013 Quinta generaci\u00f3n de tecnolog\u00edas m\u00f3viles<\/a><\/li><li><a href=\"https:\/\/www.itu.int\/es\/mediacentre\/backgrounders\/Pages\/High-altitude-platform-systems.aspx\">HAPS \u2013 Sistemas de estaciones en plataformas a gran altitud<\/a><\/li><li><a href=\"https:\/\/www.itu.int\/es\/mediacentre\/backgrounders\/Pages\/itu-study-groups.aspx\">Comisiones de Estudio de la UIT<\/a><\/li><li><a href=\"https:\/\/www.itu.int\/es\/mediacentre\/backgrounders\/Pages\/itu-r-managing-the-radio-frequency-spectrum-for-the-world.aspx\">UIT-R: Gesti\u00f3n del espectro de frecuencias radioel\u00e9ctricas a escala mundial<\/a><\/li><li><a href=\"https:\/\/www.itu.int\/es\/mediacentre\/backgrounders\/Pages\/Radiocommunications-for-keeping-ships-and-people-safe-at-sea.aspx\">Radiocomunicaciones para la seguridad de los barcos y de las personas en el mar<\/a><\/li><li><a href=\"https:\/\/www.itu.int\/es\/mediacentre\/backgrounders\/Pages\/Earth-stations-in-motion-satellite-issues.aspx\">Temas relativos a los sat\u00e9lites: Estaciones terrenas en movimiento (ETEM)<\/a><\/li><li><a href=\"https:\/\/www.itu.int\/es\/mediacentre\/backgrounders\/Pages\/Non-geostationary-satellite-systems.aspx\">Sistemas de sat\u00e9lites no geoestacionarios<\/a><\/li><li><a href=\"https:\/\/www.itu.int\/en\/mediacentre\/backgrounders\/Pages\/non-GSO-satellite-systems-with-short-duration-missions.aspx\">Satellite issues: Small SATS: Nano and Pico \u2013 short duration missions\u200b\u200b<\/a><\/li><li><a href=\"https:\/\/www.itu.int\/es\/mediacentre\/backgrounders\/Pages\/Regulation-of-Satellite-Systems.aspx\" target=\"_blank\" rel=\"noreferrer noopener\">Regulaci\u00f3n de los sistemas de sat\u00e9lites<\/a><\/li><\/ul>\n<\/div>\n\n<div class=\"ituContainer\">\n<p class=\"eplus-AfPPYg eplus-wrapper wp-block-paragraph\"><\/p>\n<\/div>","protected":false},"excerpt":{"rendered":"<p>\u200bInformes exhaustivos sobre temas y tecnolog\u00edas fundamentales\u200b 5G \u2013 Quinta generaci\u00f3n de tecnolog\u00edas m\u00f3viles HAPS \u2013 Sistemas de estaciones en plataformas a gran altitud Comisiones de Estudio de la UIT UIT-R: Gesti\u00f3n del espectro de frecuencias radioel\u00e9ctricas a escala mundial Radiocomunicaciones para la seguridad de los barcos y de las personas en el mar Temas [&hellip;]<\/p>\n","protected":false},"author":5,"featured_media":0,"parent":0,"menu_order":3,"comment_status":"closed","ping_status":"closed","template":"page-banner-blue.php","meta":{"_crdt_document":"","_uag_custom_page_level_css":"","footnotes":""},"folder":[],"class_list":["post-3444","page","type-page","status-publish","hentry"],"uagb_featured_image_src":{"full":false,"thumbnail":false,"medium":false,"medium_large":false,"large":false,"1536x1536":false,"2048x2048":false,"gs-tiny":false,"xl":false,"xxl":false,"xxxl":false,"xxxxl":false,"xxxxxl":false,"gform-image-choice-sm":false,"gform-image-choice-md":false,"gform-image-choice-lg":false},"uagb_author_info":{"display_name":"mgaillard","author_link":"https:\/\/www.itu.int\/wrc-23\/es\/author\/mgaillard\/"},"uagb_comment_info":0,"uagb_excerpt":"\u200bInformes exhaustivos sobre temas y tecnolog\u00edas fundamentales\u200b 5G \u2013 Quinta generaci\u00f3n de tecnolog\u00edas m\u00f3viles HAPS \u2013 Sistemas de estaciones en plataformas a gran altitud Comisiones de Estudio de la UIT UIT-R: Gesti\u00f3n del espectro de frecuencias radioel\u00e9ctricas a escala mundial Radiocomunicaciones para la seguridad de los barcos y de las personas en el mar Temas&hellip;","_links":{"self":[{"href":"https:\/\/www.itu.int\/wrc-23\/es\/wp-json\/wp\/v2\/pages\/3444","targetHints":{"allow":["GET"]}}],"collection":[{"href":"https:\/\/www.itu.int\/wrc-23\/es\/wp-json\/wp\/v2\/pages"}],"about":[{"href":"https:\/\/www.itu.int\/wrc-23\/es\/wp-json\/wp\/v2\/types\/page"}],"author":[{"embeddable":true,"href":"https:\/\/www.itu.int\/wrc-23\/es\/wp-json\/wp\/v2\/users\/5"}],"replies":[{"embeddable":true,"href":"https:\/\/www.itu.int\/wrc-23\/es\/wp-json\/wp\/v2\/comments?post=3444"}],"version-history":[{"count":0,"href":"https:\/\/www.itu.int\/wrc-23\/es\/wp-json\/wp\/v2\/pages\/3444\/revisions"}],"wp:attachment":[{"href":"https:\/\/www.itu.int\/wrc-23\/es\/wp-json\/wp\/v2\/media?parent=3444"}],"wp:term":[{"taxonomy":"folder","embeddable":true,"href":"https:\/\/www.itu.int\/wrc-23\/es\/wp-json\/wp\/v2\/folder?post=3444"}],"curies":[{"name":"wp","href":"https:\/\/api.w.org\/{rel}","templated":true}]}}