{"id":3418,"date":"2022-05-11T08:44:09","date_gmt":"2022-05-11T07:44:09","guid":{"rendered":"https:\/\/www.itu.int\/wrc-23\/radiocommunication-bureau\/"},"modified":"2022-05-11T08:44:49","modified_gmt":"2022-05-11T07:44:49","slug":"radiocommunication-bureau","status":"publish","type":"page","link":"https:\/\/www.itu.int\/wrc-23\/es\/radiocommunication-bureau\/","title":{"rendered":"Oficina de Radiocomunicaciones"},"content":{"rendered":"<div class=\"ituContainer\">\n<p class=\"wp-block-paragraph\">La Oficina de Radiocomunicaciones (BR) es el \u00f3rgano ejecutivo&nbsp;<a href=\"https:\/\/www.itu.int\/ITU-R\/go\/sector-organization\/es\">del Sector de Radiocomunicaciones<\/a>, y su&nbsp;<a href=\"https:\/\/www.itu.int\/ITU-R\/go\/director\/es\">Director<\/a>&nbsp;de elecci\u00f3n se encarga de coordinar los trabajos del Sector. El Director de la BR cuenta con la asistencia de un equipo de ingenieros, inform\u00e1ticos y gestores muy cualificados que constituyen, junto con el personal administrativo, la Oficina de Radiocomunicaciones.<\/p>\n<\/div>\n\n<div class=\"ituContainer\">\n<p class=\"wp-block-paragraph\"><strong>La Oficina de Radiocomunicaciones:<\/strong><\/p>\n<\/div>\n\n<div class=\"ituContainer\">\n<ul class=\"wp-block-list\"><li>proporciona apoyo t\u00e9cnico y administrativo a las&nbsp;<a href=\"https:\/\/www.itu.int\/ITU-R\/go\/rconf\/es\">Conferencias<\/a>,&nbsp;<a href=\"https:\/\/www.itu.int\/ITU-R\/go\/ra\/es\">Asambleas<\/a>&nbsp;y&nbsp;<a href=\"https:\/\/www.itu.int\/ITU-R\/go\/rsg\/es\">Comisiones de Estudio de Radiocomunicaciones<\/a>, incluidos los Grupos de Trabajo y Grupos de Tareas Especiales;<\/li><li>aplica las disposiciones del&nbsp;<a href=\"https:\/\/www.itu.int\/pub\/R-REG-RR\/es\">Reglamento de Radiocomunicaciones<\/a>&nbsp;y de varios Acuerdos Regionales;<\/li><li>registra e inscribe las asignaciones de frecuencia y tambi\u00e9n las caracter\u00edsticas orbitales de los servicios espaciales, y mantiene actualizado el Registro Internacional de Frecuencias;<\/li><li>asesora a los&nbsp;<a href=\"https:\/\/www.itu.int\/members\/index-es.html\">Estados Miembros<\/a>&nbsp;acerca de la utilizaci\u00f3n equitativa, eficaz y econ\u00f3mica del espectro de frecuencias radioel\u00e9ctricas &nbsp;y las \u00f3rbitas de los sat\u00e9lites, e investiga casos de interferencia perjudicial y presta asistencia para resolverlos;<\/li><li>coordina la preparaci\u00f3n, edici\u00f3n y env\u00edo de&nbsp;<a href=\"https:\/\/www.itu.int\/ITU-R\/go\/itur-circulars\/es\">circulares<\/a>, documentos y&nbsp;<a href=\"https:\/\/www.itu.int\/publications\/sector.aspx?sector=1&amp;lang=es\">publicaciones<\/a>&nbsp;elaborados en el marco del Sector;<\/li><li>proporciona informaci\u00f3n t\u00e9cnica y organiza seminarios sobre gesti\u00f3n de frecuencias y radiocomunicaciones a nivel nacional, y trabaja en estrecha colaboraci\u00f3n con la&nbsp;<a href=\"https:\/\/www.itu.int\/ITU-D\/index-es.asp\">Oficina de Desarrollo de las Telecomunicaciones<\/a>&nbsp;para ayudar a los pa\u00edses en desarrollo.<\/li><\/ul>\n<\/div>","protected":false},"excerpt":{"rendered":"<p>La Oficina de Radiocomunicaciones (BR) es el \u00f3rgano ejecutivo&nbsp;del Sector de Radiocomunicaciones, y su&nbsp;Director&nbsp;de elecci\u00f3n se encarga de coordinar los trabajos del Sector. El Director de la BR cuenta con la asistencia de un equipo de ingenieros, inform\u00e1ticos y gestores muy cualificados que constituyen, junto con el personal administrativo, la Oficina de Radiocomunicaciones. La Oficina [&hellip;]<\/p>\n","protected":false},"author":5,"featured_media":0,"parent":0,"menu_order":0,"comment_status":"closed","ping_status":"closed","template":"page-banner-blue.php","meta":{"_crdt_document":"","_uag_custom_page_level_css":"","footnotes":""},"folder":[],"class_list":["post-3418","page","type-page","status-publish","hentry"],"uagb_featured_image_src":{"full":false,"thumbnail":false,"medium":false,"medium_large":false,"large":false,"1536x1536":false,"2048x2048":false,"gs-tiny":false,"xl":false,"xxl":false,"xxxl":false,"xxxxl":false,"xxxxxl":false,"gform-image-choice-sm":false,"gform-image-choice-md":false,"gform-image-choice-lg":false},"uagb_author_info":{"display_name":"mgaillard","author_link":"https:\/\/www.itu.int\/wrc-23\/es\/author\/mgaillard\/"},"uagb_comment_info":0,"uagb_excerpt":"La Oficina de Radiocomunicaciones (BR) es el \u00f3rgano ejecutivo&nbsp;del Sector de Radiocomunicaciones, y su&nbsp;Director&nbsp;de elecci\u00f3n se encarga de coordinar los trabajos del Sector. El Director de la BR cuenta con la asistencia de un equipo de ingenieros, inform\u00e1ticos y gestores muy cualificados que constituyen, junto con el personal administrativo, la Oficina de Radiocomunicaciones. La Oficina&hellip;","_links":{"self":[{"href":"https:\/\/www.itu.int\/wrc-23\/es\/wp-json\/wp\/v2\/pages\/3418","targetHints":{"allow":["GET"]}}],"collection":[{"href":"https:\/\/www.itu.int\/wrc-23\/es\/wp-json\/wp\/v2\/pages"}],"about":[{"href":"https:\/\/www.itu.int\/wrc-23\/es\/wp-json\/wp\/v2\/types\/page"}],"author":[{"embeddable":true,"href":"https:\/\/www.itu.int\/wrc-23\/es\/wp-json\/wp\/v2\/users\/5"}],"replies":[{"embeddable":true,"href":"https:\/\/www.itu.int\/wrc-23\/es\/wp-json\/wp\/v2\/comments?post=3418"}],"version-history":[{"count":0,"href":"https:\/\/www.itu.int\/wrc-23\/es\/wp-json\/wp\/v2\/pages\/3418\/revisions"}],"wp:attachment":[{"href":"https:\/\/www.itu.int\/wrc-23\/es\/wp-json\/wp\/v2\/media?parent=3418"}],"wp:term":[{"taxonomy":"folder","embeddable":true,"href":"https:\/\/www.itu.int\/wrc-23\/es\/wp-json\/wp\/v2\/folder?post=3418"}],"curies":[{"name":"wp","href":"https:\/\/api.w.org\/{rel}","templated":true}]}}