{"id":1202,"date":"2023-03-08T14:25:10","date_gmt":"2023-03-08T14:25:10","guid":{"rendered":"https:\/\/www.itu.int\/ra-23\/participation\/admission\/"},"modified":"2023-10-09T11:47:57","modified_gmt":"2023-10-09T11:47:57","slug":"admission","status":"publish","type":"page","link":"https:\/\/www.itu.int\/ra-23\/fr\/participation\/admission\/","title":{"rendered":"Admission \u00e0 AR-23"},"content":{"rendered":"<div class=\"ituContainer\">\n<p class=\"wp-block-paragraph\">Conform\u00e9ment \u00e0 l&rsquo;article 25 de la&nbsp;<a href=\"https:\/\/www.itu.int\/pub\/S-CONF-PLEN-2015\/fr\" target=\"_blank\" rel=\"noreferrer noopener\">Convention de l&rsquo;UIT<\/a>, <strong>sont admis \u00e0 participer \u00e0 l&rsquo;Assembl\u00e9e des radiocommunications de 2023:<\/strong><\/p>\n<\/div>\n\n<div class=\"ituContainer\">\n<ul class=\"wp-block-list\"><div class=\"ituContainer\">\n<li>les d\u00e9l\u00e9gations des&nbsp;<a href=\"https:\/\/www.itu.int\/hub\/membership\/our-members\/directory\/?myitu-members-states=true&amp;request=countries\"><strong>\u00c9tats Membres<\/strong><\/a>;<\/li>\n<\/div>\n\n<div class=\"ituContainer\">\n<li>De l<strong>\u2019<a href=\"https:\/\/www.itu.int\/online\/mm\/scripts\/gensel9\">\u00c9tat de Palestine<\/a><\/strong>&nbsp;[R\u00e9solution 99 (R\u00e9v.&nbsp;Duba\u00ef,&nbsp;2018)];<\/li>\n<\/div>\n\n<div class=\"ituContainer\">\n<li>les repr\u00e9sentants des <a href=\"https:\/\/www.itu.int\/hub\/membership\/our-members\/directory\/?myitu-members-directory=true&amp;request=search-companies&amp;type=SEC_MEMBER&amp;sector=ITU-R\"><strong>Membres de Secteur<\/strong><\/a> concern\u00e9s;<\/li>\n<\/div>\n\n<div class=\"ituContainer\">\n<li><strong>les observateurs, qui peuvent participer \u00e0 titre consultatif:<\/strong><div class=\"ituContainer\">\n<ul class=\"wp-block-list\"><div class=\"ituContainer\">\n<li>des organisations et des institutions vis\u00e9es aux num\u00e9ros 269A \u00e0 269D de la&nbsp;<a rel=\"noreferrer noopener\" href=\"https:\/\/www.itu.int\/pub\/S-CONF-PLEN-2019\/fr\" target=\"_blank\">Convention de l&rsquo;UIT<\/a>;<\/li>\n<\/div>\n\n<div class=\"ituContainer\">\n<li>toute autre organisation r\u00e9gionale, ou autre organisation internationale, s&rsquo;occupant de questions qui int\u00e9ressent l&rsquo;Assembl\u00e9e ou la Conf\u00e9rence.<\/li>\n<\/div><\/ul>\n<\/div><\/li>\n<\/div><\/ul>\n<\/div>\n\n<div class=\"ituContainer\">\n<p class=\"wp-block-paragraph\">Enfin, conform\u00e9ment au point 4 du <em>d\u00e9cide<\/em> de la <a href=\"https:\/\/www.itu.int\/pub\/S-CONF-ACTF-2022\/fr\">R\u00e9solution 169 (R\u00e9v. Bucarest, 2022)<\/a> de la Conf\u00e9rence de pl\u00e9nipotentiaires, les <a href=\"https:\/\/www.itu.int\/hub\/membership\/our-members\/directory\/?myitu-academia=true&amp;request=academia\"><strong>\u00e9tablissements universitaires<\/strong><\/a><strong><sup>1<\/sup><\/strong> sont \u00e9galement admis \u00e0 participer \u00e0 l&rsquo;AR-23 <strong>en qualit\u00e9 d&rsquo;observateurs, \u00e0 titre non consultatif.<\/strong><\/p>\n<\/div>\n\n<div class=\"ituContainer\">\n<p class=\"wp-block-paragraph\">Conform\u00e9ment \u00e0 l&rsquo;article 33 de la&nbsp;<a href=\"https:\/\/www.itu.int\/pub\/S-CONF-PLEN-2019\/fr\" target=\"_blank\" rel=\"noreferrer noopener\">Convention<\/a> de l&rsquo;UIT (476 CV):<\/p>\n<\/div>\n\n<div class=\"ituContainer\">\n<p class=\"wp-block-paragraph\">\u00ab\u2026Les organisations vis\u00e9es aux num\u00e9ros 269A \u00e0 269E de la pr\u00e9sente Convention et d&rsquo;autres organisations \u00e9galement indiqu\u00e9es au Chapitre II de cette m\u00eame Convention (sauf si elles ont \u00e9t\u00e9 exon\u00e9r\u00e9es par le Conseil, sous r\u00e9serve de r\u00e9ciprocit\u00e9) et les Membres des Secteurs vis\u00e9s au num\u00e9ro\u00a0230 de la pr\u00e9sente Convention qui participent, conform\u00e9ment aux dispositions de la pr\u00e9sente Convention, \u00e0 une Conf\u00e9rence de pl\u00e9nipotentiaires, \u00e0 une conf\u00e9rence, \u00e0 une assembl\u00e9e ou \u00e0 une r\u00e9union d&rsquo;un Secteur de l&rsquo;Union, ou \u00e0 une conf\u00e9rence mondiale des t\u00e9l\u00e9communications internationales, contribuent aux d\u00e9penses des conf\u00e9rences, assembl\u00e9es et r\u00e9unions auxquelles ils participent en fonction du co\u00fbt de ces conf\u00e9rences et r\u00e9unions et conform\u00e9ment au R\u00e8glement financier. Toutefois, les Membres des Secteurs ne contribueront pas sp\u00e9cifiquement aux d\u00e9penses li\u00e9es \u00e0 leur participation \u00e0 une conf\u00e9rence, une assembl\u00e9e ou une r\u00e9union de leur Secteur respectif, sauf dans le cas des conf\u00e9rences r\u00e9gionales des radiocommunications\u2026\u00bb <\/p>\n<\/div>\n\n    <section>\n            <div class=\"ituContainer\" >\n        <h2 className=\"h3\"><\/h2>\n            <\/div>\n\t\t\t\t\n\t                    <div class=\"ituContainer grid mb1\">\n                    <a class=\"ituCard anim\" data-span=\"6\" style=\"padding: 0.5rem 1rem;\" href=\"\/ra-23\/wp-content\/uploads\/sites\/10\/2023\/10\/InformationNoteOnDelegationOfVote-RA23.pdf\" rel=\"noopener noreferrer\">\n        <div class=\"content\">\n            <div class=\"main ituIcnLnk docList\">\n                <i class=\"fal fa-file\"><\/i><span>pdf<\/span>Information note on the delegation of voting rights at the Radiocommunication Assembly (RA-23)            <\/div>\n        <\/div>\n    <\/a>\n            <\/div>\n            <\/section>\n\n\n<div class=\"ituContainer\">\n<blockquote class=\"wp-block-quote is-layout-flow wp-block-quote-is-layout-flow\"><div class=\"ituContainer\">\n<p class=\"wp-block-paragraph\">1&nbsp;&nbsp;&nbsp;&nbsp;&nbsp;&nbsp;&nbsp;&nbsp;&nbsp;&nbsp;&nbsp;&nbsp; Les \u00e9tablissements universitaires comprennent les \u00e9tablissements d&rsquo;enseignement sup\u00e9rieur, les instituts, les universit\u00e9s et les instituts de recherche associ\u00e9s s&rsquo;occupant du d\u00e9veloppement des t\u00e9l\u00e9communications\/TIC.<\/p>\n<\/div><\/blockquote>\n<\/div>","protected":false},"excerpt":{"rendered":"<p>Conform\u00e9ment \u00e0 l&rsquo;article 25 de la&nbsp;Convention de l&rsquo;UIT, sont admis \u00e0 participer \u00e0 l&rsquo;Assembl\u00e9e des radiocommunications de 2023: Enfin, conform\u00e9ment au point 4 du d\u00e9cide de la R\u00e9solution 169 (R\u00e9v. Bucarest, 2022) de la Conf\u00e9rence de pl\u00e9nipotentiaires, les \u00e9tablissements universitaires1 sont \u00e9galement admis \u00e0 participer \u00e0 l&rsquo;AR-23 en qualit\u00e9 d&rsquo;observateurs, \u00e0 titre non consultatif. Conform\u00e9ment [&hellip;]<\/p>\n","protected":false},"author":9,"featured_media":0,"parent":819,"menu_order":3,"comment_status":"closed","ping_status":"closed","template":"obsolete-templates\/page-submenu.php","meta":{"_crdt_document":"","_uag_custom_page_level_css":"","footnotes":""},"folder":[],"class_list":["post-1202","page","type-page","status-publish","hentry"],"uagb_featured_image_src":{"full":false,"thumbnail":false,"medium":false,"medium_large":false,"large":false,"1536x1536":false,"2048x2048":false,"gs-tiny":false,"xl":false,"xxl":false,"xxxl":false,"xxxxl":false,"xxxxxl":false,"gform-image-choice-sm":false,"gform-image-choice-md":false,"gform-image-choice-lg":false},"uagb_author_info":{"display_name":"fhuguet","author_link":"https:\/\/www.itu.int\/ra-23\/fr\/author\/fhuguet\/"},"uagb_comment_info":0,"uagb_excerpt":"Conform\u00e9ment \u00e0 l&rsquo;article 25 de la&nbsp;Convention de l&rsquo;UIT, sont admis \u00e0 participer \u00e0 l&rsquo;Assembl\u00e9e des radiocommunications de 2023: Enfin, conform\u00e9ment au point 4 du d\u00e9cide de la R\u00e9solution 169 (R\u00e9v. Bucarest, 2022) de la Conf\u00e9rence de pl\u00e9nipotentiaires, les \u00e9tablissements universitaires1 sont \u00e9galement admis \u00e0 participer \u00e0 l&rsquo;AR-23 en qualit\u00e9 d&rsquo;observateurs, \u00e0 titre non consultatif. Conform\u00e9ment\u2026","_links":{"self":[{"href":"https:\/\/www.itu.int\/ra-23\/fr\/wp-json\/wp\/v2\/pages\/1202","targetHints":{"allow":["GET"]}}],"collection":[{"href":"https:\/\/www.itu.int\/ra-23\/fr\/wp-json\/wp\/v2\/pages"}],"about":[{"href":"https:\/\/www.itu.int\/ra-23\/fr\/wp-json\/wp\/v2\/types\/page"}],"author":[{"embeddable":true,"href":"https:\/\/www.itu.int\/ra-23\/fr\/wp-json\/wp\/v2\/users\/9"}],"replies":[{"embeddable":true,"href":"https:\/\/www.itu.int\/ra-23\/fr\/wp-json\/wp\/v2\/comments?post=1202"}],"version-history":[{"count":0,"href":"https:\/\/www.itu.int\/ra-23\/fr\/wp-json\/wp\/v2\/pages\/1202\/revisions"}],"up":[{"embeddable":true,"href":"https:\/\/www.itu.int\/ra-23\/fr\/wp-json\/wp\/v2\/pages\/819"}],"wp:attachment":[{"href":"https:\/\/www.itu.int\/ra-23\/fr\/wp-json\/wp\/v2\/media?parent=1202"}],"wp:term":[{"taxonomy":"folder","embeddable":true,"href":"https:\/\/www.itu.int\/ra-23\/fr\/wp-json\/wp\/v2\/folder?post=1202"}],"curies":[{"name":"wp","href":"https:\/\/api.w.org\/{rel}","templated":true}]}}