{"id":841,"date":"2022-11-07T16:09:33","date_gmt":"2022-11-07T16:09:33","guid":{"rendered":"https:\/\/www.itu.int\/ra-23\/participacion\/cartas-circulares\/"},"modified":"2023-11-03T10:06:47","modified_gmt":"2023-11-03T10:06:47","slug":"cartas-circulares","status":"publish","type":"page","link":"https:\/\/www.itu.int\/ra-23\/es\/participacion\/cartas-circulares\/","title":{"rendered":"Cartas circulares"},"content":{"rendered":"    <div class=\"ituContainer grid\">\n        <div data-span=\"12\">\n                            <div class=\"ituContainer\">\n<h2 class=\"wp-block-heading\" id=\"circular-letters\">Cartas circulares<\/h2>\n<\/div>                                <section>\n            <div class=\"ituContainer\" >\n        <h2 className=\"h3\"><\/h2>\n            <\/div>\n\t\t\t\t\n\t                    <div class=\"ituContainer grid mb1\">\n                    <a class=\"ituCard anim\" data-span=\"6\" style=\"padding: 0.5rem 1rem;\" href=\"https:\/\/www.itu.int\/dms_pub\/itu-s\/md\/21\/sg\/cir\/S21-SG-CIR-0049!!PDF-S.pdf\" rel=\"noopener noreferrer\">\n        <div class=\"content\">\n            <div class=\"main ituIcnLnk docList\">\n                <i class=\"fal fa-file\"><\/i><span>pdf<\/span><strong>CL-21\/049 &#8211; Resultados de la consulta acerca de las fechas de la Conferencia Mundial de Radiocomunicaciones (CMR-23) y de la Asamblea de Radiocomunicaciones (AR-23) <\/strong>19\/10\/21            <\/div>\n        <\/div>\n    <\/a>\n            <\/div>\n                    <div class=\"ituContainer grid mb1\">\n                    <a class=\"ituCard anim\" data-span=\"6\" style=\"padding: 0.5rem 1rem;\" href=\"https:\/\/www.itu.int\/dms_pub\/itu-s\/md\/21\/sg\/cir\/S21-SG-CIR-0037!!PDF-S.pdf\" rel=\"noopener noreferrer\">\n        <div class=\"content\">\n            <div class=\"main ituIcnLnk docList\">\n                <i class=\"fal fa-file\"><\/i><span>pdf<\/span><strong>CL-21\/037 &#8211; Consulta a los Estados Miembros acerca de las fechas de la Conferencia Mundial de Radiocomunicaciones (CMR-23) y de la Asamblea de Radiocomunicaciones (AR-23) <\/strong>01\/09\/21            <\/div>\n        <\/div>\n    <\/a>\n            <\/div>\n            <\/section>\n                    <\/div>\n    <\/div>\n\n\n    <div class=\"ituContainer grid\">\n        <div data-span=\"12\">\n                            <div class=\"ituContainer\">\n<h2 class=\"wp-block-heading\" id=\"member-states\">Estados Miembros<\/h2>\n<\/div>                                <section>\n            <div class=\"ituContainer\" >\n        <h2 className=\"h3\"><\/h2>\n            <\/div>\n\t\t\t\t\n\t                    <div class=\"ituContainer grid mb1\">\n                    <a class=\"ituCard anim\" data-span=\"6\" style=\"padding: 0.5rem 1rem;\" href=\"https:\/\/www.itu.int\/dms_pub\/itu-s\/md\/22\/sg\/cir\/S22-SG-CIR-0042!!PDF-S.pdf\" rel=\"noopener noreferrer\">\n        <div class=\"content\">\n            <div class=\"main ituIcnLnk docList\">\n                <i class=\"fal fa-file\"><\/i><span>pdf<\/span><strong>CL-22\/42 &#8211; (\u200bCarta de invitaci\u00f3n a los Estados Miembros para la AR-23\u200b)<\/strong> 25\/11\/22            <\/div>\n        <\/div>\n    <\/a>\n            <\/div>\n                    <div class=\"ituContainer grid mb1\">\n                    <a class=\"ituCard anim\" data-span=\"6\" style=\"padding: 0.5rem 1rem;\" href=\"https:\/\/www.itu.int\/dms_pub\/itu-s\/md\/23\/sg\/cir\/S23-SG-CIR-0038!!PDF-S.pdf\" rel=\"noopener noreferrer\">\n        <div class=\"content\">\n            <div class=\"main ituIcnLnk docList\">\n                <i class=\"fal fa-file\"><\/i><span>pdf<\/span><strong>CL-23\/38 &#8211; Reuni\u00f3n informal de los Jefes de Delegaci\u00f3n, Asamblea de Radiocomunicaciones 2023 (AR-23)<\/strong> 16\/10\/23            <\/div>\n        <\/div>\n    <\/a>\n            <\/div>\n            <\/section>\n                            <div class=\"ituContainer\">\n<h2 class=\"wp-block-heading\" id=\"member-states\">Miembros de Sector<\/h2>\n<\/div>                                <section>\n            <div class=\"ituContainer\" >\n        <h2 className=\"h3\"><\/h2>\n            <\/div>\n\t\t\t\t\n\t                    <div class=\"ituContainer grid mb1\">\n                    <a class=\"ituCard anim\" data-span=\"6\" style=\"padding: 0.5rem 1rem;\" href=\"https:\/\/www.itu.int\/dms_pub\/itu-s\/md\/22\/dm\/cir\/S22-DM-CIR-01013!!PDF-S.pdf\" rel=\"noopener noreferrer\">\n        <div class=\"content\">\n            <div class=\"main ituIcnLnk docList\">\n                <i class=\"fal fa-file\"><\/i><span>pdf<\/span><strong>DM-22\/1013\u00a0 &#8211; (Carta de invitaci\u00f3n a los Miembros de Sector para la AR-23\u200b)<\/strong> 25\/11\/22            <\/div>\n        <\/div>\n    <\/a>\n            <\/div>\n            <\/section>\n                            <div class=\"ituContainer\">\n<h2 class=\"wp-block-heading\" id=\"member-states\">Observadores<\/h2>\n<\/div>                                <section>\n            <div class=\"ituContainer\" >\n        <h2 className=\"h3\"><\/h2>\n            <\/div>\n\t\t\t\t\n\t                    <div class=\"ituContainer grid mb1\">\n                    <a class=\"ituCard anim\" data-span=\"6\" style=\"padding: 0.5rem 1rem;\" href=\"https:\/\/www.itu.int\/dms_pub\/itu-s\/md\/22\/dm\/cir\/S22-DM-CIR-01014!!PDF-S.pdf\" rel=\"noopener noreferrer\">\n        <div class=\"content\">\n            <div class=\"main ituIcnLnk docList\">\n                <i class=\"fal fa-file\"><\/i><span>pdf<\/span><strong>DM-22\/1014\u00a0 &#8211; (Carta de invitaci\u00f3n a los Observadores para la AR-23)<\/strong> 25\/11\/22            <\/div>\n        <\/div>\n    <\/a>\n            <\/div>\n            <\/section>\n                            <div class=\"ituContainer\">\n<h2 class=\"wp-block-heading\" id=\"member-states\">Instituciones Acad\u00e9micas de la UIT<\/h2>\n<\/div>                                <section>\n            <div class=\"ituContainer\" >\n        <h2 className=\"h3\"><\/h2>\n            <\/div>\n\t\t\t\t\n\t                    <div class=\"ituContainer grid mb1\">\n                    <a class=\"ituCard anim\" data-span=\"6\" style=\"padding: 0.5rem 1rem;\" href=\"https:\/\/www.itu.int\/dms_pub\/itu-s\/md\/22\/dm\/cir\/S22-DM-CIR-01015!!PDF-S.pdf\" rel=\"noopener noreferrer\">\n        <div class=\"content\">\n            <div class=\"main ituIcnLnk docList\">\n                <i class=\"fal fa-file\"><\/i><span>pdf<\/span><strong><strong>DM-22\/1015 &#8211; (Carta de invitaci\u00f3n a las Instituciones Acad\u00e9micas de la UIT para la AR-23)<\/strong><\/strong> 25\/11\/22            <\/div>\n        <\/div>\n    <\/a>\n            <\/div>\n            <\/section>\n                            <div class=\"ituContainer\">\n<h2 class=\"wp-block-heading\" id=\"member-states\">Circular Administrativa CACE<\/h2>\n<\/div>                                <section>\n            <div class=\"ituContainer\" >\n        <h2 className=\"h3\"><\/h2>\n            <\/div>\n\t\t\t\t\n\t                    <div class=\"ituContainer grid mb1\">\n                    <a class=\"ituCard anim\" data-span=\"6\" style=\"padding: 0.5rem 1rem;\" href=\"https:\/\/www.itu.int\/dms_pub\/itu-r\/md\/00\/cace\/cir\/R00-CACE-CIR-1058!!PDF-S.pdf\" rel=\"noopener noreferrer\">\n        <div class=\"content\">\n            <div class=\"main ituIcnLnk docList\">\n                <i class=\"fal fa-file\"><\/i><span>pdf<\/span><strong><strong>CACE\/1058 &#8211; (Nombramiento de Presidentes y Vicepresidentes de las Comisiones de Estudio del UIT-R, del Comit\u00e9 de Coordinaci\u00f3n de Vocabulario, de la Reuni\u00f3n Preparatoria de la Conferencia y del Grupo Asesor de Radiocomunicaciones)<\/strong><\/strong> 18\/04\/23            <\/div>\n        <\/div>\n    <\/a>\n            <\/div>\n                    <div class=\"ituContainer grid mb1\">\n                    <a class=\"ituCard anim\" data-span=\"6\" style=\"padding: 0.5rem 1rem;\" href=\"https:\/\/www.itu.int\/dms_pub\/itu-r\/md\/00\/cace\/cir\/R00-CACE-CIR-1050!!PDF-S.pdf\" rel=\"noopener noreferrer\">\n        <div class=\"content\">\n            <div class=\"main ituIcnLnk docList\">\n                <i class=\"fal fa-file\"><\/i><span>pdf<\/span><strong><strong>CACE\/1050 &#8211; (Trabajos preparatorios para la Asamblea de Radiocomunicaciones)<\/strong><\/strong> 10\/02\/23            <\/div>\n        <\/div>\n    <\/a>\n            <\/div>\n            <\/section>\n                    <\/div>\n    <\/div>\n","protected":false},"excerpt":{"rendered":"","protected":false},"author":5,"featured_media":0,"parent":840,"menu_order":1,"comment_status":"closed","ping_status":"closed","template":"obsolete-templates\/page-submenu.php","meta":{"_crdt_document":"","_uag_custom_page_level_css":"","footnotes":""},"folder":[],"class_list":["post-841","page","type-page","status-publish","hentry"],"uagb_featured_image_src":{"full":false,"thumbnail":false,"medium":false,"medium_large":false,"large":false,"1536x1536":false,"2048x2048":false,"gs-tiny":false,"xl":false,"xxl":false,"xxxl":false,"xxxxl":false,"xxxxxl":false,"gform-image-choice-sm":false,"gform-image-choice-md":false,"gform-image-choice-lg":false},"uagb_author_info":{"display_name":"mgaillard","author_link":"https:\/\/www.itu.int\/ra-23\/es\/author\/mgaillard\/"},"uagb_comment_info":0,"uagb_excerpt":null,"_links":{"self":[{"href":"https:\/\/www.itu.int\/ra-23\/es\/wp-json\/wp\/v2\/pages\/841","targetHints":{"allow":["GET"]}}],"collection":[{"href":"https:\/\/www.itu.int\/ra-23\/es\/wp-json\/wp\/v2\/pages"}],"about":[{"href":"https:\/\/www.itu.int\/ra-23\/es\/wp-json\/wp\/v2\/types\/page"}],"author":[{"embeddable":true,"href":"https:\/\/www.itu.int\/ra-23\/es\/wp-json\/wp\/v2\/users\/5"}],"replies":[{"embeddable":true,"href":"https:\/\/www.itu.int\/ra-23\/es\/wp-json\/wp\/v2\/comments?post=841"}],"version-history":[{"count":0,"href":"https:\/\/www.itu.int\/ra-23\/es\/wp-json\/wp\/v2\/pages\/841\/revisions"}],"up":[{"embeddable":true,"href":"https:\/\/www.itu.int\/ra-23\/es\/wp-json\/wp\/v2\/pages\/840"}],"wp:attachment":[{"href":"https:\/\/www.itu.int\/ra-23\/es\/wp-json\/wp\/v2\/media?parent=841"}],"wp:term":[{"taxonomy":"folder","embeddable":true,"href":"https:\/\/www.itu.int\/ra-23\/es\/wp-json\/wp\/v2\/folder?post=841"}],"curies":[{"name":"wp","href":"https:\/\/api.w.org\/{rel}","templated":true}]}}