{"id":1192,"date":"2023-03-07T09:51:54","date_gmt":"2023-03-07T09:51:54","guid":{"rendered":"https:\/\/www.itu.int\/ra-23\/visa\/"},"modified":"2023-04-24T06:45:50","modified_gmt":"2023-04-24T06:45:50","slug":"visa","status":"publish","type":"page","link":"https:\/\/www.itu.int\/ra-23\/es\/visa\/","title":{"rendered":"Visa"},"content":{"rendered":"<div class=\"ituContainer\">\n<p class=\"wp-block-paragraph\">Tenga presente que los visados para viajar a Emiratos \u00c1rabes Unidos (EAU) no pueden obtenerse a trav\u00e9s de la Secretar\u00eda de la UIT.<\/p>\n<\/div>\n\n<div class=\"ituContainer\">\n<p class=\"wp-block-paragraph\">Deber\u00e1 confirmar su inscripci\u00f3n en la solicitud de visado que presente directamente a las autoridades de los Emiratos \u00c1rabes Unidos. <br><a rel=\"noreferrer noopener\" href=\"https:\/\/dubaiwrc23.ae\/home\" target=\"_blank\">El sitio web del pa\u00eds anfitri\u00f3n<\/a> contendr\u00e1 informaci\u00f3n m\u00e1s detallada sobre viajar a los Emiratos \u00c1rabes Unidos. <\/p>\n<\/div>\n\n<div class=\"ituContainer\">\n<p class=\"wp-block-paragraph\">M\u00e1s informaci\u00f3n sobre la obtenci\u00f3n de\u00a0<a href=\"https:\/\/eur03.safelinks.protection.outlook.com\/?url=https%3A%2F%2Fu.ae%2Fen%2Finformation-and-services%2Fvisa-and-emirates-id%2Fdo-you-need-an-entry-permit-or-a-visa-to-enter-the-uae&amp;data=05%7C01%7Cmichel.gaillard%40itu.int%7Cc0f1ea3ed7b94d97bf3508db1a355054%7C23e464d704e64b87913c24bd89219fd3%7C0%7C0%7C638132588496891408%7CUnknown%7CTWFpbGZsb3d8eyJWIjoiMC4wLjAwMDAiLCJQIjoiV2luMzIiLCJBTiI6Ik1haWwiLCJXVCI6Mn0%3D%7C3000%7C%7C%7C&amp;sdata=seNDjoYzeqekoNdvUe2ocsZ3O4XE1538%2BrPifgtucHA%3D&amp;reserved=0\">autorizaci\u00f3n\/visado para entrar en EAU<\/a><\/p>\n<\/div>","protected":false},"excerpt":{"rendered":"<p>Tenga presente que los visados para viajar a Emiratos \u00c1rabes Unidos (EAU) no pueden obtenerse a trav\u00e9s de la Secretar\u00eda de la UIT. Deber\u00e1 confirmar su inscripci\u00f3n en la solicitud de visado que presente directamente a las autoridades de los Emiratos \u00c1rabes Unidos. El sitio web del pa\u00eds anfitri\u00f3n contendr\u00e1 informaci\u00f3n m\u00e1s detallada sobre viajar [&hellip;]<\/p>\n","protected":false},"author":5,"featured_media":0,"parent":0,"menu_order":0,"comment_status":"closed","ping_status":"closed","template":"page-banner-blue.php","meta":{"_crdt_document":"","_uag_custom_page_level_css":"","footnotes":""},"folder":[],"class_list":["post-1192","page","type-page","status-publish","hentry"],"uagb_featured_image_src":{"full":false,"thumbnail":false,"medium":false,"medium_large":false,"large":false,"1536x1536":false,"2048x2048":false,"gs-tiny":false,"xl":false,"xxl":false,"xxxl":false,"xxxxl":false,"xxxxxl":false,"gform-image-choice-sm":false,"gform-image-choice-md":false,"gform-image-choice-lg":false},"uagb_author_info":{"display_name":"mgaillard","author_link":"https:\/\/www.itu.int\/ra-23\/es\/author\/mgaillard\/"},"uagb_comment_info":0,"uagb_excerpt":"Tenga presente que los visados para viajar a Emiratos \u00c1rabes Unidos (EAU) no pueden obtenerse a trav\u00e9s de la Secretar\u00eda de la UIT. Deber\u00e1 confirmar su inscripci\u00f3n en la solicitud de visado que presente directamente a las autoridades de los Emiratos \u00c1rabes Unidos. El sitio web del pa\u00eds anfitri\u00f3n contendr\u00e1 informaci\u00f3n m\u00e1s detallada sobre viajar&hellip;","_links":{"self":[{"href":"https:\/\/www.itu.int\/ra-23\/es\/wp-json\/wp\/v2\/pages\/1192","targetHints":{"allow":["GET"]}}],"collection":[{"href":"https:\/\/www.itu.int\/ra-23\/es\/wp-json\/wp\/v2\/pages"}],"about":[{"href":"https:\/\/www.itu.int\/ra-23\/es\/wp-json\/wp\/v2\/types\/page"}],"author":[{"embeddable":true,"href":"https:\/\/www.itu.int\/ra-23\/es\/wp-json\/wp\/v2\/users\/5"}],"replies":[{"embeddable":true,"href":"https:\/\/www.itu.int\/ra-23\/es\/wp-json\/wp\/v2\/comments?post=1192"}],"version-history":[{"count":0,"href":"https:\/\/www.itu.int\/ra-23\/es\/wp-json\/wp\/v2\/pages\/1192\/revisions"}],"wp:attachment":[{"href":"https:\/\/www.itu.int\/ra-23\/es\/wp-json\/wp\/v2\/media?parent=1192"}],"wp:term":[{"taxonomy":"folder","embeddable":true,"href":"https:\/\/www.itu.int\/ra-23\/es\/wp-json\/wp\/v2\/folder?post=1192"}],"curies":[{"name":"wp","href":"https:\/\/api.w.org\/{rel}","templated":true}]}}