{"id":48,"date":"2025-10-07T05:34:11","date_gmt":"2025-10-07T05:34:11","guid":{"rendered":"https:\/\/www.itu.int\/osg\/year-in-review-2025\/?page_id=48"},"modified":"2025-12-18T11:32:53","modified_gmt":"2025-12-18T11:32:53","slug":"june","status":"publish","type":"page","link":"https:\/\/www.itu.int\/osg\/year-in-review-2025\/june\/","title":{"rendered":"June"},"content":{"rendered":"    <div class=\"ituContainer grid\">\n        <div data-span=\"12\">\n                            <div class=\"ituContainer\">\n<div class=\"wp-block-columns is-layout-flex wp-container-core-columns-is-layout-9d6595d7 wp-block-columns-is-layout-flex\"><div class=\"ituContainer\">\n<div class=\"wp-block-column is-layout-flow wp-block-column-is-layout-flow\"><div class=\"ituContainer\">\n<p class=\"has-text-align-left has-medium-font-size\"><a href=\"https:\/\/www.itu.int\/osg\/year-in-review-2025\/monthly-highlights\/may\/\">Previous month<\/a><\/p>\n<\/div><\/div>\n<\/div>\n\n<div class=\"ituContainer\">\n<div class=\"wp-block-column is-layout-flow wp-block-column-is-layout-flow\"><div class=\"ituContainer\">\n<p class=\"has-text-align-center has-medium-font-size\"><a href=\"https:\/\/www.itu.int\/osg\/year-in-review-2025\/\">Return to home<\/a><\/p>\n<\/div><\/div>\n<\/div>\n\n<div class=\"ituContainer\">\n<div class=\"wp-block-column is-layout-flow wp-block-column-is-layout-flow\"><div class=\"ituContainer\">\n<p class=\"has-text-align-right has-medium-font-size\"><a href=\"https:\/\/www.itu.int\/osg\/year-in-review-2025\/monthly-highlights\/july\/\">Next month<\/a><\/p>\n<\/div><\/div>\n<\/div><\/div>\n<\/div>                            <div class=\"ituContainer\">\n<h2 class=\"wp-block-heading\"><strong>Transformative connections<\/strong><\/h2>\n<\/div>                            <div class=\"ituContainer\">\n<div class=\"wp-block-columns is-layout-flex wp-container-core-columns-is-layout-9d6595d7 wp-block-columns-is-layout-flex\"><div class=\"ituContainer\">\n<div class=\"wp-block-column is-layout-flow wp-block-column-is-layout-flow\"><div class=\"ituContainer\">\n<p class=\"has-medium-font-size\">We inaugurated the <strong>Giga Connectivity Centre <\/strong>in Geneva as our headquarters for the joint ITU\/UNICEF Giga initiative, which supports governments with the aim of connecting every school to the Internet, and home to the Giga Learning Hub, delivering specialized <a href=\"https:\/\/academy.itu.int\/\" rel=\"noopener\">ITU Academy<\/a> training programmes.\u00a0<\/p>\n<\/div>\n\n<div class=\"ituContainer\">\n<p class=\"has-medium-font-size\">The latest <strong><em>ICT Development Index<\/em> <\/strong>enables benchmarking over time and across countries, regions and income groups, helping to monitor progress, set priorities, and enhance accountability. Our new <em><strong>Greening Digital Companies<\/strong><\/em> study, meanwhile, captured key trends in greenhouse gas emissions and climate commitments across the sector.<\/p>\n<\/div>\n\n<div class=\"ituContainer\">\n<p class=\"has-medium-font-size\"><strong>UN Virtual Worlds Day<\/strong> served as a global call-to-action to leverage the AI-powered platforms to accelerate social progress. During <strong>UN 2.0 Week<\/strong>, we showcased our own AI-driven ITU transformation journey.<\/p>\n<\/div>\n\n<div class=\"ituContainer\">\n<p class=\"has-medium-font-size\">At the UN&#8217;s Fourth International Conference on Financing for Development, we promoted digital infrastructure as a priority in the <strong>Seville Commitment<\/strong> on development finance. Together with UN Trade and Development (UNCTAD), we launched the <strong>Digital Infrastructure Investment Catalyser<\/strong> to connect investors with high-impact projects and help unlock the billions needed to open the digital future for all.<\/p>\n<\/div><\/div>\n<\/div>\n\n<div class=\"ituContainer\">\n<div class=\"wp-block-column is-layout-flow wp-block-column-is-layout-flow\"><div class=\"ituContainer\">\n<figure class=\"wp-block-image size-full is-resized\"><img loading=\"lazy\" decoding=\"async\" width=\"600\" height=\"600\" src=\"http:\/\/www.itu.int\/osg\/year-in-review-2025\/wp-content\/uploads\/sites\/5\/2025\/12\/June_Giga.png\" alt=\"Giga centre\" class=\"wp-image-475\" style=\"width:150px\" srcset=\"https:\/\/www.itu.int\/osg\/year-in-review-2025\/wp-content\/uploads\/sites\/5\/2025\/12\/June_Giga.png 600w, https:\/\/www.itu.int\/osg\/year-in-review-2025\/wp-content\/uploads\/sites\/5\/2025\/12\/June_Giga-300x300.png 300w, https:\/\/www.itu.int\/osg\/year-in-review-2025\/wp-content\/uploads\/sites\/5\/2025\/12\/June_Giga-150x150.png 150w\" sizes=\"auto, (max-width: 600px) 100vw, 600px\" \/><\/figure>\n<\/div>\n\n<div class=\"ituContainer\">\n<div class=\"wp-block-cover\" style=\"min-height:350px;aspect-ratio:unset;\"><img loading=\"lazy\" decoding=\"async\" width=\"833\" height=\"469\" class=\"wp-block-cover__image-background wp-image-389\" alt=\"background\" src=\"http:\/\/www.itu.int\/osg\/year-in-review-2025\/wp-content\/uploads\/sites\/5\/2025\/12\/numberbackground.jpg\" data-object-fit=\"cover\" srcset=\"https:\/\/www.itu.int\/osg\/year-in-review-2025\/wp-content\/uploads\/sites\/5\/2025\/12\/numberbackground.jpg 833w, https:\/\/www.itu.int\/osg\/year-in-review-2025\/wp-content\/uploads\/sites\/5\/2025\/12\/numberbackground-300x169.jpg 300w, https:\/\/www.itu.int\/osg\/year-in-review-2025\/wp-content\/uploads\/sites\/5\/2025\/12\/numberbackground-768x432.jpg 768w\" sizes=\"auto, (max-width: 833px) 100vw, 833px\" \/><span aria-hidden=\"true\" class=\"wp-block-cover__background has-background-dim-100 has-background-dim\" style=\"background-color:#0083b3\"><\/span><div class=\"wp-block-cover__inner-container is-layout-flow wp-block-cover-is-layout-flow\"><div class=\"ituContainer\">\n<p class=\"has-text-align-center has-x-large-font-size\"><strong>47 governments<\/strong><\/p>\n<\/div>\n\n<div class=\"ituContainer\">\n<p class=\"has-text-align-center\" style=\"font-size:24px\">supported in improving<\/p>\n<\/div>\n\n<div class=\"ituContainer\">\n<p class=\"has-text-align-center\" style=\"font-size:30px\"><strong>school Internet access<\/strong><\/p>\n<\/div>\n\n<div class=\"ituContainer\">\n<p class=\"has-text-align-center has-medium-font-size\">through the ITU\/UNICEF Giga initiative<\/p>\n<\/div><\/div><\/div>\n<\/div><\/div>\n<\/div><\/div>\n<\/div>                    <\/div>\n    <\/div>\n\n\n    <div class=\"ituContainer grid\">\n        <div data-span=\"12\">\n                            <div class=\"ituContainer\">\n<div class=\"wp-block-columns is-layout-flex wp-container-core-columns-is-layout-9d6595d7 wp-block-columns-is-layout-flex\"><div class=\"ituContainer\">\n<div class=\"wp-block-column is-layout-flow wp-block-column-is-layout-flow\"><div class=\"ituContainer\">\n<figure class=\"wp-block-image size-full is-resized\"><img loading=\"lazy\" decoding=\"async\" width=\"610\" height=\"345\" src=\"http:\/\/www.itu.int\/osg\/year-in-review-2025\/wp-content\/uploads\/sites\/5\/2025\/12\/June_VirtualDay_54584400291_a5c62277f7_k.jpg\" alt=\"Virtual Day summit\" class=\"wp-image-413\" style=\"width:610px\" srcset=\"https:\/\/www.itu.int\/osg\/year-in-review-2025\/wp-content\/uploads\/sites\/5\/2025\/12\/June_VirtualDay_54584400291_a5c62277f7_k.jpg 610w, https:\/\/www.itu.int\/osg\/year-in-review-2025\/wp-content\/uploads\/sites\/5\/2025\/12\/June_VirtualDay_54584400291_a5c62277f7_k-300x170.jpg 300w\" sizes=\"auto, (max-width: 610px) 100vw, 610px\" \/><figcaption class=\"wp-element-caption\"><em>Virtual worlds promise real-world benefits to humanity.<\/em><\/figcaption><\/figure>\n<\/div><\/div>\n<\/div>\n\n<div class=\"ituContainer\">\n<div class=\"wp-block-column is-layout-flow wp-block-column-is-layout-flow\"><div class=\"ituContainer\">\n<figure class=\"wp-block-image size-full is-resized\"><img loading=\"lazy\" decoding=\"async\" width=\"610\" height=\"345\" src=\"http:\/\/www.itu.int\/osg\/year-in-review-2025\/wp-content\/uploads\/sites\/5\/2025\/12\/June_ConnectivityCentre-ITU-1018.jpg\" alt=\"Giga Connectivity Centre\" class=\"wp-image-458\" style=\"width:610px\" srcset=\"https:\/\/www.itu.int\/osg\/year-in-review-2025\/wp-content\/uploads\/sites\/5\/2025\/12\/June_ConnectivityCentre-ITU-1018.jpg 610w, https:\/\/www.itu.int\/osg\/year-in-review-2025\/wp-content\/uploads\/sites\/5\/2025\/12\/June_ConnectivityCentre-ITU-1018-300x170.jpg 300w\" sizes=\"auto, (max-width: 610px) 100vw, 610px\" \/><figcaption class=\"wp-element-caption\"><em>At the opening of the new Giga Connectivity Centre (from left to right): J\u00fcrg Lauber, Permanent Representative of Switzerland; Marcos G\u00f3mez Mart\u00ednez, Permanent Representative of Spain; Carla Haddad Mardini, Director, Private Fundraising and Partnerships, UNICEF; ITU Secretary-General Doreen Bogdan-Martin; Chris Fabien, Giga Co-Lead, UNICEF; Cosmas Luckyson Zavazava, Director of ITU\u2019s Telecommunication Development Bureau; and Seizo Onoe, Director of ITU\u2019s Telecommunication Standardization Bureau<\/em><\/figcaption><\/figure>\n<\/div><\/div>\n<\/div><\/div>\n<\/div>                            <div class=\"ituContainer\">\n<div class=\"wp-block-columns is-layout-flex wp-container-core-columns-is-layout-9d6595d7 wp-block-columns-is-layout-flex\"><div class=\"ituContainer\">\n<div class=\"wp-block-column is-layout-flow wp-block-column-is-layout-flow\"><div class=\"ituContainer\">\n<p class=\"has-text-align-left has-medium-font-size\"><a href=\"https:\/\/www.itu.int\/osg\/year-in-review-2025\/monthly-highlights\/may\/\">Previous month<\/a><\/p>\n<\/div><\/div>\n<\/div>\n\n<div class=\"ituContainer\">\n<div class=\"wp-block-column is-layout-flow wp-block-column-is-layout-flow\"><div class=\"ituContainer\">\n<p class=\"has-text-align-center has-medium-font-size\"><a href=\"https:\/\/www.itu.int\/osg\/year-in-review-2025\/\">Return to home<\/a><\/p>\n<\/div><\/div>\n<\/div>\n\n<div class=\"ituContainer\">\n<div class=\"wp-block-column is-layout-flow wp-block-column-is-layout-flow\"><div class=\"ituContainer\">\n<p class=\"has-text-align-right has-medium-font-size\"><a href=\"https:\/\/www.itu.int\/osg\/year-in-review-2025\/monthly-highlights\/july\/\">Next month<\/a><\/p>\n<\/div><\/div>\n<\/div><\/div>\n<\/div>                            <div class=\"ituContainer\">\n<div style=\"height:50px\" aria-hidden=\"true\" class=\"wp-block-spacer\"><\/div>\n<\/div>                    <\/div>\n    <\/div>\n\n\n    <div class=\"ituContainer grid\">\n        <div data-span=\"12\">\n                            <div class=\"ituContainer\">\n<h2 class=\"wp-block-heading\"><strong>Events<\/strong><\/h2>\n<\/div>                            <div class=\"ituContainer\">\n<ul class=\"wp-block-list\"><div class=\"ituContainer\">\n<li><a href=\"https:\/\/www.itu.int\/un-virtual-worlds-day\/2025\/\" target=\"_blank\" rel=\"noreferrer noopener\">UN Virtual Worlds Day 2025, Turin, Italy<\/a><\/li>\n<\/div>\n\n<div class=\"ituContainer\">\n<li><a href=\"https:\/\/gigaphotofestival.global\/gallery\" target=\"_blank\" rel=\"noreferrer noopener\">Giga Photo Exhibition: \u201cThe joy of connection\u201d&nbsp;\u2014 Awards ceremony and exhibit walk in Parc des Bastions, Geneva, Switzerland.&nbsp;Explore the winning entries<\/a><\/li>\n<\/div>\n\n<div class=\"ituContainer\">\n<li><a href=\"https:\/\/aiforgood.itu.int\/event\/rewiring-for-impact-itus-ai-driven-transformation-journey\/\" target=\"_blank\" rel=\"noreferrer noopener\">UN 2.0 Week side event:&nbsp;ITU\u2019s AI-Driven Transformation Journey<\/a><\/li>\n<\/div><\/ul>\n<\/div>                            <div class=\"ituContainer\">\n<h2 class=\"wp-block-heading\"><strong>Publications<\/strong><\/h2>\n<\/div>                            <div class=\"ituContainer\">\n<ul class=\"wp-block-list\"><div class=\"ituContainer\">\n<li><a href=\"https:\/\/www.itu.int\/hub\/publication\/r-rep-p-2553-2025\/\" target=\"_blank\" rel=\"noreferrer noopener\">Measurements of radio frequency characteristics of building materials<\/a><\/li>\n<\/div>\n\n<div class=\"ituContainer\">\n<li><a href=\"https:\/\/www.itu.int\/hub\/publication\/d-gdc-clim-2025\/\" target=\"_blank\" rel=\"noreferrer noopener\">Greening Digital Companies 2025: Monitoring Emissions and Climate Commitments<\/a><\/li>\n<\/div>\n\n<div class=\"ituContainer\">\n<li><a href=\"https:\/\/www.broadbandcommission.org\/publication\/state-of-broadband-2025\/advocacy-targets\/\" target=\"_blank\" rel=\"noreferrer noopener\">The State of Broadband Advocacy Targets<\/a><\/li>\n<\/div>\n\n<div class=\"ituContainer\">\n<li><a href=\"https:\/\/www.itu.int\/itu-d\/reports\/statistics\/idi2025\/\" target=\"_blank\" rel=\"noreferrer noopener\">Measuring digital development ICT Development Index 2025<\/a><\/li>\n<\/div><\/ul>\n<\/div>                            <div class=\"ituContainer\">\n<h2 class=\"wp-block-heading\">Key announcements<\/h2>\n<\/div>                            <div class=\"ituContainer\">\n<ul class=\"wp-block-list\"><div class=\"ituContainer\">\n<li><a href=\"https:\/\/www.itu.int\/en\/mediacentre\/Pages\/PR-2025-06-05-greening-digital-companies-report.aspx\" target=\"_blank\" rel=\"noreferrer noopener\">Tech sector emissions, energy use grow with rise of AI<\/a><\/li>\n<\/div>\n\n<div class=\"ituContainer\">\n<li><a href=\"https:\/\/www.itu.int\/en\/mediacentre\/Pages\/PR-2025-06-12-un-virtual-worlds-day.aspx\" target=\"_blank\" rel=\"noreferrer noopener\">United Nations launches global call-to-action to accelerate social progress through AI-powered virtual worlds<\/a><\/li>\n<\/div>\n\n<div class=\"ituContainer\">\n<li><a href=\"https:\/\/www.itu.int\/en\/mediacentre\/Pages\/PR-2025-06-25-Giga-Connectivity-Centre.aspx\" target=\"_blank\" rel=\"noreferrer noopener\">Geneva becomes global hub for school connectivity with inauguration of Giga Connectivity Centre<\/a><\/li>\n<\/div><\/ul>\n<\/div>                    <\/div>\n    <\/div>\n\n\n    <div class=\"ituContainer grid\">\n        <div data-span=\"12\">\n                            <div class=\"ituContainer\">\n<h2 class=\"wp-block-heading\">News stories<\/h2>\n<\/div>                                <section>\n        <div class=\"ituContainer grid fullWidthCards\">\n            \n                                            \n<a class=\"ituCard anim event-overflow\" data-span=\"4\" href=\"               https:\/\/www.itu.int\/hub\/2025\/06\/standards-to-reduce-emissions-and-drive-environmental-action\/                                \" target=_blank>\n<img decoding=\"async\" src=\"http:\/\/www.itu.int\/osg\/year-in-review-2025\/wp-content\/uploads\/sites\/5\/2025\/10\/June_GITEX-Berlin_54547680072_8a286f9579_k.jpg\" alt=\"\" \/>\n<div class=\"content\">\n          <div class=\"main\">\n                                <p class=\"label\">News<\/p>\n                                                <p class=\"title\">Standards to reduce emissions and drive environmental action<\/p>\n                          <\/div>\n          <div class=\"addInfo\">\n                          <p class=\"\">2 Jun 2025<\/p>\n                                          <\/div>\n        <\/div>\n      <\/a>\n \n      \n  \n\n                                            \n<a class=\"ituCard anim event-overflow\" data-span=\"4\" href=\"               https:\/\/www.itu.int\/hub\/2025\/06\/in-a-fast-moving-world-refugees-cant-afford-to-be-unconnected\/                                \" target=_blank>\n<img decoding=\"async\" src=\"http:\/\/www.itu.int\/osg\/year-in-review-2025\/wp-content\/uploads\/sites\/5\/2025\/10\/June_BDT_RefugeeCamp-Jordan-ITU.jpg\" alt=\"\" \/>\n<div class=\"content\">\n          <div class=\"main\">\n                                <p class=\"label\">News<\/p>\n                                                <p class=\"title\">In a fast-moving world, refugees can\u2019t afford to be unconnected<\/p>\n                          <\/div>\n          <div class=\"addInfo\">\n                          <p class=\"\">20 Jun 2025<\/p>\n                                          <\/div>\n        <\/div>\n      <\/a>\n \n      \n  \n\n                                            \n<a class=\"ituCard anim event-overflow\" data-span=\"4\" href=\"               https:\/\/www.itu.int\/hub\/2025\/06\/keeping-seafarers-safe-and-connected-at-sea\/                                \" target=_blank>\n<img decoding=\"async\" src=\"http:\/\/www.itu.int\/osg\/year-in-review-2025\/wp-content\/uploads\/sites\/5\/2025\/10\/June_Seafarers_AdobeStock_1142575371.jpg\" alt=\"\" \/>\n<div class=\"content\">\n          <div class=\"main\">\n                                <p class=\"label\">News<\/p>\n                                                <p class=\"title\">Keeping seafarers safe and connected at sea<\/p>\n                          <\/div>\n          <div class=\"addInfo\">\n                          <p class=\"\">25 Jun 2025<\/p>\n                                          <\/div>\n        <\/div>\n      <\/a>\n \n      \n  \n\n                    <\/div>\n    <\/section>\n                    <\/div>\n    <\/div>\n\n\n    <div class=\"ituContainer grid\">\n        <div data-span=\"12\">\n                            <div class=\"ituContainer\">\n<h2 class=\"wp-block-heading\">Videos and podcasts<\/h2>\n<\/div>                            <div class=\"ituContainer\">\n<div class=\"wp-block-columns is-layout-flex wp-container-core-columns-is-layout-9d6595d7 wp-block-columns-is-layout-flex\"><div class=\"ituContainer\">\n<div class=\"wp-block-column is-layout-flow wp-block-column-is-layout-flow\"><div class=\"ituContainer\">\n<figure class=\"wp-block-embed is-type-video is-provider-youtube wp-block-embed-youtube wp-embed-aspect-16-9 wp-has-aspect-ratio\"><div class=\"wp-block-embed__wrapper\">\n<iframe loading=\"lazy\" title=\"ITU Tech Monthly | All you ever wanted to know about GeoAI\" width=\"500\" height=\"281\" src=\"https:\/\/www.youtube.com\/embed\/QR2oj7RNi1g?list=PLpoIPNlF8P2PpPLhdiF3QluEhMUtbxiSo\" frameborder=\"0\" allow=\"accelerometer; autoplay; clipboard-write; encrypted-media; gyroscope; picture-in-picture; web-share\" referrerpolicy=\"strict-origin-when-cross-origin\" allowfullscreen><\/iframe>\n<\/div><\/figure>\n<\/div>\n\n<div class=\"ituContainer\">\n<h4 class=\"wp-block-heading\">All you ever wanted to know about GeoAI<\/h4>\n<\/div><\/div>\n<\/div>\n\n<div class=\"ituContainer\">\n<div class=\"wp-block-column is-layout-flow wp-block-column-is-layout-flow\"><div class=\"ituContainer\">\n<figure class=\"wp-block-embed is-type-video is-provider-youtube wp-block-embed-youtube wp-embed-aspect-16-9 wp-has-aspect-ratio\"><div class=\"wp-block-embed__wrapper\">\n<iframe loading=\"lazy\" title=\"ITU Technologized: WTPF-26 | Building a More Inclusive, Sustainable, and Innovative Digital Future\" width=\"500\" height=\"281\" src=\"https:\/\/www.youtube.com\/embed\/aXhwTxdNNjM?feature=oembed\" frameborder=\"0\" allow=\"accelerometer; autoplay; clipboard-write; encrypted-media; gyroscope; picture-in-picture; web-share\" referrerpolicy=\"strict-origin-when-cross-origin\" allowfullscreen><\/iframe>\n<\/div><\/figure>\n<\/div>\n\n<div class=\"ituContainer\">\n<h4 class=\"wp-block-heading\">Building a More Inclusive, Sustainable, and Innovative Digital Future<\/h4>\n<\/div><\/div>\n<\/div>\n\n<div class=\"ituContainer\">\n<div class=\"wp-block-column is-layout-flow wp-block-column-is-layout-flow\"><\/div>\n<\/div><\/div>\n<\/div>                    <\/div>\n    <\/div>\n","protected":false},"excerpt":{"rendered":"","protected":false},"author":3,"featured_media":0,"parent":0,"menu_order":6,"comment_status":"closed","ping_status":"closed","template":"","meta":{"footnotes":""},"class_list":["post-48","page","type-page","status-publish","hentry"],"_links":{"self":[{"href":"https:\/\/www.itu.int\/osg\/year-in-review-2025\/wp-json\/wp\/v2\/pages\/48","targetHints":{"allow":["GET"]}}],"collection":[{"href":"https:\/\/www.itu.int\/osg\/year-in-review-2025\/wp-json\/wp\/v2\/pages"}],"about":[{"href":"https:\/\/www.itu.int\/osg\/year-in-review-2025\/wp-json\/wp\/v2\/types\/page"}],"author":[{"embeddable":true,"href":"https:\/\/www.itu.int\/osg\/year-in-review-2025\/wp-json\/wp\/v2\/users\/3"}],"replies":[{"embeddable":true,"href":"https:\/\/www.itu.int\/osg\/year-in-review-2025\/wp-json\/wp\/v2\/comments?post=48"}],"version-history":[{"count":0,"href":"https:\/\/www.itu.int\/osg\/year-in-review-2025\/wp-json\/wp\/v2\/pages\/48\/revisions"}],"wp:attachment":[{"href":"https:\/\/www.itu.int\/osg\/year-in-review-2025\/wp-json\/wp\/v2\/media?parent=48"}],"curies":[{"name":"wp","href":"https:\/\/api.w.org\/{rel}","templated":true}]}}