{"id":302,"date":"2022-10-13T06:52:34","date_gmt":"2022-10-13T06:52:34","guid":{"rendered":"https:\/\/www.itu.int\/now4wrc23\/mentoring-programme\/"},"modified":"2024-02-23T10:06:40","modified_gmt":"2024-02-23T10:06:40","slug":"mentoring-programme","status":"publish","type":"page","link":"https:\/\/www.itu.int\/now4wrc23\/fr\/mentoring-programme\/","title":{"rendered":"Programme de mentorat"},"content":{"rendered":"    <div class=\"ituContainer grid\">\n        <div data-span=\"12\">\n                    <\/div>\n    <\/div>\n\n\n<div class=\"ituContainer\">\n<h2 class=\"wp-block-heading\" id=\"en-quoi-consiste-le-programme-de-mentorat-de-l-initiative-now4wrc23\">En quoi consiste le programme de mentorat de l&rsquo;initiative NOW4WRC23?<\/h2>\n<\/div>\n\n<div class=\"ituContainer\">\n<p class=\"wp-block-paragraph\">Le programme de mentorat rel\u00e8ve de l&rsquo;initiative plus large qu&rsquo;est le r\u00e9seau NOW4WRC23, lequel a pour but d&rsquo;offrir aux femmes un cadre dynamique d&rsquo;\u00e9change de connaissances, d&rsquo;\u00e9tablissement de contacts et de mentorat au sein du Secteur des radiocommunications de l&rsquo;UIT (UIT-R). Ses trois objectifs principaux sont les suivants:<\/p>\n<\/div>\n\n<div class=\"ituContainer\">\n<ul class=\"wp-block-list\"><div class=\"ituContainer\">\n<li>promouvoir une repr\u00e9sentation \u00e9quilibr\u00e9e des hommes et des femmes au sein des d\u00e9l\u00e9gations; <\/li>\n<\/div>\n\n<div class=\"ituContainer\">\n<li>pr\u00e9parer des d\u00e9l\u00e9gu\u00e9es \u00e0 exercer des fonctions cl\u00e9s \u00e0 la CMR-23;<\/li>\n<\/div>\n\n<div class=\"ituContainer\">\n<li>renforcer le nombre et la participation de la communaut\u00e9 des femmes de l&rsquo;UIT \u00e0 la Conf\u00e9rence.Pourquoi devrais-je prendre part \u00e0 cette initiative ?<\/li>\n<\/div><\/ul>\n<\/div>\n\n<div class=\"ituContainer\">\n<p class=\"wp-block-paragraph\">Cette initiative a pour but de commencer au plus t\u00f4t \u00e0 renforcer les capacit\u00e9s dans le cadre des activit\u00e9s de pr\u00e9paration en vue de la Conf\u00e9rence mondiale des radiocommunications (CMR-23). Elle vise \u00e0 accro\u00eetre le nombre de femmes exer\u00e7ant des fonctions cl\u00e9s dans le cadre des travaux des commissions d&rsquo;\u00e9tudes de l&rsquo;UIT-R et de leurs groupes de travail en vue de la CMR-23, ainsi que dans l activit\u00e9s des organisations r\u00e9gionales de t\u00e9l\u00e9communication. Un autre de ses objectifs est celui d&rsquo;augmenter le nombre de femmes nomm\u00e9es par des organisations r\u00e9gionales de t\u00e9l\u00e9communication pour assumer des fonctions de direction \u00e0 la CMR-23.<\/p>\n<\/div>\n\n<div class=\"ituContainer\">\n<p class=\"wp-block-paragraph\">Cette initiative a aussi \u00e9t\u00e9 con\u00e7ue pour faire \u00e9merger une nouvelle g\u00e9n\u00e9ration de femmes dans le domaine des radiocommunications et constitue une \u00e9tape cruciale dans la r\u00e9alisation de l&rsquo;objectif consistant \u00e0 d\u00e9passer le seuil de 30% de femmes occupant des postes cl\u00e9s \u00e0 l&rsquo;UIT-R.<\/p>\n<\/div>\n\n<div class=\"ituContainer\">\n<h2 class=\"wp-block-heading\" id=\"a-qui-s-adresse-le-programme\">\u00c0 qui s&rsquo;adresse le programme?<\/h2>\n<\/div>\n\n<div class=\"ituContainer\">\n<p class=\"wp-block-paragraph\">Toutes les femmes d\u00e9l\u00e9gu\u00e9es de l&rsquo;UIT-R peuvent b\u00e9n\u00e9ficier du programme de mentorat. Les d\u00e9l\u00e9gu\u00e9s exp\u00e9riment\u00e9s de l&rsquo;UIT-R, femmes et hommes, sont encourag\u00e9s \u00e0 se proposer en tant que mentor dans le cadre du programme.<\/p>\n<\/div>\n\n<div class=\"ituContainer\">\n<h2 class=\"wp-block-heading\" id=\"comment-les-binomes-se-constituent-ils\">Comment les bin\u00f4mes se constituent-ils?<\/h2>\n<\/div>\n\n<div class=\"ituContainer\">\n<p class=\"wp-block-paragraph\">Apr\u00e8s avoir rempli et renvoy\u00e9 un formulaire d&rsquo;inscription, une d\u00e9l\u00e9gu\u00e9e novice de l&rsquo;UIT-R sera mise en lien avec un mentor (d\u00e9l\u00e9gu\u00e9(e) exp\u00e9riment\u00e9(e) de l&rsquo;UIT-R) en fonction de crit\u00e8res correspondants \u00e0 leurs int\u00e9r\u00eats communs pour des sujets \u00e0 l&rsquo;ordre du jour de la CMR-23, ainsi qu&rsquo;\u00e0 leurs pr\u00e9f\u00e9rences linguistiques\/r\u00e9gionales.<\/p>\n<\/div>\n\n<div class=\"ituContainer\">\n<h2 class=\"wp-block-heading\" id=\"comment-puis-je-beneficier-du-programme-ou-devenir-mentor\">Comment puis-je b\u00e9n\u00e9ficier du programme ou devenir mentor? <\/h2>\n<\/div>\n\n<div class=\"ituContainer\">\n<p class=\"wp-block-paragraph\">Si vous souhaitez participer au programme de mentorat de l&rsquo;initiative NOW4WRC23, veuillez \u00e9crire \u00e0 l&rsquo;adresse suivante: <a rel=\"noreferrer noopener\" href=\"mailto:Now4wrc23@itu.int\" target=\"_blank\">NOW4WRC23@itu.int<\/a>.<\/p>\n<\/div>","protected":false},"excerpt":{"rendered":"<p>En quoi consiste le programme de mentorat de l&rsquo;initiative NOW4WRC23? Le programme de mentorat rel\u00e8ve de l&rsquo;initiative plus large qu&rsquo;est le r\u00e9seau NOW4WRC23, lequel a pour but d&rsquo;offrir aux femmes un cadre dynamique d&rsquo;\u00e9change de connaissances, d&rsquo;\u00e9tablissement de contacts et de mentorat au sein du Secteur des radiocommunications de l&rsquo;UIT (UIT-R). Ses trois objectifs principaux [&hellip;]<\/p>\n","protected":false},"author":5,"featured_media":0,"parent":0,"menu_order":0,"comment_status":"closed","ping_status":"closed","template":"","meta":{"_crdt_document":"","_uag_custom_page_level_css":"","footnotes":""},"folder":[],"class_list":["post-302","page","type-page","status-publish","hentry"],"uagb_featured_image_src":{"full":false,"thumbnail":false,"medium":false,"medium_large":false,"large":false,"1536x1536":false,"2048x2048":false,"gs-tiny":false,"xl":false,"xxl":false,"xxxl":false,"xxxxl":false,"xxxxxl":false,"gform-image-choice-sm":false,"gform-image-choice-md":false,"gform-image-choice-lg":false},"uagb_author_info":{"display_name":"mgaillard","author_link":"https:\/\/www.itu.int\/now4wrc23\/fr\/author\/mgaillard\/"},"uagb_comment_info":0,"uagb_excerpt":"En quoi consiste le programme de mentorat de l&rsquo;initiative NOW4WRC23? Le programme de mentorat rel\u00e8ve de l&rsquo;initiative plus large qu&rsquo;est le r\u00e9seau NOW4WRC23, lequel a pour but d&rsquo;offrir aux femmes un cadre dynamique d&rsquo;\u00e9change de connaissances, d&rsquo;\u00e9tablissement de contacts et de mentorat au sein du Secteur des radiocommunications de l&rsquo;UIT (UIT-R). Ses trois objectifs principaux\u2026","_links":{"self":[{"href":"https:\/\/www.itu.int\/now4wrc23\/fr\/wp-json\/wp\/v2\/pages\/302","targetHints":{"allow":["GET"]}}],"collection":[{"href":"https:\/\/www.itu.int\/now4wrc23\/fr\/wp-json\/wp\/v2\/pages"}],"about":[{"href":"https:\/\/www.itu.int\/now4wrc23\/fr\/wp-json\/wp\/v2\/types\/page"}],"author":[{"embeddable":true,"href":"https:\/\/www.itu.int\/now4wrc23\/fr\/wp-json\/wp\/v2\/users\/5"}],"replies":[{"embeddable":true,"href":"https:\/\/www.itu.int\/now4wrc23\/fr\/wp-json\/wp\/v2\/comments?post=302"}],"version-history":[{"count":0,"href":"https:\/\/www.itu.int\/now4wrc23\/fr\/wp-json\/wp\/v2\/pages\/302\/revisions"}],"wp:attachment":[{"href":"https:\/\/www.itu.int\/now4wrc23\/fr\/wp-json\/wp\/v2\/media?parent=302"}],"wp:term":[{"taxonomy":"folder","embeddable":true,"href":"https:\/\/www.itu.int\/now4wrc23\/fr\/wp-json\/wp\/v2\/folder?post=302"}],"curies":[{"name":"wp","href":"https:\/\/api.w.org\/{rel}","templated":true}]}}