{"id":324,"date":"2022-10-13T07:47:53","date_gmt":"2022-10-13T07:47:53","guid":{"rendered":"https:\/\/www.itu.int\/now4wrc23\/programa-de-mentorias\/"},"modified":"2024-02-23T10:07:18","modified_gmt":"2024-02-23T10:07:18","slug":"programa-de-mentorias","status":"publish","type":"page","link":"https:\/\/www.itu.int\/now4wrc23\/es\/programa-de-mentorias\/","title":{"rendered":"Programa de Mentor\u00edas"},"content":{"rendered":"    <div class=\"ituContainer grid\">\n        <div data-span=\"12\">\n                    <\/div>\n    <\/div>\n\n\n<div class=\"ituContainer\">\n<h2 class=\"wp-block-heading\" id=\"que-es-el-programa-de-mentorias-de-la-now4wrc23\">\u00bfQu\u00e9 es el Programa de Mentor\u00edas de la NOW4WRC23?<\/h2>\n<\/div>\n\n<div class=\"ituContainer\">\n<p class=\"wp-block-paragraph\">El programa forma parte de la iniciativa global de la NOW4WRC23, que tiene por objeto crear un foro activo de intercambio de conocimientos, creaci\u00f3n de contactos y acompa\u00f1amiento de las mujeres en el Sector de Radiocomunicaciones de la UIT (UIT-R).<\/p>\n<\/div>\n\n<div class=\"ituContainer\">\n<p class=\"wp-block-paragraph\">Los objetivos principales de la iniciativa del Programa de Mentor\u00edas de la NOW4WRC23 son tres, a saber:<\/p>\n<\/div>\n\n<div class=\"ituContainer\">\n<ul class=\"wp-block-list\"><div class=\"ituContainer\">\n<li>procurar lograr el equilibrio de g\u00e9nero entre los delegados;<\/li>\n<\/div>\n\n<div class=\"ituContainer\">\n<li>preparar a las delegadas para desempe\u00f1ar funciones esenciales para la CMR-23;<\/li>\n<\/div>\n\n<div class=\"ituContainer\">\n<li>hacer crecer la comunidad de mujeres en la UIT, tanto en t\u00e9rminos cuantitativos como de participaci\u00f3n en la conferencia.<\/li>\n<\/div><\/ul>\n<\/div>\n\n<div class=\"ituContainer\">\n<h2 class=\"wp-block-heading\" id=\"por-que-deberia-participar\">\u00bfPor qu\u00e9 deber\u00eda participar?<\/h2>\n<\/div>\n\n<div class=\"ituContainer\">\n<p class=\"wp-block-paragraph\">El objetivo de esta iniciativa es comenzar a desarrollar capacidades lo antes posible en el proceso preparatorio de la Conferencia Mundial de Radiocomunicaciones (CMR). Procura conseguir una mayor participaci\u00f3n de las mujeres en funciones clave previas a la CMR-23 en la labor de las Comisiones de Estudio del UIT-R y sus Grupos de Trabajo, y en las actividades de las organizaciones regionales de telecomunicaciones (OTR). Asimismo, procura aumentar el n\u00famero de mujeres nombradas por las OTR para asumir funciones de liderazgo en la CMR-23.<\/p>\n<\/div>\n\n<div class=\"ituContainer\">\n<p class=\"wp-block-paragraph\">Esta iniciativa tambi\u00e9n ha sido dise\u00f1ada para inspirar a una nueva generaci\u00f3n de mujeres en las radiocomunicaciones y constituye une etapa fundamental hacia nuestro objetivo de superar el umbral del 30 % de ocupaci\u00f3n femenina de funciones clave en el UIT-R.<\/p>\n<\/div>\n\n<div class=\"ituContainer\">\n<h2 class=\"wp-block-heading\" id=\"quien-puede-ser-mentor-o-alumno\">\u00bfQui\u00e9n puede ser mentor o alumno?<\/h2>\n<\/div>\n\n<div class=\"ituContainer\">\n<p class=\"wp-block-paragraph\">La participaci\u00f3n como alumno se ofrece a todas las delegadas del UIT-R. Se alienta a todos los hombres y mujeres delegados del UIT-R con experiencia a que presenten su candidatura al programa para participar como mentores.<\/p>\n<\/div>\n\n<div class=\"ituContainer\">\n<h2 class=\"wp-block-heading\" id=\"como-se-crean-los-pares\">\u00bfC\u00f3mo se crean los pares?<\/h2>\n<\/div>\n\n<div class=\"ituContainer\">\n<p class=\"wp-block-paragraph\">Una vez que un delegado del UIT-R presenta un formulario de inscripci\u00f3n cumplimentado, se asignar\u00e1 a un alumno (una delegada) un mentor (un delegado del UIT-R con experiencia) aplicando los criterios que m\u00e1s se ajusten a sus intereses por los temas del orden del d\u00eda de la CMR-23, as\u00ed como sus preferencias ling\u00fc\u00edsticas\/regionales.<\/p>\n<\/div>\n\n<div class=\"ituContainer\">\n<h2 class=\"wp-block-heading\" id=\"como-puedo-participar-como-alumno-o-mentor\">\u00bfC\u00f3mo puedo participar como alumno o mentor? <\/h2>\n<\/div>\n\n<div class=\"ituContainer\">\n<p class=\"wp-block-paragraph\">Si le interesa participar en el Programa de Mentor\u00edas de la NOW4WRC23, p\u00f3ngase en contacto con <a href=\"mailto:NOW4WRC23@itu.int\">NOW4WRC23@itu.int<\/a>.<\/p>\n<\/div>","protected":false},"excerpt":{"rendered":"<p>\u00bfQu\u00e9 es el Programa de Mentor\u00edas de la NOW4WRC23? El programa forma parte de la iniciativa global de la NOW4WRC23, que tiene por objeto crear un foro activo de intercambio de conocimientos, creaci\u00f3n de contactos y acompa\u00f1amiento de las mujeres en el Sector de Radiocomunicaciones de la UIT (UIT-R). Los objetivos principales de la iniciativa [&hellip;]<\/p>\n","protected":false},"author":5,"featured_media":0,"parent":0,"menu_order":0,"comment_status":"closed","ping_status":"closed","template":"","meta":{"_crdt_document":"","_uag_custom_page_level_css":"","footnotes":""},"folder":[],"class_list":["post-324","page","type-page","status-publish","hentry"],"uagb_featured_image_src":{"full":false,"thumbnail":false,"medium":false,"medium_large":false,"large":false,"1536x1536":false,"2048x2048":false,"gs-tiny":false,"xl":false,"xxl":false,"xxxl":false,"xxxxl":false,"xxxxxl":false,"gform-image-choice-sm":false,"gform-image-choice-md":false,"gform-image-choice-lg":false},"uagb_author_info":{"display_name":"mgaillard","author_link":"https:\/\/www.itu.int\/now4wrc23\/es\/author\/mgaillard\/"},"uagb_comment_info":0,"uagb_excerpt":"\u00bfQu\u00e9 es el Programa de Mentor\u00edas de la NOW4WRC23? El programa forma parte de la iniciativa global de la NOW4WRC23, que tiene por objeto crear un foro activo de intercambio de conocimientos, creaci\u00f3n de contactos y acompa\u00f1amiento de las mujeres en el Sector de Radiocomunicaciones de la UIT (UIT-R). Los objetivos principales de la iniciativa&hellip;","_links":{"self":[{"href":"https:\/\/www.itu.int\/now4wrc23\/es\/wp-json\/wp\/v2\/pages\/324","targetHints":{"allow":["GET"]}}],"collection":[{"href":"https:\/\/www.itu.int\/now4wrc23\/es\/wp-json\/wp\/v2\/pages"}],"about":[{"href":"https:\/\/www.itu.int\/now4wrc23\/es\/wp-json\/wp\/v2\/types\/page"}],"author":[{"embeddable":true,"href":"https:\/\/www.itu.int\/now4wrc23\/es\/wp-json\/wp\/v2\/users\/5"}],"replies":[{"embeddable":true,"href":"https:\/\/www.itu.int\/now4wrc23\/es\/wp-json\/wp\/v2\/comments?post=324"}],"version-history":[{"count":0,"href":"https:\/\/www.itu.int\/now4wrc23\/es\/wp-json\/wp\/v2\/pages\/324\/revisions"}],"wp:attachment":[{"href":"https:\/\/www.itu.int\/now4wrc23\/es\/wp-json\/wp\/v2\/media?parent=324"}],"wp:term":[{"taxonomy":"folder","embeddable":true,"href":"https:\/\/www.itu.int\/now4wrc23\/es\/wp-json\/wp\/v2\/folder?post=324"}],"curies":[{"name":"wp","href":"https:\/\/api.w.org\/{rel}","templated":true}]}}