{"id":314,"date":"2022-10-13T07:19:07","date_gmt":"2022-10-13T07:19:07","guid":{"rendered":"https:\/\/www.itu.int\/now4wrc23\/informacion-general\/"},"modified":"2024-02-23T10:03:15","modified_gmt":"2024-02-23T10:03:15","slug":"informacion-general","status":"publish","type":"page","link":"https:\/\/www.itu.int\/now4wrc23\/es\/informacion-general\/","title":{"rendered":"Informaci\u00f3n general"},"content":{"rendered":"<div class=\"ituContainer\">\n<h2 class=\"wp-block-heading\" id=\"acerca-de-las-copresidentas-regionales\">Acerca de las Copresidentas Regionales<\/h2>\n<\/div>\n\n<div class=\"ituContainer\">\n<p class=\"wp-block-paragraph\">Se han designado <a href=\"https:\/\/www.itu.int\/now4wrc23\/regional-co-chairs-and-representatives\/\">Copresidentas Regionales<\/a> de la NOW4WRC23 a fin de:<\/p>\n<\/div>\n\n<div class=\"ituContainer\">\n<ul class=\"wp-block-list\"><div class=\"ituContainer\">\n<li>garantizar que la iniciativa atienda las necesidades espec\u00edficas de las delegadas de cada organizaci\u00f3n regional de telecomunicaciones (ORT);<\/li>\n<\/div>\n\n<div class=\"ituContainer\">\n<li>organizar actividades regionales de la NOW4WRC23 que se celebrar\u00e1n conjuntamente con las reuniones preparatorias de la CMR-23;<\/li>\n<\/div>\n\n<div class=\"ituContainer\">\n<li>promover el liderazgo de la mujer en el proceso preparatorio regional de la CMR-23;<\/li>\n<\/div>\n\n<div class=\"ituContainer\">\n<li>implicar y apoyar a las mujeres que no puedan asistir a las reuniones de las Comisiones de Estudio y los Grupos de Trabajo del UIT-R.<\/li>\n<\/div><\/ul>\n<\/div>\n\n<div class=\"ituContainer\">\n<h2 class=\"wp-block-heading\" id=\"acerca-de-las-coordinadoras\">Acerca de las coordinadoras<\/h2>\n<\/div>\n\n<div class=\"ituContainer\">\n<p class=\"wp-block-paragraph\">Se han designado tres <a href=\"https:\/\/www.itu.int\/now4wrc23\/br-coordinators\/\">coordinadoras<\/a> de la Oficina de Radiocomunicaciones de la UIT (BR) a fin de:<\/p>\n<\/div>\n\n<div class=\"ituContainer\">\n<ul class=\"wp-block-list\"><div class=\"ituContainer\">\n<li>apoyar las actividades de la NOW4WRC23 que coincidan con las reuniones de las <a href=\"https:\/\/www.itu.int\/es\/ITU-R\/study-groups\/Pages\/default.aspx\">Comisiones de Estudio<\/a> y los Grupos de Trabajo del UIT-R;<\/li>\n<\/div>\n\n<div class=\"ituContainer\">\n<li>prestar apoyo a la aplicaci\u00f3n del Programa de Mentor\u00edas.\u202f<\/li>\n<\/div><\/ul>\n<\/div>\n\n<div class=\"ituContainer\">\n<h2 class=\"wp-block-heading\" id=\"acerca-del-lanzamiento-de-la-now4wrc23\">Acerca del lanzamiento de la NOW4WRC23<\/h2>\n<\/div>\n\n<div class=\"ituContainer\">\n<p class=\"wp-block-paragraph\">El lanzamiento de la Red de mujeres para la CMR-23 cumple una de nuestras promesas relativas a la implementaci\u00f3n de medidas concretas recogidas en la <a href=\"https:\/\/www.itu.int\/en\/ITU-R\/conferences\/rag\/cg-gender\/Documents\/WRC-19%20GENDER%20DECLARATION%20-%20EN.pdf\">Declaraci\u00f3n de G\u00e9nero de la CMR-19<\/a>, que tiene por objeto promover la igualdad, la equidad y la paridad de g\u00e9nero en el Sector de Radiocomunicaciones de la UIT.<\/p>\n<\/div>\n\n<div class=\"ituContainer\">\n<ul class=\"wp-block-list\"><div class=\"ituContainer\">\n<li><a href=\"https:\/\/www.itu.int\/en\/ITU-R\/Director\/Documents\/Speeches\/Maniewicz\/2020-11-30%20-%20ITU%20WRS-2020%20Launch%20of%20Network%20of%20Women%20for%20WRC23%20-%20Opening%20Remarks%20Director%20BR.pdf\">Lanzamiento de la Red de mujeres para la CMR-23<\/a><\/li>\n<\/div>\n\n<div class=\"ituContainer\">\n<li><a href=\"https:\/\/www.itu.int\/en\/myitu\/News\/2020\/11\/27\/18\/29\/NOW4WRC23-inspiring-new-generation-women-in-radiocommunications\">Inspirar a la nueva generaci\u00f3n de mujeres en las radiocomunicaciones<\/a><\/li>\n<\/div>\n\n<div class=\"ituContainer\">\n<li><a href=\"https:\/\/youtu.be\/OHFMLvBLkxw\">Red de mujeres: Asegurarse de que todas las puertas est\u00e1n abiertas (v\u00eddeo)<\/a><\/li>\n<\/div><\/ul>\n<\/div>\n\n<div class=\"ituContainer\">\n<h2 class=\"wp-block-heading\" id=\"acerca-del-programa-de-mentorias-de-la-now4wrc\">Acerca del Programa de Mentor\u00edas de la NOW4WRC<\/h2>\n<\/div>\n\n<div class=\"ituContainer\">\n<p class=\"wp-block-paragraph\">Inspirada en la <a href=\"https:\/\/www.youtube.com\/watch?v=iuzrGPhv2eQ\">iniciativa We Lead<\/a>, la NOW4WRC tiene como objetivo aumentar el n\u00famero de mujeres que participan y asumen funciones de liderazgo, como presidencias de comit\u00e9s y conferencias, en las conferencias t\u00e9cnicas del Sector de Radiocomunicaciones de la UIT. Las mentor\u00edas constituyen un elemento clave de esta iniciativa.<\/p>\n<\/div>\n\n<div class=\"ituContainer\">\n<h2 class=\"wp-block-heading\" id=\"rag\">RAG<\/h2>\n<\/div>\n\n<div class=\"ituContainer\">\n<p class=\"wp-block-paragraph\"><a href=\"https:\/\/www.itu.int\/en\/ITU-R\/conferences\/rag\/cg-gender\/Pages\/default.aspx\">RAG Correspondence Group on Gender<\/a><\/p>\n<\/div>\n\n<div class=\"ituContainer\">\n<h2 class=\"wp-block-heading\" id=\"previous-conferences\">Conferencias anteriores<a rel=\"noreferrer noopener\" href=\"https:\/\/www.itu.int\/web\/pp-18\/en\/\" target=\"_blank\"><\/a><a href=\"https:\/\/www.itu.int\/en\/ITU-R\/conferences\/wrc\/2019\/Pages\/default.aspx\"><\/a><\/h2>\n<\/div>\n\n    <section>\n        <div class=\"ituContainer grid\">\n                                                <a class=\"ituCard anim bg hor\" href=\"https:\/\/www.itu.int\/es\/ITU-R\/conferences\/wrc\/2019\/now\/Pages\/default.aspx\" data-span=\"6\" target=\"\">\n        <img decoding=\"async\" class=\"square\" src=\"https:\/\/www.itu.int\/now4wrc23\/wp-content\/uploads\/sites\/14\/2022\/10\/NOW4WRC23-desktop.jpg\" alt=\"\" \/>\n        <div class=\"content\">\n            <div class=\"main\">\n                <p class=\"title\">Red de Mujeres para la CMR-19 (#NOW4WRC19)<\/p>\n\n            <\/div>\n            <div class=\"addInfo\">31 October to 2 November 2019<\/div>\n        <\/div>\n    <\/a>\n\n                    <\/div>\n    <\/section>\n","protected":false},"excerpt":{"rendered":"<p>Acerca de las Copresidentas Regionales Se han designado Copresidentas Regionales de la NOW4WRC23 a fin de: Acerca de las coordinadoras Se han designado tres coordinadoras de la Oficina de Radiocomunicaciones de la UIT (BR) a fin de: Acerca del lanzamiento de la NOW4WRC23 El lanzamiento de la Red de mujeres para la CMR-23 cumple una [&hellip;]<\/p>\n","protected":false},"author":5,"featured_media":0,"parent":0,"menu_order":0,"comment_status":"closed","ping_status":"closed","template":"","meta":{"_crdt_document":"","_uag_custom_page_level_css":"","footnotes":""},"folder":[],"class_list":["post-314","page","type-page","status-publish","hentry"],"uagb_featured_image_src":{"full":false,"thumbnail":false,"medium":false,"medium_large":false,"large":false,"1536x1536":false,"2048x2048":false,"gs-tiny":false,"xl":false,"xxl":false,"xxxl":false,"xxxxl":false,"xxxxxl":false,"gform-image-choice-sm":false,"gform-image-choice-md":false,"gform-image-choice-lg":false},"uagb_author_info":{"display_name":"mgaillard","author_link":"https:\/\/www.itu.int\/now4wrc23\/es\/author\/mgaillard\/"},"uagb_comment_info":0,"uagb_excerpt":"Acerca de las Copresidentas Regionales Se han designado Copresidentas Regionales de la NOW4WRC23 a fin de: Acerca de las coordinadoras Se han designado tres coordinadoras de la Oficina de Radiocomunicaciones de la UIT (BR) a fin de: Acerca del lanzamiento de la NOW4WRC23 El lanzamiento de la Red de mujeres para la CMR-23 cumple una&hellip;","_links":{"self":[{"href":"https:\/\/www.itu.int\/now4wrc23\/es\/wp-json\/wp\/v2\/pages\/314","targetHints":{"allow":["GET"]}}],"collection":[{"href":"https:\/\/www.itu.int\/now4wrc23\/es\/wp-json\/wp\/v2\/pages"}],"about":[{"href":"https:\/\/www.itu.int\/now4wrc23\/es\/wp-json\/wp\/v2\/types\/page"}],"author":[{"embeddable":true,"href":"https:\/\/www.itu.int\/now4wrc23\/es\/wp-json\/wp\/v2\/users\/5"}],"replies":[{"embeddable":true,"href":"https:\/\/www.itu.int\/now4wrc23\/es\/wp-json\/wp\/v2\/comments?post=314"}],"version-history":[{"count":0,"href":"https:\/\/www.itu.int\/now4wrc23\/es\/wp-json\/wp\/v2\/pages\/314\/revisions"}],"wp:attachment":[{"href":"https:\/\/www.itu.int\/now4wrc23\/es\/wp-json\/wp\/v2\/media?parent=314"}],"wp:term":[{"taxonomy":"folder","embeddable":true,"href":"https:\/\/www.itu.int\/now4wrc23\/es\/wp-json\/wp\/v2\/folder?post=314"}],"curies":[{"name":"wp","href":"https:\/\/api.w.org\/{rel}","templated":true}]}}