{"id":128,"date":"2025-03-17T13:35:43","date_gmt":"2025-03-17T13:35:43","guid":{"rendered":"https:\/\/www.itu.int\/itu-d\/sites\/projectumc\/?page_id=128"},"modified":"2025-12-16T14:20:15","modified_gmt":"2025-12-16T14:20:15","slug":"home-umc","status":"publish","type":"page","link":"https:\/\/www.itu.int\/itu-d\/sites\/projectumc\/","title":{"rendered":"Home"},"content":{"rendered":"    <section class=\"ituBanner bg smallheight\">\n        <div class=\"bgContainer \">\n            <img src=https:\/\/www.itu.int\/itu-d\/sites\/projectumc\/wp-content\/uploads\/sites\/42\/2025\/04\/UMC-Main-Banner-3.png alt=\"Background decorative image\" \/>\n            <div class=\"ituContainer grid\">\n                <div class=\"content\" data-span=\"8\">\n                    <div class=\"main\">\n                        <h2 class=\"h1 white\">Promoting and Measuring Universal and Meaningful Connectivity<\/h2>\n                    <\/div>\n                    <div class=\"addInfo\"><\/div>\n                <\/div>\n            <\/div>\n        <\/div>\n    <\/section>\n\n\n    <div class=\"ituContainer grid\">\n                        <div data-span=\"4\">\n            <\/div>\n            <\/div>\n\n\n<div class=\"ituContainer\">\n<div class=\"wp-block-columns is-layout-flex wp-container-core-columns-is-layout-9d6595d7 wp-block-columns-is-layout-flex\"><div class=\"ituContainer\">\n<div class=\"wp-block-column is-layout-flow wp-block-column-is-layout-flow\" style=\"flex-basis:75%\"><div class=\"ituContainer\">\n<p>To accelerate progress toward universal and meaningful connectivity (UMC), the ITU Telecommunication Development Bureau and the European Commission launched the project Promoting and Measuring Universal and Meaningful Connectivity, funded by the European Union.<\/p>\n<\/div>\n\n<div class=\"ituContainer\">\n<div style=\"height:10px\" aria-hidden=\"true\" class=\"wp-block-spacer\"><\/div>\n<\/div>\n\n<div class=\"ituContainer\">\n<p>The project seeks to promote UMC as a policy objective, enhance the quality and availability of related statistics, and identify effective policies. As part of this initiative, regional workshops for policymakers and statisticians are organized to support the integration of UMC into digital strategies, build national capacity to produce and disseminate UMC data, and facilitate the exchange of good practices.<\/p>\n<\/div>\n\n    <p>\n        <a href=\"https:\/\/www.itu.int\/itu-d\/sites\/projectumc\/home\/the-umc-project\/\" class=\"ituBtn\" target=\"_blank\" rel=\"noreferrer noopener\">\n            Learn more about the UMC project        <\/a>\n    <\/p>\n\n<\/div>\n<\/div>\n\n<div class=\"ituContainer\">\n<div class=\"wp-block-column is-layout-flow wp-block-column-is-layout-flow\" style=\"flex-basis:25%\"><div class=\"ituContainer\">\n<figure class=\"wp-block-embed is-type-video is-provider-youtube wp-block-embed-youtube wp-embed-aspect-16-9 wp-has-aspect-ratio\"><div class=\"wp-block-embed__wrapper\">\n<iframe loading=\"lazy\" title=\"What is Universal &amp; Meaningful Connectivity and why does it matter?\" width=\"500\" height=\"281\" src=\"https:\/\/www.youtube.com\/embed\/UAkOd02VeLs?feature=oembed\" frameborder=\"0\" allow=\"accelerometer; autoplay; clipboard-write; encrypted-media; gyroscope; picture-in-picture; web-share\" referrerpolicy=\"strict-origin-when-cross-origin\" allowfullscreen><\/iframe>\n<\/div><\/figure>\n<\/div><\/div>\n<\/div><\/div>\n<\/div>\n\n<div class=\"ituContainer\">\n<div style=\"height:20px\" aria-hidden=\"true\" class=\"wp-block-spacer\"><\/div>\n<\/div>\n\n    <section>\n        <div class=\"ituContainer grid fullWidthCards\">\n                                                        <a class=\"ituCard anim blueblurb\" data-span=\"4\" href=\"https:\/\/www.itu.int\/itu-d\/sites\/projectumc\/home\/aboutumc\/\" target='blank' rel='noreferrer noopener'>\n                    <div class=\"content\">\n                <div class=\"main\">\n\n                                            <p class=\"title\">Learn<\/p>\n                                        <p>More about universal and meaningful connectivity and why it matters<\/p>\n                <\/div>\n            <\/div>\n                    <\/a>\n    \n                                                        <a class=\"ituCard anim blueblurb\" data-span=\"4\" href=\"https:\/\/www.itu.int\/itu-d\/sites\/projectumc\/information-hub\/\" target='blank' rel='noreferrer noopener'>\n                    <div class=\"content\">\n                <div class=\"main\">\n\n                                            <p class=\"title\">Discover<\/p>\n                                        <p>Discover what ITU and its partners are doing to promote universal and meaningful connectivity<\/p>\n                <\/div>\n            <\/div>\n                    <\/a>\n    \n                                                        <a class=\"ituCard anim blueblurb\" data-span=\"4\" href=\"https:\/\/www.itu.int\/umcdashboard\" target='blank' rel='noreferrer noopener'>\n                    <div class=\"content\">\n                <div class=\"main\">\n\n                                            <p class=\"title\">Analyze<\/p>\n                                        <p>Check out the Dashboard for Universal and meaningful connectivity (beta)<\/p>\n                <\/div>\n            <\/div>\n                    <\/a>\n    \n                    <\/div>\n    <\/section>\n\n\n<div class=\"ituContainer\">\n<h2 class=\"wp-block-heading\">Events<\/h2>\n<\/div>\n\n    <section>\n        <div class=\"ituContainer grid\">\n                                                <a class=\"ituCard anim bg hor\" href=\"https:\/\/www.itu.int\/itu-d\/sites\/projectumc\/2025\/08\/28\/umc-data-hackathon\/\" data-span=\"6\" target=\"\">\n        <img decoding=\"async\" class=\"square\" src=\"https:\/\/www.itu.int\/itu-d\/sites\/projectumc\/wp-content\/uploads\/sites\/42\/2025\/02\/UMC-Banner-verticial-5.jpg\" alt=\"\" \/>\n        <div class=\"content\">\n            <div class=\"main\">\n                <p class=\"title\"><strong>Data Hackathon: Bridging the Digital Divide by Uncovering Digital Deserts<\/strong><br><br>Registration open until 31 December 2025<\/p>\n                <p>Learn more<\/p>\n            <\/div>\n        <\/div>\n    <\/a>\n                                                <a class=\"ituCard anim bg hor\" href=\"https:\/\/www.itu.int\/itu-d\/sites\/projectumc\/2025\/12\/08\/umc_ws_africa\/\" data-span=\"6\" target=\"\">\n        <img decoding=\"async\" class=\"square\" src=\"https:\/\/www.itu.int\/itu-d\/sites\/projectumc\/wp-content\/uploads\/sites\/42\/2025\/02\/UMC-Banner-verticial-5.jpg\" alt=\"\" \/>\n        <div class=\"content\">\n            <div class=\"main\">\n                <p class=\"title\"><strong>ITU Subregional workshop for Africa on promoting and measuring Universal and Meaningful Connectivity (UMC)<\/strong><br>24-26 March 2026, Dar es Salaam, Tanzania<\/p>\n                <p>Learn more<\/p>\n            <\/div>\n        <\/div>\n    <\/a>\n                                                <a class=\"ituCard anim bg hor\" href=\"https:\/\/www.itu.int\/itu-d\/sites\/projectumc\/2025\/08\/26\/umc_ws_pt_africa\/\" data-span=\"6\" target=\"\">\n        <img decoding=\"async\" class=\"square\" src=\"https:\/\/www.itu.int\/itu-d\/sites\/projectumc\/wp-content\/uploads\/sites\/42\/2024\/10\/UMC-Banner-verticial-2.jpg\" alt=\"\" \/>\n        <div class=\"content\">\n            <div class=\"main\">\n                <p class=\"title\">ITU Subregional workshop for Portuguese-speaking African Countries on promoting and measuring Universal and Meaningful Connectivity (UMC)<br>5-7 November 2024, S\u00e3o Tom\u00e9, S\u00e3o Tom\u00e9 and Pr\u00edncipe<\/p>\n                <p>Learn more<\/p>\n            <\/div>\n        <\/div>\n    <\/a>\n                                                <a class=\"ituCard anim bg hor\" href=\"https:\/\/www.itu.int\/itu-d\/sites\/projectumc\/2025\/02\/06\/umc-for-the-pacific\/\" data-span=\"6\" target=\"\">\n        <img decoding=\"async\" class=\"square\" src=\"https:\/\/www.itu.int\/itu-d\/sites\/projectumc\/wp-content\/uploads\/sites\/42\/2024\/09\/UMC-Banner-verticial.jpg\" alt=\"\" \/>\n        <div class=\"content\">\n            <div class=\"main\">\n                <p class=\"title\"><strong>ITU Subregional workshop for the Pacific on promoting and measuring Universal and Meaningful Connectivity (UMC)<\/strong><br>24-26 June 2025, Koror, Palau<\/p>\n                <p>Learn more<\/p>\n            <\/div>\n        <\/div>\n    <\/a>\n                    <\/div>\n    <\/section>\n\n\n<div class=\"ituContainer\">\n<h2 class=\"wp-block-heading\">News<\/h2>\n<\/div>\n\n    <section>\n        <div class=\"ituContainer grid\">\n                                                <a class=\"ituCard anim bg hor\" href=\"https:\/\/www.itu.int\/itu-d\/sites\/projectumc\/2025\/05\/07\/the-impact-of-the-umc-project-recognized-by-the-2024-internet-governance-forum\/\" data-span=\"6\" target=\"\">\n        <img decoding=\"async\" class=\"square\" src=\"https:\/\/www.itu.int\/itu-d\/sites\/projectumc\/wp-content\/uploads\/sites\/42\/2025\/05\/2024-Output-Report_Cover.png\" alt=\"\" \/>\n        <div class=\"content\">\n            <div class=\"main\">\n                <p class=\"title\">The impact of the UMC Project recognized by the 2024 Internet Governance Forum<\/p>\n                <p>Learn more<\/p>\n            <\/div>\n        <\/div>\n    <\/a>\n                                                <a class=\"ituCard anim bg hor\" href=\"https:\/\/www.itu.int\/itu-d\/sites\/projectumc\/2025\/02\/04\/blog-measuring-the-progress-towards-umc-through-innovative-data-sources\/\" data-span=\"6\" target=\"\">\n        <img decoding=\"async\" class=\"square\" src=\"https:\/\/www.itu.int\/itu-d\/sites\/projectumc\/wp-content\/uploads\/sites\/42\/2025\/02\/Picture1.png\" alt=\"\" \/>\n        <div class=\"content\">\n            <div class=\"main\">\n                <p class=\"title\">Blog: Measuring the progress towards universal and meaningful connectivity through innovative data source<\/p>\n                <p>Learn more<\/p>\n            <\/div>\n        <\/div>\n    <\/a>\n                                                <a class=\"ituCard anim bg hor\" href=\"https:\/\/www.worldbank.org\/en\/programs\/global-data-facility\/brief\/international-telecommunication-union-and-the-world-bank-s-development-data-group-announce-collaboration-on-mobile-phone\" data-span=\"6\" target=\"\">\n        <img decoding=\"async\" class=\"square\" src=\"https:\/\/www.itu.int\/itu-d\/sites\/projectumc\/wp-content\/uploads\/sites\/42\/2023\/07\/ITU-World-Bank.jpg\" alt=\"\" \/>\n        <div class=\"content\">\n            <div class=\"main\">\n                <p class=\"title\">ITU and World Bank announce new partnership to leverage Mobile Phone Data for policy and statistics<\/p>\n                <p>Learn more<\/p>\n            <\/div>\n        <\/div>\n    <\/a>\n                                                <a class=\"ituCard anim bg hor\" href=\"https:\/\/datahub.itu.int\/dashboards\/umc\" data-span=\"6\" target=\"\">\n        <img decoding=\"async\" class=\"square\" src=\"https:\/\/www.itu.int\/itu-d\/sites\/projectumc\/wp-content\/uploads\/sites\/42\/2023\/06\/UMC-Dashboard-Icon.jpg\" alt=\"\" \/>\n        <div class=\"content\">\n            <div class=\"main\">\n                <p class=\"title\">ITU launches new UMC Dashboard to track country and global progress towards UMC<\/p>\n                <p>Learn more<\/p>\n            <\/div>\n        <\/div>\n    <\/a>\n                    <\/div>\n    <\/section>\n\n\n<div class=\"ituContainer\">\n<h2 class=\"wp-block-heading\">Publications<\/h2>\n<\/div>\n\n    <section>\n        <div class=\"ituContainer grid\">\n                                                <a class=\"ituCard anim bg hor\" href=\"https:\/\/www.itu.int\/itu-d\/reports\/statistics\/facts-figures-2024\/\" data-span=\"6\" target=\"\">\n        <img decoding=\"async\" class=\"square\" src=\"https:\/\/www.itu.int\/itu-d\/sites\/projectumc\/wp-content\/uploads\/sites\/42\/2024\/12\/Facts-Figures-2024-Mini-banner-vertical.jpg\" alt=\"\" \/>\n        <div class=\"content\">\n            <div class=\"main\">\n                <p class=\"title\">Facts and Figures 2024<\/p>\n                <p>Read more<\/p>\n            <\/div>\n        <\/div>\n    <\/a>\n                                                <a class=\"ituCard anim bg hor\" href=\"https:\/\/www.itu.int\/itu-d\/sites\/projectumc\/2024\/11\/18\/universal-and-meaningful-connectivity-umc-a-framework-for-indicators-and-metrics\/\" data-span=\"6\" target=\"\">\n        <img decoding=\"async\" class=\"square\" src=\"https:\/\/www.itu.int\/itu-d\/sites\/projectumc\/wp-content\/uploads\/sites\/42\/2024\/11\/UMC-Report-G20-Thumb.png\" alt=\"\" \/>\n        <div class=\"content\">\n            <div class=\"main\">\n                <p class=\"title\">Universal and Meaningful Connectivity (UMC): A framework for indicators and metrics<\/p>\n                <p>Read more<\/p>\n            <\/div>\n        <\/div>\n    <\/a>\n                                                <a class=\"ituCard anim bg hor\" href=\"https:\/\/www.itu.int\/en\/ITU-D\/Statistics\/Pages\/ICTprices\/default.aspx\" data-span=\"6\" target=\"\">\n        <img decoding=\"async\" class=\"square\" src=\"https:\/\/www.itu.int\/itu-d\/sites\/projectumc\/wp-content\/uploads\/sites\/42\/2023\/06\/ITU-Placeholder-vertical.jpg\" alt=\"\" \/>\n        <div class=\"content\">\n            <div class=\"main\">\n                <p class=\"title\">ITU\u2019s Policy brief 2023 on affordability of connectivity examines key enabler of UMC<\/p>\n                <p>Read more<\/p>\n            <\/div>\n        <\/div>\n    <\/a>\n                                                <a class=\"ituCard anim bg hor\" href=\"https:\/\/www.itu.int\/itu-d\/sites\/projectumc\/2023\/06\/30\/facts-and-figures-focus-on-least-developed-countries-march-2023\/\" data-span=\"6\" target=\"\">\n        <img decoding=\"async\" class=\"square\" src=\"https:\/\/www.itu.int\/itu-d\/sites\/projectumc\/wp-content\/uploads\/sites\/42\/2023\/06\/Facts-and-figures-for-LDC-vertical.jpg\" alt=\"\" \/>\n        <div class=\"content\">\n            <div class=\"main\">\n                <p class=\"title\">Facts and Figures: Focus on Least Developed Countries<\/p>\n                <p>Read more<\/p>\n            <\/div>\n        <\/div>\n    <\/a>\n                    <\/div>\n    <\/section>\n","protected":false},"excerpt":{"rendered":"<p>To accelerate progress toward universal and meaningful connectivity (UMC), the ITU Telecommunication Development Bureau and the European Commission launched the project Promoting and Measuring Universal and Meaningful Connectivity, funded by the European Union. The project seeks to promote UMC as a policy objective, enhance the quality and availability of related statistics, and identify effective policies. [&hellip;]<\/p>\n","protected":false},"author":4,"featured_media":0,"parent":0,"menu_order":0,"comment_status":"closed","ping_status":"closed","template":"","meta":{"_acf_changed":false,"footnotes":"","_links_to":"","_links_to_target":""},"class_list":["post-128","page","type-page","status-publish","hentry"],"acf":[],"yoast_head":"<!-- This site is optimized with the Yoast SEO plugin v27.3 - https:\/\/yoast.com\/product\/yoast-seo-wordpress\/ -->\n<title>Home - UMC<\/title>\n<meta name=\"robots\" content=\"index, follow, max-snippet:-1, max-image-preview:large, max-video-preview:-1\" \/>\n<link rel=\"canonical\" href=\"https:\/\/www.itu.int\/itu-d\/sites\/projectumc\/\" \/>\n<meta property=\"og:locale\" content=\"en_US\" \/>\n<meta property=\"og:type\" content=\"article\" \/>\n<meta property=\"og:title\" content=\"Home - UMC\" \/>\n<meta property=\"og:description\" content=\"To accelerate progress toward universal and meaningful connectivity (UMC), the ITU Telecommunication Development Bureau and the European Commission launched the project Promoting and Measuring Universal and Meaningful Connectivity, funded by the European Union. The project seeks to promote UMC as a policy objective, enhance the quality and availability of related statistics, and identify effective policies. [&hellip;]\" \/>\n<meta property=\"og:url\" content=\"https:\/\/www.itu.int\/itu-d\/sites\/projectumc\/\" \/>\n<meta property=\"og:site_name\" content=\"UMC\" \/>\n<meta property=\"article:modified_time\" content=\"2025-12-16T14:20:15+00:00\" \/>\n<meta name=\"twitter:card\" content=\"summary_large_image\" \/>\n<meta name=\"twitter:label1\" content=\"Est. reading time\" \/>\n\t<meta name=\"twitter:data1\" content=\"1 minute\" \/>\n<script type=\"application\/ld+json\" class=\"yoast-schema-graph\">{\"@context\":\"https:\\\/\\\/schema.org\",\"@graph\":[{\"@type\":\"WebPage\",\"@id\":\"https:\\\/\\\/www.itu.int\\\/itu-d\\\/sites\\\/projectumc\\\/\",\"url\":\"https:\\\/\\\/www.itu.int\\\/itu-d\\\/sites\\\/projectumc\\\/\",\"name\":\"Home - UMC\",\"isPartOf\":{\"@id\":\"https:\\\/\\\/www.itu.int\\\/itu-d\\\/sites\\\/projectumc\\\/?lang=en\\\/#website\"},\"datePublished\":\"2025-03-17T13:35:43+00:00\",\"dateModified\":\"2025-12-16T14:20:15+00:00\",\"breadcrumb\":{\"@id\":\"https:\\\/\\\/www.itu.int\\\/itu-d\\\/sites\\\/projectumc\\\/#breadcrumb\"},\"inLanguage\":\"en-US\",\"potentialAction\":[{\"@type\":\"ReadAction\",\"target\":[\"https:\\\/\\\/www.itu.int\\\/itu-d\\\/sites\\\/projectumc\\\/\"]}]},{\"@type\":\"BreadcrumbList\",\"@id\":\"https:\\\/\\\/www.itu.int\\\/itu-d\\\/sites\\\/projectumc\\\/#breadcrumb\",\"itemListElement\":[{\"@type\":\"ListItem\",\"position\":1,\"name\":\"Home\",\"item\":\"https:\\\/\\\/www.itu.int\\\/itu-d\\\/sites\\\/projectumc\\\/\"},{\"@type\":\"ListItem\",\"position\":2,\"name\":\"Home\"}]},{\"@type\":\"WebSite\",\"@id\":\"https:\\\/\\\/www.itu.int\\\/itu-d\\\/sites\\\/projectumc\\\/?lang=en\\\/#website\",\"url\":\"https:\\\/\\\/www.itu.int\\\/itu-d\\\/sites\\\/projectumc\\\/?lang=en\\\/\",\"name\":\"UMC\",\"description\":\"Universal and Meaningful Connectivity\",\"potentialAction\":[{\"@type\":\"SearchAction\",\"target\":{\"@type\":\"EntryPoint\",\"urlTemplate\":\"https:\\\/\\\/www.itu.int\\\/itu-d\\\/sites\\\/projectumc\\\/?lang=en\\\/?s={search_term_string}\"},\"query-input\":{\"@type\":\"PropertyValueSpecification\",\"valueRequired\":true,\"valueName\":\"search_term_string\"}}],\"inLanguage\":\"en-US\"}]}<\/script>\n<!-- \/ Yoast SEO plugin. -->","yoast_head_json":{"title":"Home - UMC","robots":{"index":"index","follow":"follow","max-snippet":"max-snippet:-1","max-image-preview":"max-image-preview:large","max-video-preview":"max-video-preview:-1"},"canonical":"https:\/\/www.itu.int\/itu-d\/sites\/projectumc\/","og_locale":"en_US","og_type":"article","og_title":"Home - UMC","og_description":"To accelerate progress toward universal and meaningful connectivity (UMC), the ITU Telecommunication Development Bureau and the European Commission launched the project Promoting and Measuring Universal and Meaningful Connectivity, funded by the European Union. The project seeks to promote UMC as a policy objective, enhance the quality and availability of related statistics, and identify effective policies. [&hellip;]","og_url":"https:\/\/www.itu.int\/itu-d\/sites\/projectumc\/","og_site_name":"UMC","article_modified_time":"2025-12-16T14:20:15+00:00","twitter_card":"summary_large_image","twitter_misc":{"Est. reading time":"1 minute"},"schema":{"@context":"https:\/\/schema.org","@graph":[{"@type":"WebPage","@id":"https:\/\/www.itu.int\/itu-d\/sites\/projectumc\/","url":"https:\/\/www.itu.int\/itu-d\/sites\/projectumc\/","name":"Home - UMC","isPartOf":{"@id":"https:\/\/www.itu.int\/itu-d\/sites\/projectumc\/?lang=en\/#website"},"datePublished":"2025-03-17T13:35:43+00:00","dateModified":"2025-12-16T14:20:15+00:00","breadcrumb":{"@id":"https:\/\/www.itu.int\/itu-d\/sites\/projectumc\/#breadcrumb"},"inLanguage":"en-US","potentialAction":[{"@type":"ReadAction","target":["https:\/\/www.itu.int\/itu-d\/sites\/projectumc\/"]}]},{"@type":"BreadcrumbList","@id":"https:\/\/www.itu.int\/itu-d\/sites\/projectumc\/#breadcrumb","itemListElement":[{"@type":"ListItem","position":1,"name":"Home","item":"https:\/\/www.itu.int\/itu-d\/sites\/projectumc\/"},{"@type":"ListItem","position":2,"name":"Home"}]},{"@type":"WebSite","@id":"https:\/\/www.itu.int\/itu-d\/sites\/projectumc\/?lang=en\/#website","url":"https:\/\/www.itu.int\/itu-d\/sites\/projectumc\/?lang=en\/","name":"UMC","description":"Universal and Meaningful Connectivity","potentialAction":[{"@type":"SearchAction","target":{"@type":"EntryPoint","urlTemplate":"https:\/\/www.itu.int\/itu-d\/sites\/projectumc\/?lang=en\/?s={search_term_string}"},"query-input":{"@type":"PropertyValueSpecification","valueRequired":true,"valueName":"search_term_string"}}],"inLanguage":"en-US"}]}},"_links":{"self":[{"href":"https:\/\/www.itu.int\/itu-d\/sites\/projectumc\/wp-json\/wp\/v2\/pages\/128","targetHints":{"allow":["GET"]}}],"collection":[{"href":"https:\/\/www.itu.int\/itu-d\/sites\/projectumc\/wp-json\/wp\/v2\/pages"}],"about":[{"href":"https:\/\/www.itu.int\/itu-d\/sites\/projectumc\/wp-json\/wp\/v2\/types\/page"}],"author":[{"embeddable":true,"href":"https:\/\/www.itu.int\/itu-d\/sites\/projectumc\/wp-json\/wp\/v2\/users\/4"}],"replies":[{"embeddable":true,"href":"https:\/\/www.itu.int\/itu-d\/sites\/projectumc\/wp-json\/wp\/v2\/comments?post=128"}],"version-history":[{"count":0,"href":"https:\/\/www.itu.int\/itu-d\/sites\/projectumc\/wp-json\/wp\/v2\/pages\/128\/revisions"}],"wp:attachment":[{"href":"https:\/\/www.itu.int\/itu-d\/sites\/projectumc\/wp-json\/wp\/v2\/media?parent=128"}],"curies":[{"name":"wp","href":"https:\/\/api.w.org\/{rel}","templated":true}]}}