{"id":10,"date":"2023-06-27T08:59:57","date_gmt":"2023-06-27T08:59:57","guid":{"rendered":"https:\/\/www.itu.int\/itu-d\/sites\/projectumc\/?page_id=10"},"modified":"2026-03-05T10:38:45","modified_gmt":"2026-03-05T10:38:45","slug":"events","status":"publish","type":"page","link":"https:\/\/www.itu.int\/itu-d\/sites\/projectumc\/information-hub\/events\/","title":{"rendered":"Events"},"content":{"rendered":"    <section>\n        <div class=\"ituContainer grid\">\n                    <\/div>\n    <\/section>\n\n\n    <section>\n        <div class=\"ituContainer grid\">\n                                                <a class=\"ituCard anim bg hor\" href=\"https:\/\/academy.itu.int\/training-courses\/full-catalogue\/evidence-based-digital-policies-achieve-universal-and-meaningful-connectivity\" data-span=\"6\" target=\"_blank\">\n        <img decoding=\"async\" class=\"square\" src=\"https:\/\/www.itu.int\/itu-d\/sites\/projectumc\/wp-content\/uploads\/sites\/42\/2025\/05\/Big_data__Statistics_thumbnail.png\" alt=\"\" \/>\n        <div class=\"content\">\n            <div class=\"main\">\n                <p class=\"title\">Evidence-based digital policies to achieve universal and meaningful connectivity<br>28 September &#8211; 2 October 2026, Bangkok, Thailand<\/p>\n\n            <\/div>\n            <div class=\"addInfo\">Learn more<\/div>\n        <\/div>\n    <\/a>\n\n                                                <a class=\"ituCard anim bg hor\" href=\"https:\/\/www.itu.int\/itu-d\/sites\/projectumc\/2026\/02\/25\/umc-event-unsc2026\/\" data-span=\"6\" target=\"_blank\">\n        <img decoding=\"async\" class=\"square\" src=\"https:\/\/www.itu.int\/itu-d\/sites\/projectumc\/wp-content\/uploads\/sites\/42\/2025\/02\/UMC-Banner-verticial-5.jpg\" alt=\"\" \/>\n        <div class=\"content\">\n            <div class=\"main\">\n                <p class=\"title\">UN Statistical Commission 2026 side event<br>Universal and meaningful connectivity: strengthening national systems for ICT statistics<br>5 March 2026, New York, United States<\/p>\n\n            <\/div>\n            <div class=\"addInfo\">Learn more<\/div>\n        <\/div>\n    <\/a>\n\n                                                <a class=\"ituCard anim bg hor\" href=\"https:\/\/academy.itu.int\/training-courses\/full-catalogue\/summer-school-evidence-based-digital-policies-achieve-universal-and-meaningful-connectivity\" data-span=\"6\" target=\"_blank\">\n        <img decoding=\"async\" class=\"square\" src=\"https:\/\/www.itu.int\/itu-d\/sites\/projectumc\/wp-content\/uploads\/sites\/42\/2025\/05\/Big_data__Statistics_thumbnail.png\" alt=\"\" \/>\n        <div class=\"content\">\n            <div class=\"main\">\n                <p class=\"title\">Summer school on evidence-based digital policies to achieve universal and meaningful connectivity (2nd edition)<br>8-12 June 2026, Maastricht, Netherlands<\/p>\n\n            <\/div>\n            <div class=\"addInfo\">Learn more<\/div>\n        <\/div>\n    <\/a>\n\n                                                <a class=\"ituCard anim bg hor\" href=\"https:\/\/academy.itu.int\/training-courses\/full-catalogue\/measuring-digital-development-ict-service-prices-data-collection\" data-span=\"6\" target=\"_blank\">\n        <img decoding=\"async\" class=\"square\" src=\"https:\/\/www.itu.int\/itu-d\/sites\/projectumc\/wp-content\/uploads\/sites\/42\/2025\/05\/Big_data__Statistics_thumbnail.png\" alt=\"\" \/>\n        <div class=\"content\">\n            <div class=\"main\">\n                <p class=\"title\">Measuring digital development: ICT service prices data collection<br>19 February 2026, Online<\/p>\n\n            <\/div>\n            <div class=\"addInfo\">Learn more<\/div>\n        <\/div>\n    <\/a>\n\n                                                <a class=\"ituCard anim bg hor\" href=\"https:\/\/www.itu.int\/itu-d\/sites\/projectumc\/2025\/08\/28\/umc-data-hackathon\/\" data-span=\"6\" target=\"_blank\">\n        <img decoding=\"async\" class=\"square\" src=\"https:\/\/www.itu.int\/itu-d\/sites\/projectumc\/wp-content\/uploads\/sites\/42\/2025\/02\/UMC-Banner-verticial-5.jpg\" alt=\"\" \/>\n        <div class=\"content\">\n            <div class=\"main\">\n                <p class=\"title\"><strong>UMC Data Hackathon: Bridging the Digital Divide by Uncovering Digital Deserts<\/strong><br><br>October 2025 &#8211; September 2026<br>Online phase: January 2026 &#8211; March 2026<br>Main event (in person): April 2026, New Delhi, India<\/p>\n\n            <\/div>\n            <div class=\"addInfo\">Learn more<\/div>\n        <\/div>\n    <\/a>\n\n                                                <a class=\"ituCard anim bg hor\" href=\"https:\/\/academy.itu.int\/training-courses\/full-catalogue\/understanding-and-using-ict-data-inform-policies-universal-and-meaningful-connectivity\" data-span=\"6\" target=\"_blank\">\n        <img decoding=\"async\" class=\"square\" src=\"https:\/\/www.itu.int\/itu-d\/sites\/projectumc\/wp-content\/uploads\/sites\/42\/2025\/05\/Big_data__Statistics_thumbnail.png\" alt=\"\" \/>\n        <div class=\"content\">\n            <div class=\"main\">\n                <p class=\"title\">Understanding and using ICT data to inform policies for Universal and Meaningful Connectivity<br>11-15 May 2026, S\u00e3o Paulo, Brazil<\/p>\n\n            <\/div>\n            <div class=\"addInfo\">Learn more<\/div>\n        <\/div>\n    <\/a>\n\n                                                <a class=\"ituCard anim bg hor\" href=\"https:\/\/www.itu.int\/itu-d\/sites\/projectumc\/2025\/12\/08\/umc_ws_africa\/\" data-span=\"6\" target=\"_blank\">\n        <img decoding=\"async\" class=\"square\" src=\"https:\/\/www.itu.int\/itu-d\/sites\/projectumc\/wp-content\/uploads\/sites\/42\/2025\/02\/UMC-Banner-verticial-5.jpg\" alt=\"\" \/>\n        <div class=\"content\">\n            <div class=\"main\">\n                <p class=\"title\">ITU Subregional workshop for Africa on promoting and measuring Universal and Meaningful Connectivity (UMC)<br>24-26 March 2026, Dar es Salaam, Tanzania<\/p>\n\n            <\/div>\n            <div class=\"addInfo\">Learn more<\/div>\n        <\/div>\n    <\/a>\n\n                                                <a class=\"ituCard anim bg hor\" href=\"https:\/\/www.itu.int\/itu-d\/sites\/projectumc\/2025\/08\/26\/umc_ws_pt_africa\/\" data-span=\"6\" target=\"_blank\">\n        <img decoding=\"async\" class=\"square\" src=\"https:\/\/www.itu.int\/itu-d\/sites\/projectumc\/wp-content\/uploads\/sites\/42\/2025\/02\/UMC-Banner-verticial-5.jpg\" alt=\"\" \/>\n        <div class=\"content\">\n            <div class=\"main\">\n                <p class=\"title\">ITU Subregional workshop for Portuguese-speaking African Countries on promoting and measuring Universal and Meaningful Connectivity (UMC)<br>5-7 November 2025, S\u00e3o Tom\u00e9, S\u00e3o Tom\u00e9 and Pr\u00edncipe<\/p>\n\n            <\/div>\n            <div class=\"addInfo\">Learn more<\/div>\n        <\/div>\n    <\/a>\n\n                                                <a class=\"ituCard anim bg hor\" href=\"https:\/\/academy.itu.int\/training-courses\/full-catalogue\/summer-school-evidence-based-digital-policies-universal-and-meaningful-connectivity\" data-span=\"6\" target=\"_blank\">\n        <img decoding=\"async\" class=\"square\" src=\"https:\/\/www.itu.int\/itu-d\/sites\/projectumc\/wp-content\/uploads\/sites\/42\/2025\/05\/Big_data__Statistics_thumbnail.png\" alt=\"\" \/>\n        <div class=\"content\">\n            <div class=\"main\">\n                <p class=\"title\">Summer school on evidence-based digital policies for universal and meaningful connectivity<br>2-6 June 2025, Maastricht, Netherlands<\/p>\n\n            <\/div>\n            <div class=\"addInfo\">Learn more<\/div>\n        <\/div>\n    <\/a>\n\n                                                <a class=\"ituCard anim bg hor\" href=\"https:\/\/www.itu.int\/itu-d\/sites\/projectumc\/2025\/02\/21\/technical-webinars-on-ict-statistics\/\" data-span=\"6\" target=\"_blank\">\n        <img decoding=\"async\" class=\"square\" src=\"https:\/\/www.itu.int\/itu-d\/sites\/projectumc\/wp-content\/uploads\/sites\/42\/2023\/06\/Statistics.png\" alt=\"\" \/>\n        <div class=\"content\">\n            <div class=\"main\">\n                <p class=\"title\">Technical webinars on ICT statistics 2025<br><br>&#8211; <strong>on ICT Price Statistics<\/strong><br>&#8211; <strong>on Indicators on ICT access and use by households and individuals<\/strong>: Part I and Part II<br>&#8211; <strong>on Telecommunication\/ICT indicators<\/strong><\/p>\n\n            <\/div>\n            <div class=\"addInfo\">Learn more<\/div>\n        <\/div>\n    <\/a>\n\n                                                <a class=\"ituCard anim bg hor\" href=\"https:\/\/www.itu.int\/itu-d\/sites\/projectumc\/2025\/02\/06\/umc-for-the-pacific\/\" data-span=\"6\" target=\"_blank\">\n        <img decoding=\"async\" class=\"square\" src=\"https:\/\/www.itu.int\/itu-d\/sites\/projectumc\/wp-content\/uploads\/sites\/42\/2025\/02\/UMC-Banner-verticial-5.jpg\" alt=\"\" \/>\n        <div class=\"content\">\n            <div class=\"main\">\n                <p class=\"title\">ITU Subregional workshop for the Pacific on promoting and measuring Universal and Meaningful Connectivity (UMC)<br>24-26 June 2025, Koror, Palau<\/p>\n\n            <\/div>\n            <div class=\"addInfo\">Learn more<\/div>\n        <\/div>\n    <\/a>\n\n                                                <a class=\"ituCard anim bg hor\" href=\"https:\/\/www.itu.int\/itu-d\/sites\/projectumc\/2025\/04\/21\/umc_ws_europe\/\" data-span=\"6\" target=\"_blank\">\n        <img decoding=\"async\" class=\"square\" src=\"https:\/\/www.itu.int\/itu-d\/sites\/projectumc\/wp-content\/uploads\/sites\/42\/2025\/02\/UMC-Banner-verticial-5.jpg\" alt=\"\" \/>\n        <div class=\"content\">\n            <div class=\"main\">\n                <p class=\"title\">ITU Subregional workshop for Europe on promoting and measuring Universal and Meaningful Connectivity (UMC)<br>11-13 June 2025, Istanbul, T\u00fcrkiye<\/p>\n\n            <\/div>\n            <div class=\"addInfo\">Learn more<\/div>\n        <\/div>\n    <\/a>\n\n                                                <a class=\"ituCard anim bg hor\" href=\"https:\/\/www.itu.int\/itu-d\/sites\/projectumc\/2025\/01\/27\/umc_ws_latam\/?lang=en\" data-span=\"6\" target=\"_blank\">\n        <img decoding=\"async\" class=\"square\" src=\"https:\/\/www.itu.int\/itu-d\/sites\/projectumc\/wp-content\/uploads\/sites\/42\/2025\/02\/UMC-Banner-verticial-5.jpg\" alt=\"\" \/>\n        <div class=\"content\">\n            <div class=\"main\">\n                <p class=\"title\">ITU Subregional workshop for Latin America on promoting and measuring Universal and Meaningful Connectivity (UMC)<br>8-10 April 2025, Santo Domingo, Dominican Republic<\/p>\n\n            <\/div>\n            <div class=\"addInfo\">Learn more<\/div>\n        <\/div>\n    <\/a>\n\n                                                <a class=\"ituCard anim bg hor\" href=\"https:\/\/www.itu.int\/itu-d\/sites\/projectumc\/2024\/10\/28\/umc_ws_asia\/\" data-span=\"6\" target=\"_blank\">\n        <img decoding=\"async\" class=\"square\" src=\"https:\/\/www.itu.int\/itu-d\/sites\/projectumc\/wp-content\/uploads\/sites\/42\/2024\/10\/UMC-Banner-verticial-2.jpg\" alt=\"\" \/>\n        <div class=\"content\">\n            <div class=\"main\">\n                <p class=\"title\">ITU Subregional workshop for Asia on promoting and measuring Universal and Meaningful Connectivity (UMC)<br>16-18 December 2024, Bangkok, Thailand<\/p>\n\n            <\/div>\n            <div class=\"addInfo\">Learn more<\/div>\n        <\/div>\n    <\/a>\n\n                                                <a class=\"ituCard anim bg hor\" href=\"https:\/\/www.itu.int\/itu-d\/sites\/projectumc\/2024\/03\/12\/umc_ws_arb\/\" data-span=\"6\" target=\"_blank\">\n        <img decoding=\"async\" class=\"square\" src=\"https:\/\/www.itu.int\/itu-d\/sites\/projectumc\/wp-content\/uploads\/sites\/42\/2024\/09\/UMC-Banner-verticial.jpg\" alt=\"\" \/>\n        <div class=\"content\">\n            <div class=\"main\">\n                <p class=\"title\">ITU Regional Workshop for the Arab States on promoting and measuring Universal and Meaningful Connectivity (UMC)<br>1-3 October 2024, Doha, Qatar<\/p>\n\n            <\/div>\n            <div class=\"addInfo\">Learn more<\/div>\n        <\/div>\n    <\/a>\n\n                                                <a class=\"ituCard anim bg hor\" href=\"https:\/\/www.itu.int\/itu-d\/sites\/projectumc\/2024\/04\/08\/umc_ws_cis\/\" data-span=\"6\" target=\"_blank\">\n        <img decoding=\"async\" class=\"square\" src=\"https:\/\/www.itu.int\/itu-d\/sites\/projectumc\/wp-content\/uploads\/sites\/42\/2024\/05\/UMC3.jpg\" alt=\"\" \/>\n        <div class=\"content\">\n            <div class=\"main\">\n                <p class=\"title\">ITU Regional Seminar for CIS countries on promoting and measuring Universal and Meaningful digital Connectivity (UMC)\u00a0<br><strong>24-27 June 2024, Tashkent, Uzbekistan<\/strong><\/p>\n\n            <\/div>\n            <div class=\"addInfo\">Learn more<\/div>\n        <\/div>\n    <\/a>\n\n                                                <a class=\"ituCard anim bg hor\" href=\"https:\/\/www.itu.int\/itu-d\/sites\/projectumc\/2024\/03\/14\/umc_ws_car\/\" data-span=\"6\" target=\"_blank\">\n        <img decoding=\"async\" class=\"square\" src=\"https:\/\/www.itu.int\/itu-d\/sites\/projectumc\/wp-content\/uploads\/sites\/42\/2024\/04\/UMC_WS_CAR.jpg\" alt=\"\" \/>\n        <div class=\"content\">\n            <div class=\"main\">\n                <p class=\"title\"><strong>ITU Subregional Workshop for the Caribbean on promoting and measuring Universal and Meaningful Connectivity<\/strong> (UMC)<br><strong>11-13 June 2024, Nassau, Bahamas<\/strong><\/p>\n\n            <\/div>\n            <div class=\"addInfo\">Learn more<\/div>\n        <\/div>\n    <\/a>\n\n                    <\/div>\n    <\/section>\n\n\n    <section>\n        <div class=\"ituContainer grid\">\n                                                <a class=\"ituCard anim bg hor\" href=\"https:\/\/www.itu.int\/itu-d\/sites\/projectumc\/2023\/10\/06\/beyond-universality-the-meaningful-connectivity-imperative\/\" data-span=\"6\" target=\"_blank\">\n        <img decoding=\"async\" class=\"square\" src=\"https:\/\/www.itu.int\/itu-d\/sites\/projectumc\/wp-content\/uploads\/sites\/42\/2023\/10\/Internet-Governance-Forum-2023-Mini-Banner.png\" alt=\"\" \/>\n        <div class=\"content\">\n            <div class=\"main\">\n                <p class=\"title\">ITU workshop on UMC at Internet Governance Forum<\/p>\n\n            <\/div>\n            <div class=\"addInfo\">11 October 2023<\/div>\n        <\/div>\n    <\/a>\n\n                                                <a class=\"ituCard anim bg hor\" href=\"https:\/\/www.itu.int\/itu-d\/sites\/projectumc\/2023\/06\/30\/18-21-september-annual-meetings-of-itus-expert-groups-on-ict-indicators\/\" data-span=\"6\" target=\"_blank\">\n        <img decoding=\"async\" class=\"square\" src=\"https:\/\/www.itu.int\/itu-d\/sites\/projectumc\/wp-content\/uploads\/sites\/42\/2023\/06\/ITU-Placeholder-vertical.jpg\" alt=\"\" \/>\n        <div class=\"content\">\n            <div class=\"main\">\n                <p class=\"title\">Annual meetings of ITU\u2019s expert groups on ICT indicators<\/p>\n\n            <\/div>\n            <div class=\"addInfo\">18-21 September 2023<\/div>\n        <\/div>\n    <\/a>\n\n                                                <a class=\"ituCard anim bg hor\" href=\"https:\/\/www.itu.int\/itu-d\/sites\/projectumc\/2023\/06\/30\/19-july-itu-to-host-side-event-on-umc-at-un-high-level-panel-forum-on-sustainable-development\/\" data-span=\"6\" target=\"\">\n        <img decoding=\"async\" class=\"square\" src=\"https:\/\/www.itu.int\/itu-d\/sites\/projectumc\/wp-content\/uploads\/sites\/42\/2023\/06\/UN-High-Level-Panel-vertical.jpg\" alt=\"\" \/>\n        <div class=\"content\">\n            <div class=\"main\">\n                <p class=\"title\">ITU side-event on UMC at UN High-Level Panel Forum on Sustainable Development<\/p>\n\n            <\/div>\n            <div class=\"addInfo\">19 July 2023<\/div>\n        <\/div>\n    <\/a>\n\n                                                <a class=\"ituCard anim bg hor\" href=\"https:\/\/www.itu.int\/itu-d\/sites\/projectumc\/2023\/06\/30\/3-4-july-world-telecommunication-ict-indicators-symposium-2023-advancing-the-measurement-agenda-to-achieve-umc\/\" data-span=\"6\" target=\"\">\n        <img decoding=\"async\" class=\"square\" src=\"https:\/\/www.itu.int\/itu-d\/sites\/projectumc\/wp-content\/uploads\/sites\/42\/2023\/06\/WTIS-Vertical.jpg\" alt=\"\" \/>\n        <div class=\"content\">\n            <div class=\"main\">\n                <p class=\"title\">World Telecommunication\/ICT Indicators Symposium 2023: Advancing the measurement agenda to achieve UMC<\/p>\n\n            <\/div>\n            <div class=\"addInfo\">3-4 July 2023<\/div>\n        <\/div>\n    <\/a>\n\n                    <\/div>\n    <\/section>\n","protected":false},"excerpt":{"rendered":"","protected":false},"author":4,"featured_media":0,"parent":75,"menu_order":6,"comment_status":"closed","ping_status":"closed","template":"obsolete-templates\/page-submenu.php","meta":{"_acf_changed":false,"footnotes":"","_links_to":"","_links_to_target":""},"class_list":["post-10","page","type-page","status-publish","hentry"],"acf":[],"yoast_head":"<!-- This site is optimized with the Yoast SEO plugin v27.4 - https:\/\/yoast.com\/product\/yoast-seo-wordpress\/ -->\n<title>Events - UMC<\/title>\n<meta name=\"robots\" content=\"index, follow, max-snippet:-1, max-image-preview:large, max-video-preview:-1\" \/>\n<link rel=\"canonical\" href=\"https:\/\/www.itu.int\/itu-d\/sites\/projectumc\/information-hub\/events\/\" \/>\n<meta property=\"og:locale\" content=\"en_US\" \/>\n<meta property=\"og:type\" content=\"article\" \/>\n<meta property=\"og:title\" content=\"Events - UMC\" \/>\n<meta property=\"og:url\" content=\"https:\/\/www.itu.int\/itu-d\/sites\/projectumc\/information-hub\/events\/\" \/>\n<meta property=\"og:site_name\" content=\"UMC\" \/>\n<meta property=\"article:modified_time\" content=\"2026-03-05T10:38:45+00:00\" \/>\n<meta name=\"twitter:card\" content=\"summary_large_image\" \/>\n<script type=\"application\/ld+json\" class=\"yoast-schema-graph\">{\"@context\":\"https:\\\/\\\/schema.org\",\"@graph\":[{\"@type\":\"WebPage\",\"@id\":\"https:\\\/\\\/www.itu.int\\\/itu-d\\\/sites\\\/projectumc\\\/information-hub\\\/events\\\/\",\"url\":\"https:\\\/\\\/www.itu.int\\\/itu-d\\\/sites\\\/projectumc\\\/information-hub\\\/events\\\/\",\"name\":\"Events - UMC\",\"isPartOf\":{\"@id\":\"https:\\\/\\\/www.itu.int\\\/itu-d\\\/sites\\\/projectumc\\\/?lang=en\\\/#website\"},\"datePublished\":\"2023-06-27T08:59:57+00:00\",\"dateModified\":\"2026-03-05T10:38:45+00:00\",\"breadcrumb\":{\"@id\":\"https:\\\/\\\/www.itu.int\\\/itu-d\\\/sites\\\/projectumc\\\/information-hub\\\/events\\\/#breadcrumb\"},\"inLanguage\":\"en-US\",\"potentialAction\":[{\"@type\":\"ReadAction\",\"target\":[\"https:\\\/\\\/www.itu.int\\\/itu-d\\\/sites\\\/projectumc\\\/information-hub\\\/events\\\/\"]}]},{\"@type\":\"BreadcrumbList\",\"@id\":\"https:\\\/\\\/www.itu.int\\\/itu-d\\\/sites\\\/projectumc\\\/information-hub\\\/events\\\/#breadcrumb\",\"itemListElement\":[{\"@type\":\"ListItem\",\"position\":1,\"name\":\"Home\",\"item\":\"https:\\\/\\\/www.itu.int\\\/itu-d\\\/sites\\\/projectumc\\\/\"},{\"@type\":\"ListItem\",\"position\":2,\"name\":\"Information Hub\",\"item\":\"https:\\\/\\\/www.itu.int\\\/itu-d\\\/sites\\\/projectumc\\\/information-hub\\\/\"},{\"@type\":\"ListItem\",\"position\":3,\"name\":\"Events\"}]},{\"@type\":\"WebSite\",\"@id\":\"https:\\\/\\\/www.itu.int\\\/itu-d\\\/sites\\\/projectumc\\\/?lang=en\\\/#website\",\"url\":\"https:\\\/\\\/www.itu.int\\\/itu-d\\\/sites\\\/projectumc\\\/?lang=en\\\/\",\"name\":\"UMC\",\"description\":\"Universal and Meaningful Connectivity\",\"potentialAction\":[{\"@type\":\"SearchAction\",\"target\":{\"@type\":\"EntryPoint\",\"urlTemplate\":\"https:\\\/\\\/www.itu.int\\\/itu-d\\\/sites\\\/projectumc\\\/?lang=en\\\/?s={search_term_string}\"},\"query-input\":{\"@type\":\"PropertyValueSpecification\",\"valueRequired\":true,\"valueName\":\"search_term_string\"}}],\"inLanguage\":\"en-US\"}]}<\/script>\n<!-- \/ Yoast SEO plugin. -->","yoast_head_json":{"title":"Events - UMC","robots":{"index":"index","follow":"follow","max-snippet":"max-snippet:-1","max-image-preview":"max-image-preview:large","max-video-preview":"max-video-preview:-1"},"canonical":"https:\/\/www.itu.int\/itu-d\/sites\/projectumc\/information-hub\/events\/","og_locale":"en_US","og_type":"article","og_title":"Events - UMC","og_url":"https:\/\/www.itu.int\/itu-d\/sites\/projectumc\/information-hub\/events\/","og_site_name":"UMC","article_modified_time":"2026-03-05T10:38:45+00:00","twitter_card":"summary_large_image","schema":{"@context":"https:\/\/schema.org","@graph":[{"@type":"WebPage","@id":"https:\/\/www.itu.int\/itu-d\/sites\/projectumc\/information-hub\/events\/","url":"https:\/\/www.itu.int\/itu-d\/sites\/projectumc\/information-hub\/events\/","name":"Events - UMC","isPartOf":{"@id":"https:\/\/www.itu.int\/itu-d\/sites\/projectumc\/?lang=en\/#website"},"datePublished":"2023-06-27T08:59:57+00:00","dateModified":"2026-03-05T10:38:45+00:00","breadcrumb":{"@id":"https:\/\/www.itu.int\/itu-d\/sites\/projectumc\/information-hub\/events\/#breadcrumb"},"inLanguage":"en-US","potentialAction":[{"@type":"ReadAction","target":["https:\/\/www.itu.int\/itu-d\/sites\/projectumc\/information-hub\/events\/"]}]},{"@type":"BreadcrumbList","@id":"https:\/\/www.itu.int\/itu-d\/sites\/projectumc\/information-hub\/events\/#breadcrumb","itemListElement":[{"@type":"ListItem","position":1,"name":"Home","item":"https:\/\/www.itu.int\/itu-d\/sites\/projectumc\/"},{"@type":"ListItem","position":2,"name":"Information Hub","item":"https:\/\/www.itu.int\/itu-d\/sites\/projectumc\/information-hub\/"},{"@type":"ListItem","position":3,"name":"Events"}]},{"@type":"WebSite","@id":"https:\/\/www.itu.int\/itu-d\/sites\/projectumc\/?lang=en\/#website","url":"https:\/\/www.itu.int\/itu-d\/sites\/projectumc\/?lang=en\/","name":"UMC","description":"Universal and Meaningful Connectivity","potentialAction":[{"@type":"SearchAction","target":{"@type":"EntryPoint","urlTemplate":"https:\/\/www.itu.int\/itu-d\/sites\/projectumc\/?lang=en\/?s={search_term_string}"},"query-input":{"@type":"PropertyValueSpecification","valueRequired":true,"valueName":"search_term_string"}}],"inLanguage":"en-US"}]}},"_links":{"self":[{"href":"https:\/\/www.itu.int\/itu-d\/sites\/projectumc\/wp-json\/wp\/v2\/pages\/10","targetHints":{"allow":["GET"]}}],"collection":[{"href":"https:\/\/www.itu.int\/itu-d\/sites\/projectumc\/wp-json\/wp\/v2\/pages"}],"about":[{"href":"https:\/\/www.itu.int\/itu-d\/sites\/projectumc\/wp-json\/wp\/v2\/types\/page"}],"author":[{"embeddable":true,"href":"https:\/\/www.itu.int\/itu-d\/sites\/projectumc\/wp-json\/wp\/v2\/users\/4"}],"replies":[{"embeddable":true,"href":"https:\/\/www.itu.int\/itu-d\/sites\/projectumc\/wp-json\/wp\/v2\/comments?post=10"}],"version-history":[{"count":0,"href":"https:\/\/www.itu.int\/itu-d\/sites\/projectumc\/wp-json\/wp\/v2\/pages\/10\/revisions"}],"up":[{"embeddable":true,"href":"https:\/\/www.itu.int\/itu-d\/sites\/projectumc\/wp-json\/wp\/v2\/pages\/75"}],"wp:attachment":[{"href":"https:\/\/www.itu.int\/itu-d\/sites\/projectumc\/wp-json\/wp\/v2\/media?parent=10"}],"curies":[{"name":"wp","href":"https:\/\/api.w.org\/{rel}","templated":true}]}}