{"id":327,"date":"2023-05-30T09:32:27","date_gmt":"2023-05-30T09:32:27","guid":{"rendered":"https:\/\/www.itu.int\/itu-d\/sites\/priorities\/enablers-of-itu-d-priorities\/diversity-and-inclusion\/"},"modified":"2023-06-23T09:46:30","modified_gmt":"2023-06-23T09:46:30","slug":"diversity-and-inclusion","status":"publish","type":"page","link":"https:\/\/www.itu.int\/itu-d\/sites\/priorities\/fr\/enablers-of-itu-d-priorities\/diversity-and-inclusion\/","title":{"rendered":"Diversit\u00e9 et inclusion"},"content":{"rendered":"    <section class=\"ituBanner bg smallheight\">\n        <div class=\"bgContainer\">\n            <img src=https:\/\/www.itu.int\/itu-d\/sites\/priorities\/wp-content\/uploads\/sites\/40\/2023\/05\/Digital-impact-unlocked-banner.jpg alt=\"Background decorative image\" \/>\n            <div class=\"ituContainer grid\">\n                <div class=\"content\" data-span=\"8\">\n                    <div class=\"main\">\n                        <h2 class=\"h1 white\">Diversit\u00e9 et inclusion<\/h2>\n                    <\/div>\n                    <div class=\"addInfo\"><\/div>\n                <\/div>\n            <\/div>\n        <\/div>\n    <\/section>\n\n\n    <div class=\"ituContainer grid\">\n                        <div data-span=\"12\">\n                    <div class=\"ituContainer\">\n<p><strong>Catalyseurs pour les priorit\u00e9s de l\u2019UIT-D<\/strong><\/p>\n<\/div>                    <div class=\"ituContainer\">\n<h1 class=\"wp-block-heading\">Diversit\u00e9 et inclusion<\/h1>\n<\/div>            <\/div>\n            <\/div>\n\n\n    <div class=\"ituContainer grid\">\n        <div data-span=\"12\">\n                    <\/div>\n    <\/div>\n\n\n    <div class=\"ituContainer grid\">\n                        <div data-span=\"6\">\n            <\/div>\n                        <div data-span=\"4\">\n            <\/div>\n            <\/div>\n\n\n    <div class=\"ituContainer grid\">\n            <\/div>\n\n\n    <div class=\"ituContainer grid\">\n        <div data-span=\"12\">\n                                <div class=\"ituContainer grid\">\n                        <div data-span=\"8\">\n            <\/div>\n            <\/div>\n                    <\/div>\n    <\/div>\n\n\n    <div class=\"ituContainer grid\">\n                        <div data-span=\"8\">\n                    <div class=\"ituContainer\">\n<p>L&rsquo;UIT demeure r\u00e9solue \u00e0 int\u00e9grer les pratiques de diversit\u00e9 et d&rsquo;inclusion dans ses travaux, afin d&rsquo;assurer l&rsquo;\u00e9galit\u00e9. Dans cette optique, l&rsquo;UIT \u0153uvrera en faveur de la r\u00e9duction de la fracture num\u00e9rique et de la mise en place d&rsquo;une soci\u00e9t\u00e9 num\u00e9rique inclusive, en faisant en sorte que tout un chacun, dans tous les pays du monde, puisse avoir acc\u00e8s \u00e0 des t\u00e9l\u00e9communications\/TIC financi\u00e8rement abordables et les utiliser, y compris les femmes et les jeunes filles, les jeunes, les populations autochtones, les personnes \u00e2g\u00e9es, les personnes handicap\u00e9es et les personnes ayant des besoins particuliers.<\/p>\n<\/div>            <\/div>\n                        <div data-span=\"4\">\n                        <div class=\"ituContainer grid\">\n        <div data-span=\"12\">\n                                <div class=\"ituCard highlight-alt\" data-span=\"8\">\n\t\t<p><strong><strong><strong>Priorit\u00e9s de l\u2019UIT-D<\/strong>:<br><br><\/strong><\/strong><a href=\"https:\/\/www.itu.int\/itu-d\/sites\/priorities\/fr\/affordable-connectivity\/\">Connectivit\u00e9 financi\u00e8rement abordable<\/a><br><a href=\"https:\/\/www.itu.int\/itu-d\/sites\/priorities\/fr\/digital-transformation\/\">Transformation num\u00e9rique<\/a><br><a href=\"https:\/\/www.itu.int\/itu-d\/sites\/priorities\/fr\/enabling-policy-and-regulatory-environment\/\">Environnement politique et r\u00e9glementaire propice<\/a><br><a href=\"https:\/\/www.itu.int\/itu-d\/sites\/priorities\/fr\/resource-mobilization-and-international-cooperation\/\">Mobilisation de ressources et coop\u00e9ration internationale<\/a><br><a href=\"https:\/\/www.itu.int\/itu-d\/sites\/priorities\/fr\/inclusive-and-secure-telecommunications-icts-for-sustainable-development\/\">T\u00e9l\u00e9communications\/TIC inclusives et s\u00fbres au service du d\u00e9veloppement durable<\/a><\/p>\n\t<\/div>\n                    <\/div>\n    <\/div>\n            <\/div>\n            <\/div>\n\n\n    <div class=\"ituContainer grid\">\n        <div data-span=\"12\">\n                            <div class=\"ituContainer\">\n<h1 class=\"wp-block-heading\">Zoom sur<\/h1>\n<\/div>                                <section>\n        <div class=\"ituContainer grid\">\n                                <div class=\"ituCard bg hor alternating\" data-span=\"12\">\n        <img src=https:\/\/www.itu.int\/itu-d\/sites\/priorities\/wp-content\/uploads\/sites\/40\/2023\/05\/Digital-Inclusion-Mini-Banner-1.jpg alt=\"Decorative image\" \/>\n        <div class=\"content\">\n            <div class=\"main\">\n                                    <p class=\"title\">Inclusion num\u00e9rique<\/p>\n                                                    Le pr\u00e9sent programme aide les d\u00e9cideurs et les populations \u00e0 exploiter le potentiel des TIC pour am\u00e9liorer fonci\u00e8rement les conditions de vie des personnes. Nous imaginons une soci\u00e9t\u00e9 num\u00e9rique inclusive o\u00f9 toutes les personnes, o\u00f9 qu&rsquo;elles se trouvent, puissent tirer parti des possibilit\u00e9s offertes par le num\u00e9rique pour favoriser le progr\u00e8s social et la croissance \u00e9conomique.<br>                                                    <a href=\"https:\/\/www.itu.int\/itu-d\/sites\/digital-inclusion\/fr\/\" class=\"ituBtn\" target=_self>\n                        En savoir plus                    <\/a>\n                            <\/div>\n        <\/div>\n    <\/div>\n                    <\/div>\n    <\/section>\n                    <\/div>\n    <\/div>\n\n\n    <div class=\"ituContainer grid\">\n        <div data-span=\"12\">\n                            <div class=\"ituContainer\">\n<h1 class=\"wp-block-heading\">Catalyseurs d\u00e9finis dans le Plan d&rsquo;action de Kigali<\/h1>\n<\/div>                                <section>\n        <div class=\"ituContainer grid\">\n                                                <a class=\"ituCard anim bg hor\" href=\"https:\/\/www.itu.int\/itu-d\/sites\/priorities\/fr\/enablers-of-itu-d-priorities\/membership-driven\/\" data-span=\"6\" target=\"\">\n        <img decoding=\"async\" class=\"square\" src=\"https:\/\/www.itu.int\/itu-d\/sites\/priorities\/wp-content\/uploads\/sites\/40\/2023\/06\/Membership-driven-thumb_square.jpg\" alt=\"\" \/>\n        <div class=\"content\">\n            <div class=\"main\">\n                <p class=\"title\">Travaux reposant sur les contributions des membres<\/p>\n\n            <\/div>\n            <div class=\"addInfo\">L\u2019UIT continuera d\u2019\u0153uvrer en tant qu\u2019organisation reposant sur les contributions de ses membres, afin de tenir d\u00fbment compte des besoins de ses diff\u00e9rents membres et d\u2019y r\u00e9pondre efficacement.<br><br>En savoir plus \u203a<br><\/div>\n        <\/div>\n    <\/a>\n\n                                                <a class=\"ituCard anim bg hor\" href=\"https:\/\/www.itu.int\/itu-d\/sites\/priorities\/fr\/enablers-of-itu-d-priorities\/regional-presence\/\" data-span=\"6\" target=\"\">\n        <img decoding=\"async\" class=\"square\" src=\"https:\/\/www.itu.int\/itu-d\/sites\/priorities\/wp-content\/uploads\/sites\/40\/2023\/06\/Regional_presence-Thumb-Square.jpg\" alt=\"\" \/>\n        <div class=\"content\">\n            <div class=\"main\">\n                <p class=\"title\">Pr\u00e9sence r\u00e9gionale<\/p>\n\n            <\/div>\n            <div class=\"addInfo\">La pr\u00e9sence r\u00e9gionale, consid\u00e9r\u00e9e comme un prolongement de l\u2019UIT dans son ensemble, joue un r\u00f4le crucial pour donner effet \u00e0 la mission de l\u2019UIT, renforcer la compr\u00e9hension par l\u2019Union des r\u00e9alit\u00e9s locales et pouvoir r\u00e9pondre aux besoins des pays de mani\u00e8re efficace.<br><br>En savoir plus \u203a<br><\/div>\n        <\/div>\n    <\/a>\n\n                                                <a class=\"ituCard anim bg hor\" href=\"https:\/\/www.itu.int\/itu-d\/sites\/priorities\/fr\/enablers-of-itu-d-priorities\/diversity-and-inclusion\/\" data-span=\"6\" target=\"\">\n        <img decoding=\"async\" class=\"square\" src=\"https:\/\/www.itu.int\/itu-d\/sites\/priorities\/wp-content\/uploads\/sites\/40\/2023\/06\/Diversity-and-inclusion-thumb-square.jpg\" alt=\"\" \/>\n        <div class=\"content\">\n            <div class=\"main\">\n                <p class=\"title\">Diversit\u00e9 et inclusion<\/p>\n\n            <\/div>\n            <div class=\"addInfo\">L\u2019UIT demeure r\u00e9solue \u00e0 int\u00e9grer les pratiques de diversit\u00e9 et d\u2019inclusion dans ses travaux, afin d\u2019assurer l\u2019\u00e9galit\u00e9.<br><br>En savoir plus \u203a<br><\/div>\n        <\/div>\n    <\/a>\n\n                                                <a class=\"ituCard anim bg hor\" href=\"https:\/\/www.itu.int\/itu-d\/sites\/priorities\/fr\/enablers-of-itu-d-priorities\/commitment-to-environmental-sustainability\/\" data-span=\"6\" target=\"\">\n        <img decoding=\"async\" class=\"square\" src=\"https:\/\/www.itu.int\/itu-d\/sites\/priorities\/wp-content\/uploads\/sites\/40\/2023\/06\/Commitment-to-environmental-sustainability-thumb-square.jpg\" alt=\"\" \/>\n        <div class=\"content\">\n            <div class=\"main\">\n                <p class=\"title\">Engagement en faveur de la durabilit\u00e9 environnementale<\/p>\n\n            <\/div>\n            <div class=\"addInfo\">L\u2019UIT est consciente que les t\u00e9l\u00e9communications\/TIC pr\u00e9sentent des risques, s\u2019accompagnent de d\u00e9fis et offrent des possibilit\u00e9s sur le plan environnemental.<br><br>En savoir plus \u203a<br><\/div>\n        <\/div>\n    <\/a>\n\n                                                <a class=\"ituCard anim bg hor\" href=\"https:\/\/www.itu.int\/itu-d\/sites\/priorities\/fr\/enablers-of-itu-d-priorities\/partnerships-and-international-cooperation\/\" data-span=\"6\" target=\"\">\n        <img decoding=\"async\" class=\"square\" src=\"https:\/\/www.itu.int\/itu-d\/sites\/priorities\/wp-content\/uploads\/sites\/40\/2023\/06\/Partnerships-and-International-Cooperation-Thumb-Square.jpg\" alt=\"\" \/>\n        <div class=\"content\">\n            <div class=\"main\">\n                <p class=\"title\">Partenariats et coop\u00e9ration internationale<\/p>\n\n            <\/div>\n            <div class=\"addInfo\">Pour accro\u00eetre la collaboration \u00e0 l\u2019\u00e9chelle mondiale afin de r\u00e9aliser sa mission, l\u2019UIT continue de renforcer les partenariats entre ses membres et les autres parties prenantes.<br><br>En savoir plus \u203a<br><\/div>\n        <\/div>\n    <\/a>\n\n                                                <a class=\"ituCard anim bg hor\" href=\"https:\/\/www.itu.int\/itu-d\/sites\/priorities\/fr\/enablers-of-itu-d-priorities\/resource-mobilization\/\" data-span=\"6\" target=\"\">\n        <img decoding=\"async\" class=\"square\" src=\"https:\/\/www.itu.int\/itu-d\/sites\/priorities\/wp-content\/uploads\/sites\/40\/2023\/06\/Resource-mobilization-Thumb-Square.jpg\" alt=\"\" \/>\n        <div class=\"content\">\n            <div class=\"main\">\n                <p class=\"title\">Mobilisation de ressources<\/p>\n\n            <\/div>\n            <div class=\"addInfo\">L\u2019intensification des activit\u00e9s de mobilisation de ressources et l\u2019augmentation des financements sont indispensables pour atteindre les objectifs de l\u2019Union et renforcer l\u2019appui de l\u2019UIT aux membres.<br><br>En savoir plus \u203a<br><\/div>\n        <\/div>\n    <\/a>\n\n                                                <a class=\"ituCard anim bg hor\" href=\"https:\/\/www.itu.int\/itu-d\/sites\/priorities\/fr\/enablers-of-itu-d-priorities\/excellence-en-matiere-de-ressources-humaines-et-innovation-organisationnelle\/\" data-span=\"6\" target=\"\">\n        <img decoding=\"async\" class=\"square\" src=\"https:\/\/www.itu.int\/itu-d\/sites\/priorities\/wp-content\/uploads\/sites\/40\/2023\/06\/Excellence-in-human-resources-and-organizational-innovation-thumb-square.jpg\" alt=\"\" \/>\n        <div class=\"content\">\n            <div class=\"main\">\n                <p class=\"title\">Excellence en mati\u00e8re de ressources humaines et innovation organisationnelle<\/p>\n\n            <\/div>\n            <div class=\"addInfo\">Renforcer l\u2019efficience et l\u2019efficacit\u00e9 des op\u00e9rations permet \u00e0 l\u2019UIT de faire face aux mutations qui s\u2019op\u00e8rent dans le secteur des t\u00e9l\u00e9communications\/TIC et \u00e0 l\u2019\u00e9volution des besoins des membres.<br><br>En savoir plus \u203a<br><\/div>\n        <\/div>\n    <\/a>\n\n                    <\/div>\n    <\/section>\n                    <\/div>\n    <\/div>\n","protected":false},"excerpt":{"rendered":"","protected":false},"author":4,"featured_media":0,"parent":307,"menu_order":0,"comment_status":"closed","ping_status":"open","template":"","meta":{"_acf_changed":false,"footnotes":"","_links_to":"","_links_to_target":""},"class_list":["post-327","page","type-page","status-publish","hentry"],"acf":[],"yoast_head":"<!-- This site is optimized with the Yoast SEO plugin v27.3 - https:\/\/yoast.com\/product\/yoast-seo-wordpress\/ -->\n<title>Diversit\u00e9 et inclusion - ITU-D Priorities<\/title>\n<meta name=\"robots\" content=\"index, follow, max-snippet:-1, max-image-preview:large, max-video-preview:-1\" \/>\n<link rel=\"canonical\" href=\"https:\/\/www.itu.int\/itu-d\/sites\/priorities\/fr\/enablers-of-itu-d-priorities\/diversity-and-inclusion\/\" \/>\n<meta property=\"og:locale\" content=\"fr_FR\" \/>\n<meta property=\"og:type\" content=\"article\" \/>\n<meta property=\"og:title\" content=\"Diversit\u00e9 et inclusion\" \/>\n<meta property=\"og:url\" content=\"https:\/\/www.itu.int\/itu-d\/sites\/priorities\/fr\/enablers-of-itu-d-priorities\/diversity-and-inclusion\/\" \/>\n<meta property=\"og:site_name\" content=\"ITU-D Priorities\" \/>\n<meta property=\"article:modified_time\" content=\"2023-06-23T09:46:30+00:00\" \/>\n<meta property=\"og:image\" content=\"https:\/\/www.itu.int\/itu-d\/sites\/priorities\/wp-content\/uploads\/sites\/40\/2023\/06\/Diversity-and-inclusion-thumb-square.jpg\" \/>\n\t<meta property=\"og:image:width\" content=\"700\" \/>\n\t<meta property=\"og:image:height\" content=\"700\" \/>\n\t<meta property=\"og:image:type\" content=\"image\/jpeg\" \/>\n<meta name=\"twitter:card\" content=\"summary_large_image\" \/>\n<meta name=\"twitter:image\" content=\"https:\/\/www.itu.int\/itu-d\/sites\/priorities\/wp-content\/uploads\/sites\/40\/2023\/06\/Diversity-and-inclusion-thumb-square.jpg\" \/>\n<meta name=\"twitter:label1\" content=\"Dur\u00e9e de lecture estim\u00e9e\" \/>\n\t<meta name=\"twitter:data1\" content=\"1 minute\" \/>\n<script type=\"application\/ld+json\" class=\"yoast-schema-graph\">{\"@context\":\"https:\\\/\\\/schema.org\",\"@graph\":[{\"@type\":\"WebPage\",\"@id\":\"https:\\\/\\\/www.itu.int\\\/itu-d\\\/sites\\\/priorities\\\/fr\\\/enablers-of-itu-d-priorities\\\/diversity-and-inclusion\\\/\",\"url\":\"https:\\\/\\\/www.itu.int\\\/itu-d\\\/sites\\\/priorities\\\/fr\\\/enablers-of-itu-d-priorities\\\/diversity-and-inclusion\\\/\",\"name\":\"Diversit\u00e9 et inclusion - ITU-D Priorities\",\"isPartOf\":{\"@id\":\"https:\\\/\\\/www.itu.int\\\/itu-d\\\/sites\\\/priorities\\\/#website\"},\"datePublished\":\"2023-05-30T09:32:27+00:00\",\"dateModified\":\"2023-06-23T09:46:30+00:00\",\"breadcrumb\":{\"@id\":\"https:\\\/\\\/www.itu.int\\\/itu-d\\\/sites\\\/priorities\\\/fr\\\/enablers-of-itu-d-priorities\\\/diversity-and-inclusion\\\/#breadcrumb\"},\"inLanguage\":\"fr-FR\",\"potentialAction\":[{\"@type\":\"ReadAction\",\"target\":[\"https:\\\/\\\/www.itu.int\\\/itu-d\\\/sites\\\/priorities\\\/fr\\\/enablers-of-itu-d-priorities\\\/diversity-and-inclusion\\\/\"]}]},{\"@type\":\"BreadcrumbList\",\"@id\":\"https:\\\/\\\/www.itu.int\\\/itu-d\\\/sites\\\/priorities\\\/fr\\\/enablers-of-itu-d-priorities\\\/diversity-and-inclusion\\\/#breadcrumb\",\"itemListElement\":[{\"@type\":\"ListItem\",\"position\":1,\"name\":\"Home\",\"item\":\"https:\\\/\\\/www.itu.int\\\/itu-d\\\/sites\\\/priorities\\\/fr\\\/\"},{\"@type\":\"ListItem\",\"position\":2,\"name\":\"Catalyseurs pour les priorit\u00e9s de l&#8217;UIT-D\",\"item\":\"https:\\\/\\\/www.itu.int\\\/itu-d\\\/sites\\\/priorities\\\/fr\\\/enablers-of-itu-d-priorities\\\/\"},{\"@type\":\"ListItem\",\"position\":3,\"name\":\"Diversit\u00e9 et inclusion\"}]},{\"@type\":\"WebSite\",\"@id\":\"https:\\\/\\\/www.itu.int\\\/itu-d\\\/sites\\\/priorities\\\/#website\",\"url\":\"https:\\\/\\\/www.itu.int\\\/itu-d\\\/sites\\\/priorities\\\/\",\"name\":\"ITU-D Priorities\",\"description\":\"\",\"potentialAction\":[{\"@type\":\"SearchAction\",\"target\":{\"@type\":\"EntryPoint\",\"urlTemplate\":\"https:\\\/\\\/www.itu.int\\\/itu-d\\\/sites\\\/priorities\\\/?s={search_term_string}\"},\"query-input\":{\"@type\":\"PropertyValueSpecification\",\"valueRequired\":true,\"valueName\":\"search_term_string\"}}],\"inLanguage\":\"fr-FR\"}]}<\/script>\n<!-- \/ Yoast SEO plugin. -->","yoast_head_json":{"title":"Diversit\u00e9 et inclusion - ITU-D Priorities","robots":{"index":"index","follow":"follow","max-snippet":"max-snippet:-1","max-image-preview":"max-image-preview:large","max-video-preview":"max-video-preview:-1"},"canonical":"https:\/\/www.itu.int\/itu-d\/sites\/priorities\/fr\/enablers-of-itu-d-priorities\/diversity-and-inclusion\/","og_locale":"fr_FR","og_type":"article","og_title":"Diversit\u00e9 et inclusion","og_url":"https:\/\/www.itu.int\/itu-d\/sites\/priorities\/fr\/enablers-of-itu-d-priorities\/diversity-and-inclusion\/","og_site_name":"ITU-D Priorities","article_modified_time":"2023-06-23T09:46:30+00:00","og_image":[{"width":700,"height":700,"url":"https:\/\/www.itu.int\/itu-d\/sites\/priorities\/wp-content\/uploads\/sites\/40\/2023\/06\/Diversity-and-inclusion-thumb-square.jpg","type":"image\/jpeg"}],"twitter_card":"summary_large_image","twitter_image":"https:\/\/www.itu.int\/itu-d\/sites\/priorities\/wp-content\/uploads\/sites\/40\/2023\/06\/Diversity-and-inclusion-thumb-square.jpg","twitter_misc":{"Dur\u00e9e de lecture estim\u00e9e":"1 minute"},"schema":{"@context":"https:\/\/schema.org","@graph":[{"@type":"WebPage","@id":"https:\/\/www.itu.int\/itu-d\/sites\/priorities\/fr\/enablers-of-itu-d-priorities\/diversity-and-inclusion\/","url":"https:\/\/www.itu.int\/itu-d\/sites\/priorities\/fr\/enablers-of-itu-d-priorities\/diversity-and-inclusion\/","name":"Diversit\u00e9 et inclusion - ITU-D Priorities","isPartOf":{"@id":"https:\/\/www.itu.int\/itu-d\/sites\/priorities\/#website"},"datePublished":"2023-05-30T09:32:27+00:00","dateModified":"2023-06-23T09:46:30+00:00","breadcrumb":{"@id":"https:\/\/www.itu.int\/itu-d\/sites\/priorities\/fr\/enablers-of-itu-d-priorities\/diversity-and-inclusion\/#breadcrumb"},"inLanguage":"fr-FR","potentialAction":[{"@type":"ReadAction","target":["https:\/\/www.itu.int\/itu-d\/sites\/priorities\/fr\/enablers-of-itu-d-priorities\/diversity-and-inclusion\/"]}]},{"@type":"BreadcrumbList","@id":"https:\/\/www.itu.int\/itu-d\/sites\/priorities\/fr\/enablers-of-itu-d-priorities\/diversity-and-inclusion\/#breadcrumb","itemListElement":[{"@type":"ListItem","position":1,"name":"Home","item":"https:\/\/www.itu.int\/itu-d\/sites\/priorities\/fr\/"},{"@type":"ListItem","position":2,"name":"Catalyseurs pour les priorit\u00e9s de l&#8217;UIT-D","item":"https:\/\/www.itu.int\/itu-d\/sites\/priorities\/fr\/enablers-of-itu-d-priorities\/"},{"@type":"ListItem","position":3,"name":"Diversit\u00e9 et inclusion"}]},{"@type":"WebSite","@id":"https:\/\/www.itu.int\/itu-d\/sites\/priorities\/#website","url":"https:\/\/www.itu.int\/itu-d\/sites\/priorities\/","name":"ITU-D Priorities","description":"","potentialAction":[{"@type":"SearchAction","target":{"@type":"EntryPoint","urlTemplate":"https:\/\/www.itu.int\/itu-d\/sites\/priorities\/?s={search_term_string}"},"query-input":{"@type":"PropertyValueSpecification","valueRequired":true,"valueName":"search_term_string"}}],"inLanguage":"fr-FR"}]}},"_links":{"self":[{"href":"https:\/\/www.itu.int\/itu-d\/sites\/priorities\/fr\/wp-json\/wp\/v2\/pages\/327","targetHints":{"allow":["GET"]}}],"collection":[{"href":"https:\/\/www.itu.int\/itu-d\/sites\/priorities\/fr\/wp-json\/wp\/v2\/pages"}],"about":[{"href":"https:\/\/www.itu.int\/itu-d\/sites\/priorities\/fr\/wp-json\/wp\/v2\/types\/page"}],"author":[{"embeddable":true,"href":"https:\/\/www.itu.int\/itu-d\/sites\/priorities\/fr\/wp-json\/wp\/v2\/users\/4"}],"replies":[{"embeddable":true,"href":"https:\/\/www.itu.int\/itu-d\/sites\/priorities\/fr\/wp-json\/wp\/v2\/comments?post=327"}],"version-history":[{"count":0,"href":"https:\/\/www.itu.int\/itu-d\/sites\/priorities\/fr\/wp-json\/wp\/v2\/pages\/327\/revisions"}],"up":[{"embeddable":true,"href":"https:\/\/www.itu.int\/itu-d\/sites\/priorities\/fr\/wp-json\/wp\/v2\/pages\/307"}],"wp:attachment":[{"href":"https:\/\/www.itu.int\/itu-d\/sites\/priorities\/fr\/wp-json\/wp\/v2\/media?parent=327"}],"curies":[{"name":"wp","href":"https:\/\/api.w.org\/{rel}","templated":true}]}}