{"id":286,"date":"2023-05-25T08:55:53","date_gmt":"2023-05-25T08:55:53","guid":{"rendered":"https:\/\/www.itu.int\/itu-d\/sites\/priorities\/affordable-connectivity\/"},"modified":"2024-05-09T18:13:02","modified_gmt":"2024-05-09T18:13:02","slug":"affordable-connectivity","status":"publish","type":"page","link":"https:\/\/www.itu.int\/itu-d\/sites\/priorities\/fr\/affordable-connectivity\/","title":{"rendered":"Connectivit\u00e9 financi\u00e8rement abordable"},"content":{"rendered":"    <div class=\"ituContainer grid\">\n        <div data-span=\"12\">\n                    <\/div>\n    <\/div>\n\n\n    <div class=\"ituContainer grid\">\n                        <div data-span=\"6\">\n            <\/div>\n                        <div data-span=\"4\">\n            <\/div>\n            <\/div>\n\n\n    <div class=\"ituContainer grid\">\n            <\/div>\n\n\n    <div class=\"ituContainer grid\">\n        <div data-span=\"12\">\n                                <div class=\"ituContainer grid\">\n                        <div data-span=\"8\">\n            <\/div>\n            <\/div>\n                    <\/div>\n    <\/div>\n\n\n    <section class=\"ituBanner bg smallheight\">\n        <div class=\"bgContainer\">\n            <img src=https:\/\/www.itu.int\/itu-d\/sites\/priorities\/wp-content\/uploads\/sites\/40\/2023\/05\/Affordable-connectivity-bannerv2.jpg alt=\"Background decorative image\" \/>\n            <div class=\"ituContainer grid\">\n                <div class=\"content\" data-span=\"8\">\n                    <div class=\"main\">\n                        <h2 class=\"h1 white\">Connectivit\u00e9 financi\u00e8rement abordable<\/h2>\n                    <\/div>\n                    <div class=\"addInfo\"><\/div>\n                <\/div>\n            <\/div>\n        <\/div>\n    <\/section>\n\n\n    <div class=\"ituContainer grid\">\n                        <div data-span=\"12\">\n                        <div class=\"ituContainer grid\">\n        <div data-span=\"12\">\n                    <\/div>\n    <\/div>\n                    <div class=\"ituContainer\">\n<p><strong>Priorit\u00e9s de l&rsquo;UIT-D<\/strong><\/p>\n<\/div>                    <div class=\"ituContainer\">\n<h2 class=\"wp-block-heading\">Connectivit\u00e9 financi\u00e8rement abordable<\/h2>\n<\/div>                        <div class=\"ituContainer grid\">\n        <div data-span=\"12\">\n                    <\/div>\n    <\/div>\n            <\/div>\n            <\/div>\n\n\n    <div class=\"ituContainer grid\">\n                        <div data-span=\"8\">\n                    <div class=\"ituContainer\">\n<p>Cette priorit\u00e9 vise essentiellement \u00e0 utiliser une connectivit\u00e9 moderne, disponible, s\u00fbre, accessible et financi\u00e8rement abordable par le d\u00e9ploiement d&rsquo;une infrastructure et de services de t\u00e9l\u00e9communication\/TIC pour r\u00e9duire la fracture num\u00e9rique.<\/p>\n<\/div>                    <div class=\"ituContainer\">\n<p><\/p>\n<\/div>                    <div class=\"ituContainer\">\n<p>Elle a pour but de promouvoir le d\u00e9veloppement de l&rsquo;infrastructure et des services en utilisant les services et les technologies de t\u00e9l\u00e9communication\/TIC existants, nouveaux ou \u00e9mergents, ainsi que de nouveaux mod\u00e8les \u00e9conomiques. Dans le cadre de ce processus, une assistance est fournie aux \u00c9tats Membres pour accro\u00eetre et renforcer la confiance et la s\u00e9curit\u00e9 dans l&rsquo;utilisation des t\u00e9l\u00e9communications\/TIC, ce qui est de la plus haute importance.<\/p>\n<\/div>            <\/div>\n                        <div data-span=\"4\">\n                        <div class=\"ituContainer grid\">\n        <div data-span=\"12\">\n                    <\/div>\n    <\/div>\n                        <div class=\"ituContainer grid\">\n        <div data-span=\"12\">\n                                <div class=\"ituCard highlight-alt\" data-span=\"8\">\n\t\t<p><strong>Catalyseurs d\u00e9finis dans le Plan d&rsquo;action de Kigali:<\/strong><br><br><a href=\"https:\/\/www.itu.int\/itu-d\/sites\/priorities\/fr\/enablers-of-itu-d-priorities\/membership-driven\/\">Travaux reposant sur les contributions des membres<\/a><br><a href=\"https:\/\/www.itu.int\/itu-d\/sites\/priorities\/fr\/enablers-of-itu-d-priorities\/regional-presence\/\">Pr\u00e9sence r\u00e9gionale<\/a><br><a href=\"https:\/\/www.itu.int\/itu-d\/sites\/priorities\/fr\/enablers-of-itu-d-priorities\/diversity-and-inclusion\/\">Diversit\u00e9 et inclusion<\/a><br><a href=\"https:\/\/www.itu.int\/itu-d\/sites\/priorities\/fr\/enablers-of-itu-d-priorities\/commitment-to-environmental-sustainability\/\">Engagement en faveur de la durabilit\u00e9 environnementale<\/a><br><a href=\"https:\/\/www.itu.int\/itu-d\/sites\/priorities\/fr\/enablers-of-itu-d-priorities\/partnerships-and-international-cooperation\/\">Partenariats et coop\u00e9ration internationale<\/a><br><a href=\"https:\/\/www.itu.int\/itu-d\/sites\/priorities\/fr\/enablers-of-itu-d-priorities\/resource-mobilization\/\">Mobilisation de ressources<\/a><br><a href=\"https:\/\/www.itu.int\/itu-d\/sites\/priorities\/fr\/enablers-of-itu-d-priorities\/excellence-en-matiere-de-ressources-humaines-et-innovation-organisationnelle\/\">Excellence en mati\u00e8re de ressources humaines et innovation organisationnelle<\/a><\/p>\n\t<\/div>\n                    <\/div>\n    <\/div>\n            <\/div>\n            <\/div>\n\n\n    <div class=\"ituContainer grid\">\n        <div data-span=\"12\">\n                            <div class=\"ituContainer\">\n<h1 class=\"wp-block-heading\">Zoom Sur<\/h1>\n<\/div>                                <section>\n        <div class=\"ituContainer grid\">\n                                                <a class=\"ituCard bg anim bgButton\" data-span=\"6\" href=\"https:\/\/www.itu.int\/itu-d\/sites\/emergency-telecommunications\/fr\/\" >\n        <div class=\"bgContainer\">\n            <img decoding=\"async\" src=\"https:\/\/www.itu.int\/itu-d\/sites\/priorities\/wp-content\/uploads\/sites\/40\/2023\/05\/Emergency_telecommunication_v1.jpg\" class=\"icon\" alt=\"icon\" \/>\n            <div class=\"content\">\n                <div class=\"main\">\n                    <p class=\"title\">T\u00e9l\u00e9communications d&rsquo;urgence<\/p>\n                <\/div>\n            <\/div>\n        <\/div>\n    <\/a>\n                                                <a class=\"ituCard bg anim bgButton\" data-span=\"6\" href=\"https:\/\/www.itu.int\/itu-d\/sites\/ict-infrastructure\/fr\/\" >\n        <div class=\"bgContainer\">\n            <img decoding=\"async\" src=\"https:\/\/www.itu.int\/itu-d\/sites\/priorities\/wp-content\/uploads\/sites\/40\/2023\/05\/ICT-Infrastructure-Mini-bannerV2.jpg\" class=\"icon\" alt=\"icon\" \/>\n            <div class=\"content\">\n                <div class=\"main\">\n                    <p class=\"title\">Infrastructures de r\u00e9seau et infrastructures num\u00e9riques<\/p>\n                <\/div>\n            <\/div>\n        <\/div>\n    <\/a>\n                    <\/div>\n    <\/section>\n                    <\/div>\n    <\/div>\n\n\n    <div class=\"ituContainer grid\">\n        <div data-span=\"12\">\n                            <div class=\"ituContainer\">\n<h1 class=\"wp-block-heading\">Principaux th\u00e8mes<\/h1>\n<\/div>                                <section>\n        <div class=\"ituContainer grid\">\n                                                        <a class=\"ituCard anim\" data-span=\"3\" href=\"https:\/\/www.itu.int\/itu-d\/sites\/emergency-telecommunications\/fr\/\" >\n                    <div class=\"content center\">\n                <div class=\"main\">\n                    <img decoding=\"async\" src=\"https:\/\/www.itu.int\/itu-d\/sites\/priorities\/wp-content\/uploads\/sites\/40\/2023\/05\/Emergency_telecommunications_icon-2.png\" class=\"icon\" alt=\"icon\" \/>\n                                            <p class=\"title\">T\u00e9l\u00e9communications d&rsquo;urgence<\/p>\n                                        <p>En savoir plus<\/p>\n                <\/div>\n            <\/div>\n                    <\/a>\n    \n                                                        <a class=\"ituCard anim\" data-span=\"3\" href=\"https:\/\/www.itu.int\/itu-d\/sites\/ict-infrastructure\/fr\/\" >\n                    <div class=\"content center\">\n                <div class=\"main\">\n                    <img decoding=\"async\" src=\"https:\/\/www.itu.int\/itu-d\/sites\/priorities\/wp-content\/uploads\/sites\/40\/2023\/05\/Network-and-digital-infrastructure-icon-1.png\" class=\"icon\" alt=\"icon\" \/>\n                                            <p class=\"title\">R\u00e9seau et infrastructure num\u00e9rique<\/p>\n                                        <p>En savoir plus<\/p>\n                <\/div>\n            <\/div>\n                    <\/a>\n    \n                                                        <a class=\"ituCard anim\" data-span=\"3\" href=\"https:\/\/www.itu.int\/itu-d\/sites\/ict-applications\/fr\/\" >\n                    <div class=\"content center\">\n                <div class=\"main\">\n                    <img decoding=\"async\" src=\"https:\/\/www.itu.int\/itu-d\/sites\/priorities\/wp-content\/uploads\/sites\/40\/2023\/05\/Digital-services-and-applications.png\" class=\"icon\" alt=\"icon\" \/>\n                                            <p class=\"title\">Services et applications num\u00e9riques<\/p>\n                                        <p>En savoir plus<\/p>\n                <\/div>\n            <\/div>\n                    <\/a>\n    \n                                                        <a class=\"ituCard anim\" data-span=\"3\" href=\"https:\/\/www.itu.int\/itu-d\/sites\/innovation\/fr\/\" >\n                    <div class=\"content center\">\n                <div class=\"main\">\n                    <img decoding=\"async\" src=\"https:\/\/www.itu.int\/itu-d\/sites\/priorities\/wp-content\/uploads\/sites\/40\/2023\/05\/Digital-innovation-Ecosystems.png\" class=\"icon\" alt=\"icon\" \/>\n                                            <p class=\"title\">\u00c9cosyst\u00e8mes de l&rsquo;innovation num\u00e9rique<\/p>\n                                        <p>En savoir plus<\/p>\n                <\/div>\n            <\/div>\n                    <\/a>\n    \n                                                        <a class=\"ituCard anim\" data-span=\"3\" href=\"https:\/\/www.itu.int\/itu-d\/sites\/regulatory-market\/fr\/\" >\n                    <div class=\"content center\">\n                <div class=\"main\">\n                    <img decoding=\"async\" src=\"https:\/\/www.itu.int\/itu-d\/sites\/priorities\/wp-content\/uploads\/sites\/40\/2023\/05\/Policy-and-Regulation.png\" class=\"icon\" alt=\"icon\" \/>\n                                            <p class=\"title\">Politiques et r\u00e9glementation<\/p>\n                                        <p>En savoir plus<\/p>\n                <\/div>\n            <\/div>\n                    <\/a>\n    \n                                                        <a class=\"ituCard anim\" data-span=\"3\" href=\"https:\/\/www.itu.int\/itu-d\/sites\/statistics\/fr\/\" >\n                    <div class=\"content center\">\n                <div class=\"main\">\n                    <img decoding=\"async\" src=\"https:\/\/www.itu.int\/itu-d\/sites\/priorities\/wp-content\/uploads\/sites\/40\/2023\/05\/Statistics.png\" class=\"icon\" alt=\"icon\" \/>\n                                            <p class=\"title\">Statistiques\u200b\u200b\u200b\u200b<\/p>\n                                        <p>En savoir plus<\/p>\n                <\/div>\n            <\/div>\n                    <\/a>\n    \n                                                        <a class=\"ituCard anim\" data-span=\"3\" href=\"https:\/\/www.itu.int\/itu-d\/sites\/capacity-development\/fr\/\" >\n                    <div class=\"content center\">\n                <div class=\"main\">\n                    <img decoding=\"async\" src=\"https:\/\/www.itu.int\/itu-d\/sites\/priorities\/wp-content\/uploads\/sites\/40\/2023\/05\/Capacity-Development.png\" class=\"icon\" alt=\"icon\" \/>\n                                            <p class=\"title\">Renforcement des capacit\u00e9s<\/p>\n                                        <p>En savoir plus<\/p>\n                <\/div>\n            <\/div>\n                    <\/a>\n    \n                                                        <a class=\"ituCard anim\" data-span=\"3\" href=\"https:\/\/www.itu.int\/itu-d\/sites\/cybersecurity\/fr\/\" >\n                    <div class=\"content center\">\n                <div class=\"main\">\n                    <img decoding=\"async\" src=\"https:\/\/www.itu.int\/itu-d\/sites\/priorities\/wp-content\/uploads\/sites\/40\/2023\/05\/Cybersecurity-icon-1.png\" class=\"icon\" alt=\"icon\" \/>\n                                            <p class=\"title\">Cybers\u00e9curit\u00e9\u200b<\/p>\n                                        <p>En savoir plus<\/p>\n                <\/div>\n            <\/div>\n                    <\/a>\n    \n                                                        <a class=\"ituCard anim\" data-span=\"3\" href=\"https:\/\/www.itu.int\/itu-d\/sites\/studygroups\/fr\/\" >\n                    <div class=\"content center\">\n                <div class=\"main\">\n                    <img decoding=\"async\" src=\"https:\/\/www.itu.int\/itu-d\/sites\/priorities\/wp-content\/uploads\/sites\/40\/2023\/05\/ITU-D-Study-Groups-Icon.png\" class=\"icon\" alt=\"icon\" \/>\n                                            <p class=\"title\">Commissions d&rsquo;\u00e9tudes de l&rsquo;UIT-D<\/p>\n                                        <p>En savoir plus<\/p>\n                <\/div>\n            <\/div>\n                    <\/a>\n    \n                                                        <a class=\"ituCard anim\" data-span=\"3\" href=\"https:\/\/www.itu.int\/itu-d\/sites\/partnerships\/home\/partnerships\/#\/fr\" >\n                    <div class=\"content center\">\n                <div class=\"main\">\n                    <img decoding=\"async\" src=\"https:\/\/www.itu.int\/itu-d\/sites\/priorities\/wp-content\/uploads\/sites\/40\/2023\/06\/Partnerships-icon.png\" class=\"icon\" alt=\"icon\" \/>\n                                            <p class=\"title\">Partenariats<\/p>\n                                        <p>En savoir plus<\/p>\n                <\/div>\n            <\/div>\n                    <\/a>\n    \n                    <\/div>\n    <\/section>\n                                <section>\n        <div class=\"ituContainer grid\">\n                                <div class=\"ituCard bg hor alternating\" data-span=\"12\">\n        <img src=https:\/\/www.itu.int\/itu-d\/sites\/priorities\/wp-content\/uploads\/sites\/40\/2023\/05\/LDC-Banneer-Mini.jpg alt=\"Decorative image\" \/>\n        <div class=\"content\">\n            <div class=\"main\">\n                                    <p class=\"title\">Prise en compte des besoins des PMA, des PDSL et des PEID<\/p>\n                                                    \u200b\u200b\u200bLes TIC aident les pays les moins avanc\u00e9s (PMA), les pays en d\u00e9veloppement sans littoral (PDSL) et les petits \u00c9tats insulaires en d\u00e9veloppement (PEID) \u00e0 r\u00e9soudre leurs probl\u00e8mes de d\u00e9veloppement. Les PMA, les PDSL et les PEID sont confront\u00e9s \u00e0 diff\u00e9rents obstacles en mati\u00e8re de connectivit\u00e9: un grand nombre de PMA ont une superficie importante et une population rurale, et sont peu peupl\u00e9s, si bien que le d\u00e9ploiement d&rsquo;infrastructures de communication terrestres est difficile. Les PDSL n&rsquo;ont pas d&rsquo;acc\u00e8s direct \u00e0 la mer et un grand nombre de PEID ont de nombreuses \u00eeles et sont souvent confront\u00e9s \u00e0 des co\u00fbts de communication \u00e9lev\u00e9s.<br>                                                    <a href=\"https:\/\/www.itu.int\/fr\/ITU-D\/LDCs\/Pages\/default.aspx\" class=\"ituBtn\" target=_self>\n                        En savoir plus                    <\/a>\n                            <\/div>\n        <\/div>\n    <\/div>\n                    <\/div>\n    <\/section>\n                                <section>\n        <div class=\"ituContainer grid\">\n                                                <a class=\"ituCard bg anim bgButton\" data-span=\"6\" href=\"https:\/\/sdgs.un.org\/fr\/goals\" >\n        <div class=\"bgContainer\">\n            <img decoding=\"async\" src=\"https:\/\/www.itu.int\/itu-d\/sites\/priorities\/wp-content\/uploads\/sites\/40\/2023\/05\/SDG_bannerV4.jpg\" class=\"icon\" alt=\"icon\" \/>\n            <div class=\"content\">\n                <div class=\"main\">\n                    <p class=\"title\">Objectifs de d\u00e9veloppement durable (ODD)<\/p>\n                <\/div>\n            <\/div>\n        <\/div>\n    <\/a>\n                                                <a class=\"ituCard bg anim bgButton\" data-span=\"6\" href=\"https:\/\/www.itu.int\/en\/itu-wsis\" >\n        <div class=\"bgContainer\">\n            <img decoding=\"async\" src=\"https:\/\/www.itu.int\/itu-d\/sites\/priorities\/wp-content\/uploads\/sites\/40\/2023\/05\/WSIS-Banner-V3.jpg\" class=\"icon\" alt=\"icon\" \/>\n            <div class=\"content\">\n                <div class=\"main\">\n                    <p class=\"title\">Forum du Sommet mondial sur la soci\u00e9t\u00e9 de l&rsquo;information (SMSI)<\/p>\n                <\/div>\n            <\/div>\n        <\/div>\n    <\/a>\n                    <\/div>\n    <\/section>\n                    <\/div>\n    <\/div>\n\n\n    <div class=\"ituContainer grid\">\n        <div data-span=\"12\">\n                    <\/div>\n    <\/div>\n\n\n    <div class=\"ituContainer grid\">\n        <div data-span=\"12\">\n                                <section>\n        <div class=\"ituContainer grid\">\n                    <\/div>\n    <\/section>\n                    <\/div>\n    <\/div>\n\n\n    <div class=\"ituContainer grid\">\n        <div data-span=\"12\">\n                            <div class=\"ituContainer\">\n<p><\/p>\n<\/div>                    <\/div>\n    <\/div>\n","protected":false},"excerpt":{"rendered":"","protected":false},"author":4,"featured_media":0,"parent":0,"menu_order":0,"comment_status":"closed","ping_status":"open","template":"","meta":{"_acf_changed":false,"footnotes":"","_links_to":"","_links_to_target":""},"class_list":["post-286","page","type-page","status-publish","hentry"],"acf":[],"yoast_head":"<!-- This site is optimized with the Yoast SEO plugin v27.6 - https:\/\/yoast.com\/product\/yoast-seo-wordpress\/ -->\n<title>Connectivit\u00e9 financi\u00e8rement abordable - ITU-D Priorities<\/title>\n<meta name=\"robots\" content=\"index, follow, max-snippet:-1, max-image-preview:large, max-video-preview:-1\" \/>\n<link rel=\"canonical\" href=\"https:\/\/www.itu.int\/itu-d\/sites\/priorities\/fr\/affordable-connectivity\/\" \/>\n<meta property=\"og:locale\" content=\"fr_FR\" \/>\n<meta property=\"og:type\" content=\"article\" \/>\n<meta property=\"og:title\" content=\"Priorit\u00e9s de l\u2019UIT-D | Connectivit\u00e9 financi\u00e8rement abordable\" \/>\n<meta property=\"og:url\" content=\"https:\/\/www.itu.int\/itu-d\/sites\/priorities\/fr\/affordable-connectivity\/\" \/>\n<meta property=\"og:site_name\" content=\"ITU-D Priorities\" \/>\n<meta property=\"article:modified_time\" content=\"2024-05-09T18:13:02+00:00\" \/>\n<meta property=\"og:image\" content=\"https:\/\/www.itu.int\/itu-d\/sites\/priorities\/wp-content\/uploads\/sites\/40\/2023\/05\/Affordable-connectivity-mini-banner-1.jpg\" \/>\n\t<meta property=\"og:image:width\" content=\"600\" \/>\n\t<meta property=\"og:image:height\" content=\"400\" \/>\n\t<meta property=\"og:image:type\" content=\"image\/jpeg\" \/>\n<meta name=\"twitter:card\" content=\"summary_large_image\" \/>\n<meta name=\"twitter:image\" content=\"https:\/\/www.itu.int\/itu-d\/sites\/priorities\/wp-content\/uploads\/sites\/40\/2023\/05\/Affordable-connectivity-mini-banner.jpg\" \/>\n<meta name=\"twitter:label1\" content=\"Dur\u00e9e de lecture estim\u00e9e\" \/>\n\t<meta name=\"twitter:data1\" content=\"1 minute\" \/>\n<script type=\"application\/ld+json\" class=\"yoast-schema-graph\">{\"@context\":\"https:\\\/\\\/schema.org\",\"@graph\":[{\"@type\":\"WebPage\",\"@id\":\"https:\\\/\\\/www.itu.int\\\/itu-d\\\/sites\\\/priorities\\\/fr\\\/affordable-connectivity\\\/\",\"url\":\"https:\\\/\\\/www.itu.int\\\/itu-d\\\/sites\\\/priorities\\\/fr\\\/affordable-connectivity\\\/\",\"name\":\"Connectivit\u00e9 financi\u00e8rement abordable - ITU-D Priorities\",\"isPartOf\":{\"@id\":\"https:\\\/\\\/www.itu.int\\\/itu-d\\\/sites\\\/priorities\\\/#website\"},\"datePublished\":\"2023-05-25T08:55:53+00:00\",\"dateModified\":\"2024-05-09T18:13:02+00:00\",\"breadcrumb\":{\"@id\":\"https:\\\/\\\/www.itu.int\\\/itu-d\\\/sites\\\/priorities\\\/fr\\\/affordable-connectivity\\\/#breadcrumb\"},\"inLanguage\":\"fr-FR\",\"potentialAction\":[{\"@type\":\"ReadAction\",\"target\":[\"https:\\\/\\\/www.itu.int\\\/itu-d\\\/sites\\\/priorities\\\/fr\\\/affordable-connectivity\\\/\"]}]},{\"@type\":\"BreadcrumbList\",\"@id\":\"https:\\\/\\\/www.itu.int\\\/itu-d\\\/sites\\\/priorities\\\/fr\\\/affordable-connectivity\\\/#breadcrumb\",\"itemListElement\":[{\"@type\":\"ListItem\",\"position\":1,\"name\":\"Home\",\"item\":\"https:\\\/\\\/www.itu.int\\\/itu-d\\\/sites\\\/priorities\\\/fr\\\/\"},{\"@type\":\"ListItem\",\"position\":2,\"name\":\"Connectivit\u00e9 financi\u00e8rement abordable\"}]},{\"@type\":\"WebSite\",\"@id\":\"https:\\\/\\\/www.itu.int\\\/itu-d\\\/sites\\\/priorities\\\/#website\",\"url\":\"https:\\\/\\\/www.itu.int\\\/itu-d\\\/sites\\\/priorities\\\/\",\"name\":\"ITU-D Priorities\",\"description\":\"\",\"potentialAction\":[{\"@type\":\"SearchAction\",\"target\":{\"@type\":\"EntryPoint\",\"urlTemplate\":\"https:\\\/\\\/www.itu.int\\\/itu-d\\\/sites\\\/priorities\\\/?s={search_term_string}\"},\"query-input\":{\"@type\":\"PropertyValueSpecification\",\"valueRequired\":true,\"valueName\":\"search_term_string\"}}],\"inLanguage\":\"fr-FR\"}]}<\/script>\n<!-- \/ Yoast SEO plugin. -->","yoast_head_json":{"title":"Connectivit\u00e9 financi\u00e8rement abordable - ITU-D Priorities","robots":{"index":"index","follow":"follow","max-snippet":"max-snippet:-1","max-image-preview":"max-image-preview:large","max-video-preview":"max-video-preview:-1"},"canonical":"https:\/\/www.itu.int\/itu-d\/sites\/priorities\/fr\/affordable-connectivity\/","og_locale":"fr_FR","og_type":"article","og_title":"Priorit\u00e9s de l\u2019UIT-D | Connectivit\u00e9 financi\u00e8rement abordable","og_url":"https:\/\/www.itu.int\/itu-d\/sites\/priorities\/fr\/affordable-connectivity\/","og_site_name":"ITU-D Priorities","article_modified_time":"2024-05-09T18:13:02+00:00","og_image":[{"width":600,"height":400,"url":"https:\/\/www.itu.int\/itu-d\/sites\/priorities\/wp-content\/uploads\/sites\/40\/2023\/05\/Affordable-connectivity-mini-banner-1.jpg","type":"image\/jpeg"}],"twitter_card":"summary_large_image","twitter_image":"https:\/\/www.itu.int\/itu-d\/sites\/priorities\/wp-content\/uploads\/sites\/40\/2023\/05\/Affordable-connectivity-mini-banner.jpg","twitter_misc":{"Dur\u00e9e de lecture estim\u00e9e":"1 minute"},"schema":{"@context":"https:\/\/schema.org","@graph":[{"@type":"WebPage","@id":"https:\/\/www.itu.int\/itu-d\/sites\/priorities\/fr\/affordable-connectivity\/","url":"https:\/\/www.itu.int\/itu-d\/sites\/priorities\/fr\/affordable-connectivity\/","name":"Connectivit\u00e9 financi\u00e8rement abordable - ITU-D Priorities","isPartOf":{"@id":"https:\/\/www.itu.int\/itu-d\/sites\/priorities\/#website"},"datePublished":"2023-05-25T08:55:53+00:00","dateModified":"2024-05-09T18:13:02+00:00","breadcrumb":{"@id":"https:\/\/www.itu.int\/itu-d\/sites\/priorities\/fr\/affordable-connectivity\/#breadcrumb"},"inLanguage":"fr-FR","potentialAction":[{"@type":"ReadAction","target":["https:\/\/www.itu.int\/itu-d\/sites\/priorities\/fr\/affordable-connectivity\/"]}]},{"@type":"BreadcrumbList","@id":"https:\/\/www.itu.int\/itu-d\/sites\/priorities\/fr\/affordable-connectivity\/#breadcrumb","itemListElement":[{"@type":"ListItem","position":1,"name":"Home","item":"https:\/\/www.itu.int\/itu-d\/sites\/priorities\/fr\/"},{"@type":"ListItem","position":2,"name":"Connectivit\u00e9 financi\u00e8rement abordable"}]},{"@type":"WebSite","@id":"https:\/\/www.itu.int\/itu-d\/sites\/priorities\/#website","url":"https:\/\/www.itu.int\/itu-d\/sites\/priorities\/","name":"ITU-D Priorities","description":"","potentialAction":[{"@type":"SearchAction","target":{"@type":"EntryPoint","urlTemplate":"https:\/\/www.itu.int\/itu-d\/sites\/priorities\/?s={search_term_string}"},"query-input":{"@type":"PropertyValueSpecification","valueRequired":true,"valueName":"search_term_string"}}],"inLanguage":"fr-FR"}]}},"_links":{"self":[{"href":"https:\/\/www.itu.int\/itu-d\/sites\/priorities\/fr\/wp-json\/wp\/v2\/pages\/286","targetHints":{"allow":["GET"]}}],"collection":[{"href":"https:\/\/www.itu.int\/itu-d\/sites\/priorities\/fr\/wp-json\/wp\/v2\/pages"}],"about":[{"href":"https:\/\/www.itu.int\/itu-d\/sites\/priorities\/fr\/wp-json\/wp\/v2\/types\/page"}],"author":[{"embeddable":true,"href":"https:\/\/www.itu.int\/itu-d\/sites\/priorities\/fr\/wp-json\/wp\/v2\/users\/4"}],"replies":[{"embeddable":true,"href":"https:\/\/www.itu.int\/itu-d\/sites\/priorities\/fr\/wp-json\/wp\/v2\/comments?post=286"}],"version-history":[{"count":0,"href":"https:\/\/www.itu.int\/itu-d\/sites\/priorities\/fr\/wp-json\/wp\/v2\/pages\/286\/revisions"}],"wp:attachment":[{"href":"https:\/\/www.itu.int\/itu-d\/sites\/priorities\/fr\/wp-json\/wp\/v2\/media?parent=286"}],"curies":[{"name":"wp","href":"https:\/\/api.w.org\/{rel}","templated":true}]}}