{"id":271,"date":"2023-05-11T14:00:01","date_gmt":"2023-05-11T14:00:01","guid":{"rendered":"https:\/\/www.itu.int\/itu-d\/sites\/priorities\/home\/"},"modified":"2023-06-22T00:00:09","modified_gmt":"2023-06-22T00:00:09","slug":"home","status":"publish","type":"page","link":"https:\/\/www.itu.int\/itu-d\/sites\/priorities\/fr\/","title":{"rendered":"Home"},"content":{"rendered":"    <section class=\"ituBanner bg smallheight\">\n        <div class=\"bgContainer\">\n            <img src=https:\/\/www.itu.int\/itu-d\/sites\/priorities\/wp-content\/uploads\/sites\/40\/2023\/05\/ITU-D-Priorities-banner.jpg alt=\"Background decorative image\" \/>\n            <div class=\"ituContainer grid\">\n                <div class=\"content\" data-span=\"8\">\n                    <div class=\"main\">\n                        <h2 class=\"h1 white\">Priorit\u00e9s de l&rsquo;UIT-D<br><\/h2>\n                    <\/div>\n                    <div class=\"addInfo\"><\/div>\n                <\/div>\n            <\/div>\n        <\/div>\n    <\/section>\n\n\n    <div class=\"ituContainer grid\">\n        <div data-span=\"12\">\n                    <\/div>\n    <\/div>\n\n\n    <div class=\"ituContainer grid\">\n                        <div data-span=\"6\">\n            <\/div>\n                        <div data-span=\"4\">\n            <\/div>\n            <\/div>\n\n\n    <div class=\"ituContainer grid\">\n            <\/div>\n\n\n    <div class=\"ituContainer grid\">\n        <div data-span=\"12\">\n                                <div class=\"ituContainer grid\">\n                        <div data-span=\"8\">\n            <\/div>\n            <\/div>\n                    <\/div>\n    <\/div>\n\n\n    <div class=\"ituContainer grid\">\n                        <div data-span=\"8\">\n                    <div class=\"ituContainer\">\n<h1 class=\"wp-block-heading\">Priorit\u00e9s de l&rsquo;UIT-D<\/h1>\n<\/div>            <\/div>\n                        <div data-span=\"4\">\n            <\/div>\n            <\/div>\n\n\n    <div class=\"ituContainer grid\">\n                        <div data-span=\"8\">\n                    <div class=\"ituContainer\">\n<p>Les priorit\u00e9s de l&rsquo;UIT-D constituent les principaux domaines de travail qui contribueront \u00e0 la mise en \u0153uvre du plan strat\u00e9gique de l&rsquo;UIT pour le cycle de planification actuel. Elles sont \u00e9nonc\u00e9es dans le Plan d&rsquo;action de Kigali et ont pour but de faciliter l&rsquo;ex\u00e9cution du mandat de l&rsquo;UIT-D et de donner des orientations au BDT pour le prochain cycle de planification concernant les objectifs de l&rsquo;UIT-D, conform\u00e9ment \u00e0 la m\u00e9thode globale de gestion ax\u00e9e sur les r\u00e9sultats, ainsi qu&rsquo;aux buts strat\u00e9giques et aux priorit\u00e9s th\u00e9matiques de l&rsquo;Union.<\/p>\n<\/div>                    <div class=\"ituContainer\">\n<p><\/p>\n<\/div>                    <div class=\"ituContainer\">\n<p>Les cinq (5) priorit\u00e9s de l&rsquo;UIT-D \u00e9tablies dans le Plan d&rsquo;action de Kigali sont les suivantes: Connectivit\u00e9 financi\u00e8rement abordable; Transformation num\u00e9rique; Environnement politique et r\u00e9glementaire propice; Mobilisation de ressources et coop\u00e9ration internationale; T\u00e9l\u00e9communications\/TIC inclusives et s\u00fbres au service du d\u00e9veloppement durable.<\/p>\n<\/div>            <\/div>\n                        <div data-span=\"4\">\n                        <div class=\"ituContainer grid\">\n        <div data-span=\"12\">\n                                <div class=\"ituCard highlight-alt\" data-span=\"8\">\n\t\t<p><strong>Catalyseurs d\u00e9finis dans le Plan d&rsquo;action de Kigali:<\/strong><br><br><a href=\"https:\/\/www.itu.int\/itu-d\/sites\/priorities\/fr\/enablers-of-itu-d-priorities\/membership-driven\/\">Travaux reposant sur les contributions des membres<\/a><br><a href=\"https:\/\/www.itu.int\/itu-d\/sites\/priorities\/fr\/enablers-of-itu-d-priorities\/regional-presence\/\">Pr\u00e9sence r\u00e9gionale<\/a><br><a href=\"https:\/\/www.itu.int\/itu-d\/sites\/priorities\/fr\/enablers-of-itu-d-priorities\/diversity-and-inclusion\/\">Diversit\u00e9 et inclusion<\/a><br><a href=\"https:\/\/www.itu.int\/itu-d\/sites\/priorities\/fr\/enablers-of-itu-d-priorities\/commitment-to-environmental-sustainability\/\">Engagement en faveur de la durabilit\u00e9 environnementale<\/a><br><a href=\"https:\/\/www.itu.int\/itu-d\/sites\/priorities\/fr\/enablers-of-itu-d-priorities\/partnerships-and-international-cooperation\/\">Partenariats et coop\u00e9ration internationale<\/a><br><a href=\"https:\/\/www.itu.int\/itu-d\/sites\/priorities\/fr\/enablers-of-itu-d-priorities\/resource-mobilization\/\">Mobilisation de ressources<\/a><br><a href=\"https:\/\/www.itu.int\/itu-d\/sites\/priorities\/fr\/enablers-of-itu-d-priorities\/excellence-en-matiere-de-ressources-humaines-et-innovation-organisationnelle\/\">Excellence en mati\u00e8re de ressources humaines et innovation organisationnelle<\/a><\/p>\n\t<\/div>\n                    <\/div>\n    <\/div>\n                        <div class=\"ituContainer grid\">\n        <div data-span=\"12\">\n                    <\/div>\n    <\/div>\n            <\/div>\n            <\/div>\n\n\n    <div class=\"ituContainer grid\">\n        <div data-span=\"12\">\n                            <div class=\"ituContainer\">\n<h1 class=\"wp-block-heading\">Priorit\u00e9s de l&rsquo;UIT-D d\u00e9finies dans le Plan d&rsquo;action de Kigali<\/h1>\n<\/div>                                <section>\n        <div class=\"ituContainer grid\">\n                                                <a class=\"ituCard bg anim bgButton\" data-span=\"6\" href=\"https:\/\/www.itu.int\/itu-d\/sites\/priorities\/fr\/affordable-connectivity\/\" >\n        <div class=\"bgContainer\">\n            <img decoding=\"async\" src=\"https:\/\/www.itu.int\/itu-d\/sites\/priorities\/wp-content\/uploads\/sites\/40\/2023\/05\/Affordable-connectivity-mini-banner.jpg\" class=\"icon\" alt=\"icon\" \/>\n            <div class=\"content\">\n                <div class=\"main\">\n                    <p class=\"title\">Connectivit\u00e9 financi\u00e8rement abordable<\/p>\n                <\/div>\n            <\/div>\n        <\/div>\n    <\/a>\n                                                <a class=\"ituCard bg anim bgButton\" data-span=\"6\" href=\"https:\/\/www.itu.int\/itu-d\/sites\/priorities\/fr\/digital-transformation\/\" >\n        <div class=\"bgContainer\">\n            <img decoding=\"async\" src=\"https:\/\/www.itu.int\/itu-d\/sites\/priorities\/wp-content\/uploads\/sites\/40\/2023\/05\/Digital-transformation-mini-banner.jpg\" class=\"icon\" alt=\"icon\" \/>\n            <div class=\"content\">\n                <div class=\"main\">\n                    <p class=\"title\">Transformation num\u00e9rique<\/p>\n                <\/div>\n            <\/div>\n        <\/div>\n    <\/a>\n                                                <a class=\"ituCard bg anim bgButton\" data-span=\"6\" href=\"https:\/\/www.itu.int\/itu-d\/sites\/priorities\/fr\/enabling-policy-and-regulatory-environment\/\" >\n        <div class=\"bgContainer\">\n            <img decoding=\"async\" src=\"https:\/\/www.itu.int\/itu-d\/sites\/priorities\/wp-content\/uploads\/sites\/40\/2023\/05\/Enabling-Policy-and-regulation-mini-bannerV2.jpg\" class=\"icon\" alt=\"icon\" \/>\n            <div class=\"content\">\n                <div class=\"main\">\n                    <p class=\"title\">Environnement politique et r\u00e9glementaire propice<\/p>\n                <\/div>\n            <\/div>\n        <\/div>\n    <\/a>\n                                                <a class=\"ituCard bg anim bgButton\" data-span=\"6\" href=\"https:\/\/www.itu.int\/itu-d\/sites\/priorities\/fr\/resource-mobilization-and-international-cooperation\/\" >\n        <div class=\"bgContainer\">\n            <img decoding=\"async\" src=\"https:\/\/www.itu.int\/itu-d\/sites\/priorities\/wp-content\/uploads\/sites\/40\/2023\/05\/Resource-Mobilization-mini-banner-V2.jpg\" class=\"icon\" alt=\"icon\" \/>\n            <div class=\"content\">\n                <div class=\"main\">\n                    <p class=\"title\">Mobilisation de ressources et coop\u00e9ration internationale<\/p>\n                <\/div>\n            <\/div>\n        <\/div>\n    <\/a>\n                                                <a class=\"ituCard bg anim bgButton\" data-span=\"6\" href=\"https:\/\/www.itu.int\/itu-d\/sites\/priorities\/fr\/inclusive-and-secure-telecommunications-icts-for-sustainable-development\/\" >\n        <div class=\"bgContainer\">\n            <img decoding=\"async\" src=\"https:\/\/www.itu.int\/itu-d\/sites\/priorities\/wp-content\/uploads\/sites\/40\/2023\/05\/Secure-ICT-mini-banner.jpg\" class=\"icon\" alt=\"icon\" \/>\n            <div class=\"content\">\n                <div class=\"main\">\n                    <p class=\"title\">T\u00e9l\u00e9communications\/TIC inclusives et s\u00fbres au service du d\u00e9veloppement durable<\/p>\n                <\/div>\n            <\/div>\n        <\/div>\n    <\/a>\n                    <\/div>\n    <\/section>\n                    <\/div>\n    <\/div>\n\n\n    <div class=\"ituContainer grid\">\n        <div data-span=\"12\">\n                    <\/div>\n    <\/div>\n\n\n    <div class=\"ituContainer grid\">\n        <div data-span=\"12\">\n                    <\/div>\n    <\/div>\n\n\n    <div class=\"ituContainer grid\">\n        <div data-span=\"12\">\n                                <section>\n        <div class=\"ituContainer grid\">\n                    <\/div>\n    <\/section>\n                    <\/div>\n    <\/div>\n","protected":false},"excerpt":{"rendered":"","protected":false},"author":4,"featured_media":0,"parent":0,"menu_order":0,"comment_status":"closed","ping_status":"open","template":"","meta":{"_acf_changed":false,"footnotes":"","_links_to":"","_links_to_target":""},"class_list":["post-271","page","type-page","status-publish","hentry"],"acf":[],"yoast_head":"<!-- This site is optimized with the Yoast SEO plugin v27.3 - https:\/\/yoast.com\/product\/yoast-seo-wordpress\/ -->\n<title>Priorit\u00e9s de l&#039;UIT-D<\/title>\n<meta name=\"description\" content=\"Les priorit\u00e9s de l&#039;UIT-D constituent les principaux domaines de travail qui contribueront \u00e0 la mise en \u0153uvre du plan strat\u00e9gique de l&#039;UIT pour le cycle de planification actuel.\" \/>\n<meta name=\"robots\" content=\"index, follow, max-snippet:-1, max-image-preview:large, max-video-preview:-1\" \/>\n<link rel=\"canonical\" href=\"https:\/\/www.itu.int\/itu-d\/sites\/priorities\/fr\/\" \/>\n<meta property=\"og:locale\" content=\"fr_FR\" \/>\n<meta property=\"og:type\" content=\"article\" \/>\n<meta property=\"og:title\" content=\"Priorit\u00e9s de l&#039;UIT-D\" \/>\n<meta property=\"og:description\" content=\"Les priorit\u00e9s de l&#039;UIT-D constituent les principaux domaines de travail qui contribueront \u00e0 la mise en \u0153uvre du plan strat\u00e9gique de l&#039;UIT pour le cycle de planification actuel.\" \/>\n<meta property=\"og:url\" content=\"https:\/\/www.itu.int\/itu-d\/sites\/priorities\/fr\/\" \/>\n<meta property=\"og:site_name\" content=\"ITU-D Priorities\" \/>\n<meta property=\"article:modified_time\" content=\"2023-06-22T00:00:09+00:00\" \/>\n<meta property=\"og:image\" content=\"https:\/\/www.itu.int\/itu-d\/sites\/priorities\/wp-content\/uploads\/sites\/40\/2023\/06\/ITU-D-Priorities-banner.jpg\" \/>\n\t<meta property=\"og:image:width\" content=\"1400\" \/>\n\t<meta property=\"og:image:height\" content=\"400\" \/>\n\t<meta property=\"og:image:type\" content=\"image\/jpeg\" \/>\n<meta name=\"twitter:card\" content=\"summary_large_image\" \/>\n<meta name=\"twitter:title\" content=\"Priorit\u00e9s de l&#039;UIT-D\" \/>\n<meta name=\"twitter:description\" content=\"Les priorit\u00e9s de l&#039;UIT-D constituent les principaux domaines de travail qui contribueront \u00e0 la mise en \u0153uvre du plan strat\u00e9gique de l&#039;UIT pour le cycle de planification actuel.\" \/>\n<meta name=\"twitter:image\" content=\"https:\/\/www.itu.int\/itu-d\/sites\/priorities\/wp-content\/uploads\/sites\/40\/2023\/06\/ITU-D-Priorities-banner.jpg\" \/>\n<meta name=\"twitter:label1\" content=\"Dur\u00e9e de lecture estim\u00e9e\" \/>\n\t<meta name=\"twitter:data1\" content=\"1 minute\" \/>\n<script type=\"application\/ld+json\" class=\"yoast-schema-graph\">{\"@context\":\"https:\\\/\\\/schema.org\",\"@graph\":[{\"@type\":\"WebPage\",\"@id\":\"https:\\\/\\\/www.itu.int\\\/itu-d\\\/sites\\\/priorities\\\/fr\\\/\",\"url\":\"https:\\\/\\\/www.itu.int\\\/itu-d\\\/sites\\\/priorities\\\/fr\\\/\",\"name\":\"Priorit\u00e9s de l'UIT-D\",\"isPartOf\":{\"@id\":\"https:\\\/\\\/www.itu.int\\\/itu-d\\\/sites\\\/priorities\\\/#website\"},\"datePublished\":\"2023-05-11T14:00:01+00:00\",\"dateModified\":\"2023-06-22T00:00:09+00:00\",\"description\":\"Les priorit\u00e9s de l'UIT-D constituent les principaux domaines de travail qui contribueront \u00e0 la mise en \u0153uvre du plan strat\u00e9gique de l'UIT pour le cycle de planification actuel.\",\"breadcrumb\":{\"@id\":\"https:\\\/\\\/www.itu.int\\\/itu-d\\\/sites\\\/priorities\\\/fr\\\/#breadcrumb\"},\"inLanguage\":\"fr-FR\",\"potentialAction\":[{\"@type\":\"ReadAction\",\"target\":[\"https:\\\/\\\/www.itu.int\\\/itu-d\\\/sites\\\/priorities\\\/fr\\\/\"]}]},{\"@type\":\"BreadcrumbList\",\"@id\":\"https:\\\/\\\/www.itu.int\\\/itu-d\\\/sites\\\/priorities\\\/fr\\\/#breadcrumb\",\"itemListElement\":[{\"@type\":\"ListItem\",\"position\":1,\"name\":\"Home\",\"item\":\"https:\\\/\\\/www.itu.int\\\/itu-d\\\/sites\\\/priorities\\\/fr\\\/\"},{\"@type\":\"ListItem\",\"position\":2,\"name\":\"Home\"}]},{\"@type\":\"WebSite\",\"@id\":\"https:\\\/\\\/www.itu.int\\\/itu-d\\\/sites\\\/priorities\\\/#website\",\"url\":\"https:\\\/\\\/www.itu.int\\\/itu-d\\\/sites\\\/priorities\\\/\",\"name\":\"ITU-D Priorities\",\"description\":\"\",\"potentialAction\":[{\"@type\":\"SearchAction\",\"target\":{\"@type\":\"EntryPoint\",\"urlTemplate\":\"https:\\\/\\\/www.itu.int\\\/itu-d\\\/sites\\\/priorities\\\/?s={search_term_string}\"},\"query-input\":{\"@type\":\"PropertyValueSpecification\",\"valueRequired\":true,\"valueName\":\"search_term_string\"}}],\"inLanguage\":\"fr-FR\"}]}<\/script>\n<!-- \/ Yoast SEO plugin. -->","yoast_head_json":{"title":"Priorit\u00e9s de l'UIT-D","description":"Les priorit\u00e9s de l'UIT-D constituent les principaux domaines de travail qui contribueront \u00e0 la mise en \u0153uvre du plan strat\u00e9gique de l'UIT pour le cycle de planification actuel.","robots":{"index":"index","follow":"follow","max-snippet":"max-snippet:-1","max-image-preview":"max-image-preview:large","max-video-preview":"max-video-preview:-1"},"canonical":"https:\/\/www.itu.int\/itu-d\/sites\/priorities\/fr\/","og_locale":"fr_FR","og_type":"article","og_title":"Priorit\u00e9s de l'UIT-D","og_description":"Les priorit\u00e9s de l'UIT-D constituent les principaux domaines de travail qui contribueront \u00e0 la mise en \u0153uvre du plan strat\u00e9gique de l'UIT pour le cycle de planification actuel.","og_url":"https:\/\/www.itu.int\/itu-d\/sites\/priorities\/fr\/","og_site_name":"ITU-D Priorities","article_modified_time":"2023-06-22T00:00:09+00:00","og_image":[{"width":1400,"height":400,"url":"https:\/\/www.itu.int\/itu-d\/sites\/priorities\/wp-content\/uploads\/sites\/40\/2023\/06\/ITU-D-Priorities-banner.jpg","type":"image\/jpeg"}],"twitter_card":"summary_large_image","twitter_title":"Priorit\u00e9s de l'UIT-D","twitter_description":"Les priorit\u00e9s de l'UIT-D constituent les principaux domaines de travail qui contribueront \u00e0 la mise en \u0153uvre du plan strat\u00e9gique de l'UIT pour le cycle de planification actuel.","twitter_image":"https:\/\/www.itu.int\/itu-d\/sites\/priorities\/wp-content\/uploads\/sites\/40\/2023\/06\/ITU-D-Priorities-banner.jpg","twitter_misc":{"Dur\u00e9e de lecture estim\u00e9e":"1 minute"},"schema":{"@context":"https:\/\/schema.org","@graph":[{"@type":"WebPage","@id":"https:\/\/www.itu.int\/itu-d\/sites\/priorities\/fr\/","url":"https:\/\/www.itu.int\/itu-d\/sites\/priorities\/fr\/","name":"Priorit\u00e9s de l'UIT-D","isPartOf":{"@id":"https:\/\/www.itu.int\/itu-d\/sites\/priorities\/#website"},"datePublished":"2023-05-11T14:00:01+00:00","dateModified":"2023-06-22T00:00:09+00:00","description":"Les priorit\u00e9s de l'UIT-D constituent les principaux domaines de travail qui contribueront \u00e0 la mise en \u0153uvre du plan strat\u00e9gique de l'UIT pour le cycle de planification actuel.","breadcrumb":{"@id":"https:\/\/www.itu.int\/itu-d\/sites\/priorities\/fr\/#breadcrumb"},"inLanguage":"fr-FR","potentialAction":[{"@type":"ReadAction","target":["https:\/\/www.itu.int\/itu-d\/sites\/priorities\/fr\/"]}]},{"@type":"BreadcrumbList","@id":"https:\/\/www.itu.int\/itu-d\/sites\/priorities\/fr\/#breadcrumb","itemListElement":[{"@type":"ListItem","position":1,"name":"Home","item":"https:\/\/www.itu.int\/itu-d\/sites\/priorities\/fr\/"},{"@type":"ListItem","position":2,"name":"Home"}]},{"@type":"WebSite","@id":"https:\/\/www.itu.int\/itu-d\/sites\/priorities\/#website","url":"https:\/\/www.itu.int\/itu-d\/sites\/priorities\/","name":"ITU-D Priorities","description":"","potentialAction":[{"@type":"SearchAction","target":{"@type":"EntryPoint","urlTemplate":"https:\/\/www.itu.int\/itu-d\/sites\/priorities\/?s={search_term_string}"},"query-input":{"@type":"PropertyValueSpecification","valueRequired":true,"valueName":"search_term_string"}}],"inLanguage":"fr-FR"}]}},"_links":{"self":[{"href":"https:\/\/www.itu.int\/itu-d\/sites\/priorities\/fr\/wp-json\/wp\/v2\/pages\/271","targetHints":{"allow":["GET"]}}],"collection":[{"href":"https:\/\/www.itu.int\/itu-d\/sites\/priorities\/fr\/wp-json\/wp\/v2\/pages"}],"about":[{"href":"https:\/\/www.itu.int\/itu-d\/sites\/priorities\/fr\/wp-json\/wp\/v2\/types\/page"}],"author":[{"embeddable":true,"href":"https:\/\/www.itu.int\/itu-d\/sites\/priorities\/fr\/wp-json\/wp\/v2\/users\/4"}],"replies":[{"embeddable":true,"href":"https:\/\/www.itu.int\/itu-d\/sites\/priorities\/fr\/wp-json\/wp\/v2\/comments?post=271"}],"version-history":[{"count":0,"href":"https:\/\/www.itu.int\/itu-d\/sites\/priorities\/fr\/wp-json\/wp\/v2\/pages\/271\/revisions"}],"wp:attachment":[{"href":"https:\/\/www.itu.int\/itu-d\/sites\/priorities\/fr\/wp-json\/wp\/v2\/media?parent=271"}],"curies":[{"name":"wp","href":"https:\/\/api.w.org\/{rel}","templated":true}]}}