{"id":389,"date":"2023-05-30T09:30:53","date_gmt":"2023-05-30T09:30:53","guid":{"rendered":"https:\/\/www.itu.int\/itu-d\/sites\/priorities\/enablers-of-itu-d-priorities\/regional-presence\/"},"modified":"2023-06-22T08:15:37","modified_gmt":"2023-06-22T08:15:37","slug":"regional-presence","status":"publish","type":"page","link":"https:\/\/www.itu.int\/itu-d\/sites\/priorities\/es\/enablers-of-itu-d-priorities\/regional-presence\/","title":{"rendered":"Presencia regional"},"content":{"rendered":"    <section class=\"ituBanner bg smallheight\">\n        <div class=\"bgContainer\">\n            <img src=https:\/\/www.itu.int\/itu-d\/sites\/priorities\/wp-content\/uploads\/sites\/40\/2023\/05\/Regional-Presence.jpg alt=\"Background decorative image\" \/>\n            <div class=\"ituContainer grid\">\n                <div class=\"content\" data-span=\"8\">\n                    <div class=\"main\">\n                        <h2 class=\"h1 white\">Presencia regional<\/h2>\n                    <\/div>\n                    <div class=\"addInfo\"><\/div>\n                <\/div>\n            <\/div>\n        <\/div>\n    <\/section>\n\n\n    <div class=\"ituContainer grid\">\n                        <div data-span=\"12\">\n                    <div class=\"ituContainer\">\n<p><strong>Factores habilitadores de las prioridades del UIT-D<\/strong><\/p>\n<\/div>                    <div class=\"ituContainer\">\n<h1 class=\"wp-block-heading\">Presencia regional<\/h1>\n<\/div>            <\/div>\n            <\/div>\n\n\n    <div class=\"ituContainer grid\">\n        <div data-span=\"12\">\n                    <\/div>\n    <\/div>\n\n\n    <div class=\"ituContainer grid\">\n                        <div data-span=\"6\">\n            <\/div>\n                        <div data-span=\"4\">\n            <\/div>\n            <\/div>\n\n\n    <div class=\"ituContainer grid\">\n            <\/div>\n\n\n    <div class=\"ituContainer grid\">\n        <div data-span=\"12\">\n                                <div class=\"ituContainer grid\">\n                        <div data-span=\"8\">\n            <\/div>\n            <\/div>\n                    <\/div>\n    <\/div>\n\n\n    <div class=\"ituContainer grid\">\n                        <div data-span=\"8\">\n                    <div class=\"ituContainer\">\n<p>Como prolongaci\u00f3n de la UIT en su conjunto, la presencia regional desempe\u00f1a un papel decisivo en el cumplimiento de la misi\u00f3n de la Uni\u00f3n, pues mejora su comprensi\u00f3n de los contextos locales y su capacidad para responder a las necesidades de los pa\u00edses de forma eficaz. La presencia regional consolidar\u00e1 la planificaci\u00f3n estrat\u00e9gica a nivel de las distintas Oficinas Regionales y\/o Zonales, aplicando programas e iniciativas acordes con las metas estrat\u00e9gicas y las Prioridades Tem\u00e1ticas de la Uni\u00f3n y basados en ellas. Mediante la aplicaci\u00f3n de las finalidades mundiales y la aclaraci\u00f3n de las prioridades de los programas a escala regional, la UIT tambi\u00e9n tratar\u00e1 de mejorar su eficacia y repercusi\u00f3n globales.<\/p>\n<\/div>                    <div class=\"ituContainer\">\n<p><br>La presencia regional reforzar\u00e1 la posici\u00f3n de la UIT como conformadora\/ejecutora y mejorar\u00e1 la cooperaci\u00f3n en el seno de las Naciones Unidas, a fin de crear mayores oportunidades regionales y, de esta forma, llegar a m\u00e1s pa\u00edses y definir prioridades m\u00e1s claras y eficaces para los compromisos nacionales. Tambi\u00e9n se procurar\u00e1 reforzar las capacidades en el plano regional, de tal manera que las Oficinas Regionales y Zonales puedan ejecutar los programas y compromisos establecidos en funci\u00f3n de las metas estrat\u00e9gicas y las Prioridades Tem\u00e1ticas de la Uni\u00f3n.<\/p>\n<\/div>            <\/div>\n                        <div data-span=\"4\">\n                        <div class=\"ituContainer grid\">\n        <div data-span=\"12\">\n                                <div class=\"ituCard highlight-alt\" data-span=\"8\">\n\t\t<p><strong><strong><strong><strong>Prioridades del UIT-D:<\/strong><br><br><\/strong><\/strong><\/strong><a href=\"https:\/\/www.itu.int\/itu-d\/sites\/priorities\/es\/affordable-connectivity\/\">Conectividad asequible<\/a><br><a href=\"https:\/\/www.itu.int\/itu-d\/sites\/priorities\/es\/digital-transformation\/\">Transformaci\u00f3n digital<\/a><br><a href=\"https:\/\/www.itu.int\/itu-d\/sites\/priorities\/es\/enabling-policy-and-regulatory-environment\/\">Entorno pol\u00edtico y reglamentario propicio<\/a><br><a href=\"https:\/\/www.itu.int\/itu-d\/sites\/priorities\/es\/resource-mobilization-and-international-cooperation\/\">Movilizaci\u00f3n de recursos y cooperaci\u00f3n internacional<\/a><br><a href=\"https:\/\/www.itu.int\/itu-d\/sites\/priorities\/es\/inclusive-and-secure-telecommunications-icts-for-sustainable-development\/\">Telecomunicaciones\/TIC inclusivas y seguras para el desarrollo sostenible<\/a><\/p>\n\t<\/div>\n                    <\/div>\n    <\/div>\n            <\/div>\n            <\/div>\n\n\n    <div class=\"ituContainer grid\">\n        <div data-span=\"12\">\n                            <div class=\"ituContainer\">\n<div style=\"height:30px\" aria-hidden=\"true\" class=\"wp-block-spacer\"><\/div>\n<\/div>                                <section>\n        <div class=\"ituContainer grid\">\n                                                <a class=\"ituCard bg anim bgButton\" data-span=\"6\" href=\"https:\/\/www.itu.int\/itu-d\/sites\/africa\/es\/\" >\n        <div class=\"bgContainer\">\n            <img decoding=\"async\" src=\"https:\/\/www.itu.int\/itu-d\/sites\/priorities\/wp-content\/uploads\/sites\/40\/2023\/05\/bf_Africa_region.jpg\" class=\"icon\" alt=\"icon\" \/>\n            <div class=\"content\">\n                <div class=\"main\">\n                    <p class=\"title\">\u00c1frica<\/p>\n                <\/div>\n            <\/div>\n        <\/div>\n    <\/a>\n                                                <a class=\"ituCard bg anim bgButton\" data-span=\"6\" href=\"https:\/\/www.itu.int\/itu-d\/sites\/americas\/es\/\" >\n        <div class=\"bgContainer\">\n            <img decoding=\"async\" src=\"https:\/\/www.itu.int\/itu-d\/sites\/priorities\/wp-content\/uploads\/sites\/40\/2023\/05\/bg_EUR_region.jpg\" class=\"icon\" alt=\"icon\" \/>\n            <div class=\"content\">\n                <div class=\"main\">\n                    <p class=\"title\">Am\u00e9ricas<\/p>\n                <\/div>\n            <\/div>\n        <\/div>\n    <\/a>\n                                                <a class=\"ituCard bg anim bgButton\" data-span=\"6\" href=\"https:\/\/www.itu.int\/itu-d\/sites\/arabstates\/es\/\" >\n        <div class=\"bgContainer\">\n            <img decoding=\"async\" src=\"https:\/\/www.itu.int\/itu-d\/sites\/priorities\/wp-content\/uploads\/sites\/40\/2023\/05\/bg_ARB_region.jpg\" class=\"icon\" alt=\"icon\" \/>\n            <div class=\"content\">\n                <div class=\"main\">\n                    <p class=\"title\">Estados \u00e1rabes<\/p>\n                <\/div>\n            <\/div>\n        <\/div>\n    <\/a>\n                                                <a class=\"ituCard bg anim bgButton\" data-span=\"6\" href=\"https:\/\/www.itu.int\/itu-d\/sites\/asiapacific\/es\/\" >\n        <div class=\"bgContainer\">\n            <img decoding=\"async\" src=\"https:\/\/www.itu.int\/itu-d\/sites\/priorities\/wp-content\/uploads\/sites\/40\/2023\/05\/bg_ASP_region.jpg\" class=\"icon\" alt=\"icon\" \/>\n            <div class=\"content\">\n                <div class=\"main\">\n                    <p class=\"title\">Asia y el Pac\u00edfico<\/p>\n                <\/div>\n            <\/div>\n        <\/div>\n    <\/a>\n                                                <a class=\"ituCard bg anim bgButton\" data-span=\"6\" href=\"https:\/\/www.itu.int\/itu-d\/sites\/cis\/es\/\" >\n        <div class=\"bgContainer\">\n            <img decoding=\"async\" src=\"https:\/\/www.itu.int\/itu-d\/sites\/priorities\/wp-content\/uploads\/sites\/40\/2023\/05\/bg_CIS_region.jpg\" class=\"icon\" alt=\"icon\" \/>\n            <div class=\"content\">\n                <div class=\"main\">\n                    <p class=\"title\">Comumidad de Estados Independientes<\/p>\n                <\/div>\n            <\/div>\n        <\/div>\n    <\/a>\n                                                <a class=\"ituCard bg anim bgButton\" data-span=\"6\" href=\"https:\/\/www.itu.int\/itu-d\/sites\/europe\/es\/\" >\n        <div class=\"bgContainer\">\n            <img decoding=\"async\" src=\"https:\/\/www.itu.int\/itu-d\/sites\/priorities\/wp-content\/uploads\/sites\/40\/2023\/05\/bg_EUR_region.jpg\" class=\"icon\" alt=\"icon\" \/>\n            <div class=\"content\">\n                <div class=\"main\">\n                    <p class=\"title\">Europa<\/p>\n                <\/div>\n            <\/div>\n        <\/div>\n    <\/a>\n                    <\/div>\n    <\/section>\n                    <\/div>\n    <\/div>\n\n\n    <div class=\"ituContainer grid\">\n            <\/div>\n\n\n    <div class=\"ituContainer grid\">\n        <div data-span=\"12\">\n                            <div class=\"ituContainer\">\n<h1 class=\"wp-block-heading\">Factores habilitadores definidos en el Plan de Acci\u00f3n de Kigali<\/h1>\n<\/div>                                <section>\n        <div class=\"ituContainer grid\">\n                                                <a class=\"ituCard anim bg hor\" href=\"https:\/\/www.itu.int\/itu-d\/sites\/priorities\/es\/enablers-of-itu-d-priorities\/membership-driven\/\" data-span=\"6\" target=\"\">\n        <img decoding=\"async\" class=\"square\" src=\"https:\/\/www.itu.int\/itu-d\/sites\/priorities\/wp-content\/uploads\/sites\/40\/2023\/06\/Membership-driven-thumb_square.jpg\" alt=\"\" \/>\n        <div class=\"content\">\n            <div class=\"main\">\n                <p class=\"title\">Impulso de los miembros<\/p>\n\n            <\/div>\n            <div class=\"addInfo\">La UIT seguir\u00e1 trabajando como una organizaci\u00f3n impulsada por sus Miembros, a fin de atender y reflejar eficazmente sus necesidades<br><br>Siga leyendo \u203a<br><\/div>\n        <\/div>\n    <\/a>\n\n                                                <a class=\"ituCard anim bg hor\" href=\"https:\/\/www.itu.int\/itu-d\/sites\/priorities\/es\/enablers-of-itu-d-priorities\/regional-presence\/\" data-span=\"6\" target=\"\">\n        <img decoding=\"async\" class=\"square\" src=\"https:\/\/www.itu.int\/itu-d\/sites\/priorities\/wp-content\/uploads\/sites\/40\/2023\/06\/Regional_presence-Thumb-Square.jpg\" alt=\"\" \/>\n        <div class=\"content\">\n            <div class=\"main\">\n                <p class=\"title\">Presencia regional<\/p>\n\n            <\/div>\n            <div class=\"addInfo\">Como prolongaci\u00f3n de la UIT en su conjunto, la presencia regional desempe\u00f1a un papel decisivo en el cumplimiento de la misi\u00f3n de la Uni\u00f3n, pues mejora su comprensi\u00f3n de los contextos locales y su capacidad para responder a las necesidades de los pa\u00edses de forma eficaz<br><br>Siga leyendo \u203a<br><\/div>\n        <\/div>\n    <\/a>\n\n                                                <a class=\"ituCard anim bg hor\" href=\"https:\/\/www.itu.int\/itu-d\/sites\/priorities\/es\/enablers-of-itu-d-priorities\/diversity-and-inclusion\/\" data-span=\"6\" target=\"\">\n        <img decoding=\"async\" class=\"square\" src=\"https:\/\/www.itu.int\/itu-d\/sites\/priorities\/wp-content\/uploads\/sites\/40\/2023\/06\/Diversity-and-inclusion-thumb-square.jpg\" alt=\"\" \/>\n        <div class=\"content\">\n            <div class=\"main\">\n                <p class=\"title\">Diversidad e inclusion<\/p>\n\n            <\/div>\n            <div class=\"addInfo\">La UIT sigue decidida a integrar pr\u00e1cticas favorables a la diversidad y la inclusi\u00f3n en todos sus trabajos, con el fin de garantizar la igualdad<br><br>Siga leyendo \u203a<br><\/div>\n        <\/div>\n    <\/a>\n\n                                                <a class=\"ituCard anim bg hor\" href=\"https:\/\/www.itu.int\/itu-d\/sites\/priorities\/es\/enablers-of-itu-d-priorities\/commitment-to-environmental-sustainability\/\" data-span=\"6\" target=\"\">\n        <img decoding=\"async\" class=\"square\" src=\"https:\/\/www.itu.int\/itu-d\/sites\/priorities\/wp-content\/uploads\/sites\/40\/2023\/06\/Commitment-to-environmental-sustainability-thumb-square.jpg\" alt=\"\" \/>\n        <div class=\"content\">\n            <div class=\"main\">\n                <p class=\"title\">Compromiso con la sostenibilidad medioambiental<\/p>\n\n            <\/div>\n            <div class=\"addInfo\">La UIT reconoce que las telecomunicaciones\/TIC acarrean riesgos, retos y oportunidades para el medio ambiente<br><br>Siga leyendo \u203a<br><\/div>\n        <\/div>\n    <\/a>\n\n                                                <a class=\"ituCard anim bg hor\" href=\"https:\/\/www.itu.int\/itu-d\/sites\/priorities\/es\/enablers-of-itu-d-priorities\/partnerships-and-international-cooperation\/\" data-span=\"6\" target=\"\">\n        <img decoding=\"async\" class=\"square\" src=\"https:\/\/www.itu.int\/itu-d\/sites\/priorities\/wp-content\/uploads\/sites\/40\/2023\/06\/Partnerships-and-International-Cooperation-Thumb-Square.jpg\" alt=\"\" \/>\n        <div class=\"content\">\n            <div class=\"main\">\n                <p class=\"title\">Asociaciones y cooperaci\u00f3n internacional<\/p>\n\n            <\/div>\n            <div class=\"addInfo\">A fin de incrementar la colaboraci\u00f3n mundial en favor de su misi\u00f3n, la UIT sigue refor-zando las asociaciones entre sus Miembros y otras partes interesadas<br><br>Siga leyendo \u203a<br><\/div>\n        <\/div>\n    <\/a>\n\n                                                <a class=\"ituCard anim bg hor\" href=\"https:\/\/www.itu.int\/itu-d\/sites\/priorities\/es\/enablers-of-itu-d-priorities\/resource-mobilization\/\" data-span=\"6\" target=\"\">\n        <img decoding=\"async\" class=\"square\" src=\"https:\/\/www.itu.int\/itu-d\/sites\/priorities\/wp-content\/uploads\/sites\/40\/2023\/06\/Resource-mobilization-Thumb-Square.jpg\" alt=\"\" \/>\n        <div class=\"content\">\n            <div class=\"main\">\n                <p class=\"title\">Movilizaci\u00f3n de recursos<\/p>\n\n            <\/div>\n            <div class=\"addInfo\">A fin de lograr las metas de la Uni\u00f3n y mejorar el apoyo que la UIT brinda a sus Miembros, esfundamental acelerar lasiniciativas de movilizaci\u00f3n de recursos y aumen-tar los niveles de financiaci\u00f3n<br><br>Siga leyendo \u203a<br><\/div>\n        <\/div>\n    <\/a>\n\n                                                <a class=\"ituCard anim bg hor\" href=\"https:\/\/www.itu.int\/itu-d\/sites\/priorities\/es\/enablers-of-itu-d-priorities\/excellence-in-human-resources-and-organizational-innovation\/\" data-span=\"6\" target=\"\">\n        <img decoding=\"async\" class=\"square\" src=\"https:\/\/www.itu.int\/itu-d\/sites\/priorities\/wp-content\/uploads\/sites\/40\/2023\/06\/Excellence-in-human-resources-and-organizational-innovation-thumb-square.jpg\" alt=\"\" \/>\n        <div class=\"content\">\n            <div class=\"main\">\n                <p class=\"title\">Excelencia en los recursos humanos e innovaci\u00f3n institucional<\/p>\n\n            <\/div>\n            <div class=\"addInfo\">El refuerzo de la eficiencia y la eficacia operativas permite a la UIT responder a los cambios en el panorama de las telecomunicaciones\/TIC y a la evoluci\u00f3n de las necesi-dades de sus Miembros<br><br>Siga leyendo \u203a<br><\/div>\n        <\/div>\n    <\/a>\n\n                    <\/div>\n    <\/section>\n                    <\/div>\n    <\/div>\n","protected":false},"excerpt":{"rendered":"","protected":false},"author":4,"featured_media":0,"parent":311,"menu_order":0,"comment_status":"closed","ping_status":"open","template":"","meta":{"_acf_changed":false,"footnotes":"","_links_to":"","_links_to_target":""},"class_list":["post-389","page","type-page","status-publish","hentry"],"acf":[],"yoast_head":"<!-- This site is optimized with the Yoast SEO plugin v27.3 - https:\/\/yoast.com\/product\/yoast-seo-wordpress\/ -->\n<title>Presencia regional - ITU-D Priorities<\/title>\n<meta name=\"robots\" content=\"index, follow, max-snippet:-1, max-image-preview:large, max-video-preview:-1\" \/>\n<link rel=\"canonical\" href=\"https:\/\/www.itu.int\/itu-d\/sites\/priorities\/es\/enablers-of-itu-d-priorities\/regional-presence\/\" \/>\n<meta property=\"og:locale\" content=\"es_ES\" \/>\n<meta property=\"og:type\" content=\"article\" \/>\n<meta property=\"og:title\" content=\"Presencia regional\" \/>\n<meta property=\"og:url\" content=\"https:\/\/www.itu.int\/itu-d\/sites\/priorities\/es\/enablers-of-itu-d-priorities\/regional-presence\/\" \/>\n<meta property=\"og:site_name\" content=\"ITU-D Priorities\" \/>\n<meta property=\"article:modified_time\" content=\"2023-06-22T08:15:37+00:00\" \/>\n<meta property=\"og:image\" content=\"https:\/\/www.itu.int\/itu-d\/sites\/priorities\/wp-content\/uploads\/sites\/40\/2023\/06\/Regional_presence-Thumb-Square-1.jpg\" \/>\n\t<meta property=\"og:image:width\" content=\"700\" \/>\n\t<meta property=\"og:image:height\" content=\"700\" \/>\n\t<meta property=\"og:image:type\" content=\"image\/jpeg\" \/>\n<meta name=\"twitter:card\" content=\"summary_large_image\" \/>\n<meta name=\"twitter:image\" content=\"https:\/\/www.itu.int\/itu-d\/sites\/priorities\/wp-content\/uploads\/sites\/40\/2023\/06\/Regional_presence-Thumb-Square-1.jpg\" \/>\n<meta name=\"twitter:label1\" content=\"Tiempo de lectura\" \/>\n\t<meta name=\"twitter:data1\" content=\"1 minuto\" \/>\n<script type=\"application\/ld+json\" class=\"yoast-schema-graph\">{\"@context\":\"https:\\\/\\\/schema.org\",\"@graph\":[{\"@type\":\"WebPage\",\"@id\":\"https:\\\/\\\/www.itu.int\\\/itu-d\\\/sites\\\/priorities\\\/es\\\/enablers-of-itu-d-priorities\\\/regional-presence\\\/\",\"url\":\"https:\\\/\\\/www.itu.int\\\/itu-d\\\/sites\\\/priorities\\\/es\\\/enablers-of-itu-d-priorities\\\/regional-presence\\\/\",\"name\":\"Presencia regional - ITU-D Priorities\",\"isPartOf\":{\"@id\":\"https:\\\/\\\/www.itu.int\\\/itu-d\\\/sites\\\/priorities\\\/#website\"},\"datePublished\":\"2023-05-30T09:30:53+00:00\",\"dateModified\":\"2023-06-22T08:15:37+00:00\",\"breadcrumb\":{\"@id\":\"https:\\\/\\\/www.itu.int\\\/itu-d\\\/sites\\\/priorities\\\/es\\\/enablers-of-itu-d-priorities\\\/regional-presence\\\/#breadcrumb\"},\"inLanguage\":\"es\",\"potentialAction\":[{\"@type\":\"ReadAction\",\"target\":[\"https:\\\/\\\/www.itu.int\\\/itu-d\\\/sites\\\/priorities\\\/es\\\/enablers-of-itu-d-priorities\\\/regional-presence\\\/\"]}]},{\"@type\":\"BreadcrumbList\",\"@id\":\"https:\\\/\\\/www.itu.int\\\/itu-d\\\/sites\\\/priorities\\\/es\\\/enablers-of-itu-d-priorities\\\/regional-presence\\\/#breadcrumb\",\"itemListElement\":[{\"@type\":\"ListItem\",\"position\":1,\"name\":\"Home\",\"item\":\"https:\\\/\\\/www.itu.int\\\/itu-d\\\/sites\\\/priorities\\\/es\\\/\"},{\"@type\":\"ListItem\",\"position\":2,\"name\":\"Factores habilitadores\",\"item\":\"https:\\\/\\\/www.itu.int\\\/itu-d\\\/sites\\\/priorities\\\/es\\\/enablers-of-itu-d-priorities\\\/\"},{\"@type\":\"ListItem\",\"position\":3,\"name\":\"Presencia regional\"}]},{\"@type\":\"WebSite\",\"@id\":\"https:\\\/\\\/www.itu.int\\\/itu-d\\\/sites\\\/priorities\\\/#website\",\"url\":\"https:\\\/\\\/www.itu.int\\\/itu-d\\\/sites\\\/priorities\\\/\",\"name\":\"ITU-D Priorities\",\"description\":\"\",\"potentialAction\":[{\"@type\":\"SearchAction\",\"target\":{\"@type\":\"EntryPoint\",\"urlTemplate\":\"https:\\\/\\\/www.itu.int\\\/itu-d\\\/sites\\\/priorities\\\/?s={search_term_string}\"},\"query-input\":{\"@type\":\"PropertyValueSpecification\",\"valueRequired\":true,\"valueName\":\"search_term_string\"}}],\"inLanguage\":\"es\"}]}<\/script>\n<!-- \/ Yoast SEO plugin. -->","yoast_head_json":{"title":"Presencia regional - ITU-D Priorities","robots":{"index":"index","follow":"follow","max-snippet":"max-snippet:-1","max-image-preview":"max-image-preview:large","max-video-preview":"max-video-preview:-1"},"canonical":"https:\/\/www.itu.int\/itu-d\/sites\/priorities\/es\/enablers-of-itu-d-priorities\/regional-presence\/","og_locale":"es_ES","og_type":"article","og_title":"Presencia regional","og_url":"https:\/\/www.itu.int\/itu-d\/sites\/priorities\/es\/enablers-of-itu-d-priorities\/regional-presence\/","og_site_name":"ITU-D Priorities","article_modified_time":"2023-06-22T08:15:37+00:00","og_image":[{"width":700,"height":700,"url":"https:\/\/www.itu.int\/itu-d\/sites\/priorities\/wp-content\/uploads\/sites\/40\/2023\/06\/Regional_presence-Thumb-Square-1.jpg","type":"image\/jpeg"}],"twitter_card":"summary_large_image","twitter_image":"https:\/\/www.itu.int\/itu-d\/sites\/priorities\/wp-content\/uploads\/sites\/40\/2023\/06\/Regional_presence-Thumb-Square-1.jpg","twitter_misc":{"Tiempo de lectura":"1 minuto"},"schema":{"@context":"https:\/\/schema.org","@graph":[{"@type":"WebPage","@id":"https:\/\/www.itu.int\/itu-d\/sites\/priorities\/es\/enablers-of-itu-d-priorities\/regional-presence\/","url":"https:\/\/www.itu.int\/itu-d\/sites\/priorities\/es\/enablers-of-itu-d-priorities\/regional-presence\/","name":"Presencia regional - ITU-D Priorities","isPartOf":{"@id":"https:\/\/www.itu.int\/itu-d\/sites\/priorities\/#website"},"datePublished":"2023-05-30T09:30:53+00:00","dateModified":"2023-06-22T08:15:37+00:00","breadcrumb":{"@id":"https:\/\/www.itu.int\/itu-d\/sites\/priorities\/es\/enablers-of-itu-d-priorities\/regional-presence\/#breadcrumb"},"inLanguage":"es","potentialAction":[{"@type":"ReadAction","target":["https:\/\/www.itu.int\/itu-d\/sites\/priorities\/es\/enablers-of-itu-d-priorities\/regional-presence\/"]}]},{"@type":"BreadcrumbList","@id":"https:\/\/www.itu.int\/itu-d\/sites\/priorities\/es\/enablers-of-itu-d-priorities\/regional-presence\/#breadcrumb","itemListElement":[{"@type":"ListItem","position":1,"name":"Home","item":"https:\/\/www.itu.int\/itu-d\/sites\/priorities\/es\/"},{"@type":"ListItem","position":2,"name":"Factores habilitadores","item":"https:\/\/www.itu.int\/itu-d\/sites\/priorities\/es\/enablers-of-itu-d-priorities\/"},{"@type":"ListItem","position":3,"name":"Presencia regional"}]},{"@type":"WebSite","@id":"https:\/\/www.itu.int\/itu-d\/sites\/priorities\/#website","url":"https:\/\/www.itu.int\/itu-d\/sites\/priorities\/","name":"ITU-D Priorities","description":"","potentialAction":[{"@type":"SearchAction","target":{"@type":"EntryPoint","urlTemplate":"https:\/\/www.itu.int\/itu-d\/sites\/priorities\/?s={search_term_string}"},"query-input":{"@type":"PropertyValueSpecification","valueRequired":true,"valueName":"search_term_string"}}],"inLanguage":"es"}]}},"_links":{"self":[{"href":"https:\/\/www.itu.int\/itu-d\/sites\/priorities\/es\/wp-json\/wp\/v2\/pages\/389","targetHints":{"allow":["GET"]}}],"collection":[{"href":"https:\/\/www.itu.int\/itu-d\/sites\/priorities\/es\/wp-json\/wp\/v2\/pages"}],"about":[{"href":"https:\/\/www.itu.int\/itu-d\/sites\/priorities\/es\/wp-json\/wp\/v2\/types\/page"}],"author":[{"embeddable":true,"href":"https:\/\/www.itu.int\/itu-d\/sites\/priorities\/es\/wp-json\/wp\/v2\/users\/4"}],"replies":[{"embeddable":true,"href":"https:\/\/www.itu.int\/itu-d\/sites\/priorities\/es\/wp-json\/wp\/v2\/comments?post=389"}],"version-history":[{"count":0,"href":"https:\/\/www.itu.int\/itu-d\/sites\/priorities\/es\/wp-json\/wp\/v2\/pages\/389\/revisions"}],"up":[{"embeddable":true,"href":"https:\/\/www.itu.int\/itu-d\/sites\/priorities\/es\/wp-json\/wp\/v2\/pages\/311"}],"wp:attachment":[{"href":"https:\/\/www.itu.int\/itu-d\/sites\/priorities\/es\/wp-json\/wp\/v2\/media?parent=389"}],"curies":[{"name":"wp","href":"https:\/\/api.w.org\/{rel}","templated":true}]}}