{"id":301,"date":"2023-05-22T11:25:40","date_gmt":"2023-05-22T11:25:40","guid":{"rendered":"https:\/\/www.itu.int\/itu-d\/sites\/priorities\/digital-transformation\/"},"modified":"2024-05-09T18:15:15","modified_gmt":"2024-05-09T18:15:15","slug":"digital-transformation","status":"publish","type":"page","link":"https:\/\/www.itu.int\/itu-d\/sites\/priorities\/es\/digital-transformation\/","title":{"rendered":"Transformaci\u00f3n digital"},"content":{"rendered":"    <section class=\"ituBanner bg smallheight\">\n        <div class=\"bgContainer\">\n            <img src=https:\/\/www.itu.int\/itu-d\/sites\/priorities\/wp-content\/uploads\/sites\/40\/2023\/05\/Digital-transformation-banner_V2.jpg alt=\"Background decorative image\" \/>\n            <div class=\"ituContainer grid\">\n                <div class=\"content\" data-span=\"8\">\n                    <div class=\"main\">\n                        <h2 class=\"h1 white\">Transformaci\u00f3n digital<\/h2>\n                    <\/div>\n                    <div class=\"addInfo\"><\/div>\n                <\/div>\n            <\/div>\n        <\/div>\n    <\/section>\n\n\n    <div class=\"ituContainer grid\">\n                        <div data-span=\"8\">\n                    <div class=\"ituContainer\">\n<p><strong>Prioridades del UIT-D<\/strong><\/p>\n<\/div>                    <div class=\"ituContainer\">\n<h2 class=\"wp-block-heading\">Transformaci\u00f3n digital<\/h2>\n<\/div>            <\/div>\n                        <div data-span=\"4\">\n            <\/div>\n            <\/div>\n\n\n    <div class=\"ituContainer grid\">\n                        <div data-span=\"8\">\n                    <div class=\"ituContainer\">\n<p>Esta prioridad se centra en: 1) el desarrollo y utilizaci\u00f3n de lastelecomunicaciones\/TIC, as\u00ed como de las aplicaciones y servicios para colmar la brecha digital y empoderar a las personas y lassociedades para el desarrollo sostenible; 2) el apoyo a los Miembros del UIT-D para impulsar la transformaci\u00f3n digital a trav\u00e9s del emprendimiento en las TIC y una mayor innovaci\u00f3n en el ecosistema de TIC, al tiempo que alienta el empoderamiento de partes interesadas fundamentales y la creaci\u00f3n de nuevas oportunidades para ellas en el sector de las telecomunicaciones\/TIC.<\/p>\n<\/div>                    <div class=\"ituContainer\">\n<p><\/p>\n<\/div>                    <div class=\"ituContainer\">\n<p>Esto resulta de vital importancia a medida que las sociedades se adaptan a los cambios, incluidos los derivados de la pandemia de la COVID-19 y de otras cat\u00e1strofes mundiales que puedan ocurrir en el futuro. Al hacerlo, es necesario reconocer las necesidades de las mujeres, los j\u00f3venes, las personas con discapacidad y las personas con necesidades especiales. Esta prioridad identificar\u00e1 enfoques nuevos para implicar a los Estados Miembros y otras partes interesadas en la transformaci\u00f3n digital, como las empresas nuevas, las PYME, las empresas, las asociaciones p\u00fablico-privadas(APP), elsector p\u00fablico y elsector privado a fin de ayudar a integrar los programas nacionales de desarrollo e innovaci\u00f3n de TIC y, al mismo tiempo, determinar las necesidades y ejecutar iniciativas en el plano nacional.<\/p>\n<\/div>            <\/div>\n                        <div data-span=\"4\">\n                        <div class=\"ituContainer grid\">\n        <div data-span=\"12\">\n                                <div class=\"ituCard highlight-alt\" data-span=\"8\">\n\t\t<p><strong><strong>Factores habilitadores de las prioridades del UIT-D:<\/strong><br><br><\/strong><a href=\"https:\/\/www.itu.int\/itu-d\/sites\/priorities\/es\/enablers-of-itu-d-priorities\/membership-driven\/\">Impulso de los miembros<\/a><br><a href=\"https:\/\/www.itu.int\/itu-d\/sites\/priorities\/es\/enablers-of-itu-d-priorities\/regional-presence\/\">Presencia regional<\/a><br><a href=\"https:\/\/www.itu.int\/itu-d\/sites\/priorities\/es\/enablers-of-itu-d-priorities\/diversity-and-inclusion\/\">Diversidad e inclusi\u00f3n<\/a><br><a href=\"https:\/\/www.itu.int\/itu-d\/sites\/priorities\/es\/enablers-of-itu-d-priorities\/commitment-to-environmental-sustainability\/\">Compromiso con la sostenibilidad medioambiental<\/a><br><a href=\"https:\/\/www.itu.int\/itu-d\/sites\/priorities\/es\/enablers-of-itu-d-priorities\/partnerships-and-international-cooperation\/\">Asociaciones y cooperaci\u00f3n internacional<\/a><br><a href=\"https:\/\/www.itu.int\/itu-d\/sites\/priorities\/es\/enablers-of-itu-d-priorities\/resource-mobilization\/\">Movilizaci\u00f3n de recursos<\/a><br><a href=\"https:\/\/www.itu.int\/itu-d\/sites\/priorities\/es\/enablers-of-itu-d-priorities\/excellence-in-human-resources-and-organizational-innovation\/\">Excelencia en los recursos humanos e innovaci\u00f3n institucional<\/a><\/p>\n\t<\/div>\n                    <\/div>\n    <\/div>\n                    <div class=\"ituContainer\">\n<p><\/p>\n<\/div>            <\/div>\n                        <div data-span=\"4\">\n            <\/div>\n                        <div data-span=\"6\">\n            <\/div>\n            <\/div>\n\n\n    <div class=\"ituContainer grid\">\n        <div data-span=\"12\">\n                    <\/div>\n    <\/div>\n\n\n    <div class=\"ituContainer grid\">\n                        <div data-span=\"6\">\n            <\/div>\n                        <div data-span=\"4\">\n            <\/div>\n            <\/div>\n\n\n    <div class=\"ituContainer grid\">\n            <\/div>\n\n\n    <div class=\"ituContainer grid\">\n        <div data-span=\"12\">\n                                <div class=\"ituContainer grid\">\n                        <div data-span=\"8\">\n            <\/div>\n            <\/div>\n                    <\/div>\n    <\/div>\n\n\n    <div class=\"ituContainer grid\">\n        <div data-span=\"12\">\n                            <div class=\"ituContainer\">\n<h1 class=\"wp-block-heading\">En el punto de mira<\/h1>\n<\/div>                                <section>\n        <div class=\"ituContainer grid\">\n                                                <a class=\"ituCard bg anim bgButton\" data-span=\"6\" href=\"https:\/\/www.itu.int\/itu-d\/sites\/digital-inclusion\/es\/\" >\n        <div class=\"bgContainer\">\n            <img decoding=\"async\" src=\"https:\/\/www.itu.int\/itu-d\/sites\/priorities\/wp-content\/uploads\/sites\/40\/2023\/05\/Digital-Inclusion-Mini-Banner-1.jpg\" class=\"icon\" alt=\"icon\" \/>\n            <div class=\"content\">\n                <div class=\"main\">\n                    <p class=\"title\">Inclusi\u00f3n digital<\/p>\n                <\/div>\n            <\/div>\n        <\/div>\n    <\/a>\n                                                <a class=\"ituCard bg anim bgButton\" data-span=\"6\" href=\"https:\/\/www.itu.int\/itu-d\/sites\/environment\/es\/\" >\n        <div class=\"bgContainer\">\n            <img decoding=\"async\" src=\"https:\/\/www.itu.int\/itu-d\/sites\/priorities\/wp-content\/uploads\/sites\/40\/2023\/05\/Environment_mini_banner.jpg\" class=\"icon\" alt=\"icon\" \/>\n            <div class=\"content\">\n                <div class=\"main\">\n                    <p class=\"title\">Medio ambiente<\/p>\n                <\/div>\n            <\/div>\n        <\/div>\n    <\/a>\n                                                <a class=\"ituCard bg anim bgButton\" data-span=\"6\" href=\"https:\/\/www.itu.int\/itu-d\/sites\/ict-applications\/es\/\" >\n        <div class=\"bgContainer\">\n            <img decoding=\"async\" src=\"https:\/\/www.itu.int\/itu-d\/sites\/priorities\/wp-content\/uploads\/sites\/40\/2023\/05\/Digital-services-and-applications-banner.jpg\" class=\"icon\" alt=\"icon\" \/>\n            <div class=\"content\">\n                <div class=\"main\">\n                    <p class=\"title\">Servicios y aplicaciones digitales<\/p>\n                <\/div>\n            <\/div>\n        <\/div>\n    <\/a>\n                                                <a class=\"ituCard bg anim bgButton\" data-span=\"6\" href=\"https:\/\/www.itu.int\/itu-d\/sites\/innovation\/es\/\" >\n        <div class=\"bgContainer\">\n            <img decoding=\"async\" src=\"https:\/\/www.itu.int\/itu-d\/sites\/priorities\/wp-content\/uploads\/sites\/40\/2023\/05\/Digital-innovation-Ecosystems-banner.jpg\" class=\"icon\" alt=\"icon\" \/>\n            <div class=\"content\">\n                <div class=\"main\">\n                    <p class=\"title\">Ecosistemas de innovaci\u00f3n digital<\/p>\n                <\/div>\n            <\/div>\n        <\/div>\n    <\/a>\n                    <\/div>\n    <\/section>\n                    <\/div>\n    <\/div>\n\n\n    <div class=\"ituContainer grid\">\n        <div data-span=\"12\">\n                            <div class=\"ituContainer\">\n<h1 class=\"wp-block-heading\">Temas principales<\/h1>\n<\/div>                                <section>\n        <div class=\"ituContainer grid\">\n                                                        <a class=\"ituCard anim\" data-span=\"3\" href=\"https:\/\/www.itu.int\/itu-d\/sites\/emergency-telecommunications\/es\/\" >\n                    <div class=\"content center\">\n                <div class=\"main\">\n                    <img decoding=\"async\" src=\"https:\/\/www.itu.int\/itu-d\/sites\/priorities\/wp-content\/uploads\/sites\/40\/2023\/05\/Emergency_telecommunications_icon-2.png\" class=\"icon\" alt=\"icon\" \/>\n                                            <p class=\"title\">Telecomunicaciones de emergencia<\/p>\n                                        <p>M\u00e1s informaci\u00f3n<\/p>\n                <\/div>\n            <\/div>\n                    <\/a>\n    \n                                                        <a class=\"ituCard anim\" data-span=\"3\" href=\"https:\/\/www.itu.int\/itu-d\/sites\/ict-infrastructure\/es\/\" >\n                    <div class=\"content center\">\n                <div class=\"main\">\n                    <img decoding=\"async\" src=\"https:\/\/www.itu.int\/itu-d\/sites\/priorities\/wp-content\/uploads\/sites\/40\/2023\/05\/Network-and-digital-infrastructure-icon-1.png\" class=\"icon\" alt=\"icon\" \/>\n                                            <p class=\"title\">Redes e infraestructura digital<\/p>\n                                        <p>M\u00e1s informaci\u00f3n<\/p>\n                <\/div>\n            <\/div>\n                    <\/a>\n    \n                                                        <a class=\"ituCard anim\" data-span=\"3\" href=\"https:\/\/www.itu.int\/itu-d\/sites\/ict-applications\/es\/\" >\n                    <div class=\"content center\">\n                <div class=\"main\">\n                    <img decoding=\"async\" src=\"https:\/\/www.itu.int\/itu-d\/sites\/priorities\/wp-content\/uploads\/sites\/40\/2023\/05\/Digital-services-and-applications.png\" class=\"icon\" alt=\"icon\" \/>\n                                            <p class=\"title\">Servicios y aplicaciones digitales<\/p>\n                                        <p>M\u00e1s informaci\u00f3n<\/p>\n                <\/div>\n            <\/div>\n                    <\/a>\n    \n                                                        <a class=\"ituCard anim\" data-span=\"3\" href=\"https:\/\/www.itu.int\/itu-d\/sites\/innovation\/es\/\" >\n                    <div class=\"content center\">\n                <div class=\"main\">\n                    <img decoding=\"async\" src=\"https:\/\/www.itu.int\/itu-d\/sites\/priorities\/wp-content\/uploads\/sites\/40\/2023\/05\/Digital-innovation-Ecosystems.png\" class=\"icon\" alt=\"icon\" \/>\n                                            <p class=\"title\">Ecosistemas de innovaci\u00f3n digital<\/p>\n                                        <p>M\u00e1s informaci\u00f3n<\/p>\n                <\/div>\n            <\/div>\n                    <\/a>\n    \n                                                        <a class=\"ituCard anim\" data-span=\"3\" href=\"https:\/\/www.itu.int\/itu-d\/sites\/regulatory-market\/es\/\" >\n                    <div class=\"content center\">\n                <div class=\"main\">\n                    <img decoding=\"async\" src=\"https:\/\/www.itu.int\/itu-d\/sites\/priorities\/wp-content\/uploads\/sites\/40\/2023\/05\/Policy-and-Regulation.png\" class=\"icon\" alt=\"icon\" \/>\n                                            <p class=\"title\">Pol\u00edtica y reglamentaci\u00f3n<br><\/p>\n                                        <p>M\u00e1s informaci\u00f3n<\/p>\n                <\/div>\n            <\/div>\n                    <\/a>\n    \n                                                        <a class=\"ituCard anim\" data-span=\"3\" href=\"https:\/\/www.itu.int\/itu-d\/sites\/statistics\/es\/\" >\n                    <div class=\"content center\">\n                <div class=\"main\">\n                    <img decoding=\"async\" src=\"https:\/\/www.itu.int\/itu-d\/sites\/priorities\/wp-content\/uploads\/sites\/40\/2023\/05\/Statistics.png\" class=\"icon\" alt=\"icon\" \/>\n                                            <p class=\"title\">Estad\u00edsticas\u200b\u200b\u200b\u200b<br><\/p>\n                                        <p>M\u00e1s informaci\u00f3n<\/p>\n                <\/div>\n            <\/div>\n                    <\/a>\n    \n                                                        <a class=\"ituCard anim\" data-span=\"3\" href=\"https:\/\/www.itu.int\/itu-d\/sites\/capacity-development\/es\/\" >\n                    <div class=\"content center\">\n                <div class=\"main\">\n                    <img decoding=\"async\" src=\"https:\/\/www.itu.int\/itu-d\/sites\/priorities\/wp-content\/uploads\/sites\/40\/2023\/05\/Capacity-Development.png\" class=\"icon\" alt=\"icon\" \/>\n                                            <p class=\"title\">Capacitaci\u00f3n<\/p>\n                                        <p>M\u00e1s informaci\u00f3n<\/p>\n                <\/div>\n            <\/div>\n                    <\/a>\n    \n                                                        <a class=\"ituCard anim\" data-span=\"3\" href=\"https:\/\/www.itu.int\/itu-d\/sites\/cybersecurity\/es\/\" >\n                    <div class=\"content center\">\n                <div class=\"main\">\n                    <img decoding=\"async\" src=\"https:\/\/www.itu.int\/itu-d\/sites\/priorities\/wp-content\/uploads\/sites\/40\/2023\/05\/Cybersecurity-icon-1.png\" class=\"icon\" alt=\"icon\" \/>\n                                            <p class=\"title\">Ciberseguridad\u200b<\/p>\n                                        <p>M\u00e1s informaci\u00f3n<\/p>\n                <\/div>\n            <\/div>\n                    <\/a>\n    \n                                                        <a class=\"ituCard anim\" data-span=\"3\" href=\"https:\/\/www.itu.int\/itu-d\/sites\/studygroups\/es\/\" >\n                    <div class=\"content center\">\n                <div class=\"main\">\n                    <img decoding=\"async\" src=\"https:\/\/www.itu.int\/itu-d\/sites\/priorities\/wp-content\/uploads\/sites\/40\/2023\/05\/ITU-D-Study-Groups-Icon.png\" class=\"icon\" alt=\"icon\" \/>\n                                            <p class=\"title\">Comisiones de Estudio del UIT-D<\/p>\n                                        <p>M\u00e1s informaci\u00f3n<\/p>\n                <\/div>\n            <\/div>\n                    <\/a>\n    \n                                                        <a class=\"ituCard anim\" data-span=\"3\" href=\"https:\/\/www.itu.int\/itu-d\/sites\/partnerships\/home\/partnerships\/#\/es\" >\n                    <div class=\"content center\">\n                <div class=\"main\">\n                    <img decoding=\"async\" src=\"https:\/\/www.itu.int\/itu-d\/sites\/priorities\/wp-content\/uploads\/sites\/40\/2023\/06\/Partnerships-icon.png\" class=\"icon\" alt=\"icon\" \/>\n                                            <p class=\"title\">Asociaciones<\/p>\n                                        <p>M\u00e1s informaci\u00f3n<\/p>\n                <\/div>\n            <\/div>\n                    <\/a>\n    \n                    <\/div>\n    <\/section>\n                                <section>\n        <div class=\"ituContainer grid\">\n                                <div class=\"ituCard bg hor alternating\" data-span=\"12\">\n        <img src=https:\/\/www.itu.int\/itu-d\/sites\/priorities\/wp-content\/uploads\/sites\/40\/2023\/05\/LDC-Banneer-Mini.jpg alt=\"Decorative image\" \/>\n        <div class=\"content\">\n            <div class=\"main\">\n                                    <p class=\"title\">Integraci\u00f3n de las necesidades de los PMA, PDSL y PEID<\/p>\n                                                    Las TIC ayudan a los pa\u00edses menos adelantados (PMA), los peque\u00f1os estados insulares en desarrollo (PEID), los pa\u00edses en desarrollo sin litoral (PDSL) a abordar sus retos espec\u00edficos de desarrollo. Los PMA, los PDSL y los PEID se enfrentan a una serie de obst\u00e1culos para la conectividad: muchos PMA tienen grandes extensiones territoriales y poblaciones rurales, y est\u00e1n escasamente poblados, lo que dificulta el despliegue de infraestructuras de comunicaci\u00f3n terrestres. Los PDSL carecen de un acceso directo al mar y muchos PEID tienen numerosas islas y a menudo se enfrentan a unos costes de comunicaci\u00f3n elevados.<br>                                                    <a href=\"https:\/\/www.itu.int\/es\/ITU-D\/LDCs\/Pages\/default.aspx\" class=\"ituBtn\" target=_self>\n                        M\u00e1s informaci\u00f3n                    <\/a>\n                            <\/div>\n        <\/div>\n    <\/div>\n                    <\/div>\n    <\/section>\n                                <section>\n        <div class=\"ituContainer grid\">\n                                                <a class=\"ituCard bg anim bgButton\" data-span=\"6\" href=\"https:\/\/sdgs.un.org\/es\/goals\" >\n        <div class=\"bgContainer\">\n            <img decoding=\"async\" src=\"https:\/\/www.itu.int\/itu-d\/sites\/priorities\/wp-content\/uploads\/sites\/40\/2023\/05\/SDG_bannerV4.jpg\" class=\"icon\" alt=\"icon\" \/>\n            <div class=\"content\">\n                <div class=\"main\">\n                    <p class=\"title\">Objetivos de Desarrollo Sostenible (ODS)<\/p>\n                <\/div>\n            <\/div>\n        <\/div>\n    <\/a>\n                                                <a class=\"ituCard bg anim bgButton\" data-span=\"6\" href=\"https:\/\/www.itu.int\/en\/itu-wsis\" >\n        <div class=\"bgContainer\">\n            <img decoding=\"async\" src=\"https:\/\/www.itu.int\/itu-d\/sites\/priorities\/wp-content\/uploads\/sites\/40\/2023\/05\/WSIS-Banner-V3.jpg\" class=\"icon\" alt=\"icon\" \/>\n            <div class=\"content\">\n                <div class=\"main\">\n                    <p class=\"title\">Cumbre Mundial sobre la Sociedad de la Informaci\u00f3n (CMSI)<\/p>\n                <\/div>\n            <\/div>\n        <\/div>\n    <\/a>\n                    <\/div>\n    <\/section>\n                    <\/div>\n    <\/div>\n\n\n    <div class=\"ituContainer grid\">\n        <div data-span=\"12\">\n                    <\/div>\n    <\/div>\n\n\n    <div class=\"ituContainer grid\">\n        <div data-span=\"12\">\n                                <section>\n        <div class=\"ituContainer grid\">\n                    <\/div>\n    <\/section>\n                    <\/div>\n    <\/div>\n\n\n    <div class=\"ituContainer grid\">\n        <div data-span=\"12\">\n                            <div class=\"ituContainer\">\n<p><\/p>\n<\/div>                    <\/div>\n    <\/div>\n","protected":false},"excerpt":{"rendered":"","protected":false},"author":4,"featured_media":0,"parent":0,"menu_order":0,"comment_status":"closed","ping_status":"open","template":"","meta":{"_acf_changed":false,"footnotes":"","_links_to":"","_links_to_target":""},"class_list":["post-301","page","type-page","status-publish","hentry"],"acf":[],"yoast_head":"<!-- This site is optimized with the Yoast SEO plugin v27.3 - https:\/\/yoast.com\/product\/yoast-seo-wordpress\/ -->\n<title>Transformaci\u00f3n digital - ITU-D Priorities<\/title>\n<meta name=\"robots\" content=\"index, follow, max-snippet:-1, max-image-preview:large, max-video-preview:-1\" \/>\n<link rel=\"canonical\" href=\"https:\/\/www.itu.int\/itu-d\/sites\/priorities\/es\/digital-transformation\/\" \/>\n<meta property=\"og:locale\" content=\"es_ES\" \/>\n<meta property=\"og:type\" content=\"article\" \/>\n<meta property=\"og:title\" content=\"Transformaci\u00f3n digital\" \/>\n<meta property=\"og:url\" content=\"https:\/\/www.itu.int\/itu-d\/sites\/priorities\/es\/digital-transformation\/\" \/>\n<meta property=\"og:site_name\" content=\"ITU-D Priorities\" \/>\n<meta property=\"article:modified_time\" content=\"2024-05-09T18:15:15+00:00\" \/>\n<meta property=\"og:image\" content=\"https:\/\/www.itu.int\/itu-d\/sites\/priorities\/wp-content\/uploads\/sites\/40\/2023\/06\/Digital-transformation-mini-banner.jpg\" \/>\n\t<meta property=\"og:image:width\" content=\"600\" \/>\n\t<meta property=\"og:image:height\" content=\"400\" \/>\n\t<meta property=\"og:image:type\" content=\"image\/jpeg\" \/>\n<meta name=\"twitter:card\" content=\"summary_large_image\" \/>\n<meta name=\"twitter:image\" content=\"https:\/\/www.itu.int\/itu-d\/sites\/priorities\/wp-content\/uploads\/sites\/40\/2023\/06\/Digital-transformation-mini-banner.jpg\" \/>\n<meta name=\"twitter:label1\" content=\"Tiempo de lectura\" \/>\n\t<meta name=\"twitter:data1\" content=\"1 minuto\" \/>\n<script type=\"application\/ld+json\" class=\"yoast-schema-graph\">{\"@context\":\"https:\\\/\\\/schema.org\",\"@graph\":[{\"@type\":\"WebPage\",\"@id\":\"https:\\\/\\\/www.itu.int\\\/itu-d\\\/sites\\\/priorities\\\/es\\\/digital-transformation\\\/\",\"url\":\"https:\\\/\\\/www.itu.int\\\/itu-d\\\/sites\\\/priorities\\\/es\\\/digital-transformation\\\/\",\"name\":\"Transformaci\u00f3n digital - ITU-D Priorities\",\"isPartOf\":{\"@id\":\"https:\\\/\\\/www.itu.int\\\/itu-d\\\/sites\\\/priorities\\\/#website\"},\"datePublished\":\"2023-05-22T11:25:40+00:00\",\"dateModified\":\"2024-05-09T18:15:15+00:00\",\"breadcrumb\":{\"@id\":\"https:\\\/\\\/www.itu.int\\\/itu-d\\\/sites\\\/priorities\\\/es\\\/digital-transformation\\\/#breadcrumb\"},\"inLanguage\":\"es\",\"potentialAction\":[{\"@type\":\"ReadAction\",\"target\":[\"https:\\\/\\\/www.itu.int\\\/itu-d\\\/sites\\\/priorities\\\/es\\\/digital-transformation\\\/\"]}]},{\"@type\":\"BreadcrumbList\",\"@id\":\"https:\\\/\\\/www.itu.int\\\/itu-d\\\/sites\\\/priorities\\\/es\\\/digital-transformation\\\/#breadcrumb\",\"itemListElement\":[{\"@type\":\"ListItem\",\"position\":1,\"name\":\"Home\",\"item\":\"https:\\\/\\\/www.itu.int\\\/itu-d\\\/sites\\\/priorities\\\/es\\\/\"},{\"@type\":\"ListItem\",\"position\":2,\"name\":\"Transformaci\u00f3n digital\"}]},{\"@type\":\"WebSite\",\"@id\":\"https:\\\/\\\/www.itu.int\\\/itu-d\\\/sites\\\/priorities\\\/#website\",\"url\":\"https:\\\/\\\/www.itu.int\\\/itu-d\\\/sites\\\/priorities\\\/\",\"name\":\"ITU-D Priorities\",\"description\":\"\",\"potentialAction\":[{\"@type\":\"SearchAction\",\"target\":{\"@type\":\"EntryPoint\",\"urlTemplate\":\"https:\\\/\\\/www.itu.int\\\/itu-d\\\/sites\\\/priorities\\\/?s={search_term_string}\"},\"query-input\":{\"@type\":\"PropertyValueSpecification\",\"valueRequired\":true,\"valueName\":\"search_term_string\"}}],\"inLanguage\":\"es\"}]}<\/script>\n<!-- \/ Yoast SEO plugin. -->","yoast_head_json":{"title":"Transformaci\u00f3n digital - ITU-D Priorities","robots":{"index":"index","follow":"follow","max-snippet":"max-snippet:-1","max-image-preview":"max-image-preview:large","max-video-preview":"max-video-preview:-1"},"canonical":"https:\/\/www.itu.int\/itu-d\/sites\/priorities\/es\/digital-transformation\/","og_locale":"es_ES","og_type":"article","og_title":"Transformaci\u00f3n digital","og_url":"https:\/\/www.itu.int\/itu-d\/sites\/priorities\/es\/digital-transformation\/","og_site_name":"ITU-D Priorities","article_modified_time":"2024-05-09T18:15:15+00:00","og_image":[{"width":600,"height":400,"url":"https:\/\/www.itu.int\/itu-d\/sites\/priorities\/wp-content\/uploads\/sites\/40\/2023\/06\/Digital-transformation-mini-banner.jpg","type":"image\/jpeg"}],"twitter_card":"summary_large_image","twitter_image":"https:\/\/www.itu.int\/itu-d\/sites\/priorities\/wp-content\/uploads\/sites\/40\/2023\/06\/Digital-transformation-mini-banner.jpg","twitter_misc":{"Tiempo de lectura":"1 minuto"},"schema":{"@context":"https:\/\/schema.org","@graph":[{"@type":"WebPage","@id":"https:\/\/www.itu.int\/itu-d\/sites\/priorities\/es\/digital-transformation\/","url":"https:\/\/www.itu.int\/itu-d\/sites\/priorities\/es\/digital-transformation\/","name":"Transformaci\u00f3n digital - ITU-D Priorities","isPartOf":{"@id":"https:\/\/www.itu.int\/itu-d\/sites\/priorities\/#website"},"datePublished":"2023-05-22T11:25:40+00:00","dateModified":"2024-05-09T18:15:15+00:00","breadcrumb":{"@id":"https:\/\/www.itu.int\/itu-d\/sites\/priorities\/es\/digital-transformation\/#breadcrumb"},"inLanguage":"es","potentialAction":[{"@type":"ReadAction","target":["https:\/\/www.itu.int\/itu-d\/sites\/priorities\/es\/digital-transformation\/"]}]},{"@type":"BreadcrumbList","@id":"https:\/\/www.itu.int\/itu-d\/sites\/priorities\/es\/digital-transformation\/#breadcrumb","itemListElement":[{"@type":"ListItem","position":1,"name":"Home","item":"https:\/\/www.itu.int\/itu-d\/sites\/priorities\/es\/"},{"@type":"ListItem","position":2,"name":"Transformaci\u00f3n digital"}]},{"@type":"WebSite","@id":"https:\/\/www.itu.int\/itu-d\/sites\/priorities\/#website","url":"https:\/\/www.itu.int\/itu-d\/sites\/priorities\/","name":"ITU-D Priorities","description":"","potentialAction":[{"@type":"SearchAction","target":{"@type":"EntryPoint","urlTemplate":"https:\/\/www.itu.int\/itu-d\/sites\/priorities\/?s={search_term_string}"},"query-input":{"@type":"PropertyValueSpecification","valueRequired":true,"valueName":"search_term_string"}}],"inLanguage":"es"}]}},"_links":{"self":[{"href":"https:\/\/www.itu.int\/itu-d\/sites\/priorities\/es\/wp-json\/wp\/v2\/pages\/301","targetHints":{"allow":["GET"]}}],"collection":[{"href":"https:\/\/www.itu.int\/itu-d\/sites\/priorities\/es\/wp-json\/wp\/v2\/pages"}],"about":[{"href":"https:\/\/www.itu.int\/itu-d\/sites\/priorities\/es\/wp-json\/wp\/v2\/types\/page"}],"author":[{"embeddable":true,"href":"https:\/\/www.itu.int\/itu-d\/sites\/priorities\/es\/wp-json\/wp\/v2\/users\/4"}],"replies":[{"embeddable":true,"href":"https:\/\/www.itu.int\/itu-d\/sites\/priorities\/es\/wp-json\/wp\/v2\/comments?post=301"}],"version-history":[{"count":0,"href":"https:\/\/www.itu.int\/itu-d\/sites\/priorities\/es\/wp-json\/wp\/v2\/pages\/301\/revisions"}],"wp:attachment":[{"href":"https:\/\/www.itu.int\/itu-d\/sites\/priorities\/es\/wp-json\/wp\/v2\/media?parent=301"}],"curies":[{"name":"wp","href":"https:\/\/api.w.org\/{rel}","templated":true}]}}