{"id":275,"date":"2023-05-11T14:00:01","date_gmt":"2023-05-11T14:00:01","guid":{"rendered":"https:\/\/www.itu.int\/itu-d\/sites\/priorities\/home\/"},"modified":"2023-06-22T03:30:10","modified_gmt":"2023-06-22T03:30:10","slug":"home","status":"publish","type":"page","link":"https:\/\/www.itu.int\/itu-d\/sites\/priorities\/es\/","title":{"rendered":"Prioridades del UIT-D"},"content":{"rendered":"    <section class=\"ituBanner bg smallheight\">\n        <div class=\"bgContainer\">\n            <img src=https:\/\/www.itu.int\/itu-d\/sites\/priorities\/wp-content\/uploads\/sites\/40\/2023\/05\/ITU-D-Priorities-banner.jpg alt=\"Background decorative image\" \/>\n            <div class=\"ituContainer grid\">\n                <div class=\"content\" data-span=\"8\">\n                    <div class=\"main\">\n                        <h2 class=\"h1 white\">Prioridades del UIT-D<br><\/h2>\n                    <\/div>\n                    <div class=\"addInfo\"><\/div>\n                <\/div>\n            <\/div>\n        <\/div>\n    <\/section>\n\n\n    <div class=\"ituContainer grid\">\n        <div data-span=\"12\">\n                    <\/div>\n    <\/div>\n\n\n    <div class=\"ituContainer grid\">\n                        <div data-span=\"6\">\n            <\/div>\n                        <div data-span=\"4\">\n            <\/div>\n            <\/div>\n\n\n    <div class=\"ituContainer grid\">\n            <\/div>\n\n\n    <div class=\"ituContainer grid\">\n        <div data-span=\"12\">\n                                <div class=\"ituContainer grid\">\n                        <div data-span=\"8\">\n            <\/div>\n            <\/div>\n                    <\/div>\n    <\/div>\n\n\n    <div class=\"ituContainer grid\">\n                        <div data-span=\"8\">\n                    <div class=\"ituContainer\">\n<h1 class=\"wp-block-heading\">Prioridades del UIT-D<\/h1>\n<\/div>            <\/div>\n                        <div data-span=\"4\">\n            <\/div>\n            <\/div>\n\n\n    <div class=\"ituContainer grid\">\n                        <div data-span=\"8\">\n                    <div class=\"ituContainer\">\n<p>Las prioridades del UIT-D est\u00e1n identificadas como esferas fundamentales de trabajo, que contribuir\u00e1n a la ejecuci\u00f3n del Plan Estrat\u00e9gico de la UIT en el ciclo de planificaci\u00f3n actual. Se enumeran en el Plan de Acci\u00f3n de Kigali para facilitar la ejecuci\u00f3n del mandato del UIT-D y ofrecer orientaci\u00f3n a la BDT para el siguiente ciclo de planificaci\u00f3n sobre los objetivos que espera alcanzar el UIT-D, de conformidad con el enfoque general de GBR y las Metas Estrat\u00e9gicas y Prioridades Tem\u00e1ticas de la Uni\u00f3n.<\/p>\n<\/div>                    <div class=\"ituContainer\">\n<p><\/p>\n<\/div>                    <div class=\"ituContainer\">\n<p>Conectividad asequible, transformaci\u00f3n digital, entorno pol\u00edtico y reglamentario propicio, movilizaci\u00f3n de recursos y cooperaci\u00f3n internacional, y telecomunicaciones\/TIC inclusivas y seguras para el desarrollo sostenible son las cinco (5) prioridades del UIT-D definidas en el Plan de Acci\u00f3n de Kigali.<\/p>\n<\/div>            <\/div>\n                        <div data-span=\"4\">\n                        <div class=\"ituContainer grid\">\n        <div data-span=\"12\">\n                                <div class=\"ituCard highlight-alt\" data-span=\"8\">\n\t\t<p><strong>Factores habilitadores de las prioridades del UIT-D:<\/strong><br><br><a href=\"https:\/\/www.itu.int\/itu-d\/sites\/priorities\/es\/enablers-of-itu-d-priorities\/membership-driven\/\">Impulso de los miembros<\/a><br><a href=\"https:\/\/www.itu.int\/itu-d\/sites\/priorities\/es\/enablers-of-itu-d-priorities\/regional-presence\/\">Presencia regional<\/a><br><a href=\"https:\/\/www.itu.int\/itu-d\/sites\/priorities\/es\/enablers-of-itu-d-priorities\/diversity-and-inclusion\/\">Diversidad e inclusi\u00f3n<\/a><br><a href=\"https:\/\/www.itu.int\/itu-d\/sites\/priorities\/es\/enablers-of-itu-d-priorities\/commitment-to-environmental-sustainability\/\">Compromiso con la sostenibilidad medioambiental<\/a><br><a href=\"https:\/\/www.itu.int\/itu-d\/sites\/priorities\/enablers-of-itu-d-priorities\/partnerships-and-international-cooperation\/\">Asociaciones y cooperaci\u00f3n internacional<\/a><br><a href=\"https:\/\/www.itu.int\/itu-d\/sites\/priorities\/es\/enablers-of-itu-d-priorities\/resource-mobilization\/\">Movilizaci\u00f3n de recursos<\/a><br><a href=\"https:\/\/www.itu.int\/itu-d\/sites\/priorities\/es\/enablers-of-itu-d-priorities\/excellence-in-human-resources-and-organizational-innovation\/\">Excelencia en los recursos humanos e innovaci\u00f3n institucional<\/a><\/p>\n\t<\/div>\n                    <\/div>\n    <\/div>\n                        <div class=\"ituContainer grid\">\n        <div data-span=\"12\">\n                    <\/div>\n    <\/div>\n            <\/div>\n            <\/div>\n\n\n    <div class=\"ituContainer grid\">\n        <div data-span=\"12\">\n                            <div class=\"ituContainer\">\n<h1 class=\"wp-block-heading\">Prioridades del UIT-D identificadas en el Plan de Acci\u00f3n de Kigali<\/h1>\n<\/div>                                <section>\n        <div class=\"ituContainer grid\">\n                                                <a class=\"ituCard bg anim bgButton\" data-span=\"6\" href=\"https:\/\/www.itu.int\/itu-d\/sites\/priorities\/es\/affordable-connectivity\/\" >\n        <div class=\"bgContainer\">\n            <img decoding=\"async\" src=\"https:\/\/www.itu.int\/itu-d\/sites\/priorities\/wp-content\/uploads\/sites\/40\/2023\/05\/Affordable-connectivity-mini-banner.jpg\" class=\"icon\" alt=\"icon\" \/>\n            <div class=\"content\">\n                <div class=\"main\">\n                    <p class=\"title\">Conectividad asequible<\/p>\n                <\/div>\n            <\/div>\n        <\/div>\n    <\/a>\n                                                <a class=\"ituCard bg anim bgButton\" data-span=\"6\" href=\"https:\/\/www.itu.int\/itu-d\/sites\/priorities\/es\/digital-transformation\/\" >\n        <div class=\"bgContainer\">\n            <img decoding=\"async\" src=\"https:\/\/www.itu.int\/itu-d\/sites\/priorities\/wp-content\/uploads\/sites\/40\/2023\/05\/Digital-transformation-mini-banner.jpg\" class=\"icon\" alt=\"icon\" \/>\n            <div class=\"content\">\n                <div class=\"main\">\n                    <p class=\"title\">Transformaci\u00f3n digital<\/p>\n                <\/div>\n            <\/div>\n        <\/div>\n    <\/a>\n                                                <a class=\"ituCard bg anim bgButton\" data-span=\"6\" href=\"https:\/\/www.itu.int\/itu-d\/sites\/priorities\/es\/enabling-policy-and-regulatory-environment\/\" >\n        <div class=\"bgContainer\">\n            <img decoding=\"async\" src=\"https:\/\/www.itu.int\/itu-d\/sites\/priorities\/wp-content\/uploads\/sites\/40\/2023\/05\/Enabling-Policy-and-regulation-mini-bannerV2.jpg\" class=\"icon\" alt=\"icon\" \/>\n            <div class=\"content\">\n                <div class=\"main\">\n                    <p class=\"title\">Entorno pol\u00edtico y reglamentario propicio<\/p>\n                <\/div>\n            <\/div>\n        <\/div>\n    <\/a>\n                                                <a class=\"ituCard bg anim bgButton\" data-span=\"6\" href=\"https:\/\/www.itu.int\/itu-d\/sites\/priorities\/es\/resource-mobilization-and-international-cooperation\/\" >\n        <div class=\"bgContainer\">\n            <img decoding=\"async\" src=\"https:\/\/www.itu.int\/itu-d\/sites\/priorities\/wp-content\/uploads\/sites\/40\/2023\/05\/Resource-Mobilization-mini-banner-V2.jpg\" class=\"icon\" alt=\"icon\" \/>\n            <div class=\"content\">\n                <div class=\"main\">\n                    <p class=\"title\">Movilizaci\u00f3n de recursos y cooperaci\u00f3n internacional<\/p>\n                <\/div>\n            <\/div>\n        <\/div>\n    <\/a>\n                                                <a class=\"ituCard bg anim bgButton\" data-span=\"6\" href=\"https:\/\/www.itu.int\/itu-d\/sites\/priorities\/es\/inclusive-and-secure-telecommunications-icts-for-sustainable-development\/\" >\n        <div class=\"bgContainer\">\n            <img decoding=\"async\" src=\"https:\/\/www.itu.int\/itu-d\/sites\/priorities\/wp-content\/uploads\/sites\/40\/2023\/05\/Secure-ICT-mini-banner.jpg\" class=\"icon\" alt=\"icon\" \/>\n            <div class=\"content\">\n                <div class=\"main\">\n                    <p class=\"title\">Telecomunicaciones\/TIC inclusivas y seguras para el desarrollo sostenible<\/p>\n                <\/div>\n            <\/div>\n        <\/div>\n    <\/a>\n                    <\/div>\n    <\/section>\n                    <\/div>\n    <\/div>\n\n\n    <div class=\"ituContainer grid\">\n        <div data-span=\"12\">\n                    <\/div>\n    <\/div>\n\n\n    <div class=\"ituContainer grid\">\n        <div data-span=\"12\">\n                    <\/div>\n    <\/div>\n\n\n    <div class=\"ituContainer grid\">\n        <div data-span=\"12\">\n                                <section>\n        <div class=\"ituContainer grid\">\n                    <\/div>\n    <\/section>\n                    <\/div>\n    <\/div>\n","protected":false},"excerpt":{"rendered":"","protected":false},"author":4,"featured_media":0,"parent":0,"menu_order":0,"comment_status":"closed","ping_status":"open","template":"","meta":{"_acf_changed":false,"footnotes":"","_links_to":"","_links_to_target":""},"class_list":["post-275","page","type-page","status-publish","hentry"],"acf":[],"yoast_head":"<!-- This site is optimized with the Yoast SEO plugin v27.3 - https:\/\/yoast.com\/product\/yoast-seo-wordpress\/ -->\n<title>Prioridades del UIT-D<\/title>\n<meta name=\"description\" content=\"Las prioridades del UIT-D est\u00e1n identificadas como esferas fundamentales de trabajo, que contribuir\u00e1n a la ejecuci\u00f3n del Plan Estrat\u00e9gico de la UIT en el ciclo de planificaci\u00f3n actual\" \/>\n<meta name=\"robots\" content=\"index, follow, max-snippet:-1, max-image-preview:large, max-video-preview:-1\" \/>\n<link rel=\"canonical\" href=\"https:\/\/www.itu.int\/itu-d\/sites\/priorities\/es\/\" \/>\n<meta property=\"og:locale\" content=\"es_ES\" \/>\n<meta property=\"og:type\" content=\"article\" \/>\n<meta property=\"og:title\" content=\"Prioridades del UIT-D\" \/>\n<meta property=\"og:description\" content=\"Las prioridades del UIT-D est\u00e1n identificadas como esferas fundamentales de trabajo, que contribuir\u00e1n a la ejecuci\u00f3n del Plan Estrat\u00e9gico de la UIT en el ciclo de planificaci\u00f3n actual\" \/>\n<meta property=\"og:url\" content=\"https:\/\/www.itu.int\/itu-d\/sites\/priorities\/es\/\" \/>\n<meta property=\"og:site_name\" content=\"ITU-D Priorities\" \/>\n<meta property=\"article:modified_time\" content=\"2023-06-22T03:30:10+00:00\" \/>\n<meta property=\"og:image\" content=\"https:\/\/www.itu.int\/itu-d\/sites\/priorities\/wp-content\/uploads\/sites\/40\/2023\/06\/ITU-D-Priorities-banner.jpg\" \/>\n\t<meta property=\"og:image:width\" content=\"1400\" \/>\n\t<meta property=\"og:image:height\" content=\"400\" \/>\n\t<meta property=\"og:image:type\" content=\"image\/jpeg\" \/>\n<meta name=\"twitter:card\" content=\"summary_large_image\" \/>\n<meta name=\"twitter:title\" content=\"Prioridades del UIT-D\" \/>\n<meta name=\"twitter:description\" content=\"Las prioridades del UIT-D est\u00e1n identificadas como esferas fundamentales de trabajo, que contribuir\u00e1n a la ejecuci\u00f3n del Plan Estrat\u00e9gico de la UIT en el ciclo de planificaci\u00f3n actual\" \/>\n<meta name=\"twitter:image\" content=\"https:\/\/www.itu.int\/itu-d\/sites\/priorities\/wp-content\/uploads\/sites\/40\/2023\/06\/ITU-D-Priorities-banner.jpg\" \/>\n<meta name=\"twitter:label1\" content=\"Tiempo de lectura\" \/>\n\t<meta name=\"twitter:data1\" content=\"1 minuto\" \/>\n<script type=\"application\/ld+json\" class=\"yoast-schema-graph\">{\"@context\":\"https:\\\/\\\/schema.org\",\"@graph\":[{\"@type\":\"WebPage\",\"@id\":\"https:\\\/\\\/www.itu.int\\\/itu-d\\\/sites\\\/priorities\\\/es\\\/\",\"url\":\"https:\\\/\\\/www.itu.int\\\/itu-d\\\/sites\\\/priorities\\\/es\\\/\",\"name\":\"Prioridades del UIT-D\",\"isPartOf\":{\"@id\":\"https:\\\/\\\/www.itu.int\\\/itu-d\\\/sites\\\/priorities\\\/#website\"},\"datePublished\":\"2023-05-11T14:00:01+00:00\",\"dateModified\":\"2023-06-22T03:30:10+00:00\",\"description\":\"Las prioridades del UIT-D est\u00e1n identificadas como esferas fundamentales de trabajo, que contribuir\u00e1n a la ejecuci\u00f3n del Plan Estrat\u00e9gico de la UIT en el ciclo de planificaci\u00f3n actual\",\"breadcrumb\":{\"@id\":\"https:\\\/\\\/www.itu.int\\\/itu-d\\\/sites\\\/priorities\\\/es\\\/#breadcrumb\"},\"inLanguage\":\"es\",\"potentialAction\":[{\"@type\":\"ReadAction\",\"target\":[\"https:\\\/\\\/www.itu.int\\\/itu-d\\\/sites\\\/priorities\\\/es\\\/\"]}]},{\"@type\":\"BreadcrumbList\",\"@id\":\"https:\\\/\\\/www.itu.int\\\/itu-d\\\/sites\\\/priorities\\\/es\\\/#breadcrumb\",\"itemListElement\":[{\"@type\":\"ListItem\",\"position\":1,\"name\":\"Home\",\"item\":\"https:\\\/\\\/www.itu.int\\\/itu-d\\\/sites\\\/priorities\\\/es\\\/\"},{\"@type\":\"ListItem\",\"position\":2,\"name\":\"Prioridades del UIT-D\"}]},{\"@type\":\"WebSite\",\"@id\":\"https:\\\/\\\/www.itu.int\\\/itu-d\\\/sites\\\/priorities\\\/#website\",\"url\":\"https:\\\/\\\/www.itu.int\\\/itu-d\\\/sites\\\/priorities\\\/\",\"name\":\"ITU-D Priorities\",\"description\":\"\",\"potentialAction\":[{\"@type\":\"SearchAction\",\"target\":{\"@type\":\"EntryPoint\",\"urlTemplate\":\"https:\\\/\\\/www.itu.int\\\/itu-d\\\/sites\\\/priorities\\\/?s={search_term_string}\"},\"query-input\":{\"@type\":\"PropertyValueSpecification\",\"valueRequired\":true,\"valueName\":\"search_term_string\"}}],\"inLanguage\":\"es\"}]}<\/script>\n<!-- \/ Yoast SEO plugin. -->","yoast_head_json":{"title":"Prioridades del UIT-D","description":"Las prioridades del UIT-D est\u00e1n identificadas como esferas fundamentales de trabajo, que contribuir\u00e1n a la ejecuci\u00f3n del Plan Estrat\u00e9gico de la UIT en el ciclo de planificaci\u00f3n actual","robots":{"index":"index","follow":"follow","max-snippet":"max-snippet:-1","max-image-preview":"max-image-preview:large","max-video-preview":"max-video-preview:-1"},"canonical":"https:\/\/www.itu.int\/itu-d\/sites\/priorities\/es\/","og_locale":"es_ES","og_type":"article","og_title":"Prioridades del UIT-D","og_description":"Las prioridades del UIT-D est\u00e1n identificadas como esferas fundamentales de trabajo, que contribuir\u00e1n a la ejecuci\u00f3n del Plan Estrat\u00e9gico de la UIT en el ciclo de planificaci\u00f3n actual","og_url":"https:\/\/www.itu.int\/itu-d\/sites\/priorities\/es\/","og_site_name":"ITU-D Priorities","article_modified_time":"2023-06-22T03:30:10+00:00","og_image":[{"width":1400,"height":400,"url":"https:\/\/www.itu.int\/itu-d\/sites\/priorities\/wp-content\/uploads\/sites\/40\/2023\/06\/ITU-D-Priorities-banner.jpg","type":"image\/jpeg"}],"twitter_card":"summary_large_image","twitter_title":"Prioridades del UIT-D","twitter_description":"Las prioridades del UIT-D est\u00e1n identificadas como esferas fundamentales de trabajo, que contribuir\u00e1n a la ejecuci\u00f3n del Plan Estrat\u00e9gico de la UIT en el ciclo de planificaci\u00f3n actual","twitter_image":"https:\/\/www.itu.int\/itu-d\/sites\/priorities\/wp-content\/uploads\/sites\/40\/2023\/06\/ITU-D-Priorities-banner.jpg","twitter_misc":{"Tiempo de lectura":"1 minuto"},"schema":{"@context":"https:\/\/schema.org","@graph":[{"@type":"WebPage","@id":"https:\/\/www.itu.int\/itu-d\/sites\/priorities\/es\/","url":"https:\/\/www.itu.int\/itu-d\/sites\/priorities\/es\/","name":"Prioridades del UIT-D","isPartOf":{"@id":"https:\/\/www.itu.int\/itu-d\/sites\/priorities\/#website"},"datePublished":"2023-05-11T14:00:01+00:00","dateModified":"2023-06-22T03:30:10+00:00","description":"Las prioridades del UIT-D est\u00e1n identificadas como esferas fundamentales de trabajo, que contribuir\u00e1n a la ejecuci\u00f3n del Plan Estrat\u00e9gico de la UIT en el ciclo de planificaci\u00f3n actual","breadcrumb":{"@id":"https:\/\/www.itu.int\/itu-d\/sites\/priorities\/es\/#breadcrumb"},"inLanguage":"es","potentialAction":[{"@type":"ReadAction","target":["https:\/\/www.itu.int\/itu-d\/sites\/priorities\/es\/"]}]},{"@type":"BreadcrumbList","@id":"https:\/\/www.itu.int\/itu-d\/sites\/priorities\/es\/#breadcrumb","itemListElement":[{"@type":"ListItem","position":1,"name":"Home","item":"https:\/\/www.itu.int\/itu-d\/sites\/priorities\/es\/"},{"@type":"ListItem","position":2,"name":"Prioridades del UIT-D"}]},{"@type":"WebSite","@id":"https:\/\/www.itu.int\/itu-d\/sites\/priorities\/#website","url":"https:\/\/www.itu.int\/itu-d\/sites\/priorities\/","name":"ITU-D Priorities","description":"","potentialAction":[{"@type":"SearchAction","target":{"@type":"EntryPoint","urlTemplate":"https:\/\/www.itu.int\/itu-d\/sites\/priorities\/?s={search_term_string}"},"query-input":{"@type":"PropertyValueSpecification","valueRequired":true,"valueName":"search_term_string"}}],"inLanguage":"es"}]}},"_links":{"self":[{"href":"https:\/\/www.itu.int\/itu-d\/sites\/priorities\/es\/wp-json\/wp\/v2\/pages\/275","targetHints":{"allow":["GET"]}}],"collection":[{"href":"https:\/\/www.itu.int\/itu-d\/sites\/priorities\/es\/wp-json\/wp\/v2\/pages"}],"about":[{"href":"https:\/\/www.itu.int\/itu-d\/sites\/priorities\/es\/wp-json\/wp\/v2\/types\/page"}],"author":[{"embeddable":true,"href":"https:\/\/www.itu.int\/itu-d\/sites\/priorities\/es\/wp-json\/wp\/v2\/users\/4"}],"replies":[{"embeddable":true,"href":"https:\/\/www.itu.int\/itu-d\/sites\/priorities\/es\/wp-json\/wp\/v2\/comments?post=275"}],"version-history":[{"count":0,"href":"https:\/\/www.itu.int\/itu-d\/sites\/priorities\/es\/wp-json\/wp\/v2\/pages\/275\/revisions"}],"wp:attachment":[{"href":"https:\/\/www.itu.int\/itu-d\/sites\/priorities\/es\/wp-json\/wp\/v2\/media?parent=275"}],"curies":[{"name":"wp","href":"https:\/\/api.w.org\/{rel}","templated":true}]}}