{"id":801,"date":"2023-02-09T14:11:41","date_gmt":"2023-02-09T14:11:41","guid":{"rendered":"https:\/\/www.itu.int\/itu-d\/sites\/innovation-alliance\/objectifs\/"},"modified":"2024-02-07T09:27:17","modified_gmt":"2024-02-07T09:27:17","slug":"objectifs","status":"publish","type":"page","link":"https:\/\/www.itu.int\/itu-d\/sites\/innovation-alliance\/fr\/objectifs\/","title":{"rendered":"Objectifs"},"content":{"rendered":"    <section class=\"ituBanner bg smallheight\">\n        <div class=\"bgContainer\">\n            <img src=https:\/\/www.itu.int\/itu-d\/sites\/innovation-alliance\/wp-content\/uploads\/sites\/35\/2023\/01\/shutterstock_2067382835.jpg alt=\"Background decorative image\" \/>\n            <div class=\"ituContainer grid\">\n                <div class=\"content\" data-span=\"8\">\n                    <div class=\"main\">\n                        <h2 class=\"h1 white\">Acc\u00e9l\u00e9rer la r\u00e9alisation de cinq objectifs strat\u00e9giques <\/h2>\n                    <\/div>\n                    <div class=\"addInfo\"><\/div>\n                <\/div>\n            <\/div>\n        <\/div>\n    <\/section>\n<div class=\"ituContainer\">\n<h3 class=\"wp-block-heading\">Objectifs strat\u00e9giques <\/h3>\n<\/div><div class=\"ituContainer\">\n<p>Dans le cadre de cette Alliance, nous nous efforcerons de promouvoir la r\u00e9alisation de cinq objectifs strat\u00e9giques visant \u00e0 acc\u00e9l\u00e9rer la transition des pays vers une \u00e9conomie num\u00e9rique fond\u00e9e sur l&rsquo;innovation.<\/p>\n<\/div><div class=\"ituContainer\">\n<div style=\"height:35px\" aria-hidden=\"true\" class=\"wp-block-spacer\"><\/div>\n<\/div><div class=\"ituContainer\">\n<figure class=\"wp-block-table is-style-stripes\"><table><tbody><tr><td><\/td><td><strong>OBJECTIF<\/strong><\/td><td><strong>EXPLICATION<\/strong><\/td><\/tr><tr><td><img loading=\"lazy\" decoding=\"async\" width=\"640\" height=\"640\" class=\"wp-image-802\" style=\"width: 150px\" src=\"https:\/\/www.itu.int\/itu-d\/sites\/innovation-alliance\/wp-content\/uploads\/sites\/35\/2023\/01\/trending-blue.png\" alt=\"\" srcset=\"https:\/\/www.itu.int\/itu-d\/sites\/innovation-alliance\/wp-content\/uploads\/sites\/35\/2023\/01\/trending-blue.png 640w, https:\/\/www.itu.int\/itu-d\/sites\/innovation-alliance\/wp-content\/uploads\/sites\/35\/2023\/01\/trending-blue-300x300.png 300w, https:\/\/www.itu.int\/itu-d\/sites\/innovation-alliance\/wp-content\/uploads\/sites\/35\/2023\/01\/trending-blue-150x150.png 150w\" sizes=\"auto, (max-width: 640px) 100vw, 640px\" \/><\/td><td>Capacit\u00e9 d&rsquo;\u00e9tudier et d&rsquo;anticiper les grandes tendances<\/td><td>Permettre aux pays d&rsquo;avoir une longueur d&rsquo;avance et de comprendre les dynamiques qui sous-tendent l&rsquo;\u00e9volution des technologies, des politiques et de l&rsquo;innovation.<\/td><\/tr><tr><td><img loading=\"lazy\" decoding=\"async\" width=\"640\" height=\"640\" class=\"wp-image-808\" style=\"width: 150px\" src=\"https:\/\/www.itu.int\/itu-d\/sites\/innovation-alliance\/wp-content\/uploads\/sites\/35\/2023\/01\/innovation-blue.png\" alt=\"\" srcset=\"https:\/\/www.itu.int\/itu-d\/sites\/innovation-alliance\/wp-content\/uploads\/sites\/35\/2023\/01\/innovation-blue.png 640w, https:\/\/www.itu.int\/itu-d\/sites\/innovation-alliance\/wp-content\/uploads\/sites\/35\/2023\/01\/innovation-blue-300x300.png 300w, https:\/\/www.itu.int\/itu-d\/sites\/innovation-alliance\/wp-content\/uploads\/sites\/35\/2023\/01\/innovation-blue-150x150.png 150w\" sizes=\"auto, (max-width: 640px) 100vw, 640px\" \/><\/td><td>Innovation ouverte dans le domaine des technologies<\/td><td>Exploiter le savoir-faire technologique pour le concr\u00e9tiser sous la forme de biens mondiaux gr\u00e2ce \u00e0 l&rsquo;innovation ouverte et \u00e0 des m\u00e9canismes multi-parties prenantes, afin d&rsquo;acc\u00e9l\u00e9rer l&rsquo;acc\u00e8s de tous aux technologies \u00e9mergentes.<\/td><\/tr><tr><td><img loading=\"lazy\" decoding=\"async\" width=\"640\" height=\"640\" class=\"wp-image-814\" style=\"width: 150px\" src=\"https:\/\/www.itu.int\/itu-d\/sites\/innovation-alliance\/wp-content\/uploads\/sites\/35\/2023\/01\/idea-blue.png\" alt=\"\" srcset=\"https:\/\/www.itu.int\/itu-d\/sites\/innovation-alliance\/wp-content\/uploads\/sites\/35\/2023\/01\/idea-blue.png 640w, https:\/\/www.itu.int\/itu-d\/sites\/innovation-alliance\/wp-content\/uploads\/sites\/35\/2023\/01\/idea-blue-300x300.png 300w, https:\/\/www.itu.int\/itu-d\/sites\/innovation-alliance\/wp-content\/uploads\/sites\/35\/2023\/01\/idea-blue-150x150.png 150w\" sizes=\"auto, (max-width: 640px) 100vw, 640px\" \/><\/td><td>Croissance de l&rsquo;entrepreneuriat et des PME<\/td><td>Acc\u00e9l\u00e9rer l&rsquo;adh\u00e9sion \u00e0 l&rsquo;entrepreneuriat num\u00e9rique ax\u00e9 sur l&rsquo;innovation et offrir aux talents des possibilit\u00e9s de faire de l&rsquo;inclusion socio-\u00e9conomique une r\u00e9alit\u00e9 au sein de leurs communaut\u00e9s.<\/td><\/tr><tr><td><img loading=\"lazy\" decoding=\"async\" width=\"640\" height=\"640\" class=\"wp-image-820\" style=\"width: 150px\" src=\"https:\/\/www.itu.int\/itu-d\/sites\/innovation-alliance\/wp-content\/uploads\/sites\/35\/2023\/01\/insurance-blue.png\" alt=\"\" srcset=\"https:\/\/www.itu.int\/itu-d\/sites\/innovation-alliance\/wp-content\/uploads\/sites\/35\/2023\/01\/insurance-blue.png 640w, https:\/\/www.itu.int\/itu-d\/sites\/innovation-alliance\/wp-content\/uploads\/sites\/35\/2023\/01\/insurance-blue-300x300.png 300w, https:\/\/www.itu.int\/itu-d\/sites\/innovation-alliance\/wp-content\/uploads\/sites\/35\/2023\/01\/insurance-blue-150x150.png 150w\" sizes=\"auto, (max-width: 640px) 100vw, 640px\" \/><\/td><td>Exp\u00e9rimentation des politiques<\/td><td>\u00c9laborer des politiques souples qui offrent aux parties prenantes un cadre s\u00fbr pour mener des exp\u00e9rimentations, qui encourage l&rsquo;innovation et attire les investissements dans l&rsquo;\u00e9cosyst\u00e8me num\u00e9rique.<\/td><\/tr><tr><td><img loading=\"lazy\" decoding=\"async\" width=\"640\" height=\"640\" class=\"wp-image-826\" style=\"width: 150px\" src=\"https:\/\/www.itu.int\/itu-d\/sites\/innovation-alliance\/wp-content\/uploads\/sites\/35\/2023\/01\/ecosystem-blue.png\" alt=\"\" srcset=\"https:\/\/www.itu.int\/itu-d\/sites\/innovation-alliance\/wp-content\/uploads\/sites\/35\/2023\/01\/ecosystem-blue.png 640w, https:\/\/www.itu.int\/itu-d\/sites\/innovation-alliance\/wp-content\/uploads\/sites\/35\/2023\/01\/ecosystem-blue-300x300.png 300w, https:\/\/www.itu.int\/itu-d\/sites\/innovation-alliance\/wp-content\/uploads\/sites\/35\/2023\/01\/ecosystem-blue-150x150.png 150w\" sizes=\"auto, (max-width: 640px) 100vw, 640px\" \/><\/td><td>Acc\u00e9l\u00e9ration des initiatives relatives aux \u00e9cosyst\u00e8mes<\/td><td>Promouvoir la collaboration et les synergies propres \u00e0 d\u00e9velopper les innovations num\u00e9riques et \u00e0 cr\u00e9er une valeur sectorielle transversale en faveur d&rsquo;une \u00e9conomie num\u00e9rique comp\u00e9titive.<\/td><\/tr><\/tbody><\/table><\/figure>\n<\/div><div class=\"ituContainer\">\n<div style=\"height:59px\" aria-hidden=\"true\" class=\"wp-block-spacer\"><\/div>\n<\/div><div class=\"ituContainer\">\n<h3 class=\"wp-block-heading\">Contexte<\/h3>\n<\/div><div class=\"ituContainer\">\n<p><\/p>\n<\/div><div class=\"ituContainer\">\n<p class=\"has-white-background-color has-background\">Cette Alliance a vocation \u00e0 r\u00e9pondre aux nombreux besoins des membres de l\u2019UIT qui n\u2019ont pas encore \u00e9t\u00e9 satisfaits dans le domaine de l\u2019innovation, comme il ressort du Plan d\u2019action de Kigali adopt\u00e9 \u00e0 la Conf\u00e9rence mondiale de d\u00e9veloppement des t\u00e9l\u00e9communications de 2022 (CMDT-22) et des r\u00e9sultats de la Conf\u00e9rence de pl\u00e9nipotentiaires de l\u2019UIT de 2022 (PP-22).<br\/> <br\/>L&rsquo;Alliance apportera son concours pour atteindre les r\u00e9sultats ci-dessous relatifs \u00e0 la priorit\u00e9 de l&rsquo;UIT-D intitul\u00e9e \u00ab\u00a0Transformation num\u00e9rique\u00a0\u00bb:<\/p>\n<\/div><div class=\"ituContainer\">\n<figure class=\"wp-block-table is-style-stripes\"><table><tbody><tr><td><img decoding=\"async\" src=\"https:\/\/www.itu.int\/itu-d\/sites\/innovation-alliance\/wp-content\/uploads\/sites\/35\/2023\/01\/hand-shakes-blue.png\" alt=\"\" style=\"width: 100px\"\/><\/td><td>Renforcement de la capacit\u00e9 des membres de l&rsquo;UIT d&rsquo;int\u00e9grer l&rsquo;innovation dans le secteur des t\u00e9l\u00e9communications\/TIC et la g\u00e9n\u00e9ralisation du num\u00e9rique dans leurs programmes nationaux de d\u00e9veloppement et d&rsquo;\u00e9laborer des strat\u00e9gies visant \u00e0 promouvoir les initiatives en mati\u00e8re d&rsquo;innovation, y compris dans le cadre de partenariats publics, priv\u00e9s ou public-priv\u00e9.<\/td><\/tr><tr><td><img decoding=\"async\" style=\"width: 100px\" src=\"https:\/\/www.itu.int\/itu-d\/sites\/innovation-alliance\/wp-content\/uploads\/sites\/35\/2023\/01\/building-blue.png\" alt=\"\"\/><\/td><td>Renforcement des capacit\u00e9s humaines et institutionnelles des membres de l&rsquo;UIT dans le domaine des t\u00e9l\u00e9communications\/TIC pour favoriser la transformation num\u00e9rique.<\/td><\/tr><\/tbody><\/table><\/figure>\n<\/div><div class=\"ituContainer\">\n<div style=\"height:19px\" aria-hidden=\"true\" class=\"wp-block-spacer\"><\/div>\n<\/div><div class=\"ituContainer\">\n<p class=\"has-white-background-color has-background\">Les travaux de l&rsquo;Alliance s&rsquo;inscrivent dans le droit fil:<br\/> <br\/>\u2022 des R\u00e9solutions 90, 89 et 85 de la CMDT-22 tenue \u00e0 Kigali, qui contiennent des orientations pr\u00e9cises sur le r\u00f4le de l&rsquo;innovation dans la transformation num\u00e9rique de la soci\u00e9t\u00e9;<br\/>\u2022 des initiatives r\u00e9gionales de l&rsquo;UIT d\u00e9finies pour toutes les r\u00e9gions, au titre desquelles il est demand\u00e9 de se concentrer davantage sur ce domaine;<br\/>\u2022 de la R\u00e9solution 205 de la PP relative au r\u00f4le de l&rsquo;UIT dans la promotion d&rsquo;une innovation centr\u00e9e sur les TIC pour appuyer l&rsquo;\u00e9conomie et la soci\u00e9t\u00e9 num\u00e9riques, dans laquelle il est rappel\u00e9 que le BDT joue un r\u00f4le pr\u00e9pond\u00e9rant dans le domaine de l&rsquo;innovation en faveur du d\u00e9veloppement du num\u00e9rique;<br\/>\u2022 du Plan strat\u00e9gique de l&rsquo;Union (R\u00e9solution 71 (R\u00e9v. Bucarest, 2022) de la PP).<\/p>\n<\/div>","protected":false},"excerpt":{"rendered":"<p>Objectifs strat\u00e9giques Dans le cadre de cette Alliance, nous nous efforcerons de promouvoir la r\u00e9alisation de cinq objectifs strat\u00e9giques visant \u00e0 acc\u00e9l\u00e9rer la transition des pays vers une \u00e9conomie num\u00e9rique fond\u00e9e sur l&rsquo;innovation. OBJECTIF EXPLICATION Capacit\u00e9 d&rsquo;\u00e9tudier et d&rsquo;anticiper les grandes tendances Permettre aux pays d&rsquo;avoir une longueur d&rsquo;avance et de comprendre les dynamiques qui [&hellip;]<\/p>\n","protected":false},"author":21,"featured_media":0,"parent":0,"menu_order":0,"comment_status":"closed","ping_status":"closed","template":"","meta":{"_acf_changed":false,"footnotes":"","_links_to":"","_links_to_target":""},"class_list":["post-801","page","type-page","status-publish","hentry"],"acf":[],"_links":{"self":[{"href":"https:\/\/www.itu.int\/itu-d\/sites\/innovation-alliance\/fr\/wp-json\/wp\/v2\/pages\/801","targetHints":{"allow":["GET"]}}],"collection":[{"href":"https:\/\/www.itu.int\/itu-d\/sites\/innovation-alliance\/fr\/wp-json\/wp\/v2\/pages"}],"about":[{"href":"https:\/\/www.itu.int\/itu-d\/sites\/innovation-alliance\/fr\/wp-json\/wp\/v2\/types\/page"}],"author":[{"embeddable":true,"href":"https:\/\/www.itu.int\/itu-d\/sites\/innovation-alliance\/fr\/wp-json\/wp\/v2\/users\/21"}],"replies":[{"embeddable":true,"href":"https:\/\/www.itu.int\/itu-d\/sites\/innovation-alliance\/fr\/wp-json\/wp\/v2\/comments?post=801"}],"version-history":[{"count":0,"href":"https:\/\/www.itu.int\/itu-d\/sites\/innovation-alliance\/fr\/wp-json\/wp\/v2\/pages\/801\/revisions"}],"wp:attachment":[{"href":"https:\/\/www.itu.int\/itu-d\/sites\/innovation-alliance\/fr\/wp-json\/wp\/v2\/media?parent=801"}],"curies":[{"name":"wp","href":"https:\/\/api.w.org\/{rel}","templated":true}]}}