{"id":769,"date":"2023-02-09T13:46:33","date_gmt":"2023-02-09T13:46:33","guid":{"rendered":"https:\/\/www.itu.int\/itu-d\/sites\/innovation-alliance\/instruments-principaux\/"},"modified":"2024-02-06T13:45:04","modified_gmt":"2024-02-06T13:45:04","slug":"instruments-principaux","status":"publish","type":"page","link":"https:\/\/www.itu.int\/itu-d\/sites\/innovation-alliance\/fr\/instruments-principaux\/","title":{"rendered":"Instruments principaux"},"content":{"rendered":"    <section class=\"ituBanner bg smallheight\">\n        <div class=\"bgContainer\">\n            <img src=https:\/\/www.itu.int\/itu-d\/sites\/innovation-alliance\/wp-content\/uploads\/sites\/35\/2023\/01\/shutterstock_2184151725.jpg alt=\"Background decorative image\" \/>\n            <div class=\"ituContainer grid\">\n                <div class=\"content\" data-span=\"8\">\n                    <div class=\"main\">\n                        <h2 class=\"h1 white\"> Les trois instruments principaux<\/h2>\n                    <\/div>\n                    <div class=\"addInfo\"><\/div>\n                <\/div>\n            <\/div>\n        <\/div>\n    <\/section>\n<div class=\"ituContainer\">\n<h1 style=\"background-color:white;line-height:3\"> L&rsquo;Alliance s&rsquo;appuiera sur trois instruments principaux: <\/h1>\n<\/div><div class=\"ituContainer\">\n<div class=\"wp-block-columns is-layout-flex wp-container-core-columns-is-layout-9d6595d7 wp-block-columns-is-layout-flex\"><div class=\"ituContainer\">\n<div class=\"wp-block-column is-layout-flow wp-block-column-is-layout-flow\"><div class=\"ituContainer\">\n<figure class=\"wp-block-table is-style-stripes\"><table><tbody><tr><td class=\"has-text-align-center\" data-align=\"center\"><img loading=\"lazy\" decoding=\"async\" width=\"640\" height=\"640\" class=\"wp-image-770\" style=\"width: 150px\" src=\"https:\/\/www.itu.int\/itu-d\/sites\/innovation-alliance\/wp-content\/uploads\/sites\/35\/2023\/01\/chemistry-blue.png\" alt=\"\" srcset=\"https:\/\/www.itu.int\/itu-d\/sites\/innovation-alliance\/wp-content\/uploads\/sites\/35\/2023\/01\/chemistry-blue.png 640w, https:\/\/www.itu.int\/itu-d\/sites\/innovation-alliance\/wp-content\/uploads\/sites\/35\/2023\/01\/chemistry-blue-300x300.png 300w, https:\/\/www.itu.int\/itu-d\/sites\/innovation-alliance\/wp-content\/uploads\/sites\/35\/2023\/01\/chemistry-blue-150x150.png 150w\" sizes=\"auto, (max-width: 640px) 100vw, 640px\" \/><br\/><strong>Laboratoire de transformation num\u00e9rique<\/strong><\/td><\/tr><tr><td class=\"has-text-align-left\" data-align=\"left\"><br\/>Le laboratoire aura pour mission d&rsquo;appuyer la cr\u00e9ation<br\/>et la mise en \u0153uvre du r\u00e9seau de centres d&rsquo;acc\u00e9l\u00e9ration et de fournir, sur demande, une assistance technique aux pays qui ne disposent pas des capacit\u00e9s n\u00e9cessaires pour instaurer un environnement de type \u00ab\u00a0bac \u00e0 sable\u00a0\u00bb et \u00e9laborer des activit\u00e9s propres \u00e0 acc\u00e9l\u00e9rer le d\u00e9veloppement du num\u00e9rique.<br\/>Situ\u00e9 \u00e0 Gen\u00e8ve, le laboratoire sera accessible de mani\u00e8re virtuelle et offrira au personnel du BDT et aux pays des services en mati\u00e8re d&rsquo;innovation. Le BDT tirera parti de l&rsquo;am\u00e9lioration des produits et des services qu&rsquo;il offre en vue de se hisser au rang de premi\u00e8re institution \u00e0 m\u00eame d&rsquo;accompagner les pays en d\u00e9veloppement dans leur processus de transformation num\u00e9rique.<br\/><\/td><\/tr><\/tbody><\/table><\/figure>\n<\/div><\/div>\n<\/div>\n\n<div class=\"ituContainer\">\n<div class=\"wp-block-column is-layout-flow wp-block-column-is-layout-flow\"><div class=\"ituContainer\">\n<figure class=\"wp-block-table is-style-stripes\"><table><tbody><tr><td class=\"has-text-align-center\" data-align=\"center\"><img loading=\"lazy\" decoding=\"async\" width=\"640\" height=\"640\" class=\"wp-image-776\" style=\"width: 150px\" src=\"https:\/\/www.itu.int\/itu-d\/sites\/innovation-alliance\/wp-content\/uploads\/sites\/35\/2023\/01\/networking-blue.png\" alt=\"\" srcset=\"https:\/\/www.itu.int\/itu-d\/sites\/innovation-alliance\/wp-content\/uploads\/sites\/35\/2023\/01\/networking-blue.png 640w, https:\/\/www.itu.int\/itu-d\/sites\/innovation-alliance\/wp-content\/uploads\/sites\/35\/2023\/01\/networking-blue-300x300.png 300w, https:\/\/www.itu.int\/itu-d\/sites\/innovation-alliance\/wp-content\/uploads\/sites\/35\/2023\/01\/networking-blue-150x150.png 150w\" sizes=\"auto, (max-width: 640px) 100vw, 640px\" \/><br\/><strong>R\u00e9seau de centres d&rsquo;acc\u00e9l\u00e9ration<\/strong><\/td><\/tr><tr><td class=\"has-text-align-left\" data-align=\"left\"><br\/>Le r\u00e9seau aura pour but de renforcer les capacit\u00e9s d&rsquo;innovation aux niveaux mondial, r\u00e9gional et national, afin d&rsquo;\u00e9laborer des initiatives dans le domaine des technologies et des strat\u00e9gies ainsi que des initiatives phares. <br\/>Les diff\u00e9rents centres viseront \u00e0 acc\u00e9l\u00e9rer la transformation num\u00e9rique en adoptant une approche unique en son genre, qui place l&rsquo;\u00e9cosyst\u00e8me au c\u0153ur de toutes les r\u00e9flexions et associe le meilleur de trois m\u00e9thodes reconnues: la perception du sens, la r\u00e9flexion syst\u00e9mique et la r\u00e9flexion conceptuelle. Les centres permettront \u00e9galement de d\u00e9velopper les capacit\u00e9s locales pour acc\u00e9l\u00e9rer l&rsquo;innovation, l&rsquo;entrepreneuriat et le passage au num\u00e9rique des \u00e9conomies au niveau local, l&rsquo;objectif \u00e9tant de renforcer la comp\u00e9titivit\u00e9 des secteurs de l&rsquo;\u00e9conomie.<\/td><\/tr><\/tbody><\/table><\/figure>\n<\/div><\/div>\n<\/div>\n\n<div class=\"ituContainer\">\n<div class=\"wp-block-column is-layout-flow wp-block-column-is-layout-flow\"><div class=\"ituContainer\">\n<figure class=\"wp-block-table is-style-stripes\"><table><tbody><tr><td class=\"has-text-align-center\" data-align=\"center\"><img loading=\"lazy\" decoding=\"async\" width=\"640\" height=\"640\" class=\"wp-image-782\" style=\"width: 150px\" src=\"https:\/\/www.itu.int\/itu-d\/sites\/innovation-alliance\/wp-content\/uploads\/sites\/35\/2023\/01\/Meeting-blue.png\" alt=\"\" srcset=\"https:\/\/www.itu.int\/itu-d\/sites\/innovation-alliance\/wp-content\/uploads\/sites\/35\/2023\/01\/Meeting-blue.png 640w, https:\/\/www.itu.int\/itu-d\/sites\/innovation-alliance\/wp-content\/uploads\/sites\/35\/2023\/01\/Meeting-blue-300x300.png 300w, https:\/\/www.itu.int\/itu-d\/sites\/innovation-alliance\/wp-content\/uploads\/sites\/35\/2023\/01\/Meeting-blue-150x150.png 150w\" sizes=\"auto, (max-width: 640px) 100vw, 640px\" \/><br\/><strong>Conseil de l&rsquo;innovation num\u00e9rique<\/strong><\/td><\/tr><tr><td class=\"has-text-align-left\" data-align=\"left\"><br\/>Le conseil guidera les travaux de l&rsquo;Alliance et veillera \u00e0 ce qu&rsquo;elle soit efficace et en mesure de rendre des comptes et de prendre des d\u00e9cisions de mani\u00e8re \u00e9clair\u00e9e en vue d&rsquo;acc\u00e9l\u00e9rer la mise en \u0153uvre du Plan d&rsquo;action de Kigali.<br\/>Il facilitera la coordination de haut niveau et participera \u00e0 des activit\u00e9s de promotion d&rsquo;envergure mondiale, au niveau des Nations Unies et aux c\u00f4t\u00e9s d&rsquo;organisations r\u00e9gionales et internationales. Tirant parti de son influence, le conseil contribuera \u00e0 mobiliser des ressources et des partenariats, \u00e0 diffuser les enseignements tir\u00e9s et \u00e0 cr\u00e9er une communaut\u00e9 d&rsquo;apprentissage \u00e0 l&rsquo;\u00e9chelle mondiale.<\/td><\/tr><\/tbody><\/table><\/figure>\n<\/div><\/div>\n<\/div><\/div>\n<\/div><div class=\"ituContainer\">\n<div style=\"height:10px\" aria-hidden=\"true\" class=\"wp-block-spacer\"><\/div>\n<\/div><div class=\"ituContainer\">\n<hr class=\"wp-block-separator has-alpha-channel-opacity\" \/>\n<\/div><div class=\"ituContainer\">\n<div style=\"height:10px\" aria-hidden=\"true\" class=\"wp-block-spacer\"><\/div>\n<\/div><div class=\"ituContainer\">\n<h1 style=\"background-color:white;line-height:3\">\u00a0Selection Guide\u00a0<\/h1>\n<\/div><div class=\"ituContainer\">\n<h3 class=\"wp-block-heading\"><strong>Modalit\u00e9s et conditions<\/strong><\/h3>\n<\/div><div class=\"ituContainer\">\n<ul class=\"wp-block-list\"><li>Les centres sont principalement destin\u00e9s aux Membres de l&rsquo;UIT.<\/li><li>Le BDT assurera le secr\u00e9tariat de l&rsquo;initiative.<\/li><li>Le laboratoire de transformation num\u00e9rique, qui sera situ\u00e9 \u00e0 Gen\u00e8ve, appuiera la conception, la mise en \u0153uvre, le suivi et l\u2019\u00e9valuation des centres, dans le cadre d\u2019accords de coop\u00e9ration et de projets.<\/li><li>Gr\u00e2ce \u00e0 des cadres et des processus bien d\u00e9finis et \u00e9labor\u00e9s par le BDT, chaque centre sera con\u00e7u en fonction des besoins et des priorit\u00e9s des pays et adapt\u00e9 aux parties prenantes existantes et aux sp\u00e9cificit\u00e9s de chaque pays.<\/li><li>Les organisations candidates doivent proc\u00e9der \u00e0 une \u00e9valuation pr\u00e9liminaire des ressources pour financer leurs centres, y compris des ressources humaines et des ressources financi\u00e8res<\/li><li>Des demandes d&rsquo;assistance technique pour l&rsquo;examen et l&rsquo;\u00e9valuation pr\u00e9liminaires aux fins de la conception d&rsquo;un centre pourront \u00eatre formul\u00e9es.<\/li><li>Les organisations qui disposent d\u00e9j\u00e0 de centres peuvent se soumettre \u00e0 un processus de conception et d&rsquo;\u00e9valuation en vue de devenir des centres d&rsquo;acc\u00e9l\u00e9ration de l&rsquo;UIT partenaires.<\/li><li>Le co\u00fbt de chaque centre d\u00e9pend de l&rsquo;objectif strat\u00e9gique choisi, de la port\u00e9e, du mod\u00e8le de propri\u00e9t\u00e9 et du nombre d&rsquo;initiatives phares.<\/li><li>Un centre retenu b\u00e9n\u00e9ficiera d&rsquo;un agr\u00e9ment d&rsquo;une dur\u00e9e de trois ans, renouvelable apr\u00e8s \u00e9valuation et requalification.<\/li><li>Un centre peut passer d&rsquo;une cat\u00e9gorie \u00e0 une autre en am\u00e9liorant la disponibilit\u00e9 des ressources et l&rsquo;exp\u00e9rience acquise.<br\/><\/li><\/ul>\n<\/div><div class=\"ituContainer\">\n<h3 class=\"wp-block-heading\"><strong>Modalit\u00e9s et conditions additionnelles <\/strong><\/h3>\n<\/div><div class=\"ituContainer\">\n<h4 class=\"wp-block-heading\">Processus de s\u00e9lection des centres r\u00e9gionaux et des membres du conseil de l&rsquo;innovation num\u00e9rique<\/h4>\n<\/div><div class=\"ituContainer\">\n<p>Les centres r\u00e9gionaux appartenant \u00e0 des pays seront s\u00e9lectionn\u00e9s dans le cadre d\u2019appels \u00e0 candidature ouverts et transparents. Des renseignements suppl\u00e9mentaires seront mis \u00e0 la disposition du public sur le site web de l\u2019UIT-D.<\/p>\n<\/div><div class=\"ituContainer\">\n<p>Le conseil multi-parties prenantes de l&rsquo;innovation num\u00e9rique dirig\u00e9 par le Directeur du BDT est ouvert:<\/p>\n<\/div><div class=\"ituContainer\">\n<ol class=\"wp-block-list\"><li>Aux Ministres et autres hauts fonctionnaires des \u00c9tats Membres de l&rsquo;UIT, aux Membres de Secteur et aux \u00e9tablissements universitaires participant aux travaux de l&rsquo;UIT en tant que membres, sur d\u00e9signation des pays et des institutions, et apr\u00e8s approbation du Directeur du BDT.<\/li><li>Aux \u00e9minents dirigeants, experts reconnus et repr\u00e9sentants d\u2019organisations partenaires strat\u00e9giques, sur d\u00e9signation du Directeur du BDT.<\/li><\/ol>\n<\/div><div class=\"ituContainer\">\n<p>Des informations d\u00e9taill\u00e9es et les conditions relatives au processus de s\u00e9lection seront mises \u00e0 disposition sur le site web.<\/p>\n<\/div>","protected":false},"excerpt":{"rendered":"<p>L&rsquo;Alliance s&rsquo;appuiera sur trois instruments principaux: Laboratoire de transformation num\u00e9rique Le laboratoire aura pour mission d&rsquo;appuyer la cr\u00e9ationet la mise en \u0153uvre du r\u00e9seau de centres d&rsquo;acc\u00e9l\u00e9ration et de fournir, sur demande, une assistance technique aux pays qui ne disposent pas des capacit\u00e9s n\u00e9cessaires pour instaurer un environnement de type \u00ab\u00a0bac \u00e0 sable\u00a0\u00bb et \u00e9laborer [&hellip;]<\/p>\n","protected":false},"author":21,"featured_media":0,"parent":0,"menu_order":0,"comment_status":"closed","ping_status":"closed","template":"","meta":{"_acf_changed":false,"footnotes":"","_links_to":"","_links_to_target":""},"class_list":["post-769","page","type-page","status-publish","hentry"],"acf":[],"_links":{"self":[{"href":"https:\/\/www.itu.int\/itu-d\/sites\/innovation-alliance\/fr\/wp-json\/wp\/v2\/pages\/769","targetHints":{"allow":["GET"]}}],"collection":[{"href":"https:\/\/www.itu.int\/itu-d\/sites\/innovation-alliance\/fr\/wp-json\/wp\/v2\/pages"}],"about":[{"href":"https:\/\/www.itu.int\/itu-d\/sites\/innovation-alliance\/fr\/wp-json\/wp\/v2\/types\/page"}],"author":[{"embeddable":true,"href":"https:\/\/www.itu.int\/itu-d\/sites\/innovation-alliance\/fr\/wp-json\/wp\/v2\/users\/21"}],"replies":[{"embeddable":true,"href":"https:\/\/www.itu.int\/itu-d\/sites\/innovation-alliance\/fr\/wp-json\/wp\/v2\/comments?post=769"}],"version-history":[{"count":0,"href":"https:\/\/www.itu.int\/itu-d\/sites\/innovation-alliance\/fr\/wp-json\/wp\/v2\/pages\/769\/revisions"}],"wp:attachment":[{"href":"https:\/\/www.itu.int\/itu-d\/sites\/innovation-alliance\/fr\/wp-json\/wp\/v2\/media?parent=769"}],"curies":[{"name":"wp","href":"https:\/\/api.w.org\/{rel}","templated":true}]}}