{"id":560,"date":"2023-02-09T11:14:52","date_gmt":"2023-02-09T11:14:52","guid":{"rendered":"https:\/\/www.itu.int\/itu-d\/sites\/innovation-alliance\/page-daccueil\/"},"modified":"2024-02-07T15:42:30","modified_gmt":"2024-02-07T15:42:30","slug":"page-daccueil","status":"publish","type":"page","link":"https:\/\/www.itu.int\/itu-d\/sites\/innovation-alliance\/fr\/","title":{"rendered":"Page d&rsquo;accueil"},"content":{"rendered":"    <section class=\"ituBanner bg smallheight\">\n        <div class=\"bgContainer\">\n            <img src=https:\/\/www.itu.int\/itu-d\/sites\/innovation-alliance\/wp-content\/uploads\/sites\/35\/2023\/02\/AdobeStock_363792139x1920.jpeg alt=\"Background decorative image\" \/>\n            <div class=\"ituContainer grid\">\n                <div class=\"content\" data-span=\"8\">\n                    <div class=\"main\">\n                        <h2 class=\"h1 white\">Alliance de l&rsquo;innovation et de l&rsquo;entrepreneuriat au service du d\u00e9veloppement du num\u00e9rique<\/h2>\n                    <\/div>\n                    <div class=\"addInfo\"><\/div>\n                <\/div>\n            <\/div>\n        <\/div>\n    <\/section>\n<div class=\"ituContainer\">\n<h1 style=\"background-color:white !important;line-height:3\">Acc\u00e9l\u00e9rer la transformation num\u00e9rique au service du d\u00e9veloppement durable<\/h1>\n<\/div>\n    <section>\n        <div class=\"ituContainer grid\">\n            <div class=\"ituCard alt\" data-span=\"12\">\n                <div class=\"content\">\n                    <div class=\"main\">\n                        <figure>\n                            <blockquote class=\"\">Ensemble, nous pouvons b\u00e2tir un avenir num\u00e9rique plus inclusif et plus \u00e9quitable pour tous.<\/blockquote>\n                            <figcaption>\n                                                                    <img decoding=\"async\" src=\"https:\/\/www.itu.int\/itu-d\/sites\/innovation-alliance\/wp-content\/uploads\/sites\/35\/2023\/01\/director-bdt-cosmas-zavazava.jpg\" alt=\"M. Cosmas Luckyson Zavazava\" \/>\n                                                                M. Cosmas Luckyson Zavazava \n                            <\/figcaption>\n                        <\/figure>\n                    <\/div>\n                <\/div>\n            <\/div>\n        <\/div>\n    <\/section>\n    <section>\n        <div class=\"ituContainer grid\">\n                                                <a class=\"ituCard anim bg hor\" href=\"https:\/\/www.itu.int\/itu-d\/sites\/innovation-alliance\/events\/news\/\" data-span=\"6\" target=\"\">\n        <img decoding=\"async\" class=\"square\" src=\"https:\/\/www.itu.int\/itu-d\/sites\/innovation-alliance\/wp-content\/uploads\/sites\/35\/2023\/04\/Spotlightx400.jpeg\" alt=\"\" \/>\n        <div class=\"content\">\n            <div class=\"main\">\n                <p class=\"title\">Nouveaut\u00e9s<\/p>\n                <p><strong>Tous nos \u00e9v\u00e9nements et actualit\u00e9s<\/strong><\/p>\n            <\/div>\n        <\/div>\n    <\/a>\n                                                <a class=\"ituCard anim bg hor\" href=\"https:\/\/www.itu.int\/itu-d\/sites\/innovation-alliance\/board-members\/\" data-span=\"6\" target=\"\">\n        <img decoding=\"async\" class=\"square\" src=\"https:\/\/www.itu.int\/itu-d\/sites\/innovation-alliance\/wp-content\/uploads\/sites\/35\/2023\/09\/Untitled-3_cr_xxxs.png\" alt=\"\" \/>\n        <div class=\"content\">\n            <div class=\"main\">\n                <p class=\"title\"><strong>D\u00e9signation des membres du Conseil de l&rsquo;innovation num\u00e9rique<\/strong><\/p>\n                <p><strong>5 f\u00e9vrier 2024<\/strong><\/p>\n            <\/div>\n        <\/div>\n    <\/a>\n                    <\/div>\n    <\/section>\n    <section>\n        <div class=\"ituContainer grid \">\n                                <div class=\"ituCard bg hor alternating parent-side\" data-span=\"12\">\n        <img src=https:\/\/www.itu.int\/itu-d\/sites\/innovation-alliance\/wp-content\/uploads\/sites\/35\/2023\/01\/businessman-3213659x960_R.jpg alt=\"Decorative image\" class=\"img-side\" \/>\n        <div class=\"content content-side\">\n            <div class=\"main\">\n                                    <p class=\"title\">OBJECTIF<\/p>\n                                                    Le BDT et les membres de l\u2019UIT-D ont besoin de m\u00e9thodes nouvelles, plus r\u00e9silientes et tourn\u00e9es vers l\u2019avenir gr\u00e2ce auxquelles ils seront en mesure d\u2019\u00e9voluer en toute s\u00e9curit\u00e9 dans un monde num\u00e9rique de plus en plus volatile, incertain, complexe et ambigu et de mettre en \u0153uvre les r\u00e9sultats d\u00e9finis dans le Plan d\u2019action de Kigali.<br><br>La nouvelle Alliance de l&rsquo;innovation et de l&rsquo;entrepreneuriat au service du d\u00e9veloppement du num\u00e9rique, lanc\u00e9e \u00e0 l&rsquo;initiative du Directeur du BDT, favorisera la mise en place de leviers essentiels \u00e0 l&rsquo;\u00e9chelon local pour jouer un r\u00f4le moteur dans l&rsquo;environnement num\u00e9rique en mutation. En outre, gr\u00e2ce \u00e0 cette Alliance, le BDT sera en mesure de d\u00e9velopper de nouvelles capacit\u00e9s d&rsquo;excellence humaines et organisationnelles, de fournir de nouveaux produits et services aux membres de l&rsquo;UIT et de renforcer la participation du secteur priv\u00e9 et des \u00e9tablissements universitaires aux travaux essentiels qui sont men\u00e9s par le BDT.                                            <\/div>\n        <\/div>\n    <\/div>\n                                <div class=\"ituCard bg hor alternating parent-side\" data-span=\"12\">\n        <img src=https:\/\/www.itu.int\/itu-d\/sites\/innovation-alliance\/wp-content\/uploads\/sites\/35\/2023\/03\/shutterstock_2089861723.jpg alt=\"Decorative image\" class=\"img-side\" \/>\n        <div class=\"content content-side\">\n            <div class=\"main\">\n                                    <p class=\"title\"><strong><strong>\u00c0 qui cette Alliance s&rsquo;adresse-t-elle<\/strong>?<\/strong><\/p>\n                                                    Cette Alliance rassemblera:<br><br> &#8211; Des ministres et des institutions sp\u00e9cialis\u00e9es, y compris des autorit\u00e9s nationales de r\u00e9gulation et des organismes d&rsquo;innovation.<br> &#8211; Des acteurs des secteurs des TIC et du num\u00e9rique, ainsi que des acteurs du secteur priv\u00e9 en g\u00e9n\u00e9ral.<br> &#8211; Des \u00e9tablissements universitaires et des instituts de recherche-d\u00e9veloppement.<br> &#8211; Des organisations non gouvernementales et des organisations communautaires, ainsi que des acteurs de la soci\u00e9t\u00e9 civile.<br> &#8211; Des organisations internationales et intergouvernementales.<br> &#8211; Des banques de d\u00e9veloppement et des bailleurs de fonds.<br><br>Parmi les membres de l&rsquo;UIT-D et d&rsquo;autres cercles.                                            <\/div>\n        <\/div>\n    <\/div>\n                                <div class=\"ituCard bg hor alternating parent-side\" data-span=\"12\">\n        <img src=https:\/\/www.itu.int\/itu-d\/sites\/innovation-alliance\/wp-content\/uploads\/sites\/35\/2023\/01\/image-banner_157-1x960-1.jpg alt=\"Decorative image\" class=\"img-side\" \/>\n        <div class=\"content content-side\">\n            <div class=\"main\">\n                                    <p class=\"title\">POSSIBILIT\u00c9S OFFERTES<\/p>\n                                                    Dans le cadre de cette Alliance, nous proposons une nouvelle m\u00e9thode pour r\u00e9duire les disparit\u00e9s en mati\u00e8re d&rsquo;innovation num\u00e9rique et donner aux membres de l&rsquo;UIT-D les moyens de relever les obstacles qu&rsquo;ils rencontrent sur la voie de la transformation num\u00e9rique, lib\u00e9rer leur potentiel num\u00e9rique, renforcer les capacit\u00e9s locales en mati\u00e8re d&rsquo;innovation et d&rsquo;entrepreneuriat et acc\u00e9l\u00e9rer les effets que produisent leurs \u00e9cosyst\u00e8mes sur les secteurs transversaux, l&rsquo;objectif \u00e9tant d&rsquo;\u00e9difier une soci\u00e9t\u00e9 inclusive et durable.<br><br>Cette Alliance favorisera la mise en \u0153uvre de projets porteurs de transformation propres \u00e0 encourager l&rsquo;innovation num\u00e9rique et l&rsquo;entrepreneuriat en vue de produire des r\u00e9sultats aux niveaux national, r\u00e9gional et mondial.                                            <\/div>\n        <\/div>\n    <\/div>\n                    <\/div>\n    <\/section>\n<div class=\"ituContainer\">\n<h1 style=\"background-color:white !important\">DIFFICULT\u00c9S RENCONTR\u00c9ES<\/h1>\n<p style=\"background-color:white !important\">De nombreux pays en d\u00e9veloppement aspirent \u00e0 devenir des \u00e9conomies num\u00e9riques tourn\u00e9es vers l&rsquo;innovation, qui reposent sur des entreprises exportatrices de calibre mondial, des secteurs \u00e0 forte croissance et un vivier de talents hautement qualifi\u00e9s Malgr\u00e9 des investissements massifs dans les technologies de l&rsquo;information et de la communication (TIC), l&rsquo;entrepreneuriat et l&rsquo;innovation, bon nombre de ces pays peinent \u00e0:<\/p>\n<\/div><div class=\"ituContainer\">\n<figure class=\"wp-block-table is-style-stripes\"><table><tbody><tr><td><img loading=\"lazy\" decoding=\"async\" width=\"640\" height=\"640\" class=\"wp-image-561\" style=\"width: 150px\" src=\"https:\/\/www.itu.int\/itu-d\/sites\/innovation-alliance\/wp-content\/uploads\/sites\/35\/2023\/01\/1.png\" alt=\"\" srcset=\"https:\/\/www.itu.int\/itu-d\/sites\/innovation-alliance\/wp-content\/uploads\/sites\/35\/2023\/01\/1.png 640w, https:\/\/www.itu.int\/itu-d\/sites\/innovation-alliance\/wp-content\/uploads\/sites\/35\/2023\/01\/1-300x300.png 300w, https:\/\/www.itu.int\/itu-d\/sites\/innovation-alliance\/wp-content\/uploads\/sites\/35\/2023\/01\/1-150x150.png 150w\" sizes=\"auto, (max-width: 640px) 100vw, 640px\" \/><\/td><td>S&rsquo;adapter \u00e0 l&rsquo;environnement num\u00e9rique en mutation rapide<\/td><\/tr><tr><td><img loading=\"lazy\" decoding=\"async\" width=\"640\" height=\"640\" class=\"wp-image-570\" style=\"width: 150px\" src=\"https:\/\/www.itu.int\/itu-d\/sites\/innovation-alliance\/wp-content\/uploads\/sites\/35\/2023\/01\/2.png\" alt=\"\" srcset=\"https:\/\/www.itu.int\/itu-d\/sites\/innovation-alliance\/wp-content\/uploads\/sites\/35\/2023\/01\/2.png 640w, https:\/\/www.itu.int\/itu-d\/sites\/innovation-alliance\/wp-content\/uploads\/sites\/35\/2023\/01\/2-300x300.png 300w, https:\/\/www.itu.int\/itu-d\/sites\/innovation-alliance\/wp-content\/uploads\/sites\/35\/2023\/01\/2-150x150.png 150w\" sizes=\"auto, (max-width: 640px) 100vw, 640px\" \/><\/td><td>Adopter de mani\u00e8re efficace les technologies num\u00e9riques \u00e9mergentes<\/td><\/tr><tr><td><img loading=\"lazy\" decoding=\"async\" width=\"640\" height=\"640\" class=\"wp-image-582\" style=\"width: 150px\" src=\"https:\/\/www.itu.int\/itu-d\/sites\/innovation-alliance\/wp-content\/uploads\/sites\/35\/2023\/01\/3.png\" alt=\"\" srcset=\"https:\/\/www.itu.int\/itu-d\/sites\/innovation-alliance\/wp-content\/uploads\/sites\/35\/2023\/01\/3.png 640w, https:\/\/www.itu.int\/itu-d\/sites\/innovation-alliance\/wp-content\/uploads\/sites\/35\/2023\/01\/3-300x300.png 300w, https:\/\/www.itu.int\/itu-d\/sites\/innovation-alliance\/wp-content\/uploads\/sites\/35\/2023\/01\/3-150x150.png 150w\" sizes=\"auto, (max-width: 640px) 100vw, 640px\" \/><\/td><td>Devenir un levier de l&rsquo;innovation num\u00e9rique \u00e0 m\u00eame de susciter des retomb\u00e9es socio-\u00e9conomiques<\/td><\/tr><tr><td><img loading=\"lazy\" decoding=\"async\" width=\"640\" height=\"640\" class=\"wp-image-594\" style=\"width: 150px\" src=\"https:\/\/www.itu.int\/itu-d\/sites\/innovation-alliance\/wp-content\/uploads\/sites\/35\/2023\/01\/4.png\" alt=\"\" srcset=\"https:\/\/www.itu.int\/itu-d\/sites\/innovation-alliance\/wp-content\/uploads\/sites\/35\/2023\/01\/4.png 640w, https:\/\/www.itu.int\/itu-d\/sites\/innovation-alliance\/wp-content\/uploads\/sites\/35\/2023\/01\/4-300x300.png 300w, https:\/\/www.itu.int\/itu-d\/sites\/innovation-alliance\/wp-content\/uploads\/sites\/35\/2023\/01\/4-150x150.png 150w\" sizes=\"auto, (max-width: 640px) 100vw, 640px\" \/><\/td><td>Tirer parti de l&rsquo;innovation num\u00e9rique fond\u00e9e sur l&rsquo;entrepreneuriat en tant que catalyseur de la cr\u00e9ation d&#8217;emplois<\/td><\/tr><tr><td><img loading=\"lazy\" decoding=\"async\" width=\"640\" height=\"640\" class=\"wp-image-605\" style=\"width: 150px\" src=\"https:\/\/www.itu.int\/itu-d\/sites\/innovation-alliance\/wp-content\/uploads\/sites\/35\/2023\/01\/5.png\" alt=\"\" srcset=\"https:\/\/www.itu.int\/itu-d\/sites\/innovation-alliance\/wp-content\/uploads\/sites\/35\/2023\/01\/5.png 640w, https:\/\/www.itu.int\/itu-d\/sites\/innovation-alliance\/wp-content\/uploads\/sites\/35\/2023\/01\/5-300x300.png 300w, https:\/\/www.itu.int\/itu-d\/sites\/innovation-alliance\/wp-content\/uploads\/sites\/35\/2023\/01\/5-150x150.png 150w\" sizes=\"auto, (max-width: 640px) 100vw, 640px\" \/><\/td><td>Acc\u00e9der \u00e0 un r\u00e9seau d&rsquo;acteurs du changement partageant les m\u00eames int\u00e9r\u00eats ainsi qu&rsquo;\u00e0 leurs bonnes pratiques<\/td><\/tr><tr><td><img loading=\"lazy\" decoding=\"async\" width=\"640\" height=\"640\" class=\"wp-image-617\" style=\"width: 150px\" src=\"https:\/\/www.itu.int\/itu-d\/sites\/innovation-alliance\/wp-content\/uploads\/sites\/35\/2023\/01\/6.png\" alt=\"\" srcset=\"https:\/\/www.itu.int\/itu-d\/sites\/innovation-alliance\/wp-content\/uploads\/sites\/35\/2023\/01\/6.png 640w, https:\/\/www.itu.int\/itu-d\/sites\/innovation-alliance\/wp-content\/uploads\/sites\/35\/2023\/01\/6-300x300.png 300w, https:\/\/www.itu.int\/itu-d\/sites\/innovation-alliance\/wp-content\/uploads\/sites\/35\/2023\/01\/6-150x150.png 150w\" sizes=\"auto, (max-width: 640px) 100vw, 640px\" \/><\/td><td>Nouer des partenariats innovants aux \u00e9chelons local, r\u00e9gional ou mondial en vue d&rsquo;acc\u00e9l\u00e9rer le d\u00e9veloppement du num\u00e9rique<\/td><\/tr><\/tbody><\/table><\/figure>\n<\/div>    <div class=\"ituContainer grid\">\n        <div data-span=\"12\">\n                                <section>\n        <div class=\"ituContainer grid \">\n                                <div class=\"ituCard bg hor alternating parent-side\" data-span=\"12\">\n        <img src=https:\/\/www.itu.int\/itu-d\/sites\/innovation-alliance\/wp-content\/uploads\/sites\/35\/2023\/01\/skyscrapers-4168483x1920-1.jpg alt=\"Decorative image\" class=\"img-side\" \/>\n        <div class=\"content content-side\">\n            <div class=\"main\">\n                                    <p class=\"title\">R\u00e9duire les disparit\u00e9s en mati\u00e8re d&rsquo;innovation num\u00e9rique <\/p>\n                                                    Depuis 2015, le BDT s&#8217;emploie \u00e0 r\u00e9duire les disparit\u00e9s en mati\u00e8re d&rsquo;innovation num\u00e9rique,<br>mais l&rsquo;environnement num\u00e9rique en \u00e9volution rapide exige de renforcer davantage les capacit\u00e9s nationales et de d\u00e9multiplier les effets des projets en vue de concr\u00e9tiser les ambitions affich\u00e9es des parties prenantes dans le domaine du num\u00e9rique.<br><br>Les pays peuvent tirer parti de m\u00e9thodes avant-gardistes en mati\u00e8re d&rsquo;innovation num\u00e9rique, qui consistent \u00e0 d\u00e9velopper des capacit\u00e9s adapt\u00e9es au niveau local moyennant des exp\u00e9rimentations et des initiatives phares en vue de favoriser l&rsquo;instauration d&rsquo;un environnement num\u00e9rique propice. <br><br>Dans le cadre de cette Alliance, nous nous efforcerons de promouvoir la r\u00e9alisation de cinq objectifs strat\u00e9giques visant \u00e0 acc\u00e9l\u00e9rer la transition des pays vers une \u00e9conomie num\u00e9rique fond\u00e9e sur l&rsquo;innovation.                                                    <a href=\"https:\/\/www.itu.int\/itu-d\/sites\/innovation-alliance\/objectives\/\" class=\"ituBtn\" target=_self>\n                        Objectifs                    <\/a>\n                            <\/div>\n        <\/div>\n    <\/div>\n                                <div class=\"ituCard bg hor alternating parent-side\" data-span=\"12\">\n        <img src=https:\/\/www.itu.int\/itu-d\/sites\/innovation-alliance\/wp-content\/uploads\/sites\/35\/2023\/01\/DALL-E-pictx600.jpg alt=\"Decorative image\" class=\"img-side\" \/>\n        <div class=\"content content-side\">\n            <div class=\"main\">\n                                    <p class=\"title\">Renforcer les capacit\u00e9s en mati\u00e8re d&rsquo;innovation aux niveaux mondial et local <\/p>\n                                                    Dans le cadre de cette Alliance, nous aiderons \u00e0 renforcer les capacit\u00e9s des pays<br>d&rsquo;int\u00e9grer l&rsquo;innovation dans le secteur des TIC dans leurs programmes nationaux<br>de d\u00e9veloppement et \u00e0 cr\u00e9er les capacit\u00e9s humaines et institutionnelles<br>\u00e0 l&rsquo;\u00e9chelon national, l\u00e0 o\u00f9 elles sont plus utiles et viables.<br><br>L&rsquo;Alliance mettra en \u0153uvre les capacit\u00e9s n\u00e9cessaires<br>en s&rsquo;appuyant sur trois instruments principaux:<br><br>1. Un laboratoire de transformation num\u00e9rique<br>2. Un r\u00e9seau de centres d&rsquo;acc\u00e9l\u00e9ration<br>3. Un conseil de l&rsquo;innovation num\u00e9rique<br>                                                     <a href=\"https:\/\/www.itu.int\/itu-d\/sites\/innovation-alliance\/the-three-solutions\/\" class=\"ituBtn\" target=_self>\n                        Les trois instruments principaux                    <\/a>\n                            <\/div>\n        <\/div>\n    <\/div>\n                    <\/div>\n    <\/section>\n                    <\/div>\n    <\/div>\n<div class=\"ituContainer\">\n<table width=\"100%\" style=\"background-color:white\">\n<tr><\/tr>\n<td style=\"vertical-align:middle;width:50%\"><h1>COMMENT UN CENTRE D&rsquo;ACC\u00c9L\u00c9RATION DE L&rsquo;UIT<br\/>PEUT-IL ACC\u00c9L\u00c9RER LA TRANSITION DE VOTRE PAYS<br\/>VERS UNE \u00c9CONOMIE NUM\u00c9RIQUE<br\/>FOND\u00c9E SUR L&rsquo;INNOVATION?<\/h1><\/td>\n<td>\n<p>Gr\u00e2ce \u00e0 des initiatives qui sont sp\u00e9cialement con\u00e7ues compte tenu des objectifs strat\u00e9giques poursuivis, un centre peut, par exemple:<\/p>\n<ul>\n<li>Doter votre organisation d&rsquo;une vision strat\u00e9gique, des connaissances et des comp\u00e9tences n\u00e9cessaires pour favoriser l&rsquo;innovation num\u00e9rique.<\/li>\n<li>Mettre en valeur et d\u00e9velopper le potentiel d&rsquo;un \u00e9cosyst\u00e8me des technologies dynamique et de PME innovantes sur les march\u00e9s r\u00e9gionaux et mondiaux.<\/li>\n<li>Transformer un \u00e9tablissement universitaire technique ou un institut de recherche en une universit\u00e9 ax\u00e9e sur l&rsquo;entrepreneuriat.<\/li>\n<li>Stimuler et anticiper la formation des talents \u00e0 des emplois num\u00e9riques hautement qualifi\u00e9s.<\/li>\n<li>Acc\u00e9l\u00e9rer votre cycle d&rsquo;\u00e9laboration des politiques relatives au num\u00e9rique afin d&rsquo;instaurer un environnement propice aux \n investissements.<\/li>\n<li>Renforcer la collaboration entre les \u00e9tablissements universitaires, les pouvoirs publics, le secteur priv\u00e9, les bailleurs de fonds, les start-up et la soci\u00e9t\u00e9 civile.<\/li>\n<li>D\u00e9gager des synergies entre les initiatives, d\u00e9cloisonner les structures et rassembler les parties prenantes autour d&rsquo;un programme de d\u00e9veloppement du num\u00e9rique national ou r\u00e9gional.<\/li>\n<li>Amplifier le retentissement de votre \u00e9cosyst\u00e8me num\u00e9rique aux niveaux r\u00e9gional ou mondial.<\/li>\n<li>Am\u00e9liorer la comp\u00e9titivit\u00e9 des secteurs ayant trait au num\u00e9rique.<\/li>\n<\/ul>\n<\/td>\n<\/table>\n<\/div><div class=\"ituContainer\">\n<div style=\"height:40px\" aria-hidden=\"true\" class=\"wp-block-spacer\"><\/div>\n<\/div><div class=\"ituContainer\">\n<p><\/p>\n<\/div>","protected":false},"excerpt":{"rendered":"<p>Acc\u00e9l\u00e9rer la transformation num\u00e9rique au service du d\u00e9veloppement durable DIFFICULT\u00c9S RENCONTR\u00c9ES De nombreux pays en d\u00e9veloppement aspirent \u00e0 devenir des \u00e9conomies num\u00e9riques tourn\u00e9es vers l&rsquo;innovation, qui reposent sur des entreprises exportatrices de calibre mondial, des secteurs \u00e0 forte croissance et un vivier de talents hautement qualifi\u00e9s Malgr\u00e9 des investissements massifs dans les technologies de l&rsquo;information [&hellip;]<\/p>\n","protected":false},"author":21,"featured_media":0,"parent":0,"menu_order":0,"comment_status":"closed","ping_status":"closed","template":"","meta":{"_acf_changed":false,"footnotes":"","_links_to":"","_links_to_target":""},"class_list":["post-560","page","type-page","status-publish","hentry"],"acf":[],"_links":{"self":[{"href":"https:\/\/www.itu.int\/itu-d\/sites\/innovation-alliance\/fr\/wp-json\/wp\/v2\/pages\/560","targetHints":{"allow":["GET"]}}],"collection":[{"href":"https:\/\/www.itu.int\/itu-d\/sites\/innovation-alliance\/fr\/wp-json\/wp\/v2\/pages"}],"about":[{"href":"https:\/\/www.itu.int\/itu-d\/sites\/innovation-alliance\/fr\/wp-json\/wp\/v2\/types\/page"}],"author":[{"embeddable":true,"href":"https:\/\/www.itu.int\/itu-d\/sites\/innovation-alliance\/fr\/wp-json\/wp\/v2\/users\/21"}],"replies":[{"embeddable":true,"href":"https:\/\/www.itu.int\/itu-d\/sites\/innovation-alliance\/fr\/wp-json\/wp\/v2\/comments?post=560"}],"version-history":[{"count":0,"href":"https:\/\/www.itu.int\/itu-d\/sites\/innovation-alliance\/fr\/wp-json\/wp\/v2\/pages\/560\/revisions"}],"wp:attachment":[{"href":"https:\/\/www.itu.int\/itu-d\/sites\/innovation-alliance\/fr\/wp-json\/wp\/v2\/media?parent=560"}],"curies":[{"name":"wp","href":"https:\/\/api.w.org\/{rel}","templated":true}]}}