{"id":1623,"date":"2023-03-29T12:24:47","date_gmt":"2023-03-29T12:24:47","guid":{"rendered":"https:\/\/www.itu.int\/itu-d\/sites\/innovation-alliance\/events\/archives\/"},"modified":"2024-02-07T15:28:44","modified_gmt":"2024-02-07T15:28:44","slug":"news","status":"publish","type":"page","link":"https:\/\/www.itu.int\/itu-d\/sites\/innovation-alliance\/fr\/events\/news\/","title":{"rendered":"Actualit\u00e9s et manifestations"},"content":{"rendered":"    <section>\n        <div class=\"ituContainer grid\">\n                                                <a class=\"ituCard anim bg hor\" href=\"https:\/\/www.itu.int\/itu-d\/sites\/innovation-alliance\/events\/news\/announcement-board\/\" data-span=\"6\" target=\"\">\n        <img decoding=\"async\" class=\"square\" src=\"https:\/\/www.itu.int\/itu-d\/sites\/innovation-alliance\/wp-content\/uploads\/sites\/35\/2023\/09\/Untitled-3_cr_xxxs.png\" alt=\"\" \/>\n        <div class=\"content\">\n            <div class=\"main\">\n                <p class=\"title\"><strong><strong>D\u00e9signation des membres du Conseil de l&rsquo;innovation num\u00e9rique<\/strong><\/strong><\/p>\n                <p>5 f\u00e9vrier 2024<\/p>\n            <\/div>\n        <\/div>\n    <\/a>\n                                                <a class=\"ituCard anim bg hor\" href=\"https:\/\/www.itu.int\/itu-d\/sites\/innovation-alliance\/events\/news\/member-communique-2023-september\/\" data-span=\"6\" target=\"\">\n        <img decoding=\"async\" class=\"square\" src=\"https:\/\/www.itu.int\/itu-d\/sites\/innovation-alliance\/wp-content\/uploads\/sites\/35\/2023\/03\/CommunityEvent-2023-04-04-thumb.jpg\" alt=\"\" \/>\n        <div class=\"content\">\n            <div class=\"main\">\n                <p class=\"title\">Lancement du R\u00e9seau des Centres d&rsquo;Acc\u00e9l\u00e9ration<\/p>\n                <p>1 septembre 2023<\/p>\n            <\/div>\n        <\/div>\n    <\/a>\n                                                <a class=\"ituCard anim bg hor\" href=\"https:\/\/ideas.unite.un.org\/sdg5\/Page\/Overview\" data-span=\"6\" target=\"\">\n        <img decoding=\"async\" class=\"square\" src=\"https:\/\/www.itu.int\/itu-d\/sites\/innovation-alliance\/wp-content\/uploads\/sites\/35\/2023\/09\/hackathon165-1.png\" alt=\"\" \/>\n        <div class=\"content\">\n            <div class=\"main\">\n                <p class=\"title\"><strong><strong>Open Source Software for SDG (OSS4SDG) Hackathon for Gender Equality by EC, UNOICT, ITU EQUALS &amp; POP<\/strong><\/strong><\/p>\n                <p>Date limite: 15 septembre 2023<\/p>\n            <\/div>\n        <\/div>\n    <\/a>\n                                                <a class=\"ituCard anim bg hor\" href=\"https:\/\/www.itu.int\/net4\/ITU-D\/CDS\/sg\/blkmeetings.asp?lg=1&amp;stg=&amp;sp=2022&amp;blk=28224\" data-span=\"6\" target=\"\">\n        <img decoding=\"async\" class=\"square\" src=\"https:\/\/www.itu.int\/itu-d\/sites\/innovation-alliance\/wp-content\/uploads\/sites\/35\/2023\/05\/SG-WS1-d-e1683279957752.jpg\" alt=\"\" \/>\n        <div class=\"content\">\n            <div class=\"main\">\n                <p class=\"title\">Coordination des sessions dans le cadre des ateliers intersectoriels de la Commission d&rsquo;\u00e9tudes 1 de l&rsquo;UIT-D sur le th\u00e8me \u00ab\u00a0Une connectivit\u00e9 efficace\u00a0\u00bb<\/p>\n                <p> 8 mai 2023 et 10 mai 2023 <\/p>\n            <\/div>\n        <\/div>\n    <\/a>\n                                                <a class=\"ituCard anim bg hor\" href=\"https:\/\/www.itu.int\/en\/ITU-D\/Innovation\/Pages\/declaration-of-Intent-ITU-Smart-Africa.aspx\" data-span=\"6\" target=\"\">\n        <img decoding=\"async\" class=\"square\" src=\"https:\/\/www.itu.int\/itu-d\/sites\/innovation-alliance\/wp-content\/uploads\/sites\/35\/2023\/05\/itu-smartafricadeclaration.jpg\" alt=\"\" \/>\n        <div class=\"content\">\n            <div class=\"main\">\n                <p class=\"title\">D\u00e9claration d&rsquo;intention de l&rsquo;UIT-Smart Africa sur l&rsquo;innovation, l&rsquo;entrepreneuriat et le renforcement des capacit\u00e9s <\/p>\n                <p> <\/p>\n            <\/div>\n        <\/div>\n    <\/a>\n                                                <a class=\"ituCard anim bg hor\" href=\"https:\/\/www.itu.int\/en\/ITU-D\/Innovation\/Pages\/declaration-of-intent-digital-transformation-technology-innovation.aspx\" data-span=\"6\" target=\"\">\n        <img decoding=\"async\" class=\"square\" src=\"https:\/\/www.itu.int\/itu-d\/sites\/innovation-alliance\/wp-content\/uploads\/sites\/35\/2023\/05\/itu-oict-declaration.jpg\" alt=\"\" \/>\n        <div class=\"content\">\n            <div class=\"main\">\n                <p class=\"title\">D\u00e9claration d&rsquo;intention de l&rsquo;UIT-OICT sur l&rsquo;innovation, l&rsquo;entrepreneuriat et le renforcement des capacit\u00e9s<\/p>\n                <p> <\/p>\n            <\/div>\n        <\/div>\n    <\/a>\n                                                <a class=\"ituCard anim bg hor\" href=\"https:\/\/www.itu.int\/itu-d\/sites\/innovation-alliance\/events\/news\/community-event-innovation-and-entrepreneurship-alliance-for-digital-development\/\" data-span=\"6\" target=\"\">\n        <img decoding=\"async\" class=\"square\" src=\"https:\/\/www.itu.int\/itu-d\/sites\/innovation-alliance\/wp-content\/uploads\/sites\/35\/2023\/03\/CommunityEvent-2023-04-04-thumb.jpg\" alt=\"\" \/>\n        <div class=\"content\">\n            <div class=\"main\">\n                <p class=\"title\">Manifestation communautaire &#8211; Alliance de l&rsquo;innovation et de l&rsquo;entrepreneuriat au service du d\u00e9veloppement du num\u00e9rique<\/p>\n                <p><strong><strong>Le 4 avril 2023<\/strong><\/strong><\/p>\n            <\/div>\n        <\/div>\n    <\/a>\n                                                <a class=\"ituCard anim bg hor\" href=\"https:\/\/www.itu.int\/net4\/wsis\/forum\/2023\/Agenda\/Session\/394\" data-span=\"6\" target=\"\">\n        <img decoding=\"async\" class=\"square\" src=\"https:\/\/www.itu.int\/itu-d\/sites\/innovation-alliance\/wp-content\/uploads\/sites\/35\/2023\/03\/WSIS-Logo.png\" alt=\"\" \/>\n        <div class=\"content\">\n            <div class=\"main\">\n                <p class=\"title\">Alliance pour l&rsquo;innovation et l&rsquo;entrepreneuriat &#8211; S\u00e9ance intensive<\/p>\n                <p>Le 16 mars 2023<\/p>\n            <\/div>\n        <\/div>\n    <\/a>\n                                                <a class=\"ituCard anim bg hor\" href=\"https:\/\/www.itu.int\/net4\/wsis\/forum\/2023\/Agenda\/Session\/395\" data-span=\"6\" target=\"\">\n        <img decoding=\"async\" class=\"square\" src=\"https:\/\/www.itu.int\/itu-d\/sites\/innovation-alliance\/wp-content\/uploads\/sites\/35\/2023\/03\/WSIS-Logo.png\" alt=\"\" \/>\n        <div class=\"content\">\n            <div class=\"main\">\n                <p class=\"title\">Acc\u00e9l\u00e9rer l&rsquo;innovation et l&rsquo;entrepreneuriat au service du d\u00e9veloppement du num\u00e9rique<\/p>\n                <p>Le 15 mars 2023<\/p>\n            <\/div>\n        <\/div>\n    <\/a>\n                                                <a class=\"ituCard anim bg hor\" href=\"https:\/\/www.itu.int\/itu-d\/sites\/innovation-alliance\/fr\/events\/news\/alliance-launch\/\" data-span=\"6\" target=\"\">\n        <img decoding=\"async\" class=\"square\" src=\"https:\/\/www.itu.int\/itu-d\/sites\/innovation-alliance\/wp-content\/uploads\/sites\/35\/2024\/02\/launch-icon-x.png\" alt=\"\" \/>\n        <div class=\"content\">\n            <div class=\"main\">\n                <p class=\"title\">Lancement de l&rsquo;Alliance de l&rsquo;innovation et de l&rsquo;entrepreneuriat au service du d\u00e9veloppement du num\u00e9rique<\/p>\n                <p>Le 25 janvier 2023<\/p>\n            <\/div>\n        <\/div>\n    <\/a>\n                    <\/div>\n    <\/section>\n","protected":false},"excerpt":{"rendered":"","protected":false},"author":21,"featured_media":0,"parent":1618,"menu_order":50,"comment_status":"closed","ping_status":"closed","template":"obsolete-templates\/page-submenu.php","meta":{"_acf_changed":false,"footnotes":"","_links_to":"","_links_to_target":""},"class_list":["post-1623","page","type-page","status-publish","hentry"],"acf":[],"_links":{"self":[{"href":"https:\/\/www.itu.int\/itu-d\/sites\/innovation-alliance\/fr\/wp-json\/wp\/v2\/pages\/1623","targetHints":{"allow":["GET"]}}],"collection":[{"href":"https:\/\/www.itu.int\/itu-d\/sites\/innovation-alliance\/fr\/wp-json\/wp\/v2\/pages"}],"about":[{"href":"https:\/\/www.itu.int\/itu-d\/sites\/innovation-alliance\/fr\/wp-json\/wp\/v2\/types\/page"}],"author":[{"embeddable":true,"href":"https:\/\/www.itu.int\/itu-d\/sites\/innovation-alliance\/fr\/wp-json\/wp\/v2\/users\/21"}],"replies":[{"embeddable":true,"href":"https:\/\/www.itu.int\/itu-d\/sites\/innovation-alliance\/fr\/wp-json\/wp\/v2\/comments?post=1623"}],"version-history":[{"count":0,"href":"https:\/\/www.itu.int\/itu-d\/sites\/innovation-alliance\/fr\/wp-json\/wp\/v2\/pages\/1623\/revisions"}],"up":[{"embeddable":true,"href":"https:\/\/www.itu.int\/itu-d\/sites\/innovation-alliance\/fr\/wp-json\/wp\/v2\/pages\/1618"}],"wp:attachment":[{"href":"https:\/\/www.itu.int\/itu-d\/sites\/innovation-alliance\/fr\/wp-json\/wp\/v2\/media?parent=1623"}],"curies":[{"name":"wp","href":"https:\/\/api.w.org\/{rel}","templated":true}]}}