{"id":976,"date":"2023-02-11T08:49:12","date_gmt":"2023-02-11T08:49:12","guid":{"rendered":"https:\/\/www.itu.int\/itu-d\/sites\/innovation-alliance\/objetivos\/"},"modified":"2024-02-07T09:27:33","modified_gmt":"2024-02-07T09:27:33","slug":"objetivos","status":"publish","type":"page","link":"https:\/\/www.itu.int\/itu-d\/sites\/innovation-alliance\/es\/objetivos\/","title":{"rendered":"Objetivos"},"content":{"rendered":"    <section class=\"ituBanner bg smallheight\">\n        <div class=\"bgContainer\">\n            <img src=https:\/\/www.itu.int\/itu-d\/sites\/innovation-alliance\/wp-content\/uploads\/sites\/35\/2023\/01\/shutterstock_2067382835.jpg alt=\"Background decorative image\" \/>\n            <div class=\"ituContainer grid\">\n                <div class=\"content\" data-span=\"8\">\n                    <div class=\"main\">\n                        <h2 class=\"h1 white\">Cinco objetivos estrat\u00e9gicos prioritarios <\/h2>\n                    <\/div>\n                    <div class=\"addInfo\"><\/div>\n                <\/div>\n            <\/div>\n        <\/div>\n    <\/section>\n<div class=\"ituContainer\">\n<h3 class=\"wp-block-heading\">Objetivos estrat\u00e9gicos <\/h3>\n<\/div><div class=\"ituContainer\">\n<p>La Alianza impulsar\u00e1 cinco objetivos estrat\u00e9gicos para facilitar la transici\u00f3n de los pa\u00edses a una econom\u00eda digital basada en la innovaci\u00f3n.<\/p>\n<\/div><div class=\"ituContainer\">\n<div style=\"height:35px\" aria-hidden=\"true\" class=\"wp-block-spacer\"><\/div>\n<\/div><div class=\"ituContainer\">\n<figure class=\"wp-block-table is-style-stripes\"><table><tbody><tr><td><\/td><td><strong>QU\u00c9<\/strong><\/td><td><strong>POR QU\u00c9<\/strong><\/td><\/tr><tr><td><img loading=\"lazy\" decoding=\"async\" width=\"640\" height=\"640\" class=\"wp-image-977\" style=\"width: 150px\" src=\"https:\/\/www.itu.int\/itu-d\/sites\/innovation-alliance\/wp-content\/uploads\/sites\/35\/2023\/01\/trending-blue.png\" alt=\"\" srcset=\"https:\/\/www.itu.int\/itu-d\/sites\/innovation-alliance\/wp-content\/uploads\/sites\/35\/2023\/01\/trending-blue.png 640w, https:\/\/www.itu.int\/itu-d\/sites\/innovation-alliance\/wp-content\/uploads\/sites\/35\/2023\/01\/trending-blue-300x300.png 300w, https:\/\/www.itu.int\/itu-d\/sites\/innovation-alliance\/wp-content\/uploads\/sites\/35\/2023\/01\/trending-blue-150x150.png 150w\" sizes=\"auto, (max-width: 640px) 100vw, 640px\" \/><\/td><td>Preparaci\u00f3n para el estudio de tendencias<\/td><td>Facilitar la preparaci\u00f3n previa de los pa\u00edses y su comprensi\u00f3n de la evoluci\u00f3n tecnol\u00f3gica, incluidas las pol\u00edticas y los factores que propician la innovaci\u00f3n.<\/td><\/tr><tr><td><img loading=\"lazy\" decoding=\"async\" width=\"640\" height=\"640\" class=\"wp-image-983\" style=\"width: 150px\" src=\"https:\/\/www.itu.int\/itu-d\/sites\/innovation-alliance\/wp-content\/uploads\/sites\/35\/2023\/01\/innovation-blue.png\" alt=\"\" srcset=\"https:\/\/www.itu.int\/itu-d\/sites\/innovation-alliance\/wp-content\/uploads\/sites\/35\/2023\/01\/innovation-blue.png 640w, https:\/\/www.itu.int\/itu-d\/sites\/innovation-alliance\/wp-content\/uploads\/sites\/35\/2023\/01\/innovation-blue-300x300.png 300w, https:\/\/www.itu.int\/itu-d\/sites\/innovation-alliance\/wp-content\/uploads\/sites\/35\/2023\/01\/innovation-blue-150x150.png 150w\" sizes=\"auto, (max-width: 640px) 100vw, 640px\" \/><\/td><td>Innovaci\u00f3n tecnol\u00f3gica abierta<\/td><td>Aprovechar los conocimientos tecnol\u00f3gicos como activos internacionales por medio de innovaci\u00f3n abierta y mecanismos en los que colaboren varias partes interesadas, a fin de facilitar el acceso a tecnolog\u00edas incipientes para todos.<\/td><\/tr><tr><td><img loading=\"lazy\" decoding=\"async\" width=\"640\" height=\"640\" class=\"wp-image-989\" style=\"width: 150px\" src=\"https:\/\/www.itu.int\/itu-d\/sites\/innovation-alliance\/wp-content\/uploads\/sites\/35\/2023\/01\/idea-blue.png\" alt=\"\" srcset=\"https:\/\/www.itu.int\/itu-d\/sites\/innovation-alliance\/wp-content\/uploads\/sites\/35\/2023\/01\/idea-blue.png 640w, https:\/\/www.itu.int\/itu-d\/sites\/innovation-alliance\/wp-content\/uploads\/sites\/35\/2023\/01\/idea-blue-300x300.png 300w, https:\/\/www.itu.int\/itu-d\/sites\/innovation-alliance\/wp-content\/uploads\/sites\/35\/2023\/01\/idea-blue-150x150.png 150w\" sizes=\"auto, (max-width: 640px) 100vw, 640px\" \/><\/td><td>Iniciativa empresarial y desarrollo de PYME<\/td><td>Fomentar la iniciativa empresarial impulsada por la innovaci\u00f3n digital y las oportunidades, basadas en el desarrollo de talento, para lograr la inclusi\u00f3n socioecon\u00f3mica de las comunidades.<\/td><\/tr><tr><td><img loading=\"lazy\" decoding=\"async\" width=\"640\" height=\"640\" class=\"wp-image-995\" style=\"width: 150px\" src=\"https:\/\/www.itu.int\/itu-d\/sites\/innovation-alliance\/wp-content\/uploads\/sites\/35\/2023\/01\/insurance-blue.png\" alt=\"\" srcset=\"https:\/\/www.itu.int\/itu-d\/sites\/innovation-alliance\/wp-content\/uploads\/sites\/35\/2023\/01\/insurance-blue.png 640w, https:\/\/www.itu.int\/itu-d\/sites\/innovation-alliance\/wp-content\/uploads\/sites\/35\/2023\/01\/insurance-blue-300x300.png 300w, https:\/\/www.itu.int\/itu-d\/sites\/innovation-alliance\/wp-content\/uploads\/sites\/35\/2023\/01\/insurance-blue-150x150.png 150w\" sizes=\"auto, (max-width: 640px) 100vw, 640px\" \/><\/td><td>Ensayo de pol\u00edticas<\/td><td>Formular pol\u00edticas eficaces que brinden a las partes interesadas un espacio seguro para la realizaci\u00f3n de ensayos y fomenten la innovaci\u00f3n y las inversiones en el ecosistema digital.<\/td><\/tr><tr><td><img loading=\"lazy\" decoding=\"async\" width=\"640\" height=\"640\" class=\"wp-image-1001\" style=\"width: 150px\" src=\"https:\/\/www.itu.int\/itu-d\/sites\/innovation-alliance\/wp-content\/uploads\/sites\/35\/2023\/01\/ecosystem-blue.png\" alt=\"\" srcset=\"https:\/\/www.itu.int\/itu-d\/sites\/innovation-alliance\/wp-content\/uploads\/sites\/35\/2023\/01\/ecosystem-blue.png 640w, https:\/\/www.itu.int\/itu-d\/sites\/innovation-alliance\/wp-content\/uploads\/sites\/35\/2023\/01\/ecosystem-blue-300x300.png 300w, https:\/\/www.itu.int\/itu-d\/sites\/innovation-alliance\/wp-content\/uploads\/sites\/35\/2023\/01\/ecosystem-blue-150x150.png 150w\" sizes=\"auto, (max-width: 640px) 100vw, 640px\" \/><\/td><td>Fomento de iniciativas de ecosistema<\/td><td>Promover la colaboraci\u00f3n y las sinergias para impulsar la innovaci\u00f3n digital y aumentar su utilidad en varios sectores, con objeto de desarrollar una econom\u00eda digital competitiva.<\/td><\/tr><\/tbody><\/table><\/figure>\n<\/div><div class=\"ituContainer\">\n<div style=\"height:59px\" aria-hidden=\"true\" class=\"wp-block-spacer\"><\/div>\n<\/div><div class=\"ituContainer\">\n<h3 class=\"wp-block-heading\">Antecedentes<\/h3>\n<\/div><div class=\"ituContainer\">\n<p><\/p>\n<\/div><div class=\"ituContainer\">\n<p class=\"has-white-background-color has-background\">La Alianza tiene por objeto satisfacer un amplio conjunto de necesidades de los Miembros de la UIT en la esfera de la innovaci\u00f3n, de conformidad con lo establecido en el Plan de Acci\u00f3n de Kigali adoptado en la Conferencia Mundial de Desarrollo de las Telecomunicaciones de 2022 (CMDT-22) y los resultados de la Conferencia de Plenipotenciarios de la UIT de 2022 (PP-22).<br\/> <br\/>La Alianza facilitar\u00e1 el logro de los siguientes resultados relativos a la Prioridad del UIT-D \u00abTransformaci\u00f3n digital\u00bb;<\/p>\n<\/div><div class=\"ituContainer\">\n<figure class=\"wp-block-table is-style-stripes\"><table><tbody><tr><td><img decoding=\"async\" src=\"https:\/\/www.itu.int\/itu-d\/sites\/innovation-alliance\/wp-content\/uploads\/sites\/35\/2023\/01\/hand-shakes-blue.png\" alt=\"\" style=\"width: 100px\"\/><\/td><td>Fortalecimiento de la capacidad de los Miembros de la UIT para integrar la innovaci\u00f3n y la digitalizaci\u00f3n en materia de telecomunicaciones y TIC en los programas de desarrollo de los pa\u00edses y formular estrategias de promoci\u00f3n de iniciativas innovadoras, en particular en el marco de asociaciones p\u00fablicas, privadas o p\u00fablico-privadas.<\/td><\/tr><tr><td><img decoding=\"async\" style=\"width: 100px\" src=\"https:\/\/www.itu.int\/itu-d\/sites\/innovation-alliance\/wp-content\/uploads\/sites\/35\/2023\/01\/building-blue.png\" alt=\"\"\/><\/td><td>Mejora de la capacidad de los Miembros de la UIT en los planos humano e institucional en las esferas de las telecomunicaciones y las TIC para fomentar la transformaci\u00f3n digital.<\/td><\/tr><\/tbody><\/table><\/figure>\n<\/div><div class=\"ituContainer\">\n<div style=\"height:19px\" aria-hidden=\"true\" class=\"wp-block-spacer\"><\/div>\n<\/div><div class=\"ituContainer\">\n<p class=\"has-white-background-color has-background\">La labor de la Alianza est\u00e1 en consonancia con:<br\/> <br\/>\u2022 -Las Resoluciones 90, 89 y 85 (Kigali, 2022) de la CMDT, en las que se proporcionan orientaciones claras sobre la funci\u00f3n de la innovaci\u00f3n con respecto a la transformaci\u00f3n digital de la sociedad.<br\/>\u2022 Las Iniciativas Regionales de la UIT para todas las regiones, en virtud de las cuales se solicita mayor atenci\u00f3n en esta esfera;<br\/>\u2022 La Resoluci\u00f3n 205 de la PP \u00abFomento de la innovaci\u00f3n centrada en las TIC para impulsar la econom\u00eda y la sociedad digitales\u00bb, en la que se pone de manifiesto la destacada funci\u00f3n de la BDT en la innovaci\u00f3n en aras del desarrollo digital;<br\/>\u2022 El Plan Estrat\u00e9gico de la UIT (Resoluci\u00f3n 71 de la PP, Rev. Bucarest, 2022).<\/p>\n<\/div>","protected":false},"excerpt":{"rendered":"<p>Objetivos estrat\u00e9gicos La Alianza impulsar\u00e1 cinco objetivos estrat\u00e9gicos para facilitar la transici\u00f3n de los pa\u00edses a una econom\u00eda digital basada en la innovaci\u00f3n. QU\u00c9 POR QU\u00c9 Preparaci\u00f3n para el estudio de tendencias Facilitar la preparaci\u00f3n previa de los pa\u00edses y su comprensi\u00f3n de la evoluci\u00f3n tecnol\u00f3gica, incluidas las pol\u00edticas y los factores que propician la [&hellip;]<\/p>\n","protected":false},"author":21,"featured_media":0,"parent":0,"menu_order":0,"comment_status":"closed","ping_status":"closed","template":"","meta":{"_acf_changed":false,"footnotes":"","_links_to":"","_links_to_target":""},"class_list":["post-976","page","type-page","status-publish","hentry"],"acf":[],"_links":{"self":[{"href":"https:\/\/www.itu.int\/itu-d\/sites\/innovation-alliance\/es\/wp-json\/wp\/v2\/pages\/976","targetHints":{"allow":["GET"]}}],"collection":[{"href":"https:\/\/www.itu.int\/itu-d\/sites\/innovation-alliance\/es\/wp-json\/wp\/v2\/pages"}],"about":[{"href":"https:\/\/www.itu.int\/itu-d\/sites\/innovation-alliance\/es\/wp-json\/wp\/v2\/types\/page"}],"author":[{"embeddable":true,"href":"https:\/\/www.itu.int\/itu-d\/sites\/innovation-alliance\/es\/wp-json\/wp\/v2\/users\/21"}],"replies":[{"embeddable":true,"href":"https:\/\/www.itu.int\/itu-d\/sites\/innovation-alliance\/es\/wp-json\/wp\/v2\/comments?post=976"}],"version-history":[{"count":0,"href":"https:\/\/www.itu.int\/itu-d\/sites\/innovation-alliance\/es\/wp-json\/wp\/v2\/pages\/976\/revisions"}],"wp:attachment":[{"href":"https:\/\/www.itu.int\/itu-d\/sites\/innovation-alliance\/es\/wp-json\/wp\/v2\/media?parent=976"}],"curies":[{"name":"wp","href":"https:\/\/api.w.org\/{rel}","templated":true}]}}