{"id":931,"date":"2023-02-10T22:36:17","date_gmt":"2023-02-10T22:36:17","guid":{"rendered":"https:\/\/www.itu.int\/itu-d\/sites\/innovation-alliance\/adhierase-a-la-alianza\/"},"modified":"2024-03-01T08:56:05","modified_gmt":"2024-03-01T08:56:05","slug":"adhierase-a-la-alianza","status":"publish","type":"page","link":"https:\/\/www.itu.int\/itu-d\/sites\/innovation-alliance\/es\/adhierase-a-la-alianza\/","title":{"rendered":"Adhi\u00e9rase a la Alianza"},"content":{"rendered":"    <section class=\"ituBanner bg smallheight\">\n        <div class=\"bgContainer\">\n            <img src=https:\/\/www.itu.int\/itu-d\/sites\/innovation-alliance\/wp-content\/uploads\/sites\/35\/2023\/01\/shutterstock_2079555277.jpg alt=\"Background decorative image\" \/>\n            <div class=\"ituContainer grid\">\n                <div class=\"content\" data-span=\"8\">\n                    <div class=\"main\">\n                        <h2 class=\"h1 white\">Comprom\u00e9tase con la Alianza<\/h2>\n                    <\/div>\n                    <div class=\"addInfo\"><\/div>\n                <\/div>\n            <\/div>\n        <\/div>\n    <\/section>\n    <div class=\"ituContainer grid\">\n                        <div data-span=\"6\">\n                        <p class=\"ituCard highlight\" data-span=\"3\">PLAZOS IMPORTANTES <\/p>\n\n                        <section>\n        <div class=\"ituContainer grid\">\n            <ul class=\"ituTimeline\" data-span=\"8\">\n                                        <li>\n        <div class=\"ituCard alt\">\n            <div class=\"main\">\n                <div class=\"content\">\n                    25 de enero de 2023: anuncio p\u00fablico                 <\/div>\n            <\/div>\n        <\/div>\n    <\/li>\n                                        <li>\n        <div class=\"ituCard alt\">\n            <div class=\"main\">\n                <div class=\"content\">\n                    15-16 de marzo de 2023: eventos de la CMSI                <\/div>\n            <\/div>\n        <\/div>\n    <\/li>\n                                        <li>\n        <div class=\"ituCard alt\">\n            <div class=\"main\">\n                <div class=\"content\">\n                    4 de abril de 2023: evento comunitario                <\/div>\n            <\/div>\n        <\/div>\n    <\/li>\n                                        <li>\n        <div class=\"ituCard alt\">\n            <div class=\"main\">\n                <div class=\"content\">\n                    15 de abril de 2023: plazo para la manifestaci\u00f3n de inter\u00e9s (para los centros de innovaci\u00f3n de los pa\u00edses piloto)                <\/div>\n            <\/div>\n        <\/div>\n    <\/li>\n                                        <li>\n        <div class=\"ituCard alt\">\n            <div class=\"main\">\n                <div class=\"content\">\n                    1 de septiembre de 2023: anuncio de pa\u00edses piloto                <\/div>\n            <\/div>\n        <\/div>\n    <\/li>\n                                        <li>\n        <div class=\"ituCard alt\">\n            <div class=\"main\">\n                <div class=\"content\">\n                    5 de febrero de 2024: anuncio de los miembros de la Junta de Innovaci\u00f3n Digital                <\/div>\n            <\/div>\n        <\/div>\n    <\/li>\n                                        <li>\n        <div class=\"ituCard alt\">\n            <div class=\"main\">\n                <div class=\"content\">\n                    4-8 de marzo 2024: primera reuni\u00f3n de centros de aceleraci\u00f3n                <\/div>\n            <\/div>\n        <\/div>\n    <\/li>\n                                        <li>\n        <div class=\"ituCard alt\">\n            <div class=\"main\">\n                <div class=\"content\">\n                    19-20 de marzo de 2024: reuni\u00f3n inaugural de la Junta                <\/div>\n            <\/div>\n        <\/div>\n    <\/li>\n                            <\/ul>\n        <\/div>\n    <\/section>\n            <\/div>\n                        <div data-span=\"6\">\n                        <p class=\"ituCard highlight\" data-span=\"3\">COLABORE CON LA ALIANZA<\/p>\n\n                    <div class=\"ituContainer\">\n<figure class=\"wp-block-table is-style-stripes\"><table><tbody><tr><td class=\"has-text-align-left\" data-align=\"left\"><img loading=\"lazy\" decoding=\"async\" width=\"640\" height=\"640\" class=\"wp-image-932\" style=\"width: 150px\" src=\"https:\/\/www.itu.int\/itu-d\/sites\/innovation-alliance\/wp-content\/uploads\/sites\/35\/2023\/01\/1.png\" alt=\"\" srcset=\"https:\/\/www.itu.int\/itu-d\/sites\/innovation-alliance\/wp-content\/uploads\/sites\/35\/2023\/01\/1.png 640w, https:\/\/www.itu.int\/itu-d\/sites\/innovation-alliance\/wp-content\/uploads\/sites\/35\/2023\/01\/1-300x300.png 300w, https:\/\/www.itu.int\/itu-d\/sites\/innovation-alliance\/wp-content\/uploads\/sites\/35\/2023\/01\/1-150x150.png 150w\" sizes=\"auto, (max-width: 640px) 100vw, 640px\" \/>  <\/td><td>Manifieste su inter\u00e9s a <a href=\"mailto:BDTDirector@itu.int\" target=\"_blank\" rel=\"noreferrer noopener\">BDTDirector@itu.int<\/a><\/td><\/tr><tr><td class=\"has-text-align-left\" data-align=\"left\"><img loading=\"lazy\" decoding=\"async\" width=\"640\" height=\"640\" class=\"wp-image-938\" style=\"width: 150px\" src=\"https:\/\/www.itu.int\/itu-d\/sites\/innovation-alliance\/wp-content\/uploads\/sites\/35\/2023\/01\/2.png\" alt=\"\" srcset=\"https:\/\/www.itu.int\/itu-d\/sites\/innovation-alliance\/wp-content\/uploads\/sites\/35\/2023\/01\/2.png 640w, https:\/\/www.itu.int\/itu-d\/sites\/innovation-alliance\/wp-content\/uploads\/sites\/35\/2023\/01\/2-300x300.png 300w, https:\/\/www.itu.int\/itu-d\/sites\/innovation-alliance\/wp-content\/uploads\/sites\/35\/2023\/01\/2-150x150.png 150w\" sizes=\"auto, (max-width: 640px) 100vw, 640px\" \/><\/td><td>Solicitud de una evaluaci\u00f3n preliminar de colaboraci\u00f3n para acoger un posible centro<\/td><\/tr><tr><td class=\"has-text-align-left\" data-align=\"left\"><img loading=\"lazy\" decoding=\"async\" width=\"640\" height=\"640\" class=\"wp-image-944\" style=\"width: 150px\" src=\"https:\/\/www.itu.int\/itu-d\/sites\/innovation-alliance\/wp-content\/uploads\/sites\/35\/2023\/01\/3.png\" alt=\"\" srcset=\"https:\/\/www.itu.int\/itu-d\/sites\/innovation-alliance\/wp-content\/uploads\/sites\/35\/2023\/01\/3.png 640w, https:\/\/www.itu.int\/itu-d\/sites\/innovation-alliance\/wp-content\/uploads\/sites\/35\/2023\/01\/3-300x300.png 300w, https:\/\/www.itu.int\/itu-d\/sites\/innovation-alliance\/wp-content\/uploads\/sites\/35\/2023\/01\/3-150x150.png 150w\" sizes=\"auto, (max-width: 640px) 100vw, 640px\" \/><\/td><td>Firma de una declaraci\u00f3n conjunta con la BDT<\/td><\/tr><\/tbody><\/table><\/figure>\n<\/div>                    <div class=\"ituContainer\">\n<p><\/p>\n<\/div>                    <div class=\"ituContainer\">\n<p class=\"has-text-align-center\"><br\/><br\/><\/p>\n<\/div>                    <div class=\"ituContainer\">\n<p> <\/p>\n<\/div>                    <div class=\"ituContainer\">\n<hr class=\"wp-block-separator has-alpha-channel-opacity\" \/>\n<\/div>                    <div class=\"ituContainer\">\n<p class=\"has-text-align-center\"><\/p>\n<\/div>                    <div class=\"ituContainer\">\n<p class=\"has-text-align-center has-black-color has-text-color\"><em><br\/>Para m\u00e1s informaci\u00f3n sobre la Alianza dir\u00edjase a <a rel=\"noreferrer noopener\" href=\"mailto:innovation@itu.int\" target=\"_blank\">innovation@itu.int<\/a>.<\/em><\/p>\n<\/div>                    <div class=\"ituContainer\">\n<p> <\/p>\n<\/div>            <\/div>\n            <\/div>\n","protected":false},"excerpt":{"rendered":"","protected":false},"author":21,"featured_media":0,"parent":0,"menu_order":0,"comment_status":"closed","ping_status":"closed","template":"","meta":{"_acf_changed":false,"footnotes":"","_links_to":"","_links_to_target":""},"class_list":["post-931","page","type-page","status-publish","hentry"],"acf":[],"_links":{"self":[{"href":"https:\/\/www.itu.int\/itu-d\/sites\/innovation-alliance\/es\/wp-json\/wp\/v2\/pages\/931","targetHints":{"allow":["GET"]}}],"collection":[{"href":"https:\/\/www.itu.int\/itu-d\/sites\/innovation-alliance\/es\/wp-json\/wp\/v2\/pages"}],"about":[{"href":"https:\/\/www.itu.int\/itu-d\/sites\/innovation-alliance\/es\/wp-json\/wp\/v2\/types\/page"}],"author":[{"embeddable":true,"href":"https:\/\/www.itu.int\/itu-d\/sites\/innovation-alliance\/es\/wp-json\/wp\/v2\/users\/21"}],"replies":[{"embeddable":true,"href":"https:\/\/www.itu.int\/itu-d\/sites\/innovation-alliance\/es\/wp-json\/wp\/v2\/comments?post=931"}],"version-history":[{"count":0,"href":"https:\/\/www.itu.int\/itu-d\/sites\/innovation-alliance\/es\/wp-json\/wp\/v2\/pages\/931\/revisions"}],"wp:attachment":[{"href":"https:\/\/www.itu.int\/itu-d\/sites\/innovation-alliance\/es\/wp-json\/wp\/v2\/media?parent=931"}],"curies":[{"name":"wp","href":"https:\/\/api.w.org\/{rel}","templated":true}]}}