{"id":1625,"date":"2023-03-29T12:27:29","date_gmt":"2023-03-29T12:27:29","guid":{"rendered":"https:\/\/www.itu.int\/itu-d\/sites\/innovation-alliance\/events\/archives\/"},"modified":"2024-02-07T15:31:38","modified_gmt":"2024-02-07T15:31:38","slug":"news","status":"publish","type":"page","link":"https:\/\/www.itu.int\/itu-d\/sites\/innovation-alliance\/es\/events\/news\/","title":{"rendered":"Noticias y eventos"},"content":{"rendered":"    <section>\n        <div class=\"ituContainer grid\">\n                                                <a class=\"ituCard anim bg hor\" href=\"https:\/\/www.itu.int\/itu-d\/sites\/innovation-alliance\/events\/news\/announcement-board\/\" data-span=\"6\" target=\"\">\n        <img decoding=\"async\" class=\"square\" src=\"https:\/\/www.itu.int\/itu-d\/sites\/innovation-alliance\/wp-content\/uploads\/sites\/35\/2023\/09\/Untitled-3_cr_xxxs.png\" alt=\"\" \/>\n        <div class=\"content\">\n            <div class=\"main\">\n                <p class=\"title\"><strong><strong>Anuncio de los miembros de la Junta de Innovaci\u00f3n Digital<\/strong><\/strong><\/p>\n                <p>5 de febrero de 2024<\/p>\n            <\/div>\n        <\/div>\n    <\/a>\n                                                <a class=\"ituCard anim bg hor\" href=\"https:\/\/www.itu.int\/itu-d\/sites\/innovation-alliance\/events\/news\/member-communique-2023-september\/\" data-span=\"6\" target=\"\">\n        <img decoding=\"async\" class=\"square\" src=\"https:\/\/www.itu.int\/itu-d\/sites\/innovation-alliance\/wp-content\/uploads\/sites\/35\/2023\/03\/CommunityEvent-2023-04-04-thumb.jpg\" alt=\"\" \/>\n        <div class=\"content\">\n            <div class=\"main\">\n                <p class=\"title\"><strong>Launch of the Network of Acceleration Centers<\/strong><\/p>\n                <p>1 September 2023<\/p>\n            <\/div>\n        <\/div>\n    <\/a>\n                                                <a class=\"ituCard anim bg hor\" href=\"https:\/\/ideas.unite.un.org\/sdg5\/Page\/Overview\" data-span=\"6\" target=\"\">\n        <img decoding=\"async\" class=\"square\" src=\"https:\/\/www.itu.int\/itu-d\/sites\/innovation-alliance\/wp-content\/uploads\/sites\/35\/2023\/09\/hackathon165-1.png\" alt=\"\" \/>\n        <div class=\"content\">\n            <div class=\"main\">\n                <p class=\"title\"><strong><strong>Open Source Software for SDG (OSS4SDG) Hackathon for Gender Equality by EC, UNOICT, ITU EQUALS &amp; POP<\/strong><\/strong><\/p>\n                <p>Deadline: 15 September 2023<\/p>\n            <\/div>\n        <\/div>\n    <\/a>\n                                                <a class=\"ituCard anim bg hor\" href=\"https:\/\/www.itu.int\/net4\/ITU-D\/CDS\/sg\/blkmeetings.asp?lg=1&amp;stg=&amp;sp=2022&amp;blk=28224\" data-span=\"6\" target=\"\">\n        <img decoding=\"async\" class=\"square\" src=\"https:\/\/www.itu.int\/itu-d\/sites\/innovation-alliance\/wp-content\/uploads\/sites\/35\/2023\/05\/SG-WS1-d-e1683279957752.jpg\" alt=\"\" \/>\n        <div class=\"content\">\n            <div class=\"main\">\n                <p class=\"title\">Organizaci\u00f3n de sesiones durante los talleres transversales de la Comisi\u00f3n de Estudio 1 del UIT-D sobre conectividad efectiva<\/p>\n                <p> 8 May 2023 and 10 May 2023 <\/p>\n            <\/div>\n        <\/div>\n    <\/a>\n                                                <a class=\"ituCard anim bg hor\" href=\"https:\/\/www.itu.int\/en\/ITU-D\/Innovation\/Pages\/declaration-of-Intent-ITU-Smart-Africa.aspx\" data-span=\"6\" target=\"\">\n        <img decoding=\"async\" class=\"square\" src=\"https:\/\/www.itu.int\/itu-d\/sites\/innovation-alliance\/wp-content\/uploads\/sites\/35\/2023\/05\/itu-smartafricadeclaration.jpg\" alt=\"\" \/>\n        <div class=\"content\">\n            <div class=\"main\">\n                <p class=\"title\">Declaraci\u00f3n de intenciones de la UIT y Smart Africa sobre innovaci\u00f3n, iniciativa empresarial y creaci\u00f3n de capacidades <\/p>\n                <p> <\/p>\n            <\/div>\n        <\/div>\n    <\/a>\n                                                <a class=\"ituCard anim bg hor\" href=\"https:\/\/www.itu.int\/en\/ITU-D\/Innovation\/Pages\/declaration-of-intent-digital-transformation-technology-innovation.aspx\" data-span=\"6\" target=\"\">\n        <img decoding=\"async\" class=\"square\" src=\"https:\/\/www.itu.int\/itu-d\/sites\/innovation-alliance\/wp-content\/uploads\/sites\/35\/2023\/05\/itu-oict-declaration.jpg\" alt=\"\" \/>\n        <div class=\"content\">\n            <div class=\"main\">\n                <p class=\"title\">Declaraci\u00f3n de intenciones de la UIT y la OTIC sobre transformaci\u00f3n digital e innovaci\u00f3n tecnol\u00f3gica<\/p>\n                <p> <\/p>\n            <\/div>\n        <\/div>\n    <\/a>\n                                                <a class=\"ituCard anim bg hor\" href=\"https:\/\/www.itu.int\/itu-d\/sites\/innovation-alliance\/events\/news\/community-event-innovation-and-entrepreneurship-alliance-for-digital-development\/\" data-span=\"6\" target=\"\">\n        <img decoding=\"async\" class=\"square\" src=\"https:\/\/www.itu.int\/itu-d\/sites\/innovation-alliance\/wp-content\/uploads\/sites\/35\/2023\/03\/CommunityEvent-2023-04-04-thumb.jpg\" alt=\"\" \/>\n        <div class=\"content\">\n            <div class=\"main\">\n                <p class=\"title\">Evento comunitario &#8211; Alianza sobre innovaci\u00f3n e iniciativa empresarial en aras del desarrollo digital<\/p>\n                <p><strong><strong>4 de abril de 2023<\/strong><\/strong><\/p>\n            <\/div>\n        <\/div>\n    <\/a>\n                                                <a class=\"ituCard anim bg hor\" href=\"https:\/\/www.itu.int\/net4\/wsis\/forum\/2023\/Agenda\/Session\/394\" data-span=\"6\" target=\"\">\n        <img decoding=\"async\" class=\"square\" src=\"https:\/\/www.itu.int\/itu-d\/sites\/innovation-alliance\/wp-content\/uploads\/sites\/35\/2023\/03\/WSIS-Logo.png\" alt=\"\" \/>\n        <div class=\"content\">\n            <div class=\"main\">\n                <p class=\"title\">Alianza sobre innovaci\u00f3n e iniciativa empresarial &#8211; Sesi\u00f3n especial<\/p>\n                <p>16 de marzo de 2023<\/p>\n            <\/div>\n        <\/div>\n    <\/a>\n                                                <a class=\"ituCard anim bg hor\" href=\"https:\/\/www.itu.int\/net4\/wsis\/forum\/2023\/Agenda\/Session\/395\" data-span=\"6\" target=\"\">\n        <img decoding=\"async\" class=\"square\" src=\"https:\/\/www.itu.int\/itu-d\/sites\/innovation-alliance\/wp-content\/uploads\/sites\/35\/2023\/03\/WSIS-Logo.png\" alt=\"\" \/>\n        <div class=\"content\">\n            <div class=\"main\">\n                <p class=\"title\">Acelerar la innovaci\u00f3n y la iniciativa empresarial en aras del desarrollo digital<\/p>\n                <p>15 de marzo de 2023<\/p>\n            <\/div>\n        <\/div>\n    <\/a>\n                                                <a class=\"ituCard anim bg hor\" href=\"https:\/\/www.itu.int\/itu-d\/sites\/innovation-alliance\/es\/events\/news\/alliance-launch\/\" data-span=\"6\" target=\"\">\n        <img decoding=\"async\" class=\"square\" src=\"https:\/\/www.itu.int\/itu-d\/sites\/innovation-alliance\/wp-content\/uploads\/sites\/35\/2024\/02\/launch-icon-x.png\" alt=\"\" \/>\n        <div class=\"content\">\n            <div class=\"main\">\n                <p class=\"title\">Puesta en marcha de la Alianza sobre innovaci\u00f3n e iniciativa empresarial en aras del desarrollo digital<\/p>\n                <p>25 de enero de 2023<\/p>\n            <\/div>\n        <\/div>\n    <\/a>\n                    <\/div>\n    <\/section>\n","protected":false},"excerpt":{"rendered":"","protected":false},"author":21,"featured_media":0,"parent":1620,"menu_order":50,"comment_status":"closed","ping_status":"closed","template":"obsolete-templates\/page-submenu.php","meta":{"_acf_changed":false,"footnotes":"","_links_to":"","_links_to_target":""},"class_list":["post-1625","page","type-page","status-publish","hentry"],"acf":[],"_links":{"self":[{"href":"https:\/\/www.itu.int\/itu-d\/sites\/innovation-alliance\/es\/wp-json\/wp\/v2\/pages\/1625","targetHints":{"allow":["GET"]}}],"collection":[{"href":"https:\/\/www.itu.int\/itu-d\/sites\/innovation-alliance\/es\/wp-json\/wp\/v2\/pages"}],"about":[{"href":"https:\/\/www.itu.int\/itu-d\/sites\/innovation-alliance\/es\/wp-json\/wp\/v2\/types\/page"}],"author":[{"embeddable":true,"href":"https:\/\/www.itu.int\/itu-d\/sites\/innovation-alliance\/es\/wp-json\/wp\/v2\/users\/21"}],"replies":[{"embeddable":true,"href":"https:\/\/www.itu.int\/itu-d\/sites\/innovation-alliance\/es\/wp-json\/wp\/v2\/comments?post=1625"}],"version-history":[{"count":0,"href":"https:\/\/www.itu.int\/itu-d\/sites\/innovation-alliance\/es\/wp-json\/wp\/v2\/pages\/1625\/revisions"}],"up":[{"embeddable":true,"href":"https:\/\/www.itu.int\/itu-d\/sites\/innovation-alliance\/es\/wp-json\/wp\/v2\/pages\/1620"}],"wp:attachment":[{"href":"https:\/\/www.itu.int\/itu-d\/sites\/innovation-alliance\/es\/wp-json\/wp\/v2\/media?parent=1625"}],"curies":[{"name":"wp","href":"https:\/\/api.w.org\/{rel}","templated":true}]}}