{"id":1007,"date":"2023-02-11T09:22:09","date_gmt":"2023-02-11T09:22:09","guid":{"rendered":"https:\/\/www.itu.int\/itu-d\/sites\/innovation-alliance\/pagina-de-inicio\/"},"modified":"2024-02-07T15:43:36","modified_gmt":"2024-02-07T15:43:36","slug":"pagina-de-inicio","status":"publish","type":"page","link":"https:\/\/www.itu.int\/itu-d\/sites\/innovation-alliance\/es\/","title":{"rendered":"P\u00e1gina de inicio"},"content":{"rendered":"    <section class=\"ituBanner bg smallheight\">\n        <div class=\"bgContainer\">\n            <img src=https:\/\/www.itu.int\/itu-d\/sites\/innovation-alliance\/wp-content\/uploads\/sites\/35\/2023\/02\/AdobeStock_363792139x1920.jpeg alt=\"Background decorative image\" \/>\n            <div class=\"ituContainer grid\">\n                <div class=\"content\" data-span=\"8\">\n                    <div class=\"main\">\n                        <h2 class=\"h1 white\">Alianza para la innovaci\u00f3n y la iniciativa empresarial en aras del desarrollo digital<\/h2>\n                    <\/div>\n                    <div class=\"addInfo\"><\/div>\n                <\/div>\n            <\/div>\n        <\/div>\n    <\/section>\n<div class=\"ituContainer\">\n<h1 style=\"background-color:white !important;line-height:3\">Fomento de la transformaci\u00f3n digital para facilitar un desarrollo sostenible<\/h1>\n<\/div>\n    <section>\n        <div class=\"ituContainer grid\">\n            <div class=\"ituCard alt\" data-span=\"12\">\n                <div class=\"content\">\n                    <div class=\"main\">\n                        <figure>\n                            <blockquote class=\"\">Nuestra colaboraci\u00f3n puede contribuir a forjar un futuro digital m\u00e1s inclusivo y equitativo para todos.<\/blockquote>\n                            <figcaption>\n                                                                    <img decoding=\"async\" src=\"https:\/\/www.itu.int\/itu-d\/sites\/innovation-alliance\/wp-content\/uploads\/sites\/35\/2023\/01\/director-bdt-cosmas-zavazava.jpg\" alt=\"Dr. Cosmas Luckyson Zavazava\" \/>\n                                                                Dr. Cosmas Luckyson Zavazava \n                            <\/figcaption>\n                        <\/figure>\n                    <\/div>\n                <\/div>\n            <\/div>\n        <\/div>\n    <\/section>\n    <section>\n        <div class=\"ituContainer grid\">\n                                                <a class=\"ituCard anim bg hor\" href=\"https:\/\/www.itu.int\/itu-d\/sites\/innovation-alliance\/events\/news\/\" data-span=\"6\" target=\"\">\n        <img decoding=\"async\" class=\"square\" src=\"https:\/\/www.itu.int\/itu-d\/sites\/innovation-alliance\/wp-content\/uploads\/sites\/35\/2023\/04\/Spotlightx400.jpeg\" alt=\"\" \/>\n        <div class=\"content\">\n            <div class=\"main\">\n                <p class=\"title\">LO M\u00c1S DESTACADO<\/p>\n                <p><strong>Noticias y eventos<\/strong><\/p>\n            <\/div>\n        <\/div>\n    <\/a>\n                                                <a class=\"ituCard anim bg hor\" href=\"https:\/\/www.itu.int\/itu-d\/sites\/innovation-alliance\/board-members\/\" data-span=\"6\" target=\"\">\n        <img decoding=\"async\" class=\"square\" src=\"https:\/\/www.itu.int\/itu-d\/sites\/innovation-alliance\/wp-content\/uploads\/sites\/35\/2023\/09\/Untitled-3_cr_xxxs.png\" alt=\"\" \/>\n        <div class=\"content\">\n            <div class=\"main\">\n                <p class=\"title\"><strong>Anuncio de los miembros de la Junta de Innovaci\u00f3n Digital<\/strong><\/p>\n                <p><strong>5 de febrero de 2024<\/strong><\/p>\n            <\/div>\n        <\/div>\n    <\/a>\n                    <\/div>\n    <\/section>\n    <section>\n        <div class=\"ituContainer grid \">\n                                <div class=\"ituCard bg hor alternating parent-side\" data-span=\"12\">\n        <img src=https:\/\/www.itu.int\/itu-d\/sites\/innovation-alliance\/wp-content\/uploads\/sites\/35\/2023\/01\/businessman-3213659x960_R.jpg alt=\"Decorative image\" class=\"img-side\" \/>\n        <div class=\"content content-side\">\n            <div class=\"main\">\n                                    <p class=\"title\">OBJETIVO<\/p>\n                                                    La BDT y los Miembros del UIT-D necesitan enfoques nuevos, m\u00e1s resilientes y adaptados al futuro para afrontar de forma segura un mundo digital cada vez m\u00e1s inestable, incierto, complejo y ambiguo, y lograr los resultados del Plan de Acci\u00f3n de Kigali.<br><br>La nueva Alianza para la innovaci\u00f3n y la iniciativa empresarial en aras del desarrollo digital, puesta en marcha por el Director de la BDT, facilitar\u00e1 el establecimiento de factores habilitadores esenciales a escala local para liderar la evoluci\u00f3n del entorno digital. Por otro lado, permitir\u00e1 a la BDT desarrollar nuevas capacidades con miras a promover la excelencia en materia de organizaci\u00f3n y recursos humanos, ofrecer nuevos productos y servicios a los Miembros de la UIT y fortalecer la colaboraci\u00f3n de los sectores privado y acad\u00e9mico en el marco de la labor fundamental de la BDT.                                            <\/div>\n        <\/div>\n    <\/div>\n                                <div class=\"ituCard bg hor alternating parent-side\" data-span=\"12\">\n        <img src=https:\/\/www.itu.int\/itu-d\/sites\/innovation-alliance\/wp-content\/uploads\/sites\/35\/2023\/03\/shutterstock_2089861723.jpg alt=\"Decorative image\" class=\"img-side\" \/>\n        <div class=\"content content-side\">\n            <div class=\"main\">\n                                    <p class=\"title\"><strong><strong>\u00bfA qui\u00e9n se destina esta Alianza?<\/strong><\/strong><\/p>\n                                                    La Alianza reunir\u00e1 a:<br><br> &#8211; Ministerios gubernamentales y organismos especializados, en particular autoridades de reglamentaci\u00f3n nacionales y organismos de innovaci\u00f3n.<br> &#8211; Representantes de los sectores industrial y privado de las TIC, as\u00ed como del digital<br> &#8211; Instituciones acad\u00e9micas y comunidad de I+D<br> &#8211; Organizaciones no gubernamentales y comunitarias, y sociedad civil<br> &#8211; Organizaciones internacionales e intergubernamentales<br> &#8211; Bancos de desarrollo y donantes<br><br>de Miembros del UIT-D, entre otros.                                            <\/div>\n        <\/div>\n    <\/div>\n                                <div class=\"ituCard bg hor alternating parent-side\" data-span=\"12\">\n        <img src=https:\/\/www.itu.int\/itu-d\/sites\/innovation-alliance\/wp-content\/uploads\/sites\/35\/2023\/01\/image-banner_157-1x960-1.jpg alt=\"Decorative image\" class=\"img-side\" \/>\n        <div class=\"content content-side\">\n            <div class=\"main\">\n                                    <p class=\"title\">OPORTUNIDAD<\/p>\n                                                    La Alianza propugna un nuevo enfoque para reducir la brecha de innovaci\u00f3n digital y empoderar a los Miembros del UIT-D para afrontar los retos que plantea la transformaci\u00f3n digital, aprovechar su potencial en el plano digital, fomentar la capacitaci\u00f3n local en materia de innovaci\u00f3n e iniciativa empresarial y lograr que sus ecosistemas repercutan en mayor medida en sectores transversales con objeto de propiciar una sociedad inclusiva y sostenible.<br><br>La Alianza fomentar\u00e1 proyectos transformadores que promuevan la innovaci\u00f3n digital y la iniciativa empresarial y repercutan favorablemente a escalas nacional, regional y mundial.                                            <\/div>\n        <\/div>\n    <\/div>\n                    <\/div>\n    <\/section>\n<div class=\"ituContainer\">\n<h1 style=\"background-color:white !important\">RETOS<\/h1>\n<p style=\"background-color:white !important\">Muchos pa\u00edses en desarrollo desean pasar a constituir econom\u00edas digitales impulsadas por la innovaci\u00f3n, sobre la base de exportaciones de primer orden a escala internacional, sectores industriales boyantes y recursos humanos altamente calificados. Pese a las enormes inversiones realizadas en tecnolog\u00edas de la informaci\u00f3n y la comunicaci\u00f3n (TIC) y el fomento de la iniciativa empresarial y la innovaci\u00f3n, muchos pa\u00edses afrontan dificultades para:<\/p>\n<\/div><div class=\"ituContainer\">\n<figure class=\"wp-block-table is-style-stripes\"><table><tbody><tr><td><img loading=\"lazy\" decoding=\"async\" width=\"640\" height=\"640\" class=\"wp-image-932\" style=\"width: 150px\" src=\"https:\/\/www.itu.int\/itu-d\/sites\/innovation-alliance\/wp-content\/uploads\/sites\/35\/2023\/01\/1.png\" alt=\"\" srcset=\"https:\/\/www.itu.int\/itu-d\/sites\/innovation-alliance\/wp-content\/uploads\/sites\/35\/2023\/01\/1.png 640w, https:\/\/www.itu.int\/itu-d\/sites\/innovation-alliance\/wp-content\/uploads\/sites\/35\/2023\/01\/1-300x300.png 300w, https:\/\/www.itu.int\/itu-d\/sites\/innovation-alliance\/wp-content\/uploads\/sites\/35\/2023\/01\/1-150x150.png 150w\" sizes=\"auto, (max-width: 640px) 100vw, 640px\" \/><\/td><td>Adaptarse a la r\u00e1pida evoluci\u00f3n del entorno digital<\/td><\/tr><tr><td><img loading=\"lazy\" decoding=\"async\" width=\"640\" height=\"640\" class=\"wp-image-938\" style=\"width: 150px\" src=\"https:\/\/www.itu.int\/itu-d\/sites\/innovation-alliance\/wp-content\/uploads\/sites\/35\/2023\/01\/2.png\" alt=\"\" srcset=\"https:\/\/www.itu.int\/itu-d\/sites\/innovation-alliance\/wp-content\/uploads\/sites\/35\/2023\/01\/2.png 640w, https:\/\/www.itu.int\/itu-d\/sites\/innovation-alliance\/wp-content\/uploads\/sites\/35\/2023\/01\/2-300x300.png 300w, https:\/\/www.itu.int\/itu-d\/sites\/innovation-alliance\/wp-content\/uploads\/sites\/35\/2023\/01\/2-150x150.png 150w\" sizes=\"auto, (max-width: 640px) 100vw, 640px\" \/><\/td><td>Adoptar de manera eficaz tecnolog\u00edas digitales incipientes<\/td><\/tr><tr><td><img loading=\"lazy\" decoding=\"async\" width=\"640\" height=\"640\" class=\"wp-image-944\" style=\"width: 150px\" src=\"https:\/\/www.itu.int\/itu-d\/sites\/innovation-alliance\/wp-content\/uploads\/sites\/35\/2023\/01\/3.png\" alt=\"\" srcset=\"https:\/\/www.itu.int\/itu-d\/sites\/innovation-alliance\/wp-content\/uploads\/sites\/35\/2023\/01\/3.png 640w, https:\/\/www.itu.int\/itu-d\/sites\/innovation-alliance\/wp-content\/uploads\/sites\/35\/2023\/01\/3-300x300.png 300w, https:\/\/www.itu.int\/itu-d\/sites\/innovation-alliance\/wp-content\/uploads\/sites\/35\/2023\/01\/3-150x150.png 150w\" sizes=\"auto, (max-width: 640px) 100vw, 640px\" \/><\/td><td>Transformarse en motores de la innovaci\u00f3n digital, de forma que ello redunde en beneficio socioecon\u00f3mico<\/td><\/tr><tr><td><img loading=\"lazy\" decoding=\"async\" width=\"640\" height=\"640\" class=\"wp-image-1008\" style=\"width: 150px\" src=\"https:\/\/www.itu.int\/itu-d\/sites\/innovation-alliance\/wp-content\/uploads\/sites\/35\/2023\/01\/4.png\" alt=\"\" srcset=\"https:\/\/www.itu.int\/itu-d\/sites\/innovation-alliance\/wp-content\/uploads\/sites\/35\/2023\/01\/4.png 640w, https:\/\/www.itu.int\/itu-d\/sites\/innovation-alliance\/wp-content\/uploads\/sites\/35\/2023\/01\/4-300x300.png 300w, https:\/\/www.itu.int\/itu-d\/sites\/innovation-alliance\/wp-content\/uploads\/sites\/35\/2023\/01\/4-150x150.png 150w\" sizes=\"auto, (max-width: 640px) 100vw, 640px\" \/><\/td><td>Aprovechar la innovaci\u00f3n digital impulsada por la iniciativa empresarial como motor de creaci\u00f3n de empleo<\/td><\/tr><tr><td><img loading=\"lazy\" decoding=\"async\" width=\"640\" height=\"640\" class=\"wp-image-1014\" style=\"width: 150px\" src=\"https:\/\/www.itu.int\/itu-d\/sites\/innovation-alliance\/wp-content\/uploads\/sites\/35\/2023\/01\/5.png\" alt=\"\" srcset=\"https:\/\/www.itu.int\/itu-d\/sites\/innovation-alliance\/wp-content\/uploads\/sites\/35\/2023\/01\/5.png 640w, https:\/\/www.itu.int\/itu-d\/sites\/innovation-alliance\/wp-content\/uploads\/sites\/35\/2023\/01\/5-300x300.png 300w, https:\/\/www.itu.int\/itu-d\/sites\/innovation-alliance\/wp-content\/uploads\/sites\/35\/2023\/01\/5-150x150.png 150w\" sizes=\"auto, (max-width: 640px) 100vw, 640px\" \/><\/td><td>Acceder a una red de promotores del cambio con necesidades an\u00e1logas, incluidas sus pr\u00e1cticas id\u00f3neas<\/td><\/tr><tr><td><img loading=\"lazy\" decoding=\"async\" width=\"640\" height=\"640\" class=\"wp-image-1020\" style=\"width: 150px\" src=\"https:\/\/www.itu.int\/itu-d\/sites\/innovation-alliance\/wp-content\/uploads\/sites\/35\/2023\/01\/6.png\" alt=\"\" srcset=\"https:\/\/www.itu.int\/itu-d\/sites\/innovation-alliance\/wp-content\/uploads\/sites\/35\/2023\/01\/6.png 640w, https:\/\/www.itu.int\/itu-d\/sites\/innovation-alliance\/wp-content\/uploads\/sites\/35\/2023\/01\/6-300x300.png 300w, https:\/\/www.itu.int\/itu-d\/sites\/innovation-alliance\/wp-content\/uploads\/sites\/35\/2023\/01\/6-150x150.png 150w\" sizes=\"auto, (max-width: 640px) 100vw, 640px\" \/><\/td><td>Impulsar asociaciones innovadoras a escalas local, regional y mundial a fin de fomentar el desarrollo digital<\/td><\/tr><\/tbody><\/table><\/figure>\n<\/div>    <div class=\"ituContainer grid\">\n        <div data-span=\"12\">\n                                <section>\n        <div class=\"ituContainer grid \">\n                                <div class=\"ituCard bg hor alternating parent-side\" data-span=\"12\">\n        <img src=https:\/\/www.itu.int\/itu-d\/sites\/innovation-alliance\/wp-content\/uploads\/sites\/35\/2023\/01\/skyscrapers-4168483x1920-1.jpg alt=\"Decorative image\" class=\"img-side\" \/>\n        <div class=\"content content-side\">\n            <div class=\"main\">\n                                    <p class=\"title\">Reducci\u00f3n de la brecha de la innovaci\u00f3n digital <\/p>\n                                                    Si bien la BDT viene trabajando desde 2025 en la reducci\u00f3n de la brecha de la innovaci\u00f3n digital<br>la r\u00e1pida evoluci\u00f3n del entorno digital requiere seguir fortaleciendo la capacidad de los pa\u00edses y ampliar la repercusi\u00f3n de los proyectos, a fin de alcanzar los objetivos de las partes interesadas en el plano digital.<br><br>Los pa\u00edses pueden beneficiarse de metodolog\u00edas de vanguardia en materia de innovaci\u00f3n digital, que conllevan el desarrollo de la capacidad necesaria a escala local en el marco de actividades de ensayo e iniciativas emblem\u00e1ticas con objeto de desarrollar un entorno digital propicio. <br><br>La Alianza impulsar\u00e1 cinco objetivos estrat\u00e9gicos para facilitar la transici\u00f3n de los pa\u00edses a una econom\u00eda digital basada en la innovaci\u00f3n.                                                    <a href=\"https:\/\/www.itu.int\/itu-d\/sites\/innovation-alliance\/objectives\/\" class=\"ituBtn\" target=_self>\n                        Objetivos                    <\/a>\n                            <\/div>\n        <\/div>\n    <\/div>\n                                <div class=\"ituCard bg hor alternating parent-side\" data-span=\"12\">\n        <img src=https:\/\/www.itu.int\/itu-d\/sites\/innovation-alliance\/wp-content\/uploads\/sites\/35\/2023\/01\/DALL-E-pictx600.jpg alt=\"Decorative image\" class=\"img-side\" \/>\n        <div class=\"content content-side\">\n            <div class=\"main\">\n                                    <p class=\"title\">Creaci\u00f3n de capacidad de innovaci\u00f3n a escalas mundial y local <\/p>\n                                                    La Alianza contribuir\u00e1 a fortalecer la capacidad de los pa\u00edses<br>para integrar la innovaci\u00f3n en las TIC en sus programas de desarrollo<br>y crear capacidades humanas e institucionales<br>a escala nacional en las esferas en las que ello resulte pertinente y sostenible.<br><br>La Alianza propiciar\u00e1 el desarrollo de las capacidades necesarias<br>por medio de los tres instrumentos principales siguientes:<br><br>1. Un Laboratorio de transformaci\u00f3n digital<br>2. Una Red de centros de aceleraci\u00f3n<br>3. Una Junta de innovaci\u00f3n digital<br>                                                     <a href=\"https:\/\/www.itu.int\/itu-d\/sites\/innovation-alliance\/the-three-solutions\/\" class=\"ituBtn\" target=_self>\n                        Tres instrumentos principales                    <\/a>\n                            <\/div>\n        <\/div>\n    <\/div>\n                    <\/div>\n    <\/section>\n                    <\/div>\n    <\/div>\n<div class=\"ituContainer\">\n<table width=\"100%\" style=\"background-color:white\">\n<tr><\/tr>\n<td style=\"vertical-align:middle;width:50%\"><h1>\u00bfC\u00d3MO PUEDEN FACILITAR LOS CENTROS DE ACELERACI\u00d3N DE LA UIT<br\/>LA TRANSICI\u00d3N DE SU PA\u00cdS<br\/>A UNA ECONOM\u00cdA DIGITAL<br\/>IMPULSADA POR LA INNOVACI\u00d3N?<\/h1><\/td>\n<td>\n<p>Sobre la base de iniciativas especialmente concebidas y objetivos estrat\u00e9gicos previamente formulados, entre las actividades que pueden facilitar los centros cabe destacar las siguientes:<\/p>\n<ul>\n<li>realizaci\u00f3n de previsiones estrat\u00e9gicas en su organizaci\u00f3n, y dotaci\u00f3n a la misma de conocimientos y competencias que permitan impulsar la innovaci\u00f3n digital<\/li>\n<li>demostraci\u00f3n y ampliaci\u00f3n del potencial que brinda un eficaz ecosistema tecnol\u00f3gico, as\u00ed como de PYME innovadoras en mercados regionales o mundiales<\/li>\n<li>transformaci\u00f3n de instituciones acad\u00e9micas t\u00e9cnicas o de investigaci\u00f3n en universidades empresariales<\/li>\n<li>desarrollo de talento adecuado para empleos digitales altamente calificados<\/li>\n<li>aceleraci\u00f3n de su ciclo de formulaci\u00f3n de pol\u00edticas digitales para propiciar un entorno favorable \n a la inversi\u00f3n<\/li>\n<li>intensificaci\u00f3n de la colaboraci\u00f3n entre instituciones acad\u00e9micas, gobiernos, los sectores privado y financiero, empresas incipientes y la sociedad civil<\/li>\n<li>aprovechamiento de sinergias de iniciativas, fortalecimiento de la colaboraci\u00f3n y armonizaci\u00f3n de la labor de las partes interesadas en el marco de un programa de desarrollo digital a escalas nacional o regional<\/li>\n<li>aumento de la influencia de su ecosistema digital a escalas regional o mundial<\/li>\n<li>fomento de la competitividad de los sectores digitales<\/li>\n<\/ul>\n<\/td>\n<\/table>\n<\/div><div class=\"ituContainer\">\n<div style=\"height:40px\" aria-hidden=\"true\" class=\"wp-block-spacer\"><\/div>\n<\/div><div class=\"ituContainer\">\n<p><\/p>\n<\/div>","protected":false},"excerpt":{"rendered":"<p>Fomento de la transformaci\u00f3n digital para facilitar un desarrollo sostenible RETOS Muchos pa\u00edses en desarrollo desean pasar a constituir econom\u00edas digitales impulsadas por la innovaci\u00f3n, sobre la base de exportaciones de primer orden a escala internacional, sectores industriales boyantes y recursos humanos altamente calificados. Pese a las enormes inversiones realizadas en tecnolog\u00edas de la informaci\u00f3n [&hellip;]<\/p>\n","protected":false},"author":21,"featured_media":0,"parent":0,"menu_order":0,"comment_status":"closed","ping_status":"closed","template":"","meta":{"_acf_changed":false,"footnotes":"","_links_to":"","_links_to_target":""},"class_list":["post-1007","page","type-page","status-publish","hentry"],"acf":[],"_links":{"self":[{"href":"https:\/\/www.itu.int\/itu-d\/sites\/innovation-alliance\/es\/wp-json\/wp\/v2\/pages\/1007","targetHints":{"allow":["GET"]}}],"collection":[{"href":"https:\/\/www.itu.int\/itu-d\/sites\/innovation-alliance\/es\/wp-json\/wp\/v2\/pages"}],"about":[{"href":"https:\/\/www.itu.int\/itu-d\/sites\/innovation-alliance\/es\/wp-json\/wp\/v2\/types\/page"}],"author":[{"embeddable":true,"href":"https:\/\/www.itu.int\/itu-d\/sites\/innovation-alliance\/es\/wp-json\/wp\/v2\/users\/21"}],"replies":[{"embeddable":true,"href":"https:\/\/www.itu.int\/itu-d\/sites\/innovation-alliance\/es\/wp-json\/wp\/v2\/comments?post=1007"}],"version-history":[{"count":0,"href":"https:\/\/www.itu.int\/itu-d\/sites\/innovation-alliance\/es\/wp-json\/wp\/v2\/pages\/1007\/revisions"}],"wp:attachment":[{"href":"https:\/\/www.itu.int\/itu-d\/sites\/innovation-alliance\/es\/wp-json\/wp\/v2\/media?parent=1007"}],"curies":[{"name":"wp","href":"https:\/\/api.w.org\/{rel}","templated":true}]}}