{"id":501,"date":"2026-03-11T02:11:56","date_gmt":"2026-03-11T02:11:56","guid":{"rendered":"https:\/\/www.itu.int\/itu-d\/sites\/bdt-highlights\/?page_id=501"},"modified":"2026-03-11T02:18:19","modified_gmt":"2026-03-11T02:18:19","slug":"highlights-february-2026","status":"publish","type":"page","link":"https:\/\/www.itu.int\/itu-d\/sites\/bdt-highlights\/highlights-february-2026\/","title":{"rendered":"Highlights &#8211; February 2026"},"content":{"rendered":"<div class=\"ituContainer\">\n<div style=\"height:20px\" aria-hidden=\"true\" class=\"wp-block-spacer\"><\/div>\n<\/div>\n\n<div class=\"ituContainer\">\n<div class=\"wp-block-group has-white-background-color has-background is-vertical is-layout-flex wp-container-core-group-is-layout-8cf370e7 wp-block-group-is-layout-flex\"><div class=\"ituContainer\">\n<p><strong>Cybersecurity:<\/strong> Asia and the Pacific<\/p>\n<\/div>\n\n<div class=\"ituContainer\">\n<p>On 13-16 January 2026, BDT delivered training sessions as part of the Pakistan &#8211; United Nations Institute for Disarmament Research (UNIDIR) Cyber Capacity-Building and Policy Training in Islamabad. Organized by UNIDIR and Ministry of Foreign Affairs of Pakistan and with the support of Canada, the sessions focused on strengthening national Computer Incident Response Teams and Critical Information Infrastructure protection, National Cybersecurity Strategies, and technical trainings for incident responders.<\/p>\n<\/div>\n\n<div class=\"ituContainer\">\n<div aria-hidden=\"true\" class=\"wp-block-spacer\"><\/div>\n<\/div>\n\n<div class=\"ituContainer\">\n<div style=\"height:0px\" aria-hidden=\"true\" class=\"wp-block-spacer wp-container-content-16d1eb73\"><\/div>\n<\/div>\n\n<div class=\"ituContainer\">\n<div style=\"height:0px\" aria-hidden=\"true\" class=\"wp-block-spacer wp-container-content-728072c3\"><\/div>\n<\/div><\/div>\n<\/div>\n\n<div class=\"ituContainer\">\n<div style=\"height:20px\" aria-hidden=\"true\" class=\"wp-block-spacer\"><\/div>\n<\/div>\n\n<div class=\"ituContainer\">\n<div class=\"wp-block-group has-background is-vertical is-layout-flex wp-container-core-group-is-layout-8cf370e7 wp-block-group-is-layout-flex\" style=\"background-color:#abb7c20f\"><div class=\"ituContainer\">\n<p><strong>Emergency telecommunications<\/strong>: Africa<\/p>\n<\/div>\n\n<div class=\"ituContainer\">\n<p>The Early Warnings for All (EW4All) National Consultative Workshop for the Democratic Republic of the Congo was held on 28\u201329 January 2026 to officially roll-out the initiative in the country. The workshop was led by BDT in collaboration with the EW4All pillar lead agencies, the UN Office for Disaster Risk Reduction (UNDRR), the World Meteorological Organization (WMO), and the\u00a0International Federation of Red Cross (IFRC), and received support from the Ministry of Interior, the Autorit\u00e9 de R\u00e9gulation de la Poste et des T\u00e9l\u00e9communications du Congo, the Agence Nationale de M\u00e9t\u00e9orologie et de T\u00e9l\u00e9d\u00e9tection par Satellite, and the R\u00e9gie des Voies Fluviales. BDT&#8217;s work with the government, UN partners, and national institutions, contributed to identifying gaps across the four EW4All pillars and to co\u2011creating a national roadmap for risk knowledge, forecasting, warning dissemination and communication, and preparedness \u2014 strengthening the country\u2019s path toward Early Warnings for All.<\/p>\n<\/div>\n\n<div class=\"ituContainer\">\n<div style=\"height:0px\" aria-hidden=\"true\" class=\"wp-block-spacer wp-container-content-728072c3\"><\/div>\n<\/div><\/div>\n<\/div>\n\n<div class=\"ituContainer\">\n<div style=\"height:20px\" aria-hidden=\"true\" class=\"wp-block-spacer\"><\/div>\n<\/div>\n\n<div class=\"ituContainer\">\n<div class=\"wp-block-group has-white-background-color has-background is-vertical is-layout-flex wp-container-core-group-is-layout-8cf370e7 wp-block-group-is-layout-flex\"><div class=\"ituContainer\">\n<p><strong>Emergency telecommunications<\/strong>: Asia and the Pacific<\/p>\n<\/div>\n\n<div class=\"ituContainer\">\n<p>BDT, in collaboration with UN Economic and Social Commission for Asia and the Pacific (ESCAP) and the EW4All pillar leads, organized a webinar on Financing Advancements in EW4All on 29 January 2026, as part of the Asia Pacific EW4All webinar series. Attended by more than 100 participants, the event featured speakers from Indonesia, India, the Secretariat of the Pacific Regional Environment Programme, and the Philippines Red Cross, who highlighted strategies and the importance of sustainable early warning system implementation. Representing Pillar 3: Warning Dissemination and Communication, the Department of Telecommunications from the Government of India shared the financing advancements in India for early warning systems.<\/p>\n<\/div><\/div>\n<\/div>\n\n<div class=\"ituContainer\">\n<div style=\"height:20px\" aria-hidden=\"true\" class=\"wp-block-spacer\"><\/div>\n<\/div>\n\n<div class=\"ituContainer\">\n<div class=\"wp-block-group has-background is-vertical is-layout-flex wp-container-core-group-is-layout-8cf370e7 wp-block-group-is-layout-flex\" style=\"background-color:#abb7c20f\"><div class=\"ituContainer\">\n<p><strong>Digital innovation ecosystem<\/strong>: Arab States<\/p>\n<\/div>\n\n<div class=\"ituContainer\">\n<p>From 9 to 12 February, the ITU Regional Office for Arab States, in partnership with the King Abdulaziz City for Science and Technology, co-delivered a four-day bootcamp in Riyadh, Saudi Arabia to support the commercialisation of technology research across the country. The bootcamp brought together 16 research teams, representing 60 researchers, with 49% women scientists in attendance. Participants were guided through more than a dozen practical tools from the ITU Accelerating Research to Innovation and Commercialisation toolkit. Through a series of targeted, hands-on workshops, researchers moved beyond theory to directly apply these tools to their own research ideas and outputs. The initiative aimed to bridge the gap between research and market-ready solutions, enabling scientists to transform innovations into viable products and services. The outcomes contribute directly to national innovation priorities and support the ambitions of Saudi Vision 2030 by strengthening research commercialisation and inclusive innovation ecosystems.<\/p>\n<\/div>\n\n<div class=\"ituContainer\">\n<div style=\"height:0px\" aria-hidden=\"true\" class=\"wp-block-spacer wp-container-content-62aae154\"><\/div>\n<\/div>\n\n<div class=\"ituContainer\">\n<p>[This activity is the result of a BDT project. You can find more details of the project <a href=\"https:\/\/www.itu.int\/net4\/ITU-D\/CDS\/projects\/display.asp?ProjectNo=9SAU25011\" data-type=\"link\" data-id=\"https:\/\/www.itu.int\/net4\/ITU-D\/CDS\/projects\/display.asp?ProjectNo=9SAU25011\" target=\"_blank\" rel=\"noreferrer noopener\">here<\/a>]<\/p>\n<\/div>\n\n<div class=\"ituContainer\">\n<div style=\"height:0px\" aria-hidden=\"true\" class=\"wp-block-spacer wp-container-content-cf2db169\"><\/div>\n<\/div><\/div>\n<\/div>\n\n<div class=\"ituContainer\">\n<div style=\"height:20px\" aria-hidden=\"true\" class=\"wp-block-spacer\"><\/div>\n<\/div>\n\n<div class=\"ituContainer\">\n<div class=\"wp-block-group has-white-background-color has-background is-vertical is-layout-flex wp-container-core-group-is-layout-8cf370e7 wp-block-group-is-layout-flex\"><div class=\"ituContainer\">\n<p><strong>Emergency telecommunications<\/strong>: Africa<\/p>\n<\/div>\n\n<div class=\"ituContainer\">\n<p>The National Emergency Telecommunication Validation Workshop for Senegal took place from 10 to 11 February, bringing together national stakeholders in disaster risk reduction and emergency telecommunications from across the public and private sectors. Co organized by the ITU\u2019s Telecommunication Development Bureau and the Autorit\u00e9 de R\u00e9gulation des T\u00e9l\u00e9communications et des Postes of Senegal, the workshop strengthened collective efforts to harness ICTs for disaster risk reduction and ensure that no one is left behind when emergencies strike. The workshop provided a platform for participants to review legal and regulatory frameworks that enable the use of technology for disaster management, clarify institutional roles and coordination mechanisms, build a shared understanding of how digital solutions support every phase of disaster management, and agree on a roadmap to enhance emergency telecommunications in the country.<\/p>\n<\/div><\/div>\n<\/div>\n\n<div class=\"ituContainer\">\n<div style=\"height:20px\" aria-hidden=\"true\" class=\"wp-block-spacer\"><\/div>\n<\/div>\n\n<div class=\"ituContainer\">\n<div class=\"wp-block-group has-background is-vertical is-layout-flex wp-container-core-group-is-layout-8cf370e7 wp-block-group-is-layout-flex\" style=\"background-color:#abb7c20f\"><div class=\"ituContainer\">\n<p><strong>Emergency telecommunications<\/strong>: Africa<\/p>\n<\/div>\n\n<div class=\"ituContainer\">\n<p>The Early Warnings for All (EW4All) National Consultative Workshop for Malawi was held from 11 to 12 February, on the sidelines of the Partners\u2019 Coordination Meeting on Early Warning Services for Malawi hosted by the Climate Risk and Early Warning Systems initiative. Organized with EW4All pillar lead agencies and national partners, the workshop served as a platform for the government, UN partners, and institutions to collaborate and review EW4All objectives, map key stakeholders, and agree on priority actions and next steps to strengthen people centred early warning systems across Malawi. Underscoring the need to implement cell broadcast as part of strengthening the national early warning system, the Malawi Communications Regulatory Authority highlighted the support that the ITU\u2019s Telecommunication Development Bureau has been providing to the country on emergency telecommunications.<\/p>\n<\/div><\/div>\n<\/div>\n\n<div class=\"ituContainer\">\n<div style=\"height:20px\" aria-hidden=\"true\" class=\"wp-block-spacer\"><\/div>\n<\/div>\n\n<div class=\"ituContainer\">\n<div class=\"wp-block-group has-white-background-color has-background is-vertical is-layout-flex wp-container-core-group-is-layout-8cf370e7 wp-block-group-is-layout-flex\"><div class=\"ituContainer\">\n<p><strong>Emergency telecommunications<\/strong>: Americas<\/p>\n<\/div>\n\n<div class=\"ituContainer\">\n<p>The ITU\u2019s Telecommunication Development Bureau has handed over Haiti\u2019s National Emergency Telecommunication Plan (NETP) to the Conseil National des T\u00e9l\u00e9communications (CONATEL). This milestone strengthens Haiti\u2019s disaster preparedness and national coordination, ensuring life-saving telecommunications are fit for purpose\u2014before, during and after disasters\u2014helping to protect lives, livelihoods and leaving no one behind.<\/p>\n<\/div><\/div>\n<\/div>\n\n<div class=\"ituContainer\">\n<div style=\"height:20px\" aria-hidden=\"true\" class=\"wp-block-spacer\"><\/div>\n<\/div>\n\n<div class=\"ituContainer\">\n<div class=\"wp-block-group has-background is-vertical is-layout-flex wp-container-core-group-is-layout-8cf370e7 wp-block-group-is-layout-flex\" style=\"background-color:#abb7c20f\"><div class=\"ituContainer\">\n<p><strong>Environment<\/strong>: Global<\/p>\n<\/div>\n\n<div class=\"ituContainer\">\n<p>The second study tour under the ITU-Government of Colombia&#8217;s joint project, &#8220;International Exchange Initiative on Regulating E-waste and Engaging Tech Companies,&#8221; took place from 9 to 13 February in New Delhi, India. Participants from the six participating countries of the project (Colombia, the Dominican Republic, India, Malaysia, Nigeria, and South Africa) shared best practices on e-waste governance and engaged with technical experts, policymakers, and partners. The five-day event concluded with a visit to an e waste recycling facility and the ITU Area Office and Innovation Centre in New Delhi, and a networking segment where participants explored how stronger collaboration and more innovative policies can support the transition to a circular economy and address the growing e-waste challenge.<\/p>\n<\/div>\n\n    <p>\n        <a href=\"https:\/\/www.itu.int\/en\/ITU-D\/Environment\/Pages\/Events\/2026\/india-study-tour.aspx\" class=\"ituBtn\" target=\"_blank\" rel=\"noreferrer noopener\">\n            Reference Document        <\/a>\n    <\/p>\n\n\n\n<div class=\"ituContainer\">\n<p><\/p>\n<\/div><\/div>\n<\/div>\n\n<div class=\"ituContainer\">\n<div style=\"height:20px\" aria-hidden=\"true\" class=\"wp-block-spacer\"><\/div>\n<\/div>\n\n<div class=\"ituContainer\">\n<div class=\"wp-block-group has-white-background-color has-background is-vertical is-layout-flex wp-container-core-group-is-layout-8cf370e7 wp-block-group-is-layout-flex\"><div class=\"ituContainer\">\n<p><strong>Network and digital infrastructure<\/strong>: Asia and the Pacific<\/p>\n<\/div>\n\n<div class=\"ituContainer\">\n<p>From 10 to 11 February, the ITU Regional Office for Asia and the Pacific conducted detailed sessions with the technical, legal and finance departments of the National Communications Authority of Timor-Leste (ANC) to harmonize national spectrum allocation policies with current ITU Radio Regulations. As part of direct country assistance to Timor-Leste, the sessions focused on radio frequency (RF) monitoring, enforcement, spectrum management and explanations of the draft National Table of Frequency Allocation..<\/p>\n<\/div>\n\n<div class=\"ituContainer\">\n<p><\/p>\n<\/div><\/div>\n<\/div>","protected":false},"excerpt":{"rendered":"<p>Cybersecurity: Asia and the Pacific On 13-16 January 2026, BDT delivered training sessions as part of the Pakistan &#8211; United Nations Institute for Disarmament Research (UNIDIR) Cyber Capacity-Building and Policy Training in Islamabad. Organized by UNIDIR and Ministry of Foreign Affairs of Pakistan and with the support of Canada, the sessions focused on strengthening national [&hellip;]<\/p>\n","protected":false},"author":4,"featured_media":13,"parent":0,"menu_order":0,"comment_status":"closed","ping_status":"closed","template":"","meta":{"_acf_changed":false,"footnotes":"","_links_to":"","_links_to_target":""},"class_list":["post-501","page","type-page","status-publish","has-post-thumbnail","hentry"],"acf":[],"_links":{"self":[{"href":"https:\/\/www.itu.int\/itu-d\/sites\/bdt-highlights\/wp-json\/wp\/v2\/pages\/501","targetHints":{"allow":["GET"]}}],"collection":[{"href":"https:\/\/www.itu.int\/itu-d\/sites\/bdt-highlights\/wp-json\/wp\/v2\/pages"}],"about":[{"href":"https:\/\/www.itu.int\/itu-d\/sites\/bdt-highlights\/wp-json\/wp\/v2\/types\/page"}],"author":[{"embeddable":true,"href":"https:\/\/www.itu.int\/itu-d\/sites\/bdt-highlights\/wp-json\/wp\/v2\/users\/4"}],"replies":[{"embeddable":true,"href":"https:\/\/www.itu.int\/itu-d\/sites\/bdt-highlights\/wp-json\/wp\/v2\/comments?post=501"}],"version-history":[{"count":0,"href":"https:\/\/www.itu.int\/itu-d\/sites\/bdt-highlights\/wp-json\/wp\/v2\/pages\/501\/revisions"}],"wp:featuredmedia":[{"embeddable":true,"href":"https:\/\/www.itu.int\/itu-d\/sites\/bdt-highlights\/wp-json\/wp\/v2\/media\/13"}],"wp:attachment":[{"href":"https:\/\/www.itu.int\/itu-d\/sites\/bdt-highlights\/wp-json\/wp\/v2\/media?parent=501"}],"curies":[{"name":"wp","href":"https:\/\/api.w.org\/{rel}","templated":true}]}}