{"id":121,"date":"2026-03-13T08:02:06","date_gmt":"2026-03-13T08:02:06","guid":{"rendered":"https:\/\/www.itu.int\/itu-d\/meetings\/gsr-26\/?page_id=121"},"modified":"2026-03-13T08:05:29","modified_gmt":"2026-03-13T08:05:29","slug":"videos","status":"publish","type":"page","link":"https:\/\/www.itu.int\/itu-d\/meetings\/gsr-26\/highlights\/videos\/","title":{"rendered":"Videos"},"content":{"rendered":"<style>.ituCard.hor .content {padding:1rem !important;}.alignleft{float:left;margin-right:25px}<\/style><section><div class=\"ituContainer grid\" style=\"display: flex;flex-wrap: wrap;\"><div class=\"content\"><div class=\"main\" style=\"background-color:white;\"><iframe loading=\"lazy\" width=\"380\" height=\"250\" src=\"https:\/\/www.youtube.com\/embed\/pu34vztJir4\" title=\"YouTube video player\" frameborder=\"0\" allow=\"accelerometer; clipboard-write; encrypted-media; gyroscope; picture-in-picture; web-share\" allowfullscreen><\/iframe><\/div><div style=\"padding:4px;vertical-align: middle !important;text-align:center;max-width:380px;height:80px;background-color:white\">Global Symposium for Regulators 2026<\/div><\/div><div class=\"content\"><div class=\"main\" style=\"background-color:white;\"><iframe loading=\"lazy\" width=\"380\" height=\"250\" src=\"https:\/\/www.youtube.com\/embed\/qKX2Wp_kDdA\" title=\"YouTube video player\" frameborder=\"0\" allow=\"accelerometer; clipboard-write; encrypted-media; gyroscope; picture-in-picture; web-share\" allowfullscreen><\/iframe><\/div><div style=\"padding:4px;vertical-align: middle !important;text-align:center;max-width:380px;height:80px;background-color:white\">Video message by BDT Dir. Dr Cosmas Luckyson Zavazava &amp; GSR-26 Chair Mr \u00d6mer Abdullah Karag\u00f6zo\u011flu<\/div><\/div><\/div><\/section>","protected":false},"excerpt":{"rendered":"","protected":false},"author":2,"featured_media":0,"parent":120,"menu_order":0,"comment_status":"closed","ping_status":"closed","template":"obsolete-templates\/page-submenu.php","meta":{"_acf_changed":false,"footnotes":""},"class_list":["post-121","page","type-page","status-publish","hentry"],"acf":[],"_links":{"self":[{"href":"https:\/\/www.itu.int\/itu-d\/meetings\/gsr-26\/wp-json\/wp\/v2\/pages\/121","targetHints":{"allow":["GET"]}}],"collection":[{"href":"https:\/\/www.itu.int\/itu-d\/meetings\/gsr-26\/wp-json\/wp\/v2\/pages"}],"about":[{"href":"https:\/\/www.itu.int\/itu-d\/meetings\/gsr-26\/wp-json\/wp\/v2\/types\/page"}],"author":[{"embeddable":true,"href":"https:\/\/www.itu.int\/itu-d\/meetings\/gsr-26\/wp-json\/wp\/v2\/users\/2"}],"replies":[{"embeddable":true,"href":"https:\/\/www.itu.int\/itu-d\/meetings\/gsr-26\/wp-json\/wp\/v2\/comments?post=121"}],"version-history":[{"count":0,"href":"https:\/\/www.itu.int\/itu-d\/meetings\/gsr-26\/wp-json\/wp\/v2\/pages\/121\/revisions"}],"up":[{"embeddable":true,"href":"https:\/\/www.itu.int\/itu-d\/meetings\/gsr-26\/wp-json\/wp\/v2\/pages\/120"}],"wp:attachment":[{"href":"https:\/\/www.itu.int\/itu-d\/meetings\/gsr-26\/wp-json\/wp\/v2\/media?parent=121"}],"curies":[{"name":"wp","href":"https:\/\/api.w.org\/{rel}","templated":true}]}}