{"id":1601,"date":"2023-05-31T11:55:45","date_gmt":"2023-05-31T11:55:45","guid":{"rendered":"https:\/\/www.itu.int\/itu-d\/meetings\/gsr-23\/?page_id=1601"},"modified":"2025-09-01T08:41:51","modified_gmt":"2025-09-01T08:41:51","slug":"interviews","status":"publish","type":"page","link":"https:\/\/www.itu.int\/itu-d\/meetings\/gsr-23\/resources\/interviews\/","title":{"rendered":"Interviews"},"content":{"rendered":"<style>.ituCard.hor .content {padding:1rem !important;}.alignleft{float:left;margin-right:25px}<\/style><section><div class=\"ituContainer grid\" style=\"display: flex;flex-wrap: wrap;\"><div class=\"content\"><div class=\"main\" style=\"background-color:white;\"><iframe loading=\"lazy\" width=\"380\" height=\"250\" src=\"https:\/\/www.youtube.com\/embed\/S-7qEXp6cEE\" title=\"YouTube video player\" frameborder=\"0\" allow=\"accelerometer; clipboard-write; encrypted-media; gyroscope; picture-in-picture; web-share\" allowfullscreen><\/iframe><\/div><div style=\"padding:4px;vertical-align: middle !important;text-align:center;max-width:380px;height:80px;background-color:white\">ITU INTERVIEWS @ GSR-23: Doreen Bogdan-Martin, Secretary-General, ITU<\/div><\/div><div class=\"content\"><div class=\"main\" style=\"background-color:white;\"><iframe loading=\"lazy\" width=\"380\" height=\"250\" src=\"https:\/\/www.youtube.com\/embed\/eradXOG3z5E\" title=\"YouTube video player\" frameborder=\"0\" allow=\"accelerometer; clipboard-write; encrypted-media; gyroscope; picture-in-picture; web-share\" allowfullscreen><\/iframe><\/div><div style=\"padding:4px;vertical-align: middle !important;text-align:center;max-width:380px;height:80px;background-color:white\">ITU INTERVIEWS @ GSR-23: Dr Cosmas Luckyson Zavazava, Director, BDT, ITU<\/div><\/div><div class=\"content\"><div class=\"main\" style=\"background-color:white;\"><iframe loading=\"lazy\" width=\"380\" height=\"250\" src=\"https:\/\/www.youtube.com\/embed\/WftjqM6FK-M\" title=\"YouTube video player\" frameborder=\"0\" allow=\"accelerometer; clipboard-write; encrypted-media; gyroscope; picture-in-picture; web-share\" allowfullscreen><\/iframe><\/div><div style=\"padding:4px;vertical-align: middle !important;text-align:center;max-width:380px;height:80px;background-color:white\">ITU INTERVIEWS @ GSR-23: Eng. Hossam El-Gamal, Executive President, NTRA, Egypt &#038; Chair, GSR-23<\/div><\/div><div class=\"content\"><div class=\"main\" style=\"background-color:white;\"><iframe loading=\"lazy\" width=\"380\" height=\"250\" src=\"https:\/\/www.youtube.com\/embed\/w8xAsV-k2xA\" title=\"YouTube video player\" frameborder=\"0\" allow=\"accelerometer; clipboard-write; encrypted-media; gyroscope; picture-in-picture; web-share\" allowfullscreen><\/iframe><\/div><div style=\"padding:4px;vertical-align: middle !important;text-align:center;max-width:380px;height:80px;background-color:white\">ITU INTERVIEWS @ GSR-23: Mario Maniewicz, Director, Radiocommunication Bureau, ITU<\/div><\/div><div class=\"content\"><div class=\"main\" style=\"background-color:white;\"><iframe loading=\"lazy\" width=\"380\" height=\"250\" src=\"https:\/\/www.youtube.com\/embed\/o7KjMoEnpg0\" title=\"YouTube video player\" frameborder=\"0\" allow=\"accelerometer; clipboard-write; encrypted-media; gyroscope; picture-in-picture; web-share\" allowfullscreen><\/iframe><\/div><div style=\"padding:4px;vertical-align: middle !important;text-align:center;max-width:380px;height:80px;background-color:white\">ITU INTERVIEWS @ GSR-23: Seizo Onoe, Director, TSB, ITU<\/div><\/div><div class=\"content\"><div class=\"main\" style=\"background-color:white;\"><iframe loading=\"lazy\" width=\"380\" height=\"250\" src=\"https:\/\/www.youtube.com\/embed\/saReecoF8lE\" title=\"YouTube video player\" frameborder=\"0\" allow=\"accelerometer; clipboard-write; encrypted-media; gyroscope; picture-in-picture; web-share\" allowfullscreen><\/iframe><\/div><div style=\"padding:4px;vertical-align: middle !important;text-align:center;max-width:380px;height:80px;background-color:white\">ITU INTERVIEWS @ GSR-23: Mohamed Nasr, CEO, we &#8211; Telecom Egypt<\/div><\/div><div class=\"content\"><div class=\"main\" style=\"background-color:white;\"><iframe loading=\"lazy\" width=\"380\" height=\"250\" src=\"https:\/\/www.youtube.com\/embed\/Yto8UyVFIXo\" title=\"YouTube video player\" frameborder=\"0\" allow=\"accelerometer; clipboard-write; encrypted-media; gyroscope; picture-in-picture; web-share\" allowfullscreen><\/iframe><\/div><div style=\"padding:4px;vertical-align: middle !important;text-align:center;max-width:380px;height:80px;background-color:white\">ITU INTERVIEWS @ GSR-23: Bocar A. Ba, CEO, Samena Telecommunications Council, IAGDI &#8211; CRO Chairman<\/div><\/div><div class=\"content\"><div class=\"main\" style=\"background-color:white;\"><iframe loading=\"lazy\" width=\"380\" height=\"250\" src=\"https:\/\/www.youtube.com\/embed\/rZyab2ygvw4\" title=\"YouTube video player\" frameborder=\"0\" allow=\"accelerometer; clipboard-write; encrypted-media; gyroscope; picture-in-picture; web-share\" allowfullscreen><\/iframe><\/div><div style=\"padding:4px;vertical-align: middle !important;text-align:center;max-width:380px;height:80px;background-color:white\">ITU INTERVIEWS @ GSR-23:Emilia Nghikembua, CEO, Communications Regulatory Authority, Namibia<\/div><\/div><div class=\"content\"><div class=\"main\" style=\"background-color:white;\"><iframe loading=\"lazy\" width=\"380\" height=\"250\" src=\"https:\/\/www.youtube.com\/embed\/kK39X3O-kOc\" title=\"YouTube video player\" frameborder=\"0\" allow=\"accelerometer; clipboard-write; encrypted-media; gyroscope; picture-in-picture; web-share\" allowfullscreen><\/iframe><\/div><div style=\"padding:4px;vertical-align: middle !important;text-align:center;max-width:380px;height:80px;background-color:white\">ITU INTERVIEWS @ GSR-23: Dan Sj\u00f6blom, Director-General, Post and Telecom Authority (PTS), Sweden<\/div><\/div><div class=\"content\"><div class=\"main\" style=\"background-color:white;\"><iframe loading=\"lazy\" width=\"380\" height=\"250\" src=\"https:\/\/www.youtube.com\/embed\/DTfJkaMiHT8\" title=\"YouTube video player\" frameborder=\"0\" allow=\"accelerometer; clipboard-write; encrypted-media; gyroscope; picture-in-picture; web-share\" allowfullscreen><\/iframe><\/div><div style=\"padding:4px;vertical-align: middle !important;text-align:center;max-width:380px;height:80px;background-color:white\">ITU INTERVIEWS @ GSR-23: Ansord E. Hewitt, Director General, OUR, Jamaica<\/div><\/div><div class=\"content\"><div class=\"main\" style=\"background-color:white;\"><iframe loading=\"lazy\" width=\"380\" height=\"250\" src=\"https:\/\/www.youtube.com\/embed\/ynIxayz3UI8\" title=\"YouTube video player\" frameborder=\"0\" allow=\"accelerometer; clipboard-write; encrypted-media; gyroscope; picture-in-picture; web-share\" allowfullscreen><\/iframe><\/div><div style=\"padding:4px;vertical-align: middle !important;text-align:center;max-width:380px;height:80px;background-color:white\">ENTRETIEN UIT @ GSR-23: Bety Aichatou, Pr\u00e9s., Autorit\u00e9 des communications et de la poste, Niger<\/div><\/div><div class=\"content\"><div class=\"main\" style=\"background-color:white;\"><iframe loading=\"lazy\" width=\"380\" height=\"250\" src=\"https:\/\/www.youtube.com\/embed\/7ryAC5ESuqo\" title=\"YouTube video player\" frameborder=\"0\" allow=\"accelerometer; clipboard-write; encrypted-media; gyroscope; picture-in-picture; web-share\" allowfullscreen><\/iframe><\/div><div style=\"padding:4px;vertical-align: middle !important;text-align:center;max-width:380px;height:80px;background-color:white\">ENTRETIEN UIT @ GSR-23: Christian Katende Pr\u00e9sident, (Arptc), R\u00e9publique d\u00e9mocratique du Congo<\/div><\/div><div class=\"content\"><div class=\"main\" style=\"background-color:white;\"><iframe loading=\"lazy\" width=\"380\" height=\"250\" src=\"https:\/\/www.youtube.com\/embed\/sgThx1mszXg\" title=\"YouTube video player\" frameborder=\"0\" allow=\"accelerometer; clipboard-write; encrypted-media; gyroscope; picture-in-picture; web-share\" allowfullscreen><\/iframe><\/div><div style=\"padding:4px;vertical-align: middle !important;text-align:center;max-width:380px;height:80px;background-color:white\">ITU INTERVIEWS @GSR-23: H.E Phillemon Mapulane, Deputy Minister of Comms, South Africa<\/div><\/div><div class=\"content\"><div class=\"main\" style=\"background-color:white;\"><iframe loading=\"lazy\" width=\"380\" height=\"250\" src=\"https:\/\/www.youtube.com\/embed\/ONeM-1TB__g\" title=\"YouTube video player\" frameborder=\"0\" allow=\"accelerometer; clipboard-write; encrypted-media; gyroscope; picture-in-picture; web-share\" allowfullscreen><\/iframe><\/div><div style=\"padding:4px;vertical-align: middle !important;text-align:center;max-width:380px;height:80px;background-color:white\">ITU INTERVIEWS @ GSR-23: Abdel Rahman Omran, IC to the CBD, Electronics Factory of the AOIAIP, Egypt<\/div><\/div><div class=\"content\"><div class=\"main\" style=\"background-color:white;\"><iframe loading=\"lazy\" width=\"380\" height=\"250\" src=\"https:\/\/www.youtube.com\/embed\/7oxWdQh3-qo\" title=\"YouTube video player\" frameborder=\"0\" allow=\"accelerometer; clipboard-write; encrypted-media; gyroscope; picture-in-picture; web-share\" allowfullscreen><\/iframe><\/div><div style=\"padding:4px;vertical-align: middle !important;text-align:center;max-width:380px;height:80px;background-color:white\">ITU INTERVIEWS @ GSR-23: Dr. Shiv Bakhsh, Vice-President, IRGFT, Ericsson Vice Rapporteur<\/div><\/div><div class=\"content\"><div class=\"main\" style=\"background-color:white;\"><iframe loading=\"lazy\" width=\"380\" height=\"250\" src=\"https:\/\/www.youtube.com\/embed\/qQCN3m96Rcs\" title=\"YouTube video player\" frameborder=\"0\" allow=\"accelerometer; clipboard-write; encrypted-media; gyroscope; picture-in-picture; web-share\" allowfullscreen><\/iframe><\/div><div style=\"padding:4px;vertical-align: middle !important;text-align:center;max-width:380px;height:80px;background-color:white\">ITU INTERVIEWS @ GSR-23: Sinead Bovell , Generation Connect BM, Futurist and Founder of Waye<\/div><\/div><div class=\"content\"><div class=\"main\" style=\"background-color:white;\"><iframe loading=\"lazy\" width=\"380\" height=\"250\" src=\"https:\/\/www.youtube.com\/embed\/G-KRC8j5SSM\" title=\"YouTube video player\" frameborder=\"0\" allow=\"accelerometer; clipboard-write; encrypted-media; gyroscope; picture-in-picture; web-share\" allowfullscreen><\/iframe><\/div><div style=\"padding:4px;vertical-align: middle !important;text-align:center;max-width:380px;height:80px;background-color:white\">ITU INTERVIEWS @ GSR-23: Lele Modise, Group Chef Legal and Regulatory Officer, MTN<\/div><\/div><div class=\"content\"><div class=\"main\" style=\"background-color:white;\"><iframe loading=\"lazy\" width=\"380\" height=\"250\" src=\"https:\/\/www.youtube.com\/embed\/VOqx3dy5lEk\" title=\"YouTube video player\" frameborder=\"0\" allow=\"accelerometer; clipboard-write; encrypted-media; gyroscope; picture-in-picture; web-share\" allowfullscreen><\/iframe><\/div><div style=\"padding:4px;vertical-align: middle !important;text-align:center;max-width:380px;height:80px;background-color:white\">ITU INTERVIEWS @ GSR-23: Isabelle Mauro, Director General, Global Satellite Operators Association<\/div><\/div><\/div><div class=\"ituContainer grid\"><span aria-current=\"page\" class=\"page-numbers current\">1<\/span>\n<a class=\"page-numbers\" href=\"https:\/\/www.itu.int\/itu-d\/meetings\/gsr-23\/wp-json\/wp\/v2\/pages\/1601\/page\/2\/\">2<\/a>\n<a class=\"next page-numbers\" href=\"https:\/\/www.itu.int\/itu-d\/meetings\/gsr-23\/wp-json\/wp\/v2\/pages\/1601\/page\/2\/\">Next &raquo;<\/a><\/div><\/section>","protected":false},"excerpt":{"rendered":"","protected":false},"author":2,"featured_media":0,"parent":1303,"menu_order":40,"comment_status":"closed","ping_status":"closed","template":"obsolete-templates\/page-submenu.php","meta":{"_acf_changed":false,"footnotes":""},"class_list":["post-1601","page","type-page","status-publish","hentry"],"acf":[],"_links":{"self":[{"href":"https:\/\/www.itu.int\/itu-d\/meetings\/gsr-23\/wp-json\/wp\/v2\/pages\/1601","targetHints":{"allow":["GET"]}}],"collection":[{"href":"https:\/\/www.itu.int\/itu-d\/meetings\/gsr-23\/wp-json\/wp\/v2\/pages"}],"about":[{"href":"https:\/\/www.itu.int\/itu-d\/meetings\/gsr-23\/wp-json\/wp\/v2\/types\/page"}],"author":[{"embeddable":true,"href":"https:\/\/www.itu.int\/itu-d\/meetings\/gsr-23\/wp-json\/wp\/v2\/users\/2"}],"replies":[{"embeddable":true,"href":"https:\/\/www.itu.int\/itu-d\/meetings\/gsr-23\/wp-json\/wp\/v2\/comments?post=1601"}],"version-history":[{"count":0,"href":"https:\/\/www.itu.int\/itu-d\/meetings\/gsr-23\/wp-json\/wp\/v2\/pages\/1601\/revisions"}],"up":[{"embeddable":true,"href":"https:\/\/www.itu.int\/itu-d\/meetings\/gsr-23\/wp-json\/wp\/v2\/pages\/1303"}],"wp:attachment":[{"href":"https:\/\/www.itu.int\/itu-d\/meetings\/gsr-23\/wp-json\/wp\/v2\/media?parent=1601"}],"curies":[{"name":"wp","href":"https:\/\/api.w.org\/{rel}","templated":true}]}}