{"id":544,"date":"2023-02-01T08:43:56","date_gmt":"2023-02-01T08:43:56","guid":{"rendered":"https:\/\/www.itu.int\/itu-d\/meetings\/gsr-23\/inscription\/"},"modified":"2023-06-07T13:53:26","modified_gmt":"2023-06-07T13:53:26","slug":"inscription","status":"publish","type":"page","link":"https:\/\/www.itu.int\/itu-d\/meetings\/gsr-23\/fr\/participation\/inscription\/","title":{"rendered":"Enregistrement"},"content":{"rendered":"<div class=\"ituContainer\">\n<h2 class=\"wp-block-heading\">Horaires d\u2019ouverture des guichets d\u2019enregistrement<\/h2>\n<\/div><div class=\"ituContainer\">\n<figure class=\"wp-block-table\"><table><tbody><tr><td class=\"has-text-align-left\" data-align=\"left\"><strong>Jour<\/strong><\/td><td><strong>Date<\/strong><\/td><td><strong>Heure d&rsquo;ouverture<\/strong><\/td><td><strong>Heure de fermeture<\/strong><\/td><\/tr><tr><td class=\"has-text-align-left\" data-align=\"left\">Samedi<\/td><td>3 juin 2023<\/td><td>9 heures<\/td><td>19 heures<\/td><\/tr><tr><td class=\"has-text-align-left\" data-align=\"left\">Dimanche<\/td><td>4 juin 2023<\/td><td>9 heures<\/td><td>19 heures<\/td><\/tr><tr><td class=\"has-text-align-left\" data-align=\"left\">Lundi<\/td><td>5 juin 2023<\/td><td>7 h 30<br\/><strong>(Manifestations pr\u00e9alables dans le cadre du GSR-23)<\/strong><\/td><td>18 heures<\/td><\/tr><tr><td class=\"has-text-align-left\" data-align=\"left\">Mardi<\/td><td>6 juin 2023<\/td><td>7 h 30<br\/><strong>(Ouverture du GSR)<\/strong><\/td><td>17 heures<\/td><\/tr><tr><td class=\"has-text-align-left\" data-align=\"left\">Mercredi<\/td><td>7 juin 2023<\/td><td>8 heures<\/td><td>17 heures<\/td><\/tr><tr><td class=\"has-text-align-left\" data-align=\"left\">Jeudi<\/td><td>8 juin 2023<\/td><td>8 heures<\/td><td>11 heures<\/td><\/tr><\/tbody><\/table><\/figure>\n<\/div><div class=\"ituContainer\">\n<p><strong>Enregistrement<\/strong><\/p>\n<\/div><div class=\"ituContainer\">\n<p class=\"has-text-align-left\">L&rsquo;inscription au GSR-23 est obligatoire et d\u00e9j\u00e0 accessible <a href=\"https:\/\/www.itu.int\/net4\/ITU-D\/CDS\/meetings\/registration\/index.asp\" data-type=\"URL\" data-id=\"https:\/\/www.itu.int\/net4\/ITU-D\/CDS\/meetings\/registration\/index.asp\">sur ce lien.<\/a><br\/>Les participants peuvent s&rsquo;inscrire en utilisant les identifiants (nom d&rsquo;utilisateur et mot de passe) de leur compte utilisateur UIT. Les participants qui n&rsquo;ont pas de compte UIT peuvent cr\u00e9er leur propre compte utilisateur <a href=\"https:\/\/www.itu.int\/en\/ties-services\/Pages\/login.aspx\" data-type=\"URL\" data-id=\"https:\/\/www.itu.int\/en\/ties-services\/Pages\/login.aspx\">sur ce lien<\/a> (s\u00e9lectionner \u00ab\u00a0I am a new user\u00a0\u00bb).<br\/>Pour les participants ayant d\u00e9j\u00e0 cr\u00e9\u00e9 un compte utilisateur lors de leur inscription \u00e0 une r\u00e9union pr\u00e9c\u00e9dente de l&rsquo;UIT, celui-ci est toujours valable.<br\/><br\/>Validation des demandes d&rsquo;inscription en vue de participer \u00e0 la manifestation:<br\/>\u2022 Les demandes d&rsquo;inscription de d\u00e9l\u00e9gu\u00e9s titulaires d&rsquo;un compte utilisateur UIT avec acc\u00e8s TIES seront automatiquement valid\u00e9es.<br\/>\u2022 Les autres demandes d&rsquo;inscription concernant les Membres de l&rsquo;UIT doivent \u00eatre valid\u00e9es par les coordonnateurs d\u00e9sign\u00e9s par les administrations et entit\u00e9s connexes. La liste des coordonnateurs d\u00e9sign\u00e9s est disponible <a href=\"https:\/\/www.itu.int\/online\/mm\/scripts\/s\/gensel21?_event=C-00012280&amp;_event_type=ZSED\" data-type=\"URL\" data-id=\"https:\/\/www.itu.int\/online\/mm\/scripts\/s\/gensel21?_event=C-00012280&amp;_event_type=ZSED\">sur ce lien<\/a>.<br\/>\u2022 Pour les r\u00e9gulateurs issus des \u00c9tats Membres, toutes les demandes d&rsquo;inscription doivent \u00eatre valid\u00e9es par les coordonnateurs d\u00e9sign\u00e9s.<br\/>\u2022 Pour les entit\u00e9s qui ne sont pas Membres de l&rsquo;UIT, la demande d&rsquo;inscription sera approuv\u00e9e par l&rsquo;UIT.<br\/><br\/>Si votre entit\u00e9 n&rsquo;a pas de coordonnateur ou si elle souhaite modifier ses coordonn\u00e9es et\/ou changer de coordonnateur, vous voudrez bien indiquer le nom de celui-ci, son pr\u00e9nom et son adresse de courrier \u00e9lectronique et soumettre ces informations dans un document officiel avec en-t\u00eate, par courrier \u00e9lectronique \u00e0 l&rsquo;adresse <a href=\"mailto:BDTMeetingsRegistration@itu.int\">BDTMeetingsRegistration@itu.int<\/a>. <br\/>Nous encourageons la participation des femmes et des jeunes aux d\u00e9l\u00e9gations.<br\/>Si vous avez besoin d&rsquo;une assistance, veuillez \u00e9crire \u00e0 l&rsquo;adresse <a href=\"mailto:BDTMeetingsRegistration@itu.int\">BDTMeetingsRegistration@itu.int<\/a>.<\/p>\n<\/div><div class=\"ituContainer\">\n<h2 class=\"wp-block-heading\">Participants<\/h2>\n<\/div><div class=\"ituContainer\">\n<p><a href=\"https:\/\/www.itu.int\/online\/mm\/scripts\/s\/gensel23?_event_type=ZSED&amp;_event=C-00012280\" data-type=\"URL\" data-id=\"https:\/\/www.itu.int\/online\/mm\/scripts\/s\/gensel23?_event_type=ZSED&amp;_event=C-00012280\">Liste des participants<\/a> (acc\u00e8s restreint)<\/p>\n<\/div><div class=\"ituContainer\">\n<hr class=\"wp-block-separator has-alpha-channel-opacity\"\/>\n<\/div><div class=\"ituContainer\">\n<p><a id=\"_msocom_1\"><\/a><\/p>\n<\/div>","protected":false},"excerpt":{"rendered":"<p>Horaires d\u2019ouverture des guichets d\u2019enregistrement Jour Date Heure d&rsquo;ouverture Heure de fermeture Samedi 3 juin 2023 9 heures 19 heures Dimanche 4 juin 2023 9 heures 19 heures Lundi 5 juin 2023 7 h 30(Manifestations pr\u00e9alables dans le cadre du GSR-23) 18 heures Mardi 6 juin 2023 7 h 30(Ouverture du GSR) 17 heures Mercredi [&hellip;]<\/p>\n","protected":false},"author":2,"featured_media":0,"parent":924,"menu_order":1,"comment_status":"closed","ping_status":"closed","template":"page-submenu.php","meta":{"_acf_changed":false,"footnotes":""},"class_list":["post-544","page","type-page","status-publish","hentry"],"acf":[],"_links":{"self":[{"href":"https:\/\/www.itu.int\/itu-d\/meetings\/gsr-23\/fr\/wp-json\/wp\/v2\/pages\/544","targetHints":{"allow":["GET"]}}],"collection":[{"href":"https:\/\/www.itu.int\/itu-d\/meetings\/gsr-23\/fr\/wp-json\/wp\/v2\/pages"}],"about":[{"href":"https:\/\/www.itu.int\/itu-d\/meetings\/gsr-23\/fr\/wp-json\/wp\/v2\/types\/page"}],"author":[{"embeddable":true,"href":"https:\/\/www.itu.int\/itu-d\/meetings\/gsr-23\/fr\/wp-json\/wp\/v2\/users\/2"}],"replies":[{"embeddable":true,"href":"https:\/\/www.itu.int\/itu-d\/meetings\/gsr-23\/fr\/wp-json\/wp\/v2\/comments?post=544"}],"version-history":[{"count":0,"href":"https:\/\/www.itu.int\/itu-d\/meetings\/gsr-23\/fr\/wp-json\/wp\/v2\/pages\/544\/revisions"}],"up":[{"embeddable":true,"href":"https:\/\/www.itu.int\/itu-d\/meetings\/gsr-23\/fr\/wp-json\/wp\/v2\/pages\/924"}],"wp:attachment":[{"href":"https:\/\/www.itu.int\/itu-d\/meetings\/gsr-23\/fr\/wp-json\/wp\/v2\/media?parent=544"}],"curies":[{"name":"wp","href":"https:\/\/api.w.org\/{rel}","templated":true}]}}