{"id":541,"date":"2023-02-23T09:58:07","date_gmt":"2023-02-23T09:58:07","guid":{"rendered":"https:\/\/www.itu.int\/itu-d\/meetings\/gsr-23\/medias\/"},"modified":"2023-06-03T07:39:22","modified_gmt":"2023-06-03T07:39:22","slug":"medias","status":"publish","type":"page","link":"https:\/\/www.itu.int\/itu-d\/meetings\/gsr-23\/fr\/medias\/","title":{"rendered":"M\u00e9dias"},"content":{"rendered":"    <section class=\"ituBanner bg smallheight\">\n        <div class=\"bgContainer\">\n            <img src=https:\/\/www.itu.int\/itu-d\/meetings\/gsr-23\/wp-content\/uploads\/sites\/20\/2023\/03\/GSR-23-Banner.jpg alt=\"Background decorative image\" \/>\n            <div class=\"ituContainer grid\">\n                <div class=\"content\" data-span=\"8\">\n                    <div class=\"main\">\n                        <h2 class=\"h1 white\">M\u00e9dias<\/h2>\n                    <\/div>\n                    <div class=\"addInfo\"><\/div>\n                <\/div>\n            <\/div>\n        <\/div>\n    <\/section>\n\n\n<div class=\"ituContainer\">\n<h2 class=\"wp-block-heading\">Accr\u00e9ditation des m\u00e9dias<\/h2>\n<\/div>\n\n<div class=\"ituContainer\">\n<p>Les journalistes souhaitant couvrir le GSR-23 de l&rsquo;UIT doivent s&rsquo;inscrire <a href=\"https:\/\/www.itu.int\/net4\/CRM\/xreg\/web\/Login.aspx?src=Registration&amp;Event=C-00012615\">ici<\/a> pour obtenir l&rsquo;accr\u00e9ditation des m\u00e9dias.<br>Des informations d\u00e9taill\u00e9es sur le processus d&rsquo;accr\u00e9ditation sont disponibles <a href=\"https:\/\/www.itu.int\/en\/newsroom\/accreditation\/Pages\/default.aspx\">ici<\/a>.<\/p>\n<\/div>\n\n<div class=\"ituContainer\">\n<h2 class=\"wp-block-heading\">Ressources m\u00e9diatiques<\/h2>\n<\/div>\n\n<div class=\"ituContainer\">\n<p><strong>Avis aux m\u00e9dias<\/strong><br>1. <a href=\"https:\/\/www.itu.int\/en\/mediacentre\/Pages\/MA-2023-05-04-gsr-media-registration.aspx\">Avis aux m\u00e9dias, 8 mai 2023<\/a><\/p>\n<\/div>\n\n<div class=\"ituContainer\">\n<p><strong>R\u00e9seaux sociaux<\/strong><\/p>\n<\/div>\n\n<div class=\"ituContainer\">\n<p><a href=\"https:\/\/eur03.safelinks.protection.outlook.com\/?url=https%3A%2F%2Ftrello.com%2Fb%2FySDwGqTM%2Fgsr-2023-itugsr&amp;data=05%7C01%7Cgael.jaboulay%40itu.int%7C7154067bd710441c416b08db4c90d316%7C23e464d704e64b87913c24bd89219fd3%7C0%7C0%7C638187957110946304%7CUnknown%7CTWFpbGZsb3d8eyJWIjoiMC4wLjAwMDAiLCJQIjoiV2luMzIiLCJBTiI6Ik1haWwiLCJXVCI6Mn0%3D%7C3000%7C%7C%7C&amp;sdata=15SLhiaAg3v5iTZiUpBb6j%2F8Vq457PkUqZJsL5vVU%2BM%3D&amp;reserved=0\" target=\"_blank\" rel=\"noopener\">Dossier pour les m\u00e9dias sociaux (Trello)<\/a><\/p>\n<\/div>\n\n<div class=\"ituContainer\">\n<p><strong>Autres Resources<\/strong><\/p>\n<\/div>\n\n<div class=\"ituContainer\">\n<p><a href=\"https:\/\/www.itu.int\/en\/ITU-D\/Conferences\/GSR\/Pages\/GSR.aspx\">Document d&rsquo;information GSR<\/a><\/p>\n<\/div>\n\n<div class=\"ituContainer\">\n<h2 class=\"wp-block-heading\">Direct<\/h2>\n<\/div>\n\n<div class=\"ituContainer\">\n<p>Les sessions suivantes seront diffus\u00e9es en direct sur la <a href=\"https:\/\/www.youtube.com\/@itutelecommunication\/streams\" data-type=\"URL\" data-id=\"https:\/\/www.youtube.com\/@itutelecommunication\/streams\" target=\"_blank\" rel=\"noopener\">cha\u00eene de l&rsquo;UIT<\/a> sur YouTube.<\/p>\n<\/div>\n\n<div class=\"ituContainer\">\n<p><a href=\"https:\/\/www.itu.int\/itu-d\/meetings\/gsr-23\/fr\/vue-globale\/details-de-la-session\/?sessionid=4\">C\u00e9r\u00e9monie d&rsquo;ouverture<\/a> : mardi 06 juin 2023, 09h30 \u2013 10h00<\/p>\n<\/div>\n\n<div class=\"ituContainer\">\n<p><a href=\"https:\/\/www.itu.int\/itu-d\/meetings\/gsr-23\/fr\/vue-globale\/details-de-la-session\/?sessionid=5\">Segment de leadership<\/a> : mardi 6 juin 2023, 10h30 \u2013 12h30<\/p>\n<\/div>\n\n<div class=\"ituContainer\">\n<p><a href=\"https:\/\/www.itu.int\/itu-d\/meetings\/gsr-23\/fr\/vue-globale\/details-de-la-session\/?sessionid=18\">C\u00e9r\u00e9monie de cl\u00f4ture<\/a> : Jeudi 08 juin 2023 : 12h00 \u2013 12h30<\/p>\n<\/div>\n\n<div class=\"ituContainer\">\n<p>Attention : le fuseau horaire de Charm el-Cheikh est GMT+3<\/p>\n<\/div>\n\n<div class=\"ituContainer\">\n<hr class=\"wp-block-separator has-alpha-channel-opacity\"\/>\n<\/div>\n\n<div class=\"ituContainer\">\n<h2 class=\"wp-block-heading\">Contacts<\/h2>\n<\/div>\n\n<div class=\"ituContainer\">\n<p><strong>Communication et promotion<\/strong><br>Monica Albertini, <a href=\"mailto:monica.albertini@itu.int\">monica.albertini@itu.int<\/a><\/p>\n<\/div>\n\n<div class=\"ituContainer\">\n<p><strong>Information et accr\u00e9ditation des m\u00e9dias<\/strong><br>David Hirsch, <a href=\"mailto:david.hirsch@itu.int\">david.hirsch@itu.int<\/a><\/p>\n<\/div>","protected":false},"excerpt":{"rendered":"<p>Accr\u00e9ditation des m\u00e9dias Les journalistes souhaitant couvrir le GSR-23 de l&rsquo;UIT doivent s&rsquo;inscrire ici pour obtenir l&rsquo;accr\u00e9ditation des m\u00e9dias.Des informations d\u00e9taill\u00e9es sur le processus d&rsquo;accr\u00e9ditation sont disponibles ici. Ressources m\u00e9diatiques Avis aux m\u00e9dias1. Avis aux m\u00e9dias, 8 mai 2023 R\u00e9seaux sociaux Dossier pour les m\u00e9dias sociaux (Trello) Autres Resources Document d&rsquo;information GSR Direct Les sessions [&hellip;]<\/p>\n","protected":false},"author":6,"featured_media":0,"parent":0,"menu_order":0,"comment_status":"closed","ping_status":"closed","template":"","meta":{"_acf_changed":false,"footnotes":""},"class_list":["post-541","page","type-page","status-publish","hentry"],"acf":[],"_links":{"self":[{"href":"https:\/\/www.itu.int\/itu-d\/meetings\/gsr-23\/fr\/wp-json\/wp\/v2\/pages\/541","targetHints":{"allow":["GET"]}}],"collection":[{"href":"https:\/\/www.itu.int\/itu-d\/meetings\/gsr-23\/fr\/wp-json\/wp\/v2\/pages"}],"about":[{"href":"https:\/\/www.itu.int\/itu-d\/meetings\/gsr-23\/fr\/wp-json\/wp\/v2\/types\/page"}],"author":[{"embeddable":true,"href":"https:\/\/www.itu.int\/itu-d\/meetings\/gsr-23\/fr\/wp-json\/wp\/v2\/users\/6"}],"replies":[{"embeddable":true,"href":"https:\/\/www.itu.int\/itu-d\/meetings\/gsr-23\/fr\/wp-json\/wp\/v2\/comments?post=541"}],"version-history":[{"count":0,"href":"https:\/\/www.itu.int\/itu-d\/meetings\/gsr-23\/fr\/wp-json\/wp\/v2\/pages\/541\/revisions"}],"wp:attachment":[{"href":"https:\/\/www.itu.int\/itu-d\/meetings\/gsr-23\/fr\/wp-json\/wp\/v2\/media?parent=541"}],"curies":[{"name":"wp","href":"https:\/\/api.w.org\/{rel}","templated":true}]}}