{"id":535,"date":"2023-02-06T12:27:35","date_gmt":"2023-02-06T12:27:35","guid":{"rendered":"https:\/\/www.itu.int\/itu-d\/meetings\/gsr-23\/consultation\/"},"modified":"2023-06-08T09:23:25","modified_gmt":"2023-06-08T09:23:25","slug":"consultation","status":"publish","type":"page","link":"https:\/\/www.itu.int\/itu-d\/meetings\/gsr-23\/fr\/consultation\/","title":{"rendered":"Consultation"},"content":{"rendered":"    <section class=\"ituBanner bg smallheight\">\n        <div class=\"bgContainer\">\n            <img src=https:\/\/www.itu.int\/itu-d\/meetings\/gsr-23\/wp-content\/uploads\/sites\/20\/2023\/03\/Banner-GSR-23-x1920-a.jpg alt=\"Background decorative image\" \/>\n            <div class=\"ituContainer grid\">\n                <div class=\"content\" data-span=\"8\">\n                    <div class=\"main\">\n                        <h2 class=\"h1 white\">Consultation<\/h2>\n                    <\/div>\n                    <div class=\"addInfo\"><\/div>\n                <\/div>\n            <\/div>\n        <\/div>\n    <\/section>\n\n\n<div class=\"ituContainer\">\n<p>Cette consultation, qui a pour th\u00e8me g\u00e9n\u00e9ral \u00ab\u00a0<strong>Des mesures d&rsquo;incitation r\u00e9glementaires et \u00e9conomiques pour un avenir num\u00e9rique durable et inclusif<\/strong>\u00ab\u00a0, a pour but de recueillir des id\u00e9es, des points de vue et des donn\u00e9es d&rsquo;exp\u00e9rience sur:<\/p>\n<\/div>\n\n    <section >\n        <div class=\"ituContainer grid\">\n            <div data-span=\"8\">\n                                <div class=\"ituContainer grid\">\n                                            \t<div class=\"ituCard alt\" data-span=\"6\">\n\t\t<div class=\"content\">\n\t\t\t<div class=\"main\">\n\t\t\t\tElaboration de mesures d&rsquo;incitation r\u00e9glementaires et \u00e9conomiques destin\u00e9es \u00e0 stimuler le d\u00e9ploiement d&rsquo;une infrastructure num\u00e9rique durable, en particulier dans les zones rurales et isol\u00e9es\t\t\t<\/div>\n\t\t<\/div>\n\t<\/div>\n                                            \t<div class=\"ituCard alt\" data-span=\"6\">\n\t\t<div class=\"content\">\n\t\t\t<div class=\"main\">\n\t\t\t\tIdentification des mesures d&rsquo;incitation n\u00e9cessaires pour garantir la mise en \u0153uvre des technologies et des mod\u00e8les commerciaux \u00e9mergents dans le domaine des TIC\t\t\t<\/div>\n\t\t<\/div>\n\t<\/div>\n                                    <\/div>\n            <\/div>\n        <\/div>\n    <\/section>\n\n\n<div class=\"ituContainer\">\n<h2 class=\"wp-block-heading\">Lignes directrices sur les meilleures pratiques GSR-23<\/h2>\n<\/div>\n\n<div class=\"ituContainer\">\n<p><a href=\"https:\/\/www.itu.int\/itu-d\/meetings\/gsr-23\/wp-content\/uploads\/sites\/20\/2023\/06\/GSR-23_Best-Practice-Guidelines-E.pdf\" data-type=\"URL\" data-id=\"https:\/\/www.itu.int\/itu-d\/meetings\/gsr-23\/wp-content\/uploads\/sites\/20\/2023\/06\/GSR-23_Best-Practice-Guidelines-E.pdf\" target=\"_blank\" rel=\"noreferrer noopener\">English<\/a>,\u00a0<a href=\"https:\/\/www.itu.int\/itu-d\/meetings\/gsr-23\/wp-content\/uploads\/sites\/20\/2023\/06\/GSR-23_Best-Practice-Guidelines_A.pdf\" data-type=\"URL\" data-id=\"https:\/\/www.itu.int\/itu-d\/meetings\/gsr-23\/wp-content\/uploads\/sites\/20\/2023\/06\/GSR-23_Best-Practice-Guidelines_A.pdf\" target=\"_blank\" rel=\"noreferrer noopener\">\u0639\u0631\u200b\u0628\u200b\u064a<\/a>,\u00a0<a href=\"https:\/\/www.itu.int\/itu-d\/meetings\/gsr-23\/wp-content\/uploads\/sites\/20\/2023\/06\/GSR-23_Best-Practice-Guidelines-C.pdf\" data-type=\"URL\" data-id=\"https:\/\/www.itu.int\/itu-d\/meetings\/gsr-23\/wp-content\/uploads\/sites\/20\/2023\/06\/GSR-23_Best-Practice-Guidelines-C.pdf\" target=\"_blank\" rel=\"noreferrer noopener\">\u4e2d\u6587<\/a>,\u00a0<a href=\"https:\/\/www.itu.int\/itu-d\/meetings\/gsr-23\/wp-content\/uploads\/sites\/20\/2023\/06\/GSR-23_Best-Practice-Guidelines-S.pdf\" data-type=\"URL\" data-id=\"https:\/\/www.itu.int\/itu-d\/meetings\/gsr-23\/wp-content\/uploads\/sites\/20\/2023\/06\/GSR-23_Best-Practice-Guidelines-S.pdf\" target=\"_blank\" rel=\"noreferrer noopener\">Espa\u00f1ol<\/a>,\u00a0<a href=\"https:\/\/www.itu.int\/itu-d\/meetings\/gsr-23\/wp-content\/uploads\/sites\/20\/2023\/06\/GSR-23_Best-Practice-Guidelines-F.pdf\" data-type=\"URL\" data-id=\"https:\/\/www.itu.int\/itu-d\/meetings\/gsr-23\/wp-content\/uploads\/sites\/20\/2023\/06\/GSR-23_Best-Practice-Guidelines-F.pdf\" target=\"_blank\" rel=\"noreferrer noopener\">Fran\u00e7ais<\/a>,\u00a0<a href=\"https:\/\/www.itu.int\/itu-d\/meetings\/gsr-23\/wp-content\/uploads\/sites\/20\/2023\/06\/GSR-23_Best-Practice-Guidelines-R.pdf\" data-type=\"URL\" data-id=\"https:\/\/www.itu.int\/itu-d\/meetings\/gsr-23\/wp-content\/uploads\/sites\/20\/2023\/06\/GSR-23_Best-Practice-Guidelines-R.pdf\" target=\"_blank\" rel=\"noreferrer noopener\">\u0420\u0443\u0441\u0441\u043a\u0438\u0439<\/a><\/p>\n<\/div>\n\n<div class=\"ituContainer\">\n<hr class=\"wp-block-separator has-alpha-channel-opacity\" \/>\n<\/div>\n\n<div class=\"ituContainer\">\n<h2 class=\"wp-block-heading\"><strong>Consultation<\/strong><\/h2>\n<\/div>\n\n<div class=\"ituContainer\">\n<p>Plus d&rsquo;informations dans la lettre d&rsquo;invitation<br><a href=\"https:\/\/www.itu.int\/itu-d\/meetings\/gsr-23\/wp-content\/uploads\/sites\/20\/2023\/03\/GSR-23_Invitation-letter_English.pdf\">English<\/a>, <a href=\"https:\/\/www.itu.int\/itu-d\/meetings\/gsr-23\/wp-content\/uploads\/sites\/20\/2023\/03\/GSR-23_Invitation-Letter_Arabic-1.pdf\">\u0639\u0631\u200b\u0628\u200b\u064a<\/a>, <a href=\"https:\/\/www.itu.int\/itu-d\/meetings\/gsr-23\/wp-content\/uploads\/sites\/20\/2023\/03\/GSR-23_Invitation-Letter_Chinese.pdf\">\u4e2d\u200b\u200b\u6587<\/a>, <a href=\"https:\/\/www.itu.int\/itu-d\/meetings\/gsr-23\/wp-content\/uploads\/sites\/20\/2023\/03\/GSR-23_Invitation-Letter_Spanish.pdf\">Espa\u00f1ol<\/a>, <a href=\"https:\/\/www.itu.int\/itu-d\/meetings\/gsr-23\/wp-content\/uploads\/sites\/20\/2023\/03\/GSR-23_Invitation-Letter_French.pdf\">Fran\u00e7ais<\/a>, <a href=\"https:\/\/www.itu.int\/itu-d\/meetings\/gsr-23\/wp-content\/uploads\/sites\/20\/2023\/03\/GSR-23_Invitation-Letter_Russian.pdf\">\u0420\u0443\u0441\u0441\u200b\u043a\u200b\u0438\u0439<\/a>\u200b\u200b\u200b<\/p>\n<\/div>\n\n<div class=\"ituContainer\">\n<h2 class=\"wp-block-heading\">Contributions des d\u00e9cideurs et des r\u00e9gulateurs<\/h2>\n<\/div>\n\n    <section>\n            <div class=\"ituContainer\" >\n        <h2 className=\"h3\"><\/h2>\n            <\/div>\n\t\t\t\t\n\t                    <div class=\"ituContainer grid mb1\">\n                    <a class=\"ituCard anim\" data-span=\"6\" style=\"padding: 0.5rem 1rem;\" href=\"https:\/\/www.itu.int\/itu-d\/meetings\/gsr-23\/wp-content\/uploads\/sites\/20\/2023\/04\/GSR-23_Contribution_ANATEL-Brasil.pdf\" rel=\"noopener noreferrer\">\n        <div class=\"content\">\n            <div class=\"main ituIcnLnk docList\">\n                <i class=\"fal fa-file\"><\/i><span>pdf<\/span>Brazil            <\/div>\n        <\/div>\n    <\/a>\n            <\/div>\n                    <div class=\"ituContainer grid mb1\">\n                    <a class=\"ituCard anim\" data-span=\"6\" style=\"padding: 0.5rem 1rem;\" href=\"https:\/\/www.itu.int\/itu-d\/meetings\/gsr-23\/wp-content\/uploads\/sites\/20\/2023\/03\/GSR-23_Contribution_CRC-Colombia_English.pdf\" rel=\"noopener noreferrer\">\n        <div class=\"content\">\n            <div class=\"main ituIcnLnk docList\">\n                <i class=\"fal fa-file\"><\/i><span>pdf<\/span>Colombia (English)            <\/div>\n        <\/div>\n    <\/a>\n            <\/div>\n                    <div class=\"ituContainer grid mb1\">\n                    <a class=\"ituCard anim\" data-span=\"6\" style=\"padding: 0.5rem 1rem;\" href=\"https:\/\/www.itu.int\/itu-d\/meetings\/gsr-23\/wp-content\/uploads\/sites\/20\/2023\/03\/GSR-23_Contribution_CRC-Colombia_Spanish.pdf\" rel=\"noopener noreferrer\">\n        <div class=\"content\">\n            <div class=\"main ituIcnLnk docList\">\n                <i class=\"fal fa-file\"><\/i><span>pdf<\/span>Colombia (Spanish)            <\/div>\n        <\/div>\n    <\/a>\n            <\/div>\n                    <div class=\"ituContainer grid mb1\">\n                    <a class=\"ituCard anim\" data-span=\"6\" style=\"padding: 0.5rem 1rem;\" href=\"https:\/\/www.itu.int\/itu-d\/meetings\/gsr-23\/wp-content\/uploads\/sites\/20\/2023\/04\/GSR-23_Contribution_MinTIC-Colombia_English.pdf\" rel=\"noopener noreferrer\">\n        <div class=\"content\">\n            <div class=\"main ituIcnLnk docList\">\n                <i class=\"fal fa-file\"><\/i><span>pdf<\/span>Colombia MinTIC (English)            <\/div>\n        <\/div>\n    <\/a>\n            <\/div>\n                    <div class=\"ituContainer grid mb1\">\n                    <a class=\"ituCard anim\" data-span=\"6\" style=\"padding: 0.5rem 1rem;\" href=\"https:\/\/www.itu.int\/itu-d\/meetings\/gsr-23\/wp-content\/uploads\/sites\/20\/2023\/03\/GSR-23_Contribution_MinTIC-Colombia_Spanish.pdf\" rel=\"noopener noreferrer\">\n        <div class=\"content\">\n            <div class=\"main ituIcnLnk docList\">\n                <i class=\"fal fa-file\"><\/i><span>pdf<\/span>Colombia MinTIC (Spanish)            <\/div>\n        <\/div>\n    <\/a>\n            <\/div>\n                    <div class=\"ituContainer grid mb1\">\n                    <a class=\"ituCard anim\" data-span=\"6\" style=\"padding: 0.5rem 1rem;\" href=\"https:\/\/www.itu.int\/itu-d\/meetings\/gsr-23\/wp-content\/uploads\/sites\/20\/2023\/04\/GSR-23_Contribution_NTRA-Egypt_FINAL.pdf\" rel=\"noopener noreferrer\">\n        <div class=\"content\">\n            <div class=\"main ituIcnLnk docList\">\n                <i class=\"fal fa-file\"><\/i><span>pdf<\/span>Egypt            <\/div>\n        <\/div>\n    <\/a>\n            <\/div>\n                    <div class=\"ituContainer grid mb1\">\n                    <a class=\"ituCard anim\" data-span=\"6\" style=\"padding: 0.5rem 1rem;\" href=\"https:\/\/www.itu.int\/itu-d\/meetings\/gsr-23\/wp-content\/uploads\/sites\/20\/2023\/04\/GSR-23_Contribution_ARCEP-France_English.pdf\" rel=\"noopener noreferrer\">\n        <div class=\"content\">\n            <div class=\"main ituIcnLnk docList\">\n                <i class=\"fal fa-file\"><\/i><span>pdf<\/span>France (English)            <\/div>\n        <\/div>\n    <\/a>\n            <\/div>\n                    <div class=\"ituContainer grid mb1\">\n                    <a class=\"ituCard anim\" data-span=\"6\" style=\"padding: 0.5rem 1rem;\" href=\"https:\/\/www.itu.int\/itu-d\/meetings\/gsr-23\/wp-content\/uploads\/sites\/20\/2023\/04\/GSR-23_Contribution_ARCEP_French.pdf\" rel=\"noopener noreferrer\">\n        <div class=\"content\">\n            <div class=\"main ituIcnLnk docList\">\n                <i class=\"fal fa-file\"><\/i><span>pdf<\/span>France (French)            <\/div>\n        <\/div>\n    <\/a>\n            <\/div>\n                    <div class=\"ituContainer grid mb1\">\n                    <a class=\"ituCard anim\" data-span=\"6\" style=\"padding: 0.5rem 1rem;\" href=\"https:\/\/www.itu.int\/itu-d\/meetings\/gsr-23\/wp-content\/uploads\/sites\/20\/2023\/03\/GSR-23_Contribution_TRAI-India.pdf\" rel=\"noopener noreferrer\">\n        <div class=\"content\">\n            <div class=\"main ituIcnLnk docList\">\n                <i class=\"fal fa-file\"><\/i><span>pdf<\/span>India            <\/div>\n        <\/div>\n    <\/a>\n            <\/div>\n                    <div class=\"ituContainer grid mb1\">\n                    <a class=\"ituCard anim\" data-span=\"6\" style=\"padding: 0.5rem 1rem;\" href=\"https:\/\/www.itu.int\/itu-d\/meetings\/gsr-23\/wp-content\/uploads\/sites\/20\/2023\/04\/GSR-23_Contribution_IFT-Mexico.pdf\" rel=\"noopener noreferrer\">\n        <div class=\"content\">\n            <div class=\"main ituIcnLnk docList\">\n                <i class=\"fal fa-file\"><\/i><span>pdf<\/span>Mexico            <\/div>\n        <\/div>\n    <\/a>\n            <\/div>\n                    <div class=\"ituContainer grid mb1\">\n                    <a class=\"ituCard anim\" data-span=\"6\" style=\"padding: 0.5rem 1rem;\" href=\"https:\/\/www.itu.int\/itu-d\/meetings\/gsr-23\/wp-content\/uploads\/sites\/20\/2023\/05\/GSR-23_Contribution_Ministry-Telecommunication-information-technology-Palestine.pdf\" rel=\"noopener noreferrer\">\n        <div class=\"content\">\n            <div class=\"main ituIcnLnk docList\">\n                <i class=\"fal fa-file\"><\/i><span>pdf<\/span>Palestine (State of) (Ministry of Telecommunication and Information Technology)            <\/div>\n        <\/div>\n    <\/a>\n            <\/div>\n                    <div class=\"ituContainer grid mb1\">\n                    <a class=\"ituCard anim\" data-span=\"6\" style=\"padding: 0.5rem 1rem;\" href=\"https:\/\/www.itu.int\/itu-d\/meetings\/gsr-23\/wp-content\/uploads\/sites\/20\/2023\/03\/GSR-23_Contribution_CRA-Qatar.pdf\" rel=\"noopener noreferrer\">\n        <div class=\"content\">\n            <div class=\"main ituIcnLnk docList\">\n                <i class=\"fal fa-file\"><\/i><span>pdf<\/span>Qatar            <\/div>\n        <\/div>\n    <\/a>\n            <\/div>\n                    <div class=\"ituContainer grid mb1\">\n                    <a class=\"ituCard anim\" data-span=\"6\" style=\"padding: 0.5rem 1rem;\" href=\"https:\/\/www.itu.int\/itu-d\/meetings\/gsr-23\/wp-content\/uploads\/sites\/20\/2023\/03\/GSR-23_Contribution_CST-Saudi-Arabia.pdf\" rel=\"noopener noreferrer\">\n        <div class=\"content\">\n            <div class=\"main ituIcnLnk docList\">\n                <i class=\"fal fa-file\"><\/i><span>pdf<\/span>Saudi Arabia            <\/div>\n        <\/div>\n    <\/a>\n            <\/div>\n                    <div class=\"ituContainer grid mb1\">\n                    <a class=\"ituCard anim\" data-span=\"6\" style=\"padding: 0.5rem 1rem;\" href=\"https:\/\/www.itu.int\/itu-d\/meetings\/gsr-23\/wp-content\/uploads\/sites\/20\/2023\/03\/GSR-23_Contribution_OFCOM-UK.pdf\" rel=\"noopener noreferrer\">\n        <div class=\"content\">\n            <div class=\"main ituIcnLnk docList\">\n                <i class=\"fal fa-file\"><\/i><span>pdf<\/span>United Kingdom            <\/div>\n        <\/div>\n    <\/a>\n            <\/div>\n                    <div class=\"ituContainer grid mb1\">\n                    <a class=\"ituCard anim\" data-span=\"6\" style=\"padding: 0.5rem 1rem;\" href=\"https:\/\/www.itu.int\/itu-d\/meetings\/gsr-23\/wp-content\/uploads\/sites\/20\/2023\/03\/GSR-23_Contribution_ZICTA-Zambia.pdf\" rel=\"noopener noreferrer\">\n        <div class=\"content\">\n            <div class=\"main ituIcnLnk docList\">\n                <i class=\"fal fa-file\"><\/i><span>pdf<\/span>Zambia            <\/div>\n        <\/div>\n    <\/a>\n            <\/div>\n                    <div class=\"ituContainer grid mb1\">\n                    <a class=\"ituCard anim\" data-span=\"6\" style=\"padding: 0.5rem 1rem;\" href=\"https:\/\/www.itu.int\/itu-d\/meetings\/gsr-23\/wp-content\/uploads\/sites\/20\/2023\/03\/GSR-23_Contribution_POTRAZ-Zimbabwe.pdf\" rel=\"noopener noreferrer\">\n        <div class=\"content\">\n            <div class=\"main ituIcnLnk docList\">\n                <i class=\"fal fa-file\"><\/i><span>pdf<\/span>Zimbabwe            <\/div>\n        <\/div>\n    <\/a>\n            <\/div>\n            <\/section>\n\n\n<div class=\"ituContainer\">\n<h2 class=\"wp-block-heading\">Contributions d&rsquo;organisations r\u00e9gionales et internationales<\/h2>\n<\/div>\n\n    <section>\n            <div class=\"ituContainer\" >\n        <h2 className=\"h3\"><\/h2>\n            <\/div>\n\t\t\t\t\n\t                    <div class=\"ituContainer grid mb1\">\n                    <a class=\"ituCard anim\" data-span=\"6\" style=\"padding: 0.5rem 1rem;\" href=\"https:\/\/www.itu.int\/itu-d\/meetings\/gsr-23\/wp-content\/uploads\/sites\/20\/2023\/03\/GSR-23_Contribution_ICC.pdf\" rel=\"noopener noreferrer\">\n        <div class=\"content\">\n            <div class=\"main ituIcnLnk docList\">\n                <i class=\"fal fa-file\"><\/i><span>pdf<\/span>ICC            <\/div>\n        <\/div>\n    <\/a>\n            <\/div>\n                    <div class=\"ituContainer grid mb1\">\n                    <a class=\"ituCard anim\" data-span=\"6\" style=\"padding: 0.5rem 1rem;\" href=\"https:\/\/www.itu.int\/itu-d\/meetings\/gsr-23\/wp-content\/uploads\/sites\/20\/2023\/05\/GSR-23_Contribution_UNEP.pdf\" rel=\"noopener noreferrer\">\n        <div class=\"content\">\n            <div class=\"main ituIcnLnk docList\">\n                <i class=\"fal fa-file\"><\/i><span>pdf<\/span>UNEP            <\/div>\n        <\/div>\n    <\/a>\n            <\/div>\n                    <div class=\"ituContainer grid mb1\">\n                    <a class=\"ituCard anim\" data-span=\"6\" style=\"padding: 0.5rem 1rem;\" href=\"https:\/\/www.itu.int\/itu-d\/meetings\/gsr-23\/wp-content\/uploads\/sites\/20\/2023\/04\/GSR-23_Contribution_UPU.pdf\" rel=\"noopener noreferrer\">\n        <div class=\"content\">\n            <div class=\"main ituIcnLnk docList\">\n                <i class=\"fal fa-file\"><\/i><span>pdf<\/span>Universal Postal Union            <\/div>\n        <\/div>\n    <\/a>\n            <\/div>\n            <\/section>\n\n\n<div class=\"ituContainer\">\n<h2 class=\"wp-block-heading\">Contributions de la soci\u00e9t\u00e9 civile et du secteur priv\u00e9<\/h2>\n<\/div>\n\n    <section>\n            <div class=\"ituContainer\" >\n        <h2 className=\"h3\"><\/h2>\n            <\/div>\n\t\t\t\t\n\t                    <div class=\"ituContainer grid mb1\">\n                    <a class=\"ituCard anim\" data-span=\"6\" style=\"padding: 0.5rem 1rem;\" href=\"https:\/\/www.itu.int\/itu-d\/meetings\/gsr-23\/wp-content\/uploads\/sites\/20\/2023\/03\/GSR-23_Contribution_APC-LocNet.pdf\" rel=\"noopener noreferrer\">\n        <div class=\"content\">\n            <div class=\"main ituIcnLnk docList\">\n                <i class=\"fal fa-file\"><\/i><span>pdf<\/span>APC LocNet            <\/div>\n        <\/div>\n    <\/a>\n            <\/div>\n                    <div class=\"ituContainer grid mb1\">\n                    <a class=\"ituCard anim\" data-span=\"6\" style=\"padding: 0.5rem 1rem;\" href=\"https:\/\/www.itu.int\/itu-d\/meetings\/gsr-23\/wp-content\/uploads\/sites\/20\/2023\/03\/GSR-23_Contribution_GSOA.pdf\" rel=\"noopener noreferrer\">\n        <div class=\"content\">\n            <div class=\"main ituIcnLnk docList\">\n                <i class=\"fal fa-file\"><\/i><span>pdf<\/span>GSOA            <\/div>\n        <\/div>\n    <\/a>\n            <\/div>\n                    <div class=\"ituContainer grid mb1\">\n                    <a class=\"ituCard anim\" data-span=\"6\" style=\"padding: 0.5rem 1rem;\" href=\"https:\/\/www.itu.int\/itu-d\/meetings\/gsr-23\/wp-content\/uploads\/sites\/20\/2023\/03\/GSR-23_Contribution_Intelsat.pdf\" rel=\"noopener noreferrer\">\n        <div class=\"content\">\n            <div class=\"main ituIcnLnk docList\">\n                <i class=\"fal fa-file\"><\/i><span>pdf<\/span>Intelsat            <\/div>\n        <\/div>\n    <\/a>\n            <\/div>\n                    <div class=\"ituContainer grid mb1\">\n                    <a class=\"ituCard anim\" data-span=\"6\" style=\"padding: 0.5rem 1rem;\" href=\"https:\/\/www.itu.int\/itu-d\/meetings\/gsr-23\/wp-content\/uploads\/sites\/20\/2023\/03\/GSR-23_Contribution_ISOC.pdf\" rel=\"noopener noreferrer\">\n        <div class=\"content\">\n            <div class=\"main ituIcnLnk docList\">\n                <i class=\"fal fa-file\"><\/i><span>pdf<\/span>ISOC            <\/div>\n        <\/div>\n    <\/a>\n            <\/div>\n                    <div class=\"ituContainer grid mb1\">\n                    <a class=\"ituCard anim\" data-span=\"6\" style=\"padding: 0.5rem 1rem;\" href=\"https:\/\/www.itu.int\/itu-d\/meetings\/gsr-23\/wp-content\/uploads\/sites\/20\/2023\/03\/GSR-23_Contribution_Kacific.pdf\" rel=\"noopener noreferrer\">\n        <div class=\"content\">\n            <div class=\"main ituIcnLnk docList\">\n                <i class=\"fal fa-file\"><\/i><span>pdf<\/span>Kacific            <\/div>\n        <\/div>\n    <\/a>\n            <\/div>\n                    <div class=\"ituContainer grid mb1\">\n                    <a class=\"ituCard anim\" data-span=\"6\" style=\"padding: 0.5rem 1rem;\" href=\"https:\/\/www.itu.int\/itu-d\/meetings\/gsr-23\/wp-content\/uploads\/sites\/20\/2023\/03\/GSR-23_Contribution_MTN-Group.pdf\" rel=\"noopener noreferrer\">\n        <div class=\"content\">\n            <div class=\"main ituIcnLnk docList\">\n                <i class=\"fal fa-file\"><\/i><span>pdf<\/span>MTN Group            <\/div>\n        <\/div>\n    <\/a>\n            <\/div>\n                    <div class=\"ituContainer grid mb1\">\n                    <a class=\"ituCard anim\" data-span=\"6\" style=\"padding: 0.5rem 1rem;\" href=\"https:\/\/www.itu.int\/itu-d\/meetings\/gsr-23\/wp-content\/uploads\/sites\/20\/2023\/03\/GSR-23_Contribution_SBA_English.pdf\" rel=\"noopener noreferrer\">\n        <div class=\"content\">\n            <div class=\"main ituIcnLnk docList\">\n                <i class=\"fal fa-file\"><\/i><span>pdf<\/span>SBA (English)            <\/div>\n        <\/div>\n    <\/a>\n            <\/div>\n                    <div class=\"ituContainer grid mb1\">\n                    <a class=\"ituCard anim\" data-span=\"6\" style=\"padding: 0.5rem 1rem;\" href=\"https:\/\/www.itu.int\/itu-d\/meetings\/gsr-23\/wp-content\/uploads\/sites\/20\/2023\/03\/GSR-23_Contribution_SBA_Spanish.pdf\" rel=\"noopener noreferrer\">\n        <div class=\"content\">\n            <div class=\"main ituIcnLnk docList\">\n                <i class=\"fal fa-file\"><\/i><span>pdf<\/span>SBA (Spanish)            <\/div>\n        <\/div>\n    <\/a>\n            <\/div>\n                    <div class=\"ituContainer grid mb1\">\n                    <a class=\"ituCard anim\" data-span=\"6\" style=\"padding: 0.5rem 1rem;\" href=\"https:\/\/www.itu.int\/itu-d\/meetings\/gsr-23\/wp-content\/uploads\/sites\/20\/2023\/03\/GSR-23_Contribution_Telefonica-SA.pdf\" rel=\"noopener noreferrer\">\n        <div class=\"content\">\n            <div class=\"main ituIcnLnk docList\">\n                <i class=\"fal fa-file\"><\/i><span>pdf<\/span>Telefonica (English)            <\/div>\n        <\/div>\n    <\/a>\n            <\/div>\n                    <div class=\"ituContainer grid mb1\">\n                    <a class=\"ituCard anim\" data-span=\"6\" style=\"padding: 0.5rem 1rem;\" href=\"https:\/\/www.itu.int\/itu-d\/meetings\/gsr-23\/wp-content\/uploads\/sites\/20\/2023\/03\/GSR-23_Contribution_Telefonica-SA_Spanish.pdf\" rel=\"noopener noreferrer\">\n        <div class=\"content\">\n            <div class=\"main ituIcnLnk docList\">\n                <i class=\"fal fa-file\"><\/i><span>pdf<\/span>Telefonica (Spanish)            <\/div>\n        <\/div>\n    <\/a>\n            <\/div>\n                    <div class=\"ituContainer grid mb1\">\n                    <a class=\"ituCard anim\" data-span=\"6\" style=\"padding: 0.5rem 1rem;\" href=\"https:\/\/www.itu.int\/itu-d\/meetings\/gsr-23\/wp-content\/uploads\/sites\/20\/2023\/03\/GSR-23_Contribution_Welchman-Keen.pdf\" rel=\"noopener noreferrer\">\n        <div class=\"content\">\n            <div class=\"main ituIcnLnk docList\">\n                <i class=\"fal fa-file\"><\/i><span>pdf<\/span>Welchman Keen            <\/div>\n        <\/div>\n    <\/a>\n            <\/div>\n            <\/section>\n","protected":false},"excerpt":{"rendered":"<p>Cette consultation, qui a pour th\u00e8me g\u00e9n\u00e9ral \u00ab\u00a0Des mesures d&rsquo;incitation r\u00e9glementaires et \u00e9conomiques pour un avenir num\u00e9rique durable et inclusif\u00ab\u00a0, a pour but de recueillir des id\u00e9es, des points de vue et des donn\u00e9es d&rsquo;exp\u00e9rience sur: Lignes directrices sur les meilleures pratiques GSR-23 English,\u00a0\u0639\u0631\u200b\u0628\u200b\u064a,\u00a0\u4e2d\u6587,\u00a0Espa\u00f1ol,\u00a0Fran\u00e7ais,\u00a0\u0420\u0443\u0441\u0441\u043a\u0438\u0439 Consultation Plus d&rsquo;informations dans la lettre d&rsquo;invitationEnglish, \u0639\u0631\u200b\u0628\u200b\u064a, \u4e2d\u200b\u200b\u6587, Espa\u00f1ol, Fran\u00e7ais, [&hellip;]<\/p>\n","protected":false},"author":6,"featured_media":0,"parent":0,"menu_order":1,"comment_status":"closed","ping_status":"closed","template":"","meta":{"_acf_changed":false,"footnotes":""},"class_list":["post-535","page","type-page","status-publish","hentry"],"acf":[],"_links":{"self":[{"href":"https:\/\/www.itu.int\/itu-d\/meetings\/gsr-23\/fr\/wp-json\/wp\/v2\/pages\/535","targetHints":{"allow":["GET"]}}],"collection":[{"href":"https:\/\/www.itu.int\/itu-d\/meetings\/gsr-23\/fr\/wp-json\/wp\/v2\/pages"}],"about":[{"href":"https:\/\/www.itu.int\/itu-d\/meetings\/gsr-23\/fr\/wp-json\/wp\/v2\/types\/page"}],"author":[{"embeddable":true,"href":"https:\/\/www.itu.int\/itu-d\/meetings\/gsr-23\/fr\/wp-json\/wp\/v2\/users\/6"}],"replies":[{"embeddable":true,"href":"https:\/\/www.itu.int\/itu-d\/meetings\/gsr-23\/fr\/wp-json\/wp\/v2\/comments?post=535"}],"version-history":[{"count":0,"href":"https:\/\/www.itu.int\/itu-d\/meetings\/gsr-23\/fr\/wp-json\/wp\/v2\/pages\/535\/revisions"}],"wp:attachment":[{"href":"https:\/\/www.itu.int\/itu-d\/meetings\/gsr-23\/fr\/wp-json\/wp\/v2\/media?parent=535"}],"curies":[{"name":"wp","href":"https:\/\/api.w.org\/{rel}","templated":true}]}}