{"id":1769,"date":"2023-05-31T12:22:43","date_gmt":"2023-05-31T12:22:43","guid":{"rendered":"https:\/\/www.itu.int\/itu-d\/meetings\/gsr-23\/spotlights\/"},"modified":"2023-06-05T13:23:02","modified_gmt":"2023-06-05T13:23:02","slug":"spotlights","status":"publish","type":"page","link":"https:\/\/www.itu.int\/itu-d\/meetings\/gsr-23\/fr\/temps-forts\/spotlights\/","title":{"rendered":"Focus"},"content":{"rendered":"<style>.ituCard.hor .content {padding:1rem !important;}.alignleft{float:left;margin-right:25px}<\/style><div class=\"ituContainer grid\"><a href=\"https:\/\/www.itu.int\/itu-d\/meetings\/gsr-23\/wp-content\/uploads\/sites\/20\/2023\/08\/GSR-23_Chairman-report_Final_Francais.pdf\" data-span=\"6\" ><div class=\"ituCard anim bg hor\" data-span=\"6\"  style=\"overflow:auto !important;\"><img decoding=\"async\" class=\"square\" style=\"object-position: top;object-fit: contain;;max-width:200px;min-height:150px;\" src=\"https:\/\/www.itu.int\/itu-d\/meetings\/gsr-23\/wp-content\/uploads\/sites\/20\/2023\/07\/GSR-Chairman-Report.png\" alt=\"\" \/><div class=\"content\" style=\"overflow:auto !important;;\"><div class=\"main\"  style=\"height:100%; !important;overflow:auto !important;\"><p class=\"title\">GSR-23 Rapport du Pr\u00e9sident<\/p><p><\/p><\/div><\/div><\/div><\/a><a href=\"https:\/\/www.itu.int\/itu-d\/sites\/ra-network\/\" data-span=\"6\" ><div class=\"ituCard anim bg hor\" data-span=\"6\"  style=\"overflow:auto !important;\"><img decoding=\"async\" class=\"square\" style=\"object-position: top;object-fit: contain;;max-width:200px;min-height:150px;\" src=\"https:\/\/www.itu.int\/itu-d\/meetings\/gsr-23\/wp-content\/uploads\/sites\/20\/2023\/06\/DRN_Bannerx200_v2.jpg\" alt=\"\" \/><div class=\"content\" style=\"overflow:auto !important;;\"><div class=\"main\"  style=\"height:100%; !important;overflow:auto !important;\"><p class=\"title\">Digital Collaboration Network (DCN)<\/p><p><!-- wp:paragraph -->\n<p>The Network of Networks on Digital Regulation<\/p>\n<!-- \/wp:paragraph --><\/p><\/div><\/div><\/div><\/a><a href=\"https:\/\/www.itu.int\/itu-d\/meetings\/gsr-23\/wp-content\/uploads\/sites\/20\/2023\/06\/GSR-23_Best-Practice-Guidelines-F.pdf\" data-span=\"6\" ><div class=\"ituCard anim bg hor\" data-span=\"6\"  style=\"overflow:auto !important;\"><img decoding=\"async\" class=\"square\" style=\"object-position: top;object-fit: contain;;max-width:200px;min-height:150px;\" src=\"https:\/\/www.itu.int\/itu-d\/meetings\/gsr-23\/wp-content\/uploads\/sites\/20\/2023\/06\/GSR-23_Best-Practice-Guidelines-Cover_E.png\" alt=\"\" \/><div class=\"content\" style=\"overflow:auto !important;;\"><div class=\"main\"  style=\"height:100%; !important;overflow:auto !important;\"><p class=\"title\">Lignes directrices sur les meilleures pratiques<\/p><p><!-- wp:paragraph {\"translatedWithWPMLTM\":\"1\"} -->\n<p>Des mesures d&rsquo;incitation r\u00e9glementaires et \u00e9conomiques au service d&rsquo;un avenir num\u00e9rique durable et inclusif<\/p>\n<!-- \/wp:paragraph --><\/p><\/div><\/div><\/div><\/a><a href=\"https:\/\/www.itu.int\/pub\/D-PREF-THEM.31-2023\" data-span=\"6\" ><div class=\"ituCard anim bg hor\" data-span=\"6\"  style=\"overflow:auto !important;\"><img decoding=\"async\" class=\"square\" style=\"object-position: top;object-fit: contain;;max-width:200px;min-height:150px;\" src=\"https:\/\/www.itu.int\/itu-d\/meetings\/gsr-23\/wp-content\/uploads\/sites\/20\/2023\/06\/Publication-thumb-00244_Brazil.png\" alt=\"\" \/><div class=\"content\" style=\"overflow:auto !important;;\"><div class=\"main\"  style=\"height:100%; !important;overflow:auto !important;\"><p class=\"title\">Brazil country review: regulation in the digital transformation<\/p><p><\/p><\/div><\/div><\/div><\/a><a href=\"https:\/\/www.itu.int\/pub\/D-PREF-THEM.32-2023\" data-span=\"6\" ><div class=\"ituCard anim bg hor\" data-span=\"6\"  style=\"overflow:auto !important;\"><img decoding=\"async\" class=\"square\" style=\"object-position: top;object-fit: contain;;max-width:200px;min-height:150px;\" src=\"https:\/\/www.itu.int\/itu-d\/meetings\/gsr-23\/wp-content\/uploads\/sites\/20\/2023\/06\/Publication-thumb-Kenya.png\" alt=\"\" \/><div class=\"content\" style=\"overflow:auto !important;;\"><div class=\"main\"  style=\"height:100%; !important;overflow:auto !important;\"><p class=\"title\">Collaborative regulation for digital transformation in Kenya: A  country review<\/p><p><\/p><\/div><\/div><\/div><\/a><a href=\"https:\/\/www.itu.int\/pub\/D-PREF-THEM.27-2023\" data-span=\"6\" ><div class=\"ituCard anim bg hor\" data-span=\"6\"  style=\"overflow:auto !important;\"><img decoding=\"async\" class=\"square\" style=\"object-position: top;object-fit: contain;;max-width:200px;min-height:150px;\" src=\"https:\/\/www.itu.int\/itu-d\/meetings\/gsr-23\/wp-content\/uploads\/sites\/20\/2023\/06\/Publication-thumb-00351_Colombia.png\" alt=\"\" \/><div class=\"content\" style=\"overflow:auto !important;;\"><div class=\"main\"  style=\"height:100%; !important;overflow:auto !important;\"><p class=\"title\">Colombia country review: Regulation at the forefront of digital transformation<\/p><p><\/p><\/div><\/div><\/div><\/a><a href=\"https:\/\/www.itu.int\/pub\/D-PREF-THEM.30-01-2023\" data-span=\"6\" ><div class=\"ituCard anim bg hor\" data-span=\"6\"  style=\"overflow:auto !important;\"><img decoding=\"async\" class=\"square\" style=\"object-position: top;object-fit: contain;;max-width:200px;min-height:150px;\" src=\"https:\/\/www.itu.int\/itu-d\/meetings\/gsr-23\/wp-content\/uploads\/sites\/20\/2023\/06\/Publication-thumb-00666_Egypt-1.png\" alt=\"\" \/><div class=\"content\" style=\"overflow:auto !important;;\"><div class=\"main\"  style=\"height:100%; !important;overflow:auto !important;\"><p class=\"title\">Egypt\u2019s digital transformation and collaborative regulation<\/p><p><\/p><\/div><\/div><\/div><\/a><\/div><div class=\"ituContainer grid\"><\/div>","protected":false},"excerpt":{"rendered":"","protected":false},"author":2,"featured_media":0,"parent":1781,"menu_order":1,"comment_status":"closed","ping_status":"closed","template":"obsolete-templates\/page-submenu.php","meta":{"_acf_changed":false,"footnotes":""},"class_list":["post-1769","page","type-page","status-publish","hentry"],"acf":[],"_links":{"self":[{"href":"https:\/\/www.itu.int\/itu-d\/meetings\/gsr-23\/fr\/wp-json\/wp\/v2\/pages\/1769","targetHints":{"allow":["GET"]}}],"collection":[{"href":"https:\/\/www.itu.int\/itu-d\/meetings\/gsr-23\/fr\/wp-json\/wp\/v2\/pages"}],"about":[{"href":"https:\/\/www.itu.int\/itu-d\/meetings\/gsr-23\/fr\/wp-json\/wp\/v2\/types\/page"}],"author":[{"embeddable":true,"href":"https:\/\/www.itu.int\/itu-d\/meetings\/gsr-23\/fr\/wp-json\/wp\/v2\/users\/2"}],"replies":[{"embeddable":true,"href":"https:\/\/www.itu.int\/itu-d\/meetings\/gsr-23\/fr\/wp-json\/wp\/v2\/comments?post=1769"}],"version-history":[{"count":0,"href":"https:\/\/www.itu.int\/itu-d\/meetings\/gsr-23\/fr\/wp-json\/wp\/v2\/pages\/1769\/revisions"}],"up":[{"embeddable":true,"href":"https:\/\/www.itu.int\/itu-d\/meetings\/gsr-23\/fr\/wp-json\/wp\/v2\/pages\/1781"}],"wp:attachment":[{"href":"https:\/\/www.itu.int\/itu-d\/meetings\/gsr-23\/fr\/wp-json\/wp\/v2\/media?parent=1769"}],"curies":[{"name":"wp","href":"https:\/\/api.w.org\/{rel}","templated":true}]}}