{"id":573,"date":"2023-02-06T12:27:35","date_gmt":"2023-02-06T12:27:35","guid":{"rendered":"https:\/\/www.itu.int\/itu-d\/meetings\/gsr-23\/consulta\/"},"modified":"2023-06-08T09:14:09","modified_gmt":"2023-06-08T09:14:09","slug":"consulta","status":"publish","type":"page","link":"https:\/\/www.itu.int\/itu-d\/meetings\/gsr-23\/es\/consulta\/","title":{"rendered":"Consulta"},"content":{"rendered":"    <section class=\"ituBanner bg smallheight\">\n        <div class=\"bgContainer\">\n            <img src=https:\/\/www.itu.int\/itu-d\/meetings\/gsr-23\/wp-content\/uploads\/sites\/20\/2023\/03\/Banner-GSR-23-x1920-a.jpg alt=\"Background decorative image\" \/>\n            <div class=\"ituContainer grid\">\n                <div class=\"content\" data-span=\"8\">\n                    <div class=\"main\">\n                        <h2 class=\"h1 white\">Consulta<\/h2>\n                    <\/div>\n                    <div class=\"addInfo\"><\/div>\n                <\/div>\n            <\/div>\n        <\/div>\n    <\/section>\n\n\n<div class=\"ituContainer\">\n<p>Con arreglo al tema general \u00ab<strong>Incentivos reglamentarios y econ\u00f3micos para fomentar un futuro digital inclusivo y sostenible<\/strong>\u00ab, la consulta tuvo por objeto recabar propuestas, opiniones y experiencias sobre:<\/p>\n<\/div>\n\n    <section >\n        <div class=\"ituContainer grid\">\n            <div data-span=\"8\">\n                                <div class=\"ituContainer grid\">\n                                            \t<div class=\"ituCard alt\" data-span=\"6\">\n\t\t<div class=\"content\">\n\t\t\t<div class=\"main\">\n\t\t\t\tDefinici\u00f3n de incentivos reglamentarios y econ\u00f3micos que estimulen el despliegue de infraestructuras digitales sostenibles, especialmente en zonas rurales y aisladas\t\t\t<\/div>\n\t\t<\/div>\n\t<\/div>\n                                            \t<div class=\"ituCard alt\" data-span=\"6\">\n\t\t<div class=\"content\">\n\t\t\t<div class=\"main\">\n\t\t\t\tIdentificaci\u00f3n de los incentivos adecuados necesarios para garantizar la introducci\u00f3n de tecnolog\u00edas de la informaci\u00f3n y la comunicaci\u00f3n (TIC) y modelos de negocio emergentes\t\t\t<\/div>\n\t\t<\/div>\n\t<\/div>\n                                    <\/div>\n            <\/div>\n        <\/div>\n    <\/section>\n\n\n<div class=\"ituContainer\">\n<h2 class=\"wp-block-heading\">Directrices de mejores pr\u00e1cticas GSR-23<\/h2>\n<\/div>\n\n<div class=\"ituContainer\">\n<p><a rel=\"noreferrer noopener\" href=\"https:\/\/www.itu.int\/itu-d\/meetings\/gsr-23\/wp-content\/uploads\/sites\/20\/2023\/06\/GSR-23_Best-Practice-Guidelines-E.pdf\" data-type=\"URL\" data-id=\"https:\/\/www.itu.int\/itu-d\/meetings\/gsr-23\/wp-content\/uploads\/sites\/20\/2023\/06\/GSR-23_Best-Practice-Guidelines-E.pdf\" target=\"_blank\">English<\/a>,\u00a0<a rel=\"noreferrer noopener\" href=\"https:\/\/www.itu.int\/itu-d\/meetings\/gsr-23\/wp-content\/uploads\/sites\/20\/2023\/06\/GSR-23_Best-Practice-Guidelines_A.pdf\" data-type=\"URL\" data-id=\"https:\/\/www.itu.int\/itu-d\/meetings\/gsr-23\/wp-content\/uploads\/sites\/20\/2023\/06\/GSR-23_Best-Practice-Guidelines_A.pdf\" target=\"_blank\">\u0639\u0631\u200b\u0628\u200b\u064a<\/a>,\u00a0<a rel=\"noreferrer noopener\" href=\"https:\/\/www.itu.int\/itu-d\/meetings\/gsr-23\/wp-content\/uploads\/sites\/20\/2023\/06\/GSR-23_Best-Practice-Guidelines-C.pdf\" data-type=\"URL\" data-id=\"https:\/\/www.itu.int\/itu-d\/meetings\/gsr-23\/wp-content\/uploads\/sites\/20\/2023\/06\/GSR-23_Best-Practice-Guidelines-C.pdf\" target=\"_blank\">\u4e2d\u6587<\/a>,\u00a0<a rel=\"noreferrer noopener\" href=\"https:\/\/www.itu.int\/itu-d\/meetings\/gsr-23\/wp-content\/uploads\/sites\/20\/2023\/06\/GSR-23_Best-Practice-Guidelines-S.pdf\" data-type=\"URL\" data-id=\"https:\/\/www.itu.int\/itu-d\/meetings\/gsr-23\/wp-content\/uploads\/sites\/20\/2023\/06\/GSR-23_Best-Practice-Guidelines-S.pdf\" target=\"_blank\">Espa\u00f1ol<\/a>,\u00a0<a rel=\"noreferrer noopener\" href=\"https:\/\/www.itu.int\/itu-d\/meetings\/gsr-23\/wp-content\/uploads\/sites\/20\/2023\/06\/GSR-23_Best-Practice-Guidelines-F.pdf\" data-type=\"URL\" data-id=\"https:\/\/www.itu.int\/itu-d\/meetings\/gsr-23\/wp-content\/uploads\/sites\/20\/2023\/06\/GSR-23_Best-Practice-Guidelines-F.pdf\" target=\"_blank\">Fran\u00e7ais<\/a>,\u00a0<a href=\"https:\/\/www.itu.int\/itu-d\/meetings\/gsr-23\/wp-content\/uploads\/sites\/20\/2023\/06\/GSR-23_Best-Practice-Guidelines-R.pdf\" data-type=\"URL\" data-id=\"https:\/\/www.itu.int\/itu-d\/meetings\/gsr-23\/wp-content\/uploads\/sites\/20\/2023\/06\/GSR-23_Best-Practice-Guidelines-R.pdf\" target=\"_blank\" rel=\"noreferrer noopener\">\u0420\u0443\u0441\u0441\u043a\u0438\u0439<\/a><\/p>\n<\/div>\n\n<div class=\"ituContainer\">\n<hr class=\"wp-block-separator has-alpha-channel-opacity\" \/>\n<\/div>\n\n<div class=\"ituContainer\">\n<h2 class=\"wp-block-heading\"><strong>Consulta<\/strong><\/h2>\n<\/div>\n\n<div class=\"ituContainer\">\n<p>M\u00e1s informaci\u00f3n en la carta de invitaci\u00f3n:<br><a href=\"https:\/\/www.itu.int\/itu-d\/meetings\/gsr-23\/wp-content\/uploads\/sites\/20\/2023\/03\/GSR-23_Invitation-letter_English.pdf\">English<\/a>, <a href=\"https:\/\/www.itu.int\/itu-d\/meetings\/gsr-23\/wp-content\/uploads\/sites\/20\/2023\/03\/GSR-23_Invitation-Letter_Arabic-1.pdf\">\u0639\u0631\u200b\u0628\u200b\u064a<\/a>, <a href=\"https:\/\/www.itu.int\/itu-d\/meetings\/gsr-23\/wp-content\/uploads\/sites\/20\/2023\/03\/GSR-23_Invitation-Letter_Chinese.pdf\">\u4e2d\u200b\u200b\u6587<\/a>, <a href=\"https:\/\/www.itu.int\/itu-d\/meetings\/gsr-23\/wp-content\/uploads\/sites\/20\/2023\/03\/GSR-23_Invitation-Letter_Spanish.pdf\">Espa\u00f1ol<\/a>, <a href=\"https:\/\/www.itu.int\/itu-d\/meetings\/gsr-23\/wp-content\/uploads\/sites\/20\/2023\/03\/GSR-23_Invitation-Letter_French.pdf\">Fran\u00e7ais<\/a>, <a href=\"https:\/\/www.itu.int\/itu-d\/meetings\/gsr-23\/wp-content\/uploads\/sites\/20\/2023\/03\/GSR-23_Invitation-Letter_Russian.pdf\">\u0420\u0443\u0441\u0441\u200b\u043a\u200b\u0438\u0439<\/a>\u200b\u200b\u200b<\/p>\n<\/div>\n\n<div class=\"ituContainer\">\n<h2 class=\"wp-block-heading\">Contribuciones de los responsables de organizaci\u00f3n de pol\u00edticas y de los reguladores<\/h2>\n<\/div>\n\n    <section>\n            <div class=\"ituContainer\" >\n        <h2 className=\"h3\"><\/h2>\n            <\/div>\n\t\t\t\t\n\t                    <div class=\"ituContainer grid mb1\">\n                    <a class=\"ituCard anim\" data-span=\"6\" style=\"padding: 0.5rem 1rem;\" href=\"https:\/\/www.itu.int\/itu-d\/meetings\/gsr-23\/wp-content\/uploads\/sites\/20\/2023\/04\/GSR-23_Contribution_ANATEL-Brasil.pdf\" rel=\"noopener noreferrer\">\n        <div class=\"content\">\n            <div class=\"main ituIcnLnk docList\">\n                <i class=\"fal fa-file\"><\/i><span>pdf<\/span>Brazil            <\/div>\n        <\/div>\n    <\/a>\n            <\/div>\n                    <div class=\"ituContainer grid mb1\">\n                    <a class=\"ituCard anim\" data-span=\"6\" style=\"padding: 0.5rem 1rem;\" href=\"https:\/\/www.itu.int\/itu-d\/meetings\/gsr-23\/wp-content\/uploads\/sites\/20\/2023\/03\/GSR-23_Contribution_CRC-Colombia_English.pdf\" rel=\"noopener noreferrer\">\n        <div class=\"content\">\n            <div class=\"main ituIcnLnk docList\">\n                <i class=\"fal fa-file\"><\/i><span>pdf<\/span>Colombia (English)            <\/div>\n        <\/div>\n    <\/a>\n            <\/div>\n                    <div class=\"ituContainer grid mb1\">\n                    <a class=\"ituCard anim\" data-span=\"6\" style=\"padding: 0.5rem 1rem;\" href=\"https:\/\/www.itu.int\/itu-d\/meetings\/gsr-23\/wp-content\/uploads\/sites\/20\/2023\/03\/GSR-23_Contribution_CRC-Colombia_Spanish.pdf\" rel=\"noopener noreferrer\">\n        <div class=\"content\">\n            <div class=\"main ituIcnLnk docList\">\n                <i class=\"fal fa-file\"><\/i><span>pdf<\/span>Colombia (Spanish)            <\/div>\n        <\/div>\n    <\/a>\n            <\/div>\n                    <div class=\"ituContainer grid mb1\">\n                    <a class=\"ituCard anim\" data-span=\"6\" style=\"padding: 0.5rem 1rem;\" href=\"https:\/\/www.itu.int\/itu-d\/meetings\/gsr-23\/wp-content\/uploads\/sites\/20\/2023\/04\/GSR-23_Contribution_MinTIC-Colombia_English.pdf\" rel=\"noopener noreferrer\">\n        <div class=\"content\">\n            <div class=\"main ituIcnLnk docList\">\n                <i class=\"fal fa-file\"><\/i><span>pdf<\/span>Colombia MinTIC (English)            <\/div>\n        <\/div>\n    <\/a>\n            <\/div>\n                    <div class=\"ituContainer grid mb1\">\n                    <a class=\"ituCard anim\" data-span=\"6\" style=\"padding: 0.5rem 1rem;\" href=\"https:\/\/www.itu.int\/itu-d\/meetings\/gsr-23\/wp-content\/uploads\/sites\/20\/2023\/03\/GSR-23_Contribution_MinTIC-Colombia_Spanish.pdf\" rel=\"noopener noreferrer\">\n        <div class=\"content\">\n            <div class=\"main ituIcnLnk docList\">\n                <i class=\"fal fa-file\"><\/i><span>pdf<\/span>Colombia MinTIC (Spanish)            <\/div>\n        <\/div>\n    <\/a>\n            <\/div>\n                    <div class=\"ituContainer grid mb1\">\n                    <a class=\"ituCard anim\" data-span=\"6\" style=\"padding: 0.5rem 1rem;\" href=\"https:\/\/www.itu.int\/itu-d\/meetings\/gsr-23\/wp-content\/uploads\/sites\/20\/2023\/04\/GSR-23_Contribution_NTRA-Egypt_FINAL.pdf\" rel=\"noopener noreferrer\">\n        <div class=\"content\">\n            <div class=\"main ituIcnLnk docList\">\n                <i class=\"fal fa-file\"><\/i><span>pdf<\/span>Egypt            <\/div>\n        <\/div>\n    <\/a>\n            <\/div>\n                    <div class=\"ituContainer grid mb1\">\n                    <a class=\"ituCard anim\" data-span=\"6\" style=\"padding: 0.5rem 1rem;\" href=\"https:\/\/www.itu.int\/itu-d\/meetings\/gsr-23\/wp-content\/uploads\/sites\/20\/2023\/04\/GSR-23_Contribution_ARCEP-France_English.pdf\" rel=\"noopener noreferrer\">\n        <div class=\"content\">\n            <div class=\"main ituIcnLnk docList\">\n                <i class=\"fal fa-file\"><\/i><span>pdf<\/span>France (English)            <\/div>\n        <\/div>\n    <\/a>\n            <\/div>\n                    <div class=\"ituContainer grid mb1\">\n                    <a class=\"ituCard anim\" data-span=\"6\" style=\"padding: 0.5rem 1rem;\" href=\"https:\/\/www.itu.int\/itu-d\/meetings\/gsr-23\/wp-content\/uploads\/sites\/20\/2023\/04\/GSR-23_Contribution_ARCEP_French.pdf\" rel=\"noopener noreferrer\">\n        <div class=\"content\">\n            <div class=\"main ituIcnLnk docList\">\n                <i class=\"fal fa-file\"><\/i><span>pdf<\/span>France (French)            <\/div>\n        <\/div>\n    <\/a>\n            <\/div>\n                    <div class=\"ituContainer grid mb1\">\n                    <a class=\"ituCard anim\" data-span=\"6\" style=\"padding: 0.5rem 1rem;\" href=\"https:\/\/www.itu.int\/itu-d\/meetings\/gsr-23\/wp-content\/uploads\/sites\/20\/2023\/03\/GSR-23_Contribution_TRAI-India.pdf\" rel=\"noopener noreferrer\">\n        <div class=\"content\">\n            <div class=\"main ituIcnLnk docList\">\n                <i class=\"fal fa-file\"><\/i><span>pdf<\/span>India            <\/div>\n        <\/div>\n    <\/a>\n            <\/div>\n                    <div class=\"ituContainer grid mb1\">\n                    <a class=\"ituCard anim\" data-span=\"6\" style=\"padding: 0.5rem 1rem;\" href=\"https:\/\/www.itu.int\/itu-d\/meetings\/gsr-23\/wp-content\/uploads\/sites\/20\/2023\/04\/GSR-23_Contribution_IFT-Mexico.pdf\" rel=\"noopener noreferrer\">\n        <div class=\"content\">\n            <div class=\"main ituIcnLnk docList\">\n                <i class=\"fal fa-file\"><\/i><span>pdf<\/span>Mexico            <\/div>\n        <\/div>\n    <\/a>\n            <\/div>\n                    <div class=\"ituContainer grid mb1\">\n                    <a class=\"ituCard anim\" data-span=\"6\" style=\"padding: 0.5rem 1rem;\" href=\"https:\/\/www.itu.int\/itu-d\/meetings\/gsr-23\/wp-content\/uploads\/sites\/20\/2023\/05\/GSR-23_Contribution_Ministry-Telecommunication-information-technology-Palestine.pdf\" rel=\"noopener noreferrer\">\n        <div class=\"content\">\n            <div class=\"main ituIcnLnk docList\">\n                <i class=\"fal fa-file\"><\/i><span>pdf<\/span>Palestine (State of) (Ministry of Telecommunication and Information Technology)            <\/div>\n        <\/div>\n    <\/a>\n            <\/div>\n                    <div class=\"ituContainer grid mb1\">\n                    <a class=\"ituCard anim\" data-span=\"6\" style=\"padding: 0.5rem 1rem;\" href=\"https:\/\/www.itu.int\/itu-d\/meetings\/gsr-23\/wp-content\/uploads\/sites\/20\/2023\/03\/GSR-23_Contribution_CRA-Qatar.pdf\" rel=\"noopener noreferrer\">\n        <div class=\"content\">\n            <div class=\"main ituIcnLnk docList\">\n                <i class=\"fal fa-file\"><\/i><span>pdf<\/span>Qatar            <\/div>\n        <\/div>\n    <\/a>\n            <\/div>\n                    <div class=\"ituContainer grid mb1\">\n                    <a class=\"ituCard anim\" data-span=\"6\" style=\"padding: 0.5rem 1rem;\" href=\"https:\/\/www.itu.int\/itu-d\/meetings\/gsr-23\/wp-content\/uploads\/sites\/20\/2023\/03\/GSR-23_Contribution_CST-Saudi-Arabia.pdf\" rel=\"noopener noreferrer\">\n        <div class=\"content\">\n            <div class=\"main ituIcnLnk docList\">\n                <i class=\"fal fa-file\"><\/i><span>pdf<\/span>Saudi Arabia            <\/div>\n        <\/div>\n    <\/a>\n            <\/div>\n                    <div class=\"ituContainer grid mb1\">\n                    <a class=\"ituCard anim\" data-span=\"6\" style=\"padding: 0.5rem 1rem;\" href=\"https:\/\/www.itu.int\/itu-d\/meetings\/gsr-23\/wp-content\/uploads\/sites\/20\/2023\/03\/GSR-23_Contribution_OFCOM-UK.pdf\" rel=\"noopener noreferrer\">\n        <div class=\"content\">\n            <div class=\"main ituIcnLnk docList\">\n                <i class=\"fal fa-file\"><\/i><span>pdf<\/span>United Kingdom            <\/div>\n        <\/div>\n    <\/a>\n            <\/div>\n                    <div class=\"ituContainer grid mb1\">\n                    <a class=\"ituCard anim\" data-span=\"6\" style=\"padding: 0.5rem 1rem;\" href=\"https:\/\/www.itu.int\/itu-d\/meetings\/gsr-23\/wp-content\/uploads\/sites\/20\/2023\/03\/GSR-23_Contribution_ZICTA-Zambia.pdf\" rel=\"noopener noreferrer\">\n        <div class=\"content\">\n            <div class=\"main ituIcnLnk docList\">\n                <i class=\"fal fa-file\"><\/i><span>pdf<\/span>Zambia            <\/div>\n        <\/div>\n    <\/a>\n            <\/div>\n                    <div class=\"ituContainer grid mb1\">\n                    <a class=\"ituCard anim\" data-span=\"6\" style=\"padding: 0.5rem 1rem;\" href=\"https:\/\/www.itu.int\/itu-d\/meetings\/gsr-23\/wp-content\/uploads\/sites\/20\/2023\/03\/GSR-23_Contribution_POTRAZ-Zimbabwe.pdf\" rel=\"noopener noreferrer\">\n        <div class=\"content\">\n            <div class=\"main ituIcnLnk docList\">\n                <i class=\"fal fa-file\"><\/i><span>pdf<\/span>Zimbabwe            <\/div>\n        <\/div>\n    <\/a>\n            <\/div>\n            <\/section>\n\n\n<div class=\"ituContainer\">\n<h2 class=\"wp-block-heading\">Contribuciones de organizaciones regionales o internacionales<\/h2>\n<\/div>\n\n    <section>\n            <div class=\"ituContainer\" >\n        <h2 className=\"h3\"><\/h2>\n            <\/div>\n\t\t\t\t\n\t                    <div class=\"ituContainer grid mb1\">\n                    <a class=\"ituCard anim\" data-span=\"6\" style=\"padding: 0.5rem 1rem;\" href=\"https:\/\/www.itu.int\/itu-d\/meetings\/gsr-23\/wp-content\/uploads\/sites\/20\/2023\/03\/GSR-23_Contribution_ICC.pdf\" rel=\"noopener noreferrer\">\n        <div class=\"content\">\n            <div class=\"main ituIcnLnk docList\">\n                <i class=\"fal fa-file\"><\/i><span>pdf<\/span>ICC            <\/div>\n        <\/div>\n    <\/a>\n            <\/div>\n                    <div class=\"ituContainer grid mb1\">\n                    <a class=\"ituCard anim\" data-span=\"6\" style=\"padding: 0.5rem 1rem;\" href=\"https:\/\/www.itu.int\/itu-d\/meetings\/gsr-23\/wp-content\/uploads\/sites\/20\/2023\/05\/GSR-23_Contribution_UNEP.pdf\" rel=\"noopener noreferrer\">\n        <div class=\"content\">\n            <div class=\"main ituIcnLnk docList\">\n                <i class=\"fal fa-file\"><\/i><span>pdf<\/span>UNEP            <\/div>\n        <\/div>\n    <\/a>\n            <\/div>\n                    <div class=\"ituContainer grid mb1\">\n                    <a class=\"ituCard anim\" data-span=\"6\" style=\"padding: 0.5rem 1rem;\" href=\"https:\/\/www.itu.int\/itu-d\/meetings\/gsr-23\/wp-content\/uploads\/sites\/20\/2023\/04\/GSR-23_Contribution_UPU.pdf\" rel=\"noopener noreferrer\">\n        <div class=\"content\">\n            <div class=\"main ituIcnLnk docList\">\n                <i class=\"fal fa-file\"><\/i><span>pdf<\/span>Universal Postal Union            <\/div>\n        <\/div>\n    <\/a>\n            <\/div>\n            <\/section>\n\n\n<div class=\"ituContainer\">\n<h2 class=\"wp-block-heading\">Contribuciones de la sociedad civil y del sector privado<\/h2>\n<\/div>\n\n    <section>\n            <div class=\"ituContainer\" >\n        <h2 className=\"h3\"><\/h2>\n            <\/div>\n\t\t\t\t\n\t                    <div class=\"ituContainer grid mb1\">\n                    <a class=\"ituCard anim\" data-span=\"6\" style=\"padding: 0.5rem 1rem;\" href=\"https:\/\/www.itu.int\/itu-d\/meetings\/gsr-23\/wp-content\/uploads\/sites\/20\/2023\/03\/GSR-23_Contribution_APC-LocNet.pdf\" rel=\"noopener noreferrer\">\n        <div class=\"content\">\n            <div class=\"main ituIcnLnk docList\">\n                <i class=\"fal fa-file\"><\/i><span>pdf<\/span>APC LocNet            <\/div>\n        <\/div>\n    <\/a>\n            <\/div>\n                    <div class=\"ituContainer grid mb1\">\n                    <a class=\"ituCard anim\" data-span=\"6\" style=\"padding: 0.5rem 1rem;\" href=\"https:\/\/www.itu.int\/itu-d\/meetings\/gsr-23\/wp-content\/uploads\/sites\/20\/2023\/03\/GSR-23_Contribution_GSOA.pdf\" rel=\"noopener noreferrer\">\n        <div class=\"content\">\n            <div class=\"main ituIcnLnk docList\">\n                <i class=\"fal fa-file\"><\/i><span>pdf<\/span>GSOA            <\/div>\n        <\/div>\n    <\/a>\n            <\/div>\n                    <div class=\"ituContainer grid mb1\">\n                    <a class=\"ituCard anim\" data-span=\"6\" style=\"padding: 0.5rem 1rem;\" href=\"https:\/\/www.itu.int\/itu-d\/meetings\/gsr-23\/wp-content\/uploads\/sites\/20\/2023\/03\/GSR-23_Contribution_Intelsat.pdf\" rel=\"noopener noreferrer\">\n        <div class=\"content\">\n            <div class=\"main ituIcnLnk docList\">\n                <i class=\"fal fa-file\"><\/i><span>pdf<\/span>Intelsat            <\/div>\n        <\/div>\n    <\/a>\n            <\/div>\n                    <div class=\"ituContainer grid mb1\">\n                    <a class=\"ituCard anim\" data-span=\"6\" style=\"padding: 0.5rem 1rem;\" href=\"https:\/\/www.itu.int\/itu-d\/meetings\/gsr-23\/wp-content\/uploads\/sites\/20\/2023\/03\/GSR-23_Contribution_ISOC.pdf\" rel=\"noopener noreferrer\">\n        <div class=\"content\">\n            <div class=\"main ituIcnLnk docList\">\n                <i class=\"fal fa-file\"><\/i><span>pdf<\/span>ISOC            <\/div>\n        <\/div>\n    <\/a>\n            <\/div>\n                    <div class=\"ituContainer grid mb1\">\n                    <a class=\"ituCard anim\" data-span=\"6\" style=\"padding: 0.5rem 1rem;\" href=\"https:\/\/www.itu.int\/itu-d\/meetings\/gsr-23\/wp-content\/uploads\/sites\/20\/2023\/03\/GSR-23_Contribution_Kacific.pdf\" rel=\"noopener noreferrer\">\n        <div class=\"content\">\n            <div class=\"main ituIcnLnk docList\">\n                <i class=\"fal fa-file\"><\/i><span>pdf<\/span>Kacific            <\/div>\n        <\/div>\n    <\/a>\n            <\/div>\n                    <div class=\"ituContainer grid mb1\">\n                    <a class=\"ituCard anim\" data-span=\"6\" style=\"padding: 0.5rem 1rem;\" href=\"https:\/\/www.itu.int\/itu-d\/meetings\/gsr-23\/wp-content\/uploads\/sites\/20\/2023\/03\/GSR-23_Contribution_MTN-Group.pdf\" rel=\"noopener noreferrer\">\n        <div class=\"content\">\n            <div class=\"main ituIcnLnk docList\">\n                <i class=\"fal fa-file\"><\/i><span>pdf<\/span>MTN Group            <\/div>\n        <\/div>\n    <\/a>\n            <\/div>\n                    <div class=\"ituContainer grid mb1\">\n                    <a class=\"ituCard anim\" data-span=\"6\" style=\"padding: 0.5rem 1rem;\" href=\"https:\/\/www.itu.int\/itu-d\/meetings\/gsr-23\/wp-content\/uploads\/sites\/20\/2023\/03\/GSR-23_Contribution_SBA_English.pdf\" rel=\"noopener noreferrer\">\n        <div class=\"content\">\n            <div class=\"main ituIcnLnk docList\">\n                <i class=\"fal fa-file\"><\/i><span>pdf<\/span>SBA (English)            <\/div>\n        <\/div>\n    <\/a>\n            <\/div>\n                    <div class=\"ituContainer grid mb1\">\n                    <a class=\"ituCard anim\" data-span=\"6\" style=\"padding: 0.5rem 1rem;\" href=\"https:\/\/www.itu.int\/itu-d\/meetings\/gsr-23\/wp-content\/uploads\/sites\/20\/2023\/03\/GSR-23_Contribution_SBA_Spanish.pdf\" rel=\"noopener noreferrer\">\n        <div class=\"content\">\n            <div class=\"main ituIcnLnk docList\">\n                <i class=\"fal fa-file\"><\/i><span>pdf<\/span>SBA (Spanish)            <\/div>\n        <\/div>\n    <\/a>\n            <\/div>\n                    <div class=\"ituContainer grid mb1\">\n                    <a class=\"ituCard anim\" data-span=\"6\" style=\"padding: 0.5rem 1rem;\" href=\"https:\/\/www.itu.int\/itu-d\/meetings\/gsr-23\/wp-content\/uploads\/sites\/20\/2023\/03\/GSR-23_Contribution_Telefonica-SA.pdf\" rel=\"noopener noreferrer\">\n        <div class=\"content\">\n            <div class=\"main ituIcnLnk docList\">\n                <i class=\"fal fa-file\"><\/i><span>pdf<\/span>Telefonica (English)            <\/div>\n        <\/div>\n    <\/a>\n            <\/div>\n                    <div class=\"ituContainer grid mb1\">\n                    <a class=\"ituCard anim\" data-span=\"6\" style=\"padding: 0.5rem 1rem;\" href=\"https:\/\/www.itu.int\/itu-d\/meetings\/gsr-23\/wp-content\/uploads\/sites\/20\/2023\/03\/GSR-23_Contribution_Telefonica-SA_Spanish.pdf\" rel=\"noopener noreferrer\">\n        <div class=\"content\">\n            <div class=\"main ituIcnLnk docList\">\n                <i class=\"fal fa-file\"><\/i><span>pdf<\/span>Telefonica (Spanish)            <\/div>\n        <\/div>\n    <\/a>\n            <\/div>\n                    <div class=\"ituContainer grid mb1\">\n                    <a class=\"ituCard anim\" data-span=\"6\" style=\"padding: 0.5rem 1rem;\" href=\"https:\/\/www.itu.int\/itu-d\/meetings\/gsr-23\/wp-content\/uploads\/sites\/20\/2023\/03\/GSR-23_Contribution_Welchman-Keen.pdf\" rel=\"noopener noreferrer\">\n        <div class=\"content\">\n            <div class=\"main ituIcnLnk docList\">\n                <i class=\"fal fa-file\"><\/i><span>pdf<\/span>Welchman Keen            <\/div>\n        <\/div>\n    <\/a>\n            <\/div>\n            <\/section>\n","protected":false},"excerpt":{"rendered":"<p>Con arreglo al tema general \u00abIncentivos reglamentarios y econ\u00f3micos para fomentar un futuro digital inclusivo y sostenible\u00ab, la consulta tuvo por objeto recabar propuestas, opiniones y experiencias sobre: Directrices de mejores pr\u00e1cticas GSR-23 English,\u00a0\u0639\u0631\u200b\u0628\u200b\u064a,\u00a0\u4e2d\u6587,\u00a0Espa\u00f1ol,\u00a0Fran\u00e7ais,\u00a0\u0420\u0443\u0441\u0441\u043a\u0438\u0439 Consulta M\u00e1s informaci\u00f3n en la carta de invitaci\u00f3n:English, \u0639\u0631\u200b\u0628\u200b\u064a, \u4e2d\u200b\u200b\u6587, Espa\u00f1ol, Fran\u00e7ais, \u0420\u0443\u0441\u0441\u200b\u043a\u200b\u0438\u0439\u200b\u200b\u200b Contribuciones de los responsables de organizaci\u00f3n de pol\u00edticas [&hellip;]<\/p>\n","protected":false},"author":6,"featured_media":0,"parent":0,"menu_order":1,"comment_status":"closed","ping_status":"closed","template":"","meta":{"_acf_changed":false,"footnotes":""},"class_list":["post-573","page","type-page","status-publish","hentry"],"acf":[],"_links":{"self":[{"href":"https:\/\/www.itu.int\/itu-d\/meetings\/gsr-23\/es\/wp-json\/wp\/v2\/pages\/573","targetHints":{"allow":["GET"]}}],"collection":[{"href":"https:\/\/www.itu.int\/itu-d\/meetings\/gsr-23\/es\/wp-json\/wp\/v2\/pages"}],"about":[{"href":"https:\/\/www.itu.int\/itu-d\/meetings\/gsr-23\/es\/wp-json\/wp\/v2\/types\/page"}],"author":[{"embeddable":true,"href":"https:\/\/www.itu.int\/itu-d\/meetings\/gsr-23\/es\/wp-json\/wp\/v2\/users\/6"}],"replies":[{"embeddable":true,"href":"https:\/\/www.itu.int\/itu-d\/meetings\/gsr-23\/es\/wp-json\/wp\/v2\/comments?post=573"}],"version-history":[{"count":0,"href":"https:\/\/www.itu.int\/itu-d\/meetings\/gsr-23\/es\/wp-json\/wp\/v2\/pages\/573\/revisions"}],"wp:attachment":[{"href":"https:\/\/www.itu.int\/itu-d\/meetings\/gsr-23\/es\/wp-json\/wp\/v2\/media?parent=573"}],"curies":[{"name":"wp","href":"https:\/\/api.w.org\/{rel}","templated":true}]}}