{"id":988,"date":"2024-10-29T12:54:55","date_gmt":"2024-10-29T12:54:55","guid":{"rendered":"https:\/\/www.itu.int\/initiatives\/green-digital-action\/?page_id=988"},"modified":"2025-01-20T13:57:36","modified_gmt":"2025-01-20T13:57:36","slug":"green-digital-action-roundtable","status":"publish","type":"page","link":"https:\/\/www.itu.int\/initiatives\/green-digital-action\/events\/all\/cop29\/green-digital-action-roundtable\/","title":{"rendered":"Green Digital Action Roundtable"},"content":{"rendered":"<div class=\"ituContainer\">\n<figure class=\"wp-block-embed is-type-video is-provider-youtube wp-block-embed-youtube wp-embed-aspect-16-9 wp-has-aspect-ratio\"><div class=\"wp-block-embed__wrapper\">\n<iframe loading=\"lazy\" title=\"High Level Roundtable on Green Digital Action @COP29, Baku, Azerbaijan\" width=\"500\" height=\"281\" src=\"https:\/\/www.youtube.com\/embed\/E5S8A2Lvwus?feature=oembed\" frameborder=\"0\" allow=\"accelerometer; autoplay; clipboard-write; encrypted-media; gyroscope; picture-in-picture; web-share\" referrerpolicy=\"strict-origin-when-cross-origin\" allowfullscreen><\/iframe>\n<\/div><\/figure>\n<\/div>\n\n    <section>\n    <div class=\"text-section\">\n        <div class=\"ituContainer grid\">\n                                        <div class=\"text-section-left\" data-span=\"8\">\n                        <h2 class=\"h3\">\n            <\/h2>\n                        <h3 class=\"h5\">\n        November 16, 2024, 9:00-11:00<br>Special Events Room 2 (Mugham)    <\/h3>\n                        <p>\n        <strong>High-level meeting and launch of Declaration on Green Digital Action<\/strong><br><em>Objectives<\/em><br>\u2022Integrating digital innovation into climate strategies.<br>\u2022Addressing the environmental impacts of digitalization.<br>\u2022Setting the stage for future collaborations to align digital transformation with global climate goals.<br><br><strong>Welcome and opening remarks<\/strong><br>H.E. Mr. Rashad Nabiyev, Minister of Digital Development and Transport of the Republic of Azerbaijan<br>H.E. Ms. Doreen Bogdan Martin, Secretary General of the International Telecommunication Union<br>H.E. Ms. Nigar Arpadarai, Climate Change High-Level Champion for COP29<br><br><strong>Roundtable <\/strong><br><em>Moderator<\/em><br>Mr. Tomas Lamanauskas, Deputy Secretary-General of the International Telecommunication Union<br><br><em>Speakers (speaking order may differ from the below list)<\/em><br><strong>COP29 President <\/strong>| Mr. Mukhtar Babayev, Minister of Ecology and Natural Resources<br><strong>COP29 Presidency <\/strong>| Mr. Yalchin Rafiyev, COP29 Chief Negotiator<br><strong>Azerbaijan<\/strong> | Mr. Vusal Shikhaliyev, Head of the Department of Economic Policy and Industrial Affairs of the Presidential Administration <br><strong>Brazil <\/strong>| Mr. Alexandre Freire, Commissioner, Member of the Board of Directors of the Brazilian National Telecommunications Agency (ANATEL)<br><strong>China <\/strong>| Ding Zhijun, Deputy Director, Energy Conservation and Resources Utilization, MIIT<br><strong>Egypt<\/strong>| Ms. Hoda Baraka, Advisor to Minister of Communications and IT<br><strong>Estonia <\/strong>| H.E. Ms. Katrin Saarsalu-Layachi, Climate and Energy Ambassador of Estonia<br><strong>Japan <\/strong>| Eigo Nomura, Director-General for International Affairs, Global Strategy Bureau, Ministry of Internal Affairs and Communications of Japan<br><strong>Kazakhstan<\/strong> | H.E. Mr. Tuleushin Kanysh, First Vice Minister of the Ministry of Digital Development, Innovation and Aerospace Industry of the Republic of Kazakhstan<br><strong>Lithuania <\/strong>| H.E. Dr. Agn\u0117 Vaiciukevi\u010di\u016bt\u0117, Vice Minister of Transport and Communications of Lithuania <br><strong>Pakistan <\/strong>| Aisha Humera Moriani, Secretary, Ministry of Climate Change and Environmental Coordination of Pakistan<br><strong>Romania <\/strong>| Adrian-Viorel Dragomir, General Secretary, Ministry of Research, Innovation and Digitalization of Romania<br><strong>Somalia <\/strong>| Mustafa Yasin Sheikh, General Manager, National Communications Authority of Somalia<br><strong>St. Kitts and Nevis <\/strong>| H.E. Konris Maynard, Minister of Public Infrastructure, Energy and Utilities, Domestic Transport, Information, Communication and Technology and Posts of St. Kitts and Nevis <br><strong>T\u00fcrkiye <\/strong>| H.E. Dr. Omer Fatih Sayan, Vice Minister of Transport and Infrastructure of T\u00fcrkiye<br><strong>T\u00fcrkiye <\/strong>| H.E. Mr. Muhammet Kas\u0131m G\u00f6n\u00fcll\u00fc, Deputy Minister of Industry and Technology of T\u00fcrkiye<br><strong>Uganda<\/strong> | Fred Otunnu, Director of Corporate Affairs at the Uganda Communications Commission<br><strong>Uzbekistan <\/strong>| H.E Sherzod Shermatov, Minister of Digital Technologies of the Republic of Uzbekistan <br><strong>EU <\/strong>| Anthony Agotha, Special Envoy for Climate and Environment<br><strong>IAEA <\/strong>| Najat Mokhtar, Deputy Director General of the International Atomic Energy Agency<br><strong>UNCTAD <\/strong>| Rebeca Grynspan, Secretary-General of the UN Trade and Development<br><strong>UNDP <\/strong>| Steliana Nedera, Manager of the Istanbul Regional Hub<br><strong>UNECE <\/strong>| Tatiana Molcean, Executive Secretary of the United Nations Economic Commission for Europe<br><strong>UNEP <\/strong>| Inger Andersen, Executive Director of the United Nations Environment Programme<br><strong>UNESCAP <\/strong>| Armida Salsiah Alisjahbana, Under-Secretary-General of the United Nations and Executive Secretary of ESCAP<br><strong>UNESCO <\/strong>| Gabriela Ramos, Assistant Director-General for the Social and Human Sciences<br><strong>UNIDO <\/strong>| Ciyong Zou, Deputy to the Director General of the United Nations Industrial Development Organization<br><strong>WIPO <\/strong>| Edward Kwawa, Assistant Director General of the World Intellectual Property Organization<br><strong>World Bank <\/strong>| Sangbu Kim, Vice-President for Digital Transformation of the World Bank <br><strong>Alibaba<\/strong> | Chris Tung, President, Strategic Development at Alibaba Group<br><strong>BEREC <\/strong>| Prof. Konstantinos Masselos, Vice-Chair of the Body of European Regulators for Electronic Communications<br><strong>Cisco <\/strong>| Mary de Wysocki, Chief Sustainability Officer of Cisco<br><strong>CTU <\/strong>| Rodney Taylor, Secretary-General of the Caribbean Telecommunications Union<br><strong>FTTH Council Europe<\/strong> | Jeroen Kanselaar, Sustainability Committee Co-Chair, FTTH Council Europe and Manager Corporate Social Responsibility at Eurofiber<br><strong>Fujitsu <\/strong>| Takashi Yamanishi, Corporate Executive Officer, EVP, CSSO<br><strong>GeSI <\/strong>| Luis Neves, Global CEO of the Global Enabling Sustainability Initiative<br><strong>GGGI <\/strong>| Helena McLeod, Acting Director-General of the Global Green Growth Institute<br><strong>GIZ <\/strong>| Ingrid Hoven, Managing Director of the Deutsche Gesellschaft f\u00fcr Internationale Zusammenarbeit<br><strong>Google <\/strong>| Antonia Gawel, Global Director, Sustainability and Partnerships of Google <br><strong>Huawei <\/strong>| Ahmed Riad Ismail, Senior Director \u2013 Standardization Strategy and Industry Development, Huawei<br><strong>IEC <\/strong>| Philippe Metzger, Secretary-General of the International Electrotechnical Commission<br><strong>IEEE <\/strong>| Saifur Rahman, President of the Institute of Electrical and Electronics Engineers<br><strong>ISO <\/strong>| Sergio Mujica, Secretary-General of the International Organization for Standardization<br><strong>Mastercard<\/strong> | David Eichberg, Vice President, ESG Strategy<br><strong>Nethope <\/strong>| Lance Pierce, CEO of Nethope<br><strong>Nokia <\/strong>| Anthony Darcy, Director, ESG Stakeholder Engagement &amp; enablement Sustainability, Corporate Affairs of Nokia<br><strong>OpenUK <\/strong>| Amanda Brock, CEO of OpenUK<br><strong>Orange <\/strong>| Philippe Tuzzolino, Vice President Environment of the Orange Group<br><strong>RCC <\/strong>| H.E. Mr. Alexei Borodin, Secretary-General of the Executive Committee of the Regional Commonwealth in the Field of Communications<br><strong>Re.generation Future Leaders Program<\/strong> | Shradha Pandey, Kofi Annan Foundation Changemaker, Re.generation Future Leaders Program<br><strong>SAP <\/strong>| Alicia Lenze, Global Head of Sustainability Marketing of SAP<br><strong>ServiceNow<\/strong> | Combiz Abdolrahimi, Vice President &amp; Global Head of Government Relations and Public Policy of ServiceNow<br><strong>ZTE <\/strong>| Wang Xinhui, Vice-President of ZTE<br><br><strong>Closing remarks<\/strong><br>Mr. Tomas Lamanauskas, Deputy Secretary-General of the International Telecommunication Union<br><br>    <\/p>\n            <\/div>\n                                        <div class=\"text-section-right data-span-override\" data-span=\"4\">\n                    <div class=\"ituContainer\">\n<figure class=\"wp-block-image size-full\"><img loading=\"lazy\" decoding=\"async\" width=\"400\" height=\"200\" src=\"https:\/\/www.itu.int\/initiatives\/green-digital-action\/wp-content\/uploads\/sites\/4\/2024\/10\/Green-Digital-Action-High-level-session.png\" alt=\"\" class=\"wp-image-937\" srcset=\"https:\/\/www.itu.int\/initiatives\/green-digital-action\/wp-content\/uploads\/sites\/4\/2024\/10\/Green-Digital-Action-High-level-session.png 400w, https:\/\/www.itu.int\/initiatives\/green-digital-action\/wp-content\/uploads\/sites\/4\/2024\/10\/Green-Digital-Action-High-level-session-300x150.png 300w\" sizes=\"auto, (max-width: 400px) 100vw, 400px\" \/><\/figure>\n<\/div>            <\/div>\n                            <\/div>\n        <\/div>\n    <\/section>\n","protected":false},"excerpt":{"rendered":"","protected":false},"author":28,"featured_media":937,"parent":838,"menu_order":0,"comment_status":"closed","ping_status":"closed","template":"","meta":{"footnotes":""},"class_list":["post-988","page","type-page","status-publish","has-post-thumbnail","hentry"],"_links":{"self":[{"href":"https:\/\/www.itu.int\/initiatives\/green-digital-action\/wp-json\/wp\/v2\/pages\/988","targetHints":{"allow":["GET"]}}],"collection":[{"href":"https:\/\/www.itu.int\/initiatives\/green-digital-action\/wp-json\/wp\/v2\/pages"}],"about":[{"href":"https:\/\/www.itu.int\/initiatives\/green-digital-action\/wp-json\/wp\/v2\/types\/page"}],"author":[{"embeddable":true,"href":"https:\/\/www.itu.int\/initiatives\/green-digital-action\/wp-json\/wp\/v2\/users\/28"}],"replies":[{"embeddable":true,"href":"https:\/\/www.itu.int\/initiatives\/green-digital-action\/wp-json\/wp\/v2\/comments?post=988"}],"version-history":[{"count":0,"href":"https:\/\/www.itu.int\/initiatives\/green-digital-action\/wp-json\/wp\/v2\/pages\/988\/revisions"}],"up":[{"embeddable":true,"href":"https:\/\/www.itu.int\/initiatives\/green-digital-action\/wp-json\/wp\/v2\/pages\/838"}],"wp:featuredmedia":[{"embeddable":true,"href":"https:\/\/www.itu.int\/initiatives\/green-digital-action\/wp-json\/wp\/v2\/media\/937"}],"wp:attachment":[{"href":"https:\/\/www.itu.int\/initiatives\/green-digital-action\/wp-json\/wp\/v2\/media?parent=988"}],"curies":[{"name":"wp","href":"https:\/\/api.w.org\/{rel}","templated":true}]}}