{"id":32,"date":"2022-11-09T14:11:16","date_gmt":"2022-11-09T20:11:16","guid":{"rendered":"https:\/\/www.ergocomnet.com\/?page_id=32"},"modified":"2022-11-09T14:11:16","modified_gmt":"2022-11-09T20:11:16","slug":"mypes-el-salvador","status":"publish","type":"page","link":"https:\/\/www.itu.int\/dt-mype?page_id=32","title":{"rendered":"MYPEs El Salvador"},"content":{"rendered":"<div class=\"ituContainer\">\n<p>Seg\u00fan la Comisi\u00f3n Nacional de la Micro y Peque\u00f1a Empresa (CONAMYPE) la definici\u00f3n de Mypes (Micros y Peque\u00f1as Empresas) en El Salvador es la siguiente:<\/p>\n<\/div>\n\n<div class=\"ituContainer\">\n<blockquote class=\"wp-block-quote mostrar-comillas is-layout-flow wp-block-quote-is-layout-flow\"><div class=\"ituContainer\">\n<p>Peque\u00f1a Empresa como aquella unidad econ\u00f3mica con personal ocupado, de 11 a 50 personas y con ingresos brutos anuales desde $121,320.41 hasta $1.212,438.43<\/p>\n<\/div><\/blockquote>\n<\/div>\n\n<div class=\"ituContainer\">\n<p>En su \u00faltima encuesta, CONAMYPE con el apoyo de gracias al&nbsp; apoyo de la Direcci\u00f3n General de Estad\u00edsticas y Censos (DYGESTIC), Banco Central de Reserva (BCR), con el respaldo FANTEL dio&nbsp;a conocer que existe 317,795 unidades econ\u00f3micas, entre micro, peque\u00f1as empresas e incluyendo a emprendimientos. El estudio cubri\u00f3 los catorce departamentos del pa\u00eds y un total de 155 municipios que incluy\u00f3 las \u00e1reas urbanas como rurales, levantando aproximadamente 10 mil encuestas en un total de 828 segmentos censales e incluye resultados como los siguientes:<\/p>\n<\/div>\n\n<div class=\"ituContainer\">\n<p>La propiedad de las MYPE seg\u00fan sexo es de 61.54% que corresponde a mujeres, un 38.44% a hombres y un 0.02 no respondi\u00f3.<\/p>\n<\/div>\n\n<div class=\"ituContainer\">\n<p>Los tres primeros departamentos con m\u00e1s MYPE son: San Salvador con 30.5%, La Libertad con 12.9% y Sonsonate con un 10.4%. Los departamentos con menos MYPE son San Vicente y Caba\u00f1as con 2.3%.<\/p>\n<\/div>\n\n<div class=\"ituContainer\">\n<p>Por zonas geogr\u00e1ficas, la zona del \u00e1rea metropolitana de San Salvador aglutina a 94,036 unidades (29.5)%), Zona Occidental con 77,433 (24.37%), Zona Central con 63,014 (19.83%), Zona Oriental con 58,501 (18.41%) y Zona Paracentral con 24,811 en un 7.81%.<\/p>\n<\/div>\n\n<div class=\"ituContainer\">\n<p>En el tema de procesos de formalizaci\u00f3n, la investigaci\u00f3n arroja que el 93.70% de las MYPE son personas naturales, un 5.77% tiene personer\u00eda jur\u00eddica y un 0.37% est\u00e1 bajo la figura de Uni\u00f3n de Personas (UDP). Adem\u00e1s con respecto al registro del IVA, el 74.78% no tiene, el 23.30% s\u00ed tiene y un 1.92% no respondi\u00f3 o no sabe.<\/p>\n<\/div>\n\n<div class=\"ituContainer\">\n<p>Las actividades a las cuales se dedican las MYPE son: comercio con 51.80%, servicios 32.26%, industria 15.73%, construcci\u00f3n 0.28%, transporte 0.24%, maquila 0.04%, minas y canteras 0.01%.\u201d<\/p>\n<\/div>\n\n<div class=\"ituContainer\">\n<p>Fuente: <a href=\"https:\/\/www.conamype.gob.sv\/blog\/2018\/12\/20\/mas-de-300-mil-micro-pequenas-empresas-y-emprendimientos-registra-ultima-encuesta-de-la-mype\/\">https:\/\/www.conamype.gob.sv\/blog\/2018\/12\/20\/mas-de-300-mil-micro-pequenas-empresas-y-emprendimientos-registra-ultima-encuesta-de-la-mype\/<\/a><\/p>\n<\/div>","protected":false},"excerpt":{"rendered":"<p>Seg\u00fan la Comisi\u00f3n Nacional de la Micro y Peque\u00f1a Empresa (CONAMYPE) la definici\u00f3n de Mypes (Micros y Peque\u00f1as Empresas) en El Salvador es la siguiente: Peque\u00f1a Empresa como aquella unidad econ\u00f3mica con personal ocupado, de 11 a 50 personas y con ingresos brutos anuales desde $121,320.41 hasta $1.212,438.43 En su \u00faltima encuesta, CONAMYPE con el [&hellip;]<\/p>\n","protected":false},"author":1,"featured_media":169,"parent":0,"menu_order":0,"comment_status":"closed","ping_status":"closed","template":"","meta":{"footnotes":""},"class_list":["post-32","page","type-page","status-publish","has-post-thumbnail","hentry"],"_links":{"self":[{"href":"https:\/\/www.itu.int\/dt-mype\/index.php?rest_route=\/wp\/v2\/pages\/32","targetHints":{"allow":["GET"]}}],"collection":[{"href":"https:\/\/www.itu.int\/dt-mype\/index.php?rest_route=\/wp\/v2\/pages"}],"about":[{"href":"https:\/\/www.itu.int\/dt-mype\/index.php?rest_route=\/wp\/v2\/types\/page"}],"author":[{"embeddable":true,"href":"https:\/\/www.itu.int\/dt-mype\/index.php?rest_route=\/wp\/v2\/users\/1"}],"replies":[{"embeddable":true,"href":"https:\/\/www.itu.int\/dt-mype\/index.php?rest_route=%2Fwp%2Fv2%2Fcomments&post=32"}],"version-history":[{"count":0,"href":"https:\/\/www.itu.int\/dt-mype\/index.php?rest_route=\/wp\/v2\/pages\/32\/revisions"}],"wp:featuredmedia":[{"embeddable":true,"href":"https:\/\/www.itu.int\/dt-mype\/index.php?rest_route=\/wp\/v2\/media\/169"}],"wp:attachment":[{"href":"https:\/\/www.itu.int\/dt-mype\/index.php?rest_route=%2Fwp%2Fv2%2Fmedia&parent=32"}],"curies":[{"name":"wp","href":"https:\/\/api.w.org\/{rel}","templated":true}]}}