{"id":2984,"date":"2024-05-06T10:03:09","date_gmt":"2024-05-06T10:03:09","guid":{"rendered":"https:\/\/www.itu.int\/cities\/?page_id=2984"},"modified":"2025-08-21T13:50:41","modified_gmt":"2025-08-21T13:50:41","slug":"dt-bio-steven-noamesi","status":"publish","type":"page","link":"https:\/\/www.itu.int\/cities\/standards4dt\/dt-bio-steven-noamesi\/","title":{"rendered":"Steven Noam\u00e9si Kofi Zikpi"},"content":{"rendered":"    <div class=\"ituContainer grid\">\n        <div data-span=\"12\">\n                            <div class=\"ituContainer\">\n<div class=\"wp-block-columns has-white-background-color has-background is-layout-flex wp-container-core-columns-is-layout-8f761849 wp-block-columns-is-layout-flex\"><div class=\"ituContainer\">\n<div class=\"wp-block-column is-layout-flow wp-block-column-is-layout-flow\">    <section>\n        <div class=\"ituContainer grid\">\n                                                <div data-span=\"3\">\n                    <div class=\"wp-block-image is-style-rounded\"><div class=\"ituContainer\">\n<figure class=\"aligncenter size-full is-resized\"><img loading=\"lazy\" decoding=\"async\" width=\"281\" height=\"388\" src=\"https:\/\/www.itu.int\/cities\/wp-content\/uploads\/2024\/05\/Steven-noamesi-kofi-zikpi.jpg\" alt=\"\" class=\"wp-image-2982\" style=\"object-fit:cover;width:200px;height:200px\" srcset=\"https:\/\/www.itu.int\/cities\/wp-content\/uploads\/2024\/05\/Steven-noamesi-kofi-zikpi.jpg 281w, https:\/\/www.itu.int\/cities\/wp-content\/uploads\/2024\/05\/Steven-noamesi-kofi-zikpi-217x300.jpg 217w\" sizes=\"auto, (max-width: 281px) 100vw, 281px\" \/><figcaption class=\"wp-element-caption\"><strong>Steven Noam\u00e9si Kofi Zikpi<\/strong><br>Head of the Market Observatory and Tariff Control Service, Autorit\u00e9 de R\u00e9gulation des Communications Electroniques et des Postes (ARCEP), Togo<\/figcaption><\/figure>\n<\/div><\/div>            <\/div>\n                                                <div data-span=\"6\">\n                    <div class=\"ituContainer\">\n<blockquote class=\"wp-block-quote is-style-plain is-layout-flow wp-block-quote-is-layout-flow\"><div class=\"ituContainer\">\n<p class=\"has-text-align-left wp-block-paragraph\">Responsable du Service Observatoire des march\u00e9s et Contr\u00f4le Tarifaire \u00e0 l\u2019Autorit\u00e9 de R\u00e9gulation des Communications Electroniques et des Postes (ARCEP) du Togo.<\/p>\n<\/div>\n\n<div class=\"ituContainer\">\n<p class=\"wp-block-paragraph\">Je suis \u00e9conomiste de formation et expert en r\u00e9gulation de l\u2019\u00e9conomie num\u00e9rique. Je poss\u00e8de de solides exp\u00e9riences dans la r\u00e9gulation des march\u00e9s des communications \u00e9lectroniques, notamment la r\u00e9gulation des tarifs (orientation des tarifs vers les co\u00fbts de revient, encadrement des tarifs de d\u00e9tails, et la non diff\u00e9rentiation des tarifs On-net\/Off-net, benchmark et l\u2019analyse des march\u00e9s de gros pour l\u2019approbation des catalogues de r\u00e9f\u00e9rence des op\u00e9rateurs)&nbsp;; analyse des march\u00e9s pertinents&nbsp;; partage et mutualisation des infrastructures actives et passives&nbsp;; l\u2019itin\u00e9rance nationale&nbsp;; etc. \u00e0 travers la r\u00e9gulation par la donn\u00e9e qui est le live motif de l\u2019ARCEP Togo. Je poss\u00e8de \u00e9galement de solides exp\u00e9riences relatives \u00e0 l\u2019observatoire des march\u00e9s des communications \u00e9lectroniques, notamment l\u2019\u00e9laboration des tableaux de bord trimestriel sur l\u2019\u00e9volution des march\u00e9s et l\u2019analyse de l\u2019\u00e9volution annuelle des march\u00e9s r\u00e9gul\u00e9s. La vision de l\u2019ARCEP Togo \u00e9tant de \u00ab&nbsp;Promouvoir l\u2019acc\u00e8s aux services num\u00e9riques par une r\u00e9gulation par tous et pour tous&nbsp;\u00bb, j\u2019ai acquis une grande exp\u00e9rience dans la r\u00e9gulation par la donn\u00e9e qui consiste, entre autres, \u00e0 miser sur la puissance de l\u2019information pour orienter le march\u00e9 et le choix des consommateurs.<\/p>\n<\/div>\n\n<div class=\"ituContainer\">\n<p class=\"wp-block-paragraph\">Sur le plan international, J\u2019ai particip\u00e9, entre autres, \u00e0 la mise en \u0153uvre de plusieurs projets, notamment le projet Free roaming du protocole d\u2019Abidjan regroupant certains pays de l\u2019Union Economique et Mon\u00e9taire Ouest Africaine (UEMOA)&nbsp;; le projet de la mise en \u0153uvre du r\u00e8glement sur l\u2019itin\u00e9rance internationale sur les r\u00e9seaux de communications mobiles ouverts au public \u00e0 l\u2019int\u00e9rieur de l\u2019espace R\u00e8glement CEDEAO (15 pays).<\/p>\n<\/div>\n\n<div class=\"ituContainer\">\n<p class=\"wp-block-paragraph\">Je suis Vice-pr\u00e9sident du groupe r\u00e9gional Afrique de la commission d\u2019\u00e9tude 3 (SG3RG-AFR) et Rapporteur sur la question Q7\/3 (Probl\u00e8mes d\u2019itin\u00e9rance internationale y compris les m\u00e9canismes de facturation, de comptabilit\u00e9 et de r\u00e8glement et l\u2019itin\u00e9rance dans les zones frontali\u00e8res) de la commission d\u2019\u00e9tude 3 de l\u2019UIT.<\/p>\n<\/div>\n\n<div class=\"ituContainer\">\n<p class=\"wp-block-paragraph\">Je participe activement \u00e0 plusieurs autres groupes d&#8217;\u00e9tudes sur les t\u00e9l\u00e9communications en Afrique CERTEL, ARTAO, Smart Africa, et ATU).\u200b<\/p>\n<\/div>\n\n<div class=\"ituContainer\">\n<p class=\"has-text-align-left wp-block-paragraph\">En outre, j\u2019ai des exp\u00e9riences dans la mise en place et dans la mise en \u0153uvre du Syst\u00e8me de Management Qualit\u00e9 d\u2019une entreprise car l\u2019ayant pratiqu\u00e9 \u00e0 l\u2019ARCEP Togo qui aujourd\u2019hui est certifi\u00e9e ISO 9001.<\/p>\n<\/div><\/blockquote>\n<\/div>            <\/div>\n                                                <div data-span=\"3\">\n                    <div class=\"ituContainer\">\n<div class=\"wp-block-columns is-layout-flex wp-container-core-columns-is-layout-8f761849 wp-block-columns-is-layout-flex\"><div class=\"ituContainer\">\n<div class=\"wp-block-column is-layout-flow wp-block-column-is-layout-flow\" style=\"flex-basis:100px\"><div class=\"wp-block-image\"><div class=\"ituContainer\">\n<figure class=\"aligncenter size-full is-resized\"><img loading=\"lazy\" decoding=\"async\" width=\"96\" height=\"96\" src=\"https:\/\/www.itu.int\/cities\/wp-content\/uploads\/2023\/07\/organization-2.jpg\" alt=\"\" class=\"wp-image-1460\" style=\"width:74px;height:74px\"\/><figcaption class=\"wp-element-caption\"><strong>Affiliation<\/strong><\/figcaption><\/figure>\n<\/div><\/div><\/div>\n<\/div>\n\n<div class=\"ituContainer\">\n<div class=\"wp-block-column is-vertically-aligned-center is-layout-flow wp-block-column-is-layout-flow\"><div class=\"ituContainer\">\n<p class=\"has-text-align-left wp-block-paragraph\"><strong><strong><strong><strong><strong><strong>Autorit\u00e9 de R\u00e9gulation des Communications Electroniques et des Postes (ARCEP), Togo<\/strong><\/strong><\/strong><\/strong><\/strong><\/strong><\/p>\n<\/div><\/div>\n<\/div><\/div>\n<\/div>                    <div class=\"ituContainer\">\n<div class=\"wp-block-columns is-layout-flex wp-container-core-columns-is-layout-8f761849 wp-block-columns-is-layout-flex\"><div class=\"ituContainer\">\n<div class=\"wp-block-column is-vertically-aligned-center is-layout-flow wp-block-column-is-layout-flow\" style=\"flex-basis:100px\"><div class=\"wp-block-image\"><div class=\"ituContainer\">\n<figure class=\"aligncenter size-full is-resized\"><img loading=\"lazy\" decoding=\"async\" width=\"96\" height=\"96\" src=\"https:\/\/www.itu.int\/cities\/wp-content\/uploads\/2023\/07\/Affliation-1.jpg\" alt=\"\" class=\"wp-image-1459\" style=\"width:72px;height:72px\"\/><figcaption class=\"wp-element-caption\"><strong>Profession<\/strong><\/figcaption><\/figure>\n<\/div><\/div><\/div>\n<\/div>\n\n<div class=\"ituContainer\">\n<div class=\"wp-block-column is-vertically-aligned-center is-layout-flow wp-block-column-is-layout-flow\"><div class=\"ituContainer\">\n<p class=\"has-text-align-left wp-block-paragraph\"><strong><strong><strong><strong><strong><strong><strong>Head of the Market Observatory and Tariff Control Service<\/strong><\/strong><\/strong><\/strong><\/strong><\/strong><\/strong><\/p>\n<\/div><\/div>\n<\/div><\/div>\n<\/div>            <\/div>\n                    <\/div>\n    <\/section>\n\n\n<div class=\"ituContainer\">\n<p class=\"wp-block-paragraph\"><a href=\"https:\/\/www.itu.int\/cities\/?page_id=1462\" data-type=\"URL\" data-id=\"standards4dt\"><strong>See all speakers &gt;<\/strong><\/a><\/p>\n<\/div><\/div>\n<\/div><\/div>\n<\/div>                    <\/div>\n    <\/div>\n","protected":false},"excerpt":{"rendered":"","protected":false},"author":5,"featured_media":0,"parent":234,"menu_order":0,"comment_status":"closed","ping_status":"closed","template":"","meta":{"_crdt_document":"","footnotes":""},"class_list":["post-2984","page","type-page","status-publish","hentry"],"featured_image_src":null,"featured_image_src_square":null,"_links":{"self":[{"href":"https:\/\/www.itu.int\/cities\/wp-json\/wp\/v2\/pages\/2984","targetHints":{"allow":["GET"]}}],"collection":[{"href":"https:\/\/www.itu.int\/cities\/wp-json\/wp\/v2\/pages"}],"about":[{"href":"https:\/\/www.itu.int\/cities\/wp-json\/wp\/v2\/types\/page"}],"author":[{"embeddable":true,"href":"https:\/\/www.itu.int\/cities\/wp-json\/wp\/v2\/users\/5"}],"replies":[{"embeddable":true,"href":"https:\/\/www.itu.int\/cities\/wp-json\/wp\/v2\/comments?post=2984"}],"version-history":[{"count":0,"href":"https:\/\/www.itu.int\/cities\/wp-json\/wp\/v2\/pages\/2984\/revisions"}],"up":[{"embeddable":true,"href":"https:\/\/www.itu.int\/cities\/wp-json\/wp\/v2\/pages\/234"}],"wp:attachment":[{"href":"https:\/\/www.itu.int\/cities\/wp-json\/wp\/v2\/media?parent=2984"}],"curies":[{"name":"wp","href":"https:\/\/api.w.org\/{rel}","templated":true}]}}