{"id":2975,"date":"2024-05-06T09:55:36","date_gmt":"2024-05-06T09:55:36","guid":{"rendered":"https:\/\/www.itu.int\/cities\/?page_id=2975"},"modified":"2025-08-21T12:05:55","modified_gmt":"2025-08-21T12:05:55","slug":"mobile-roaming","status":"publish","type":"page","link":"https:\/\/www.itu.int\/cities\/digitaltransformationdialogues\/mobile-roaming\/","title":{"rendered":"Ask the Expert Session \u2013 Rester connect\u00e9: Explorer l&#8217;itin\u00e9rance mobile internationale"},"content":{"rendered":"    <div class=\"ituContainer grid\">\n        <div data-span=\"12\">\n                            <div class=\"ituContainer\">\n<div class=\"wp-block-columns has-white-background-color has-background is-layout-flex wp-container-core-columns-is-layout-8f761849 wp-block-columns-is-layout-flex\"><div class=\"ituContainer\">\n<div class=\"wp-block-column has-white-background-color has-background is-layout-flow wp-block-column-is-layout-flow\" style=\"flex-basis:80%\">    <section>\n        <div class=\"ituContainer grid\">\n                                                <div data-span=\"10\">\n                    <div class=\"ituContainer\">\n<figure class=\"wp-block-image size-large\"><img loading=\"lazy\" decoding=\"async\" width=\"1024\" height=\"576\" src=\"https:\/\/www.itu.int\/cities\/wp-content\/uploads\/2024\/05\/6.27-DTD-banner-1024x576.png\" alt=\"\" class=\"wp-image-2977\" srcset=\"https:\/\/www.itu.int\/cities\/wp-content\/uploads\/2024\/05\/6.27-DTD-banner-1024x576.png 1024w, https:\/\/www.itu.int\/cities\/wp-content\/uploads\/2024\/05\/6.27-DTD-banner-300x169.png 300w, https:\/\/www.itu.int\/cities\/wp-content\/uploads\/2024\/05\/6.27-DTD-banner-768x432.png 768w, https:\/\/www.itu.int\/cities\/wp-content\/uploads\/2024\/05\/6.27-DTD-banner-1536x864.png 1536w, https:\/\/www.itu.int\/cities\/wp-content\/uploads\/2024\/05\/6.27-DTD-banner-2048x1152.png 2048w\" sizes=\"auto, (max-width: 1024px) 100vw, 1024px\" \/><\/figure>\n<\/div>                    <div class=\"ituContainer\">\n<p class=\"wp-block-paragraph\"><strong>Description<\/strong><\/p>\n<\/div>                    <div class=\"ituContainer\">\n<p class=\"wp-block-paragraph\">L&#8217;itin\u00e9rance mobile internationale joue un r\u00f4le crucial dans notre monde de plus en plus connect\u00e9. Non seulement elle favorise une communication sans faille, mais elle contribue \u00e9galement de mani\u00e8re significative \u00e0 la croissance \u00e9conomique mondiale en reliant les fronti\u00e8res et en stimulant le d\u00e9veloppement \u00e9conomique mondial. La session a explor\u00e9 le r\u00f4le des normes et des accords internationaux dans la mise en \u0153uvre de l&#8217;itin\u00e9rance mobile internationale. C&#8217;est gr\u00e2ce \u00e0 ces accords que vous pouvez utiliser votre appareil mobile partout dans le monde. Cependant, les avantages de ce service peuvent parfois \u00eatre \u00e9clips\u00e9s par des &#8220;chocs de facturation&#8221; inattendus, en particulier pendant les p\u00e9riodes de vacances. Cette session vous a permis \u00e9galement d&#8217;acqu\u00e9rir les connaissances n\u00e9cessaires pour prendre des d\u00e9cisions \u00e9clair\u00e9es concernant l&#8217;utilisation de votre t\u00e9l\u00e9phone portable lorsque vous voyagez \u00e0 l&#8217;\u00e9tranger.<\/p>\n<\/div>                    <div class=\"ituContainer\">\n<p class=\"wp-block-paragraph\"><strong>Public cible<\/strong><\/p>\n<\/div>                    <div class=\"ituContainer\">\n<p class=\"wp-block-paragraph\">La participation est ouverte aux \u00c9tats membres de l&#8217;UIT, aux membres de secteur, aux associ\u00e9s, aux \u00e9tablissements universitaires de l&#8217;UIT et \u00e0 toute personne originaire d&#8217;un pays membre de l&#8217;UIT et souhaitant contribuer aux travaux. Cela inclut les personnes qui sont \u00e9galement membres d\u2019organisations internationales, r\u00e9gionales et nationales. La participation est gratuite.<\/p>\n<\/div>                    <div class=\"ituContainer\">\n<div class=\"wp-block-columns is-layout-flex wp-container-core-columns-is-layout-8f761849 wp-block-columns-is-layout-flex\"><div class=\"ituContainer\">\n<div class=\"wp-block-column is-layout-flow wp-block-column-is-layout-flow\"><div class=\"ituContainer\">\n<div class=\"wp-block-buttons is-layout-flex wp-block-buttons-is-layout-flex\"><div class=\"ituContainer\">\n<div class=\"wp-block-button gb-block-button\"><a class=\"wp-block-button__link has-vivid-cyan-blue-background-color has-text-color has-background has-custom-font-size wp-element-button\" href=\"https:\/\/itu.zoom.us\/rec\/play\/ba08t1KVr9zzUxntVB0S8xxH3OobSr40S0MrVGW2zdji0j6R8AH8o_JmDBbfoI5SH2aVMcBIhF9foo9F.TztzIOHtKYg76D6U\" style=\"border-radius:5px;color:#ffffff;padding-top:10px;padding-right:1em;padding-bottom:10px;padding-left:1em;font-size:20px;line-height:1.2\" target=\"_blank\" rel=\"noopener\">Regarder la Ask the Expert Session ici<\/a><\/div>\n<\/div><\/div>\n<\/div><\/div>\n<\/div>\n\n<div class=\"ituContainer\">\n<div class=\"wp-block-column is-layout-flow wp-block-column-is-layout-flow\"><div class=\"ituContainer\">\n<div class=\"wp-block-buttons is-layout-flex wp-block-buttons-is-layout-flex\"><div class=\"ituContainer\">\n<div class=\"wp-block-button gb-block-button\"><a class=\"wp-block-button__link has-vivid-cyan-blue-background-color has-text-color has-background has-custom-font-size wp-element-button\" href=\"https:\/\/youtu.be\/uTzysWs0tQw\" style=\"border-radius:5px;color:#ffffff;padding-top:10px;padding-right:1em;padding-bottom:10px;padding-left:1em;font-size:20px;line-height:1.2\" target=\"_blank\" rel=\"noopener\">Regarder sur YouTube<\/a><\/div>\n<\/div><\/div>\n<\/div><\/div>\n<\/div><\/div>\n<\/div>                    <div class=\"ituContainer\">\n<p class=\"has-small-font-size wp-block-paragraph\"><em>Remarque : En vous inscrivant \u00e0 cet \u00e9v\u00e9nement, vous acceptez que l&#8217;ITU (l&#8217;organisateur de l&#8217;\u00e9v\u00e9nement et le contr\u00f4leur des donn\u00e9es) traite vos donn\u00e9es personnelles pour l&#8217;organisation et la gestion de l&#8217;\u00e9v\u00e9nement conform\u00e9ment \u00e0 <a href=\"https:\/\/www.itu.int\/en\/about\/Documents\/ITU-Data-Protection-and-Privacy-Policy.pdf\">la politique de protection des donn\u00e9es et de confidentialit\u00e9 de l&#8217;ITU<\/a>. Les donn\u00e9es personnelles que vous soumettez dans le cadre de l&#8217;inscription et de votre participation \u00e0 l&#8217;\u00e9v\u00e9nement seront utilis\u00e9es par l&#8217;UIT pour l&#8217;organisation, la gestion et le suivi de l&#8217;\u00e9v\u00e9nement, y compris la gestion des participations et pour les exigences administratives internes de l&#8217;UIT. L&#8217;\u00e9v\u00e9nement se d\u00e9roule via Zoom et il sera enregistr\u00e9. Vous pouvez lire <a href=\"https:\/\/eur03.safelinks.protection.outlook.com\/?url=https%3A%2F%2Fexplore.zoom.us%2Fen%2Fzoom_events_privacy%2F&amp;data=05%7C02%7Ccristina.bueti%40itu.int%7C9f551e5b55c44906e3d808dc5ee6a922%7C23e464d704e64b87913c24bd89219fd3%7C0%7C0%7C638489591959872430%7CUnknown%7CTWFpbGZsb3d8eyJWIjoiMC4wLjAwMDAiLCJQIjoiV2luMzIiLCJBTiI6Ik1haWwiLCJXVCI6Mn0%3D%7C0%7C%7C%7C&amp;sdata=Dt%2FRYBBZgYlhrMqof%2FuW22fsiyqm24B755tdy0g%2BXuM%3D&amp;reserved=0\" target=\"_blank\" rel=\"noopener\">ici<\/a> l\u2019avis de confidentialit\u00e9 de Zoom sur la mani\u00e8re dont il traite vos donn\u00e9es personnelles. L&#8217;enregistrement vid\u00e9o de l&#8217;\u00e9v\u00e9nement sera rendu public sur la page Web de l&#8217;\u00e9v\u00e9nement de l&#8217;UIT afin de sensibiliser et de promouvoir la normalisation dans le but de transf\u00e9rer des connaissances et de combler le foss\u00e9 en mati\u00e8re de normalisation. Pour toute question ou demande concernant vos donn\u00e9es personnelles, y compris votre inclusion dans une vid\u00e9o, vous pouvez contacter l&#8217;UIT \u00e0 <a href=\"mailto:digitaltransformation@itu.int\">digitaltransformation@itu.int<\/a>.<\/em><\/p>\n<\/div>            <\/div>\n                                                <div data-span=\"2\">\n                    <div class=\"ituContainer\">\n<blockquote class=\"wp-block-quote has-vivid-cyan-blue-color has-text-color is-layout-flow wp-block-quote-is-layout-flow\"><div class=\"ituContainer\">\n<p class=\"has-black-color has-text-color has-medium-font-size wp-block-paragraph\"><strong>Organized by:<\/strong><\/p>\n<\/div><\/blockquote>\n<\/div>                    <div class=\"ituContainer\">\n<div class=\"wp-block-columns is-layout-flex wp-container-core-columns-is-layout-8f761849 wp-block-columns-is-layout-flex\"><div class=\"ituContainer\">\n<div class=\"wp-block-column is-layout-flow wp-block-column-is-layout-flow\"><div class=\"wp-block-image is-resized\"><div class=\"ituContainer\">\n<figure class=\"aligncenter size-full\"><img loading=\"lazy\" decoding=\"async\" width=\"101\" height=\"117\" src=\"https:\/\/www.itu.int\/cities\/wp-content\/uploads\/2022\/11\/itu-logo.png\" alt=\"\" class=\"wp-image-251\" style=\"aspect-ratio:0.8633431085043989;width:69px;height:auto\"\/><\/figure>\n<\/div><\/div><\/div>\n<\/div><\/div>\n<\/div>                    <div class=\"ituContainer\">\n<blockquote class=\"wp-block-quote has-vivid-cyan-blue-color has-text-color is-layout-flow wp-block-quote-is-layout-flow\"><div class=\"ituContainer\">\n<p class=\"has-black-color has-text-color has-medium-font-size wp-block-paragraph\"><strong>UN SDGs<\/strong><\/p>\n<\/div><\/blockquote>\n<\/div>                    <div class=\"ituContainer\">\n<div class=\"wp-block-columns is-layout-flex wp-container-core-columns-is-layout-8f761849 wp-block-columns-is-layout-flex\"><div class=\"ituContainer\">\n<div class=\"wp-block-column is-layout-flow wp-block-column-is-layout-flow\"><div class=\"ituContainer\">\n<figure class=\"wp-block-image size-full is-resized\"><img loading=\"lazy\" decoding=\"async\" width=\"466\" height=\"466\" src=\"https:\/\/www.itu.int\/cities\/wp-content\/uploads\/2023\/03\/E_SDG_Icons-09.jpg\" alt=\"\" class=\"wp-image-823\" style=\"width:56px;height:auto\" srcset=\"https:\/\/www.itu.int\/cities\/wp-content\/uploads\/2023\/03\/E_SDG_Icons-09.jpg 466w, https:\/\/www.itu.int\/cities\/wp-content\/uploads\/2023\/03\/E_SDG_Icons-09-300x300.jpg 300w, https:\/\/www.itu.int\/cities\/wp-content\/uploads\/2023\/03\/E_SDG_Icons-09-150x150.jpg 150w\" sizes=\"auto, (max-width: 466px) 100vw, 466px\" \/><\/figure>\n<\/div><\/div>\n<\/div><\/div>\n<\/div>                    <div class=\"ituContainer\">\n<blockquote class=\"wp-block-quote has-vivid-cyan-blue-color has-text-color is-layout-flow wp-block-quote-is-layout-flow\"><div class=\"ituContainer\">\n<p class=\"has-black-color has-text-color has-medium-font-size wp-block-paragraph\"><strong>ITU Strategic Goals<\/strong><\/p>\n<\/div><\/blockquote>\n<\/div>                    <div class=\"ituContainer\">\n<div class=\"wp-block-columns is-layout-flex wp-container-core-columns-is-layout-8f761849 wp-block-columns-is-layout-flex\"><div class=\"ituContainer\">\n<div class=\"wp-block-column is-layout-flow wp-block-column-is-layout-flow\"><div class=\"ituContainer\">\n<figure class=\"wp-block-image size-full is-resized\"><img loading=\"lazy\" decoding=\"async\" width=\"837\" height=\"85\" src=\"https:\/\/www.itu.int\/cities\/wp-content\/uploads\/2023\/03\/sustainable-digital-transformation.png\" alt=\"\" class=\"wp-image-792\" srcset=\"https:\/\/www.itu.int\/cities\/wp-content\/uploads\/2023\/03\/sustainable-digital-transformation.png 837w, https:\/\/www.itu.int\/cities\/wp-content\/uploads\/2023\/03\/sustainable-digital-transformation-300x30.png 300w, https:\/\/www.itu.int\/cities\/wp-content\/uploads\/2023\/03\/sustainable-digital-transformation-768x78.png 768w\" sizes=\"auto, (max-width: 837px) 100vw, 837px\" \/><\/figure>\n<\/div>\n\n<div class=\"ituContainer\">\n<figure class=\"wp-block-image size-full is-resized\"><img loading=\"lazy\" decoding=\"async\" width=\"840\" height=\"83\" src=\"https:\/\/www.itu.int\/cities\/wp-content\/uploads\/2023\/04\/universal-connectivity.png\" alt=\"\" class=\"wp-image-830\" srcset=\"https:\/\/www.itu.int\/cities\/wp-content\/uploads\/2023\/04\/universal-connectivity.png 840w, https:\/\/www.itu.int\/cities\/wp-content\/uploads\/2023\/04\/universal-connectivity-300x30.png 300w, https:\/\/www.itu.int\/cities\/wp-content\/uploads\/2023\/04\/universal-connectivity-768x76.png 768w\" sizes=\"auto, (max-width: 840px) 100vw, 840px\" \/><\/figure>\n<\/div><\/div>\n<\/div><\/div>\n<\/div>                    <div class=\"ituContainer\">\n<blockquote class=\"wp-block-quote has-vivid-cyan-blue-color has-text-color is-layout-flow wp-block-quote-is-layout-flow\"><div class=\"ituContainer\">\n<p class=\"has-black-color has-text-color has-medium-font-size wp-block-paragraph\"><strong>Related Information:<\/strong><\/p>\n<\/div><\/blockquote>\n<\/div>                    <div class=\"ituContainer\">\n<p class=\"wp-block-paragraph\"><a href=\"https:\/\/www.itu.int\/md\/T22-TSB-CIR-0139\/en\">Invitation letter<\/a><\/p>\n<\/div>                    <div class=\"ituContainer\">\n<p class=\"wp-block-paragraph\"><a href=\"https:\/\/www.itu.int\/cities\/?page_id=2472\">Digital Transformation Dialogues<\/a><\/p>\n<\/div>                    <div class=\"ituContainer\">\n<p class=\"wp-block-paragraph\"><a rel=\"noreferrer noopener\" href=\"http:\/\/www.itu.int\/cities\" target=\"_blank\">ITU-T Smart Sustainable Cities<\/a><\/p>\n<\/div>                    <div class=\"ituContainer\">\n<p class=\"wp-block-paragraph\"><a href=\"https:\/\/www.itu.int\/en\/ITU-T\/studygroups\/2022-2024\/20\/Pages\/default.aspx\" target=\"_blank\" rel=\"noreferrer noopener\">ITU-T Study Group 20: IoT and smart cities and communities<\/a><\/p>\n<\/div>                    <div class=\"ituContainer\">\n<p class=\"wp-block-paragraph\"><a href=\"https:\/\/www.itu.int\/en\/ITU-T\/studygroups\/2022-2024\/03\/Pages\/default.aspx\">ITU-T Study Group 3: Tariff and accounting principles and international telecommunication\/ICT economic and policy issues<\/a><\/p>\n<\/div>                    <div class=\"ituContainer\">\n<p class=\"wp-block-paragraph\">Contact: <a href=\"mailto:digitaltransformation@itu.int\" target=\"_blank\" rel=\"noreferrer noopener\">Cristina Bueti<\/a>\u200b<\/p>\n<\/div>            <\/div>\n                    <\/div>\n    <\/section>\n<\/div>\n<\/div><\/div>\n<\/div>                            <div class=\"ituContainer\">\n<h2 class=\"wp-block-heading has-vivid-cyan-blue-color has-text-color\">Conf\u00e9rencier invit\u00e9<\/h2>\n<\/div>                            <div class=\"ituContainer\">\n<div class=\"wp-block-columns has-white-background-color has-background is-layout-flex wp-container-core-columns-is-layout-8f761849 wp-block-columns-is-layout-flex\"><div class=\"ituContainer\">\n<div class=\"wp-block-column is-layout-flow wp-block-column-is-layout-flow\"><div class=\"ituContainer\">\n<div class=\"wp-block-columns is-layout-flex wp-container-core-columns-is-layout-8f761849 wp-block-columns-is-layout-flex\"><div class=\"ituContainer\">\n<div class=\"wp-block-column is-layout-flow wp-block-column-is-layout-flow\">\n<div style=\"background-color:#ffffff;color:#32373c\" class=\"wp-block-genesis-blocks-gb-profile-box round gb-has-avatar gb-font-size-16 gb-block-profile gb-profile-columns\"><div class=\"gb-profile-column gb-profile-avatar-wrap\"><div class=\"gb-profile-image-wrap\"><figure class=\"gb-profile-image-square\"><img loading=\"lazy\" decoding=\"async\" width=\"281\" height=\"388\" class=\"gb-profile-avatar wp-image-2982\" src=\"https:\/\/www.itu.int\/cities\/wp-content\/uploads\/2024\/05\/Steven-noamesi-kofi-zikpi.jpg\" alt=\"\" srcset=\"https:\/\/www.itu.int\/cities\/wp-content\/uploads\/2024\/05\/Steven-noamesi-kofi-zikpi.jpg 281w, https:\/\/www.itu.int\/cities\/wp-content\/uploads\/2024\/05\/Steven-noamesi-kofi-zikpi-217x300.jpg 217w\" sizes=\"auto, (max-width: 281px) 100vw, 281px\" \/><\/figure><\/div><\/div><div class=\"gb-profile-column gb-profile-content-wrap\"><h2 class=\"gb-profile-name\" style=\"color:#32373c\"><a href=\"https:\/\/www.itu.int\/cities\/standards4dt\/dt-bio-steven-noamesi\/\">Steven Noam\u00e9si Kofi Zikpi<\/a><\/h2><p class=\"gb-profile-title\" style=\"color:#32373c\">Conf\u00e9rencier invit\u00e9<\/p><div class=\"gb-profile-text\">Vice-pr\u00e9sident du groupe r\u00e9gional Afrique de la commission d\u2019\u00e9tude 3 (SG3RG-AFR); Rapporteur sur la question Q7\/3 de la commission d\u2019\u00e9tude 3; Responsible du Service Observatoire des march\u00e9s et Contr\u00f4le Tarifaire, Autorit\u00e9 de R\u00e9gulation des Communications Electroniques et des Postes (ARCEP), Togo<br>[<a href=\"https:\/\/www.itu.int\/cities\/wp-content\/uploads\/2024\/06\/Steven-Noamesi-Kofi-Zikpi.pdf\">Presentation<\/a>]<\/div><ul class=\"gb-social-links\"><\/ul><\/div><\/div>\n<\/div>\n<\/div>\n\n<div class=\"ituContainer\">\n<div class=\"wp-block-column is-layout-flow wp-block-column-is-layout-flow\">\n<div style=\"background-color:#ffffff;color:#32373c\" class=\"wp-block-genesis-blocks-gb-profile-box round gb-has-avatar gb-font-size-16 gb-block-profile gb-profile-columns\"><div class=\"gb-profile-column gb-profile-avatar-wrap\"><div class=\"gb-profile-image-wrap\"><figure class=\"gb-profile-image-square\"><img loading=\"lazy\" decoding=\"async\" width=\"691\" height=\"988\" class=\"gb-profile-avatar wp-image-2981\" src=\"https:\/\/www.itu.int\/cities\/wp-content\/uploads\/2024\/05\/Aminata-Drame.png\" alt=\"\" srcset=\"https:\/\/www.itu.int\/cities\/wp-content\/uploads\/2024\/05\/Aminata-Drame.png 691w, https:\/\/www.itu.int\/cities\/wp-content\/uploads\/2024\/05\/Aminata-Drame-210x300.png 210w\" sizes=\"auto, (max-width: 691px) 100vw, 691px\" \/><\/figure><\/div><\/div><div class=\"gb-profile-column gb-profile-content-wrap\"><h2 class=\"gb-profile-name\" style=\"color:#32373c\"><a href=\"https:\/\/www.itu.int\/cities\/dt-bio_aminata-drame\/\">Aminata Drame<\/a><\/h2><p class=\"gb-profile-title\" style=\"color:#32373c\">Ma\u00eetre des c\u00e9r\u00e9monies<\/p><div class=\"gb-profile-text\">Vice-pr\u00e9sident de la commission d\u2019\u00e9tude 3; Pr\u00e9sident du groupe de travail 3\/3 de la commission d\u2019\u00e9tude 3; Vice-pr\u00e9sident du groupe r\u00e9gional Afrique de la commission d\u2019\u00e9tude 3 (SG3RG-AFR); Directrice du programme Infrastructures et R\u00e9seaux en Afrique, Orange Group<\/div><ul class=\"gb-social-links\"><\/ul><\/div><\/div>\n<\/div>\n<\/div><\/div>\n<\/div><\/div>\n<\/div><\/div>\n<\/div>                            <div class=\"ituContainer\">\n<div class=\"wp-block-buttons is-content-justification-center is-layout-flex wp-container-core-buttons-is-layout-fe48e5de wp-block-buttons-is-layout-flex\"><div class=\"ituContainer\">\n<div class=\"wp-block-button\"><a class=\"wp-block-button__link wp-element-button\" href=\"https:\/\/www.itu.int\/cities\/?page_id=2472\">Back to the DTD main page<\/a><\/div>\n<\/div><\/div>\n<\/div>                    <\/div>\n    <\/div>\n","protected":false},"excerpt":{"rendered":"","protected":false},"author":5,"featured_media":0,"parent":2472,"menu_order":0,"comment_status":"closed","ping_status":"closed","template":"","meta":{"_crdt_document":"","footnotes":""},"class_list":["post-2975","page","type-page","status-publish","hentry"],"featured_image_src":null,"featured_image_src_square":null,"_links":{"self":[{"href":"https:\/\/www.itu.int\/cities\/wp-json\/wp\/v2\/pages\/2975","targetHints":{"allow":["GET"]}}],"collection":[{"href":"https:\/\/www.itu.int\/cities\/wp-json\/wp\/v2\/pages"}],"about":[{"href":"https:\/\/www.itu.int\/cities\/wp-json\/wp\/v2\/types\/page"}],"author":[{"embeddable":true,"href":"https:\/\/www.itu.int\/cities\/wp-json\/wp\/v2\/users\/5"}],"replies":[{"embeddable":true,"href":"https:\/\/www.itu.int\/cities\/wp-json\/wp\/v2\/comments?post=2975"}],"version-history":[{"count":0,"href":"https:\/\/www.itu.int\/cities\/wp-json\/wp\/v2\/pages\/2975\/revisions"}],"up":[{"embeddable":true,"href":"https:\/\/www.itu.int\/cities\/wp-json\/wp\/v2\/pages\/2472"}],"wp:attachment":[{"href":"https:\/\/www.itu.int\/cities\/wp-json\/wp\/v2\/media?parent=2975"}],"curies":[{"name":"wp","href":"https:\/\/api.w.org\/{rel}","templated":true}]}}