{"id":2894,"date":"2024-04-19T12:14:13","date_gmt":"2024-04-19T12:14:13","guid":{"rendered":"https:\/\/www.itu.int\/cities\/?page_id=2894"},"modified":"2025-08-19T15:05:35","modified_gmt":"2025-08-19T15:05:35","slug":"dt-bio-rodrigo","status":"publish","type":"page","link":"https:\/\/www.itu.int\/cities\/standards4dt\/dt-bio-rodrigo\/","title":{"rendered":"Rodrigo Ruiz Ballesteros"},"content":{"rendered":"    <div class=\"ituContainer grid\">\n        <div data-span=\"12\">\n                            <div class=\"ituContainer\">\n<div class=\"wp-block-columns has-white-background-color has-background is-layout-flex wp-container-core-columns-is-layout-8f761849 wp-block-columns-is-layout-flex\"><div class=\"ituContainer\">\n<div class=\"wp-block-column is-layout-flow wp-block-column-is-layout-flow\">    <section>\n        <div class=\"ituContainer grid\">\n                                                <div data-span=\"3\">\n                    <div class=\"wp-block-image is-style-rounded\"><div class=\"ituContainer\">\n<figure class=\"aligncenter size-full is-resized\"><img loading=\"lazy\" decoding=\"async\" width=\"300\" height=\"300\" src=\"https:\/\/www.itu.int\/cities\/wp-content\/uploads\/2024\/06\/Foto-Rodrigo-e1713528642631-300x300-1.jpeg\" alt=\"\" class=\"wp-image-3141\" style=\"width:200px;height:200px\" srcset=\"https:\/\/www.itu.int\/cities\/wp-content\/uploads\/2024\/06\/Foto-Rodrigo-e1713528642631-300x300-1.jpeg 300w, https:\/\/www.itu.int\/cities\/wp-content\/uploads\/2024\/06\/Foto-Rodrigo-e1713528642631-300x300-1-150x150.jpeg 150w\" sizes=\"auto, (max-width: 300px) 100vw, 300px\" \/><figcaption class=\"wp-element-caption\"><strong>Rodrigo Ruiz Ballesteros<\/strong> Coordinador de Innovaci\u00f3n del Municipio de Quer\u00e9taro, Mexico<br><\/figcaption><\/figure>\n<\/div><\/div>            <\/div>\n                                                <div data-span=\"6\">\n                    <div class=\"ituContainer\">\n<blockquote class=\"wp-block-quote is-style-plain is-layout-flow wp-block-quote-is-layout-flow\"><div class=\"ituContainer\">\n<p class=\"has-text-align-left wp-block-paragraph\">Orgullosamente queretano, Rodrigo es Egresado de la licenciatura en Derecho por parte de la Universidad An\u00e1huac M\u00e9xico Norte. Y cuenta con una especialidad en \u201cLiderazgo en Innovaci\u00f3n\u201d, por el MIT.<\/p>\n<\/div>\n\n<div class=\"ituContainer\">\n<p class=\"wp-block-paragraph\">Incursion\u00f3 a temprana edad en el \u00e1mbito legislativo, al desempe\u00f1arse como asesor del Senador por Quer\u00e9taro Francisco Dom\u00ednguez, quien particip\u00f3 activamente en las Comisiones de Hacienda y Cr\u00e9dito P\u00fablico, y Energ\u00eda.<\/p>\n<\/div>\n\n<div class=\"ituContainer\">\n<p class=\"wp-block-paragraph\">Su desempe\u00f1o lo llev\u00f3 a ocupar cargos de gran responsabilidad en el Gobierno del Estado de Quer\u00e9taro, durante el periodo de la Administraci\u00f3n 2015-2021. Siendo nombrado Secretario Adjunto del Gobernador; luego Secretario de la Juventud, donde cre\u00f3 el proyecto \u201cNuqleo\u201d: que es el primer centro de trabajo y creatividad p\u00fablico en el estado; y m\u00e1s tarde, Secretario Particular del Gobernador.<\/p>\n<\/div>\n\n<div class=\"ituContainer\">\n<p class=\"wp-block-paragraph\">Su visi\u00f3n y compromiso con una pol\u00edtica p\u00fablica de innovaci\u00f3n fueron fundamentales para que el actual Presidente Municipal de Quer\u00e9taro, Luis Bernardo Nava, lo invitara a encabezar la Coordinaci\u00f3n de Proyectos e Innovaci\u00f3n del Municipio de Quer\u00e9taro, desde donde hoy impulsa el pr\u00f3ximo Centro de Innovaci\u00f3n y Tecnolog\u00eda Creativa de nuestra Ciudad: BLOQUE, espacio \u00fanico en su tipo a nivel nacional que materializa una pol\u00edtica de innovaci\u00f3n de gran alcance.<\/p>\n<\/div>\n\n<div class=\"ituContainer\">\n<p class=\"has-text-align-left wp-block-paragraph\">Con una trayectoria profesional ascendente, Rodrigo se distingue por buscar mejores caminos a los establecidos, fijando la innovaci\u00f3n como el valor fundamental para lograr cambios en la vida p\u00fablica de nuestro estado y de nuestro pa\u00eds.<\/p>\n<\/div><\/blockquote>\n<\/div>            <\/div>\n                                                <div data-span=\"3\">\n                    <div class=\"ituContainer\">\n<div class=\"wp-block-columns is-layout-flex wp-container-core-columns-is-layout-8f761849 wp-block-columns-is-layout-flex\"><div class=\"ituContainer\">\n<div class=\"wp-block-column is-layout-flow wp-block-column-is-layout-flow\" style=\"flex-basis:100px\"><div class=\"wp-block-image\"><div class=\"ituContainer\">\n<figure class=\"aligncenter size-full is-resized\"><img loading=\"lazy\" decoding=\"async\" width=\"96\" height=\"96\" src=\"https:\/\/www.itu.int\/cities\/wp-content\/uploads\/2023\/07\/organization-2.jpg\" alt=\"\" class=\"wp-image-1460\" style=\"width:74px;height:74px\"\/><figcaption class=\"wp-element-caption\"><strong>Affiliation<\/strong><\/figcaption><\/figure>\n<\/div><\/div><\/div>\n<\/div>\n\n<div class=\"ituContainer\">\n<div class=\"wp-block-column is-vertically-aligned-center is-layout-flow wp-block-column-is-layout-flow\"><div class=\"ituContainer\">\n<p class=\"has-text-align-left wp-block-paragraph\"><strong><strong>Municipio de Quer\u00e9taro, Mexico<\/strong><\/strong><\/p>\n<\/div><\/div>\n<\/div><\/div>\n<\/div>                    <div class=\"ituContainer\">\n<div class=\"wp-block-columns is-layout-flex wp-container-core-columns-is-layout-8f761849 wp-block-columns-is-layout-flex\"><div class=\"ituContainer\">\n<div class=\"wp-block-column is-vertically-aligned-center is-layout-flow wp-block-column-is-layout-flow\" style=\"flex-basis:100px\"><div class=\"wp-block-image\"><div class=\"ituContainer\">\n<figure class=\"aligncenter size-full is-resized\"><img loading=\"lazy\" decoding=\"async\" width=\"96\" height=\"96\" src=\"https:\/\/www.itu.int\/cities\/wp-content\/uploads\/2023\/07\/Affliation-1.jpg\" alt=\"\" class=\"wp-image-1459\" style=\"width:72px;height:72px\"\/><figcaption class=\"wp-element-caption\"><strong>Profession<\/strong><\/figcaption><\/figure>\n<\/div><\/div><\/div>\n<\/div>\n\n<div class=\"ituContainer\">\n<div class=\"wp-block-column is-vertically-aligned-center is-layout-flow wp-block-column-is-layout-flow\"><div class=\"ituContainer\">\n<p class=\"has-text-align-left wp-block-paragraph\"><strong><strong>Coordinador de Innovaci\u00f3n<\/strong><\/strong><\/p>\n<\/div><\/div>\n<\/div><\/div>\n<\/div>            <\/div>\n                    <\/div>\n    <\/section>\n\n\n<div class=\"ituContainer\">\n<p class=\"wp-block-paragraph\"><a href=\"https:\/\/www.itu.int\/cities\/?page_id=1462\" data-type=\"URL\" data-id=\"standards4dt\"><strong>See all speakers &gt;<\/strong><\/a><\/p>\n<\/div><\/div>\n<\/div><\/div>\n<\/div>                    <\/div>\n    <\/div>\n","protected":false},"excerpt":{"rendered":"","protected":false},"author":5,"featured_media":0,"parent":234,"menu_order":0,"comment_status":"closed","ping_status":"closed","template":"","meta":{"_crdt_document":"","footnotes":""},"class_list":["post-2894","page","type-page","status-publish","hentry"],"featured_image_src":null,"featured_image_src_square":null,"_links":{"self":[{"href":"https:\/\/www.itu.int\/cities\/wp-json\/wp\/v2\/pages\/2894","targetHints":{"allow":["GET"]}}],"collection":[{"href":"https:\/\/www.itu.int\/cities\/wp-json\/wp\/v2\/pages"}],"about":[{"href":"https:\/\/www.itu.int\/cities\/wp-json\/wp\/v2\/types\/page"}],"author":[{"embeddable":true,"href":"https:\/\/www.itu.int\/cities\/wp-json\/wp\/v2\/users\/5"}],"replies":[{"embeddable":true,"href":"https:\/\/www.itu.int\/cities\/wp-json\/wp\/v2\/comments?post=2894"}],"version-history":[{"count":0,"href":"https:\/\/www.itu.int\/cities\/wp-json\/wp\/v2\/pages\/2894\/revisions"}],"up":[{"embeddable":true,"href":"https:\/\/www.itu.int\/cities\/wp-json\/wp\/v2\/pages\/234"}],"wp:attachment":[{"href":"https:\/\/www.itu.int\/cities\/wp-json\/wp\/v2\/media?parent=2894"}],"curies":[{"name":"wp","href":"https:\/\/api.w.org\/{rel}","templated":true}]}}