{"id":2850,"date":"2024-04-11T08:36:26","date_gmt":"2024-04-11T08:36:26","guid":{"rendered":"https:\/\/www.itu.int\/cities\/?page_id=2850"},"modified":"2025-08-21T09:22:21","modified_gmt":"2025-08-21T09:22:21","slug":"dt-bio-bartolome-pujols","status":"publish","type":"page","link":"https:\/\/www.itu.int\/cities\/standards4dt\/dt-bio-bartolome-pujols\/","title":{"rendered":"Bartolome Pujols"},"content":{"rendered":"    <div class=\"ituContainer grid\">\n        <div data-span=\"12\">\n                            <div class=\"ituContainer\">\n<div class=\"wp-block-columns has-white-background-color has-background is-layout-flex wp-container-core-columns-is-layout-8f761849 wp-block-columns-is-layout-flex\"><div class=\"ituContainer\">\n<div class=\"wp-block-column is-layout-flow wp-block-column-is-layout-flow\">    <section>\n        <div class=\"ituContainer grid\">\n                                                <div data-span=\"3\">\n                    <div class=\"wp-block-image is-style-rounded\"><div class=\"ituContainer\">\n<figure class=\"aligncenter size-full is-resized\"><img loading=\"lazy\" decoding=\"async\" width=\"1024\" height=\"1024\" src=\"https:\/\/www.itu.int\/cities\/wp-content\/uploads\/2024\/06\/Bartolome-Pujols-scaled-e1712840460726-1024x1024-1.jpg\" alt=\"\" class=\"wp-image-3137\" style=\"object-fit:cover;width:200px;height:200px\" srcset=\"https:\/\/www.itu.int\/cities\/wp-content\/uploads\/2024\/06\/Bartolome-Pujols-scaled-e1712840460726-1024x1024-1.jpg 1024w, https:\/\/www.itu.int\/cities\/wp-content\/uploads\/2024\/06\/Bartolome-Pujols-scaled-e1712840460726-1024x1024-1-300x300.jpg 300w, https:\/\/www.itu.int\/cities\/wp-content\/uploads\/2024\/06\/Bartolome-Pujols-scaled-e1712840460726-1024x1024-1-150x150.jpg 150w, https:\/\/www.itu.int\/cities\/wp-content\/uploads\/2024\/06\/Bartolome-Pujols-scaled-e1712840460726-1024x1024-1-768x768.jpg 768w, https:\/\/www.itu.int\/cities\/wp-content\/uploads\/2024\/06\/Bartolome-Pujols-scaled-e1712840460726-1024x1024-1-600x600.jpg 600w\" sizes=\"auto, (max-width: 1024px) 100vw, 1024px\" \/><figcaption class=\"wp-element-caption\"><strong>Bartolom\u00e9 Pujols<br><\/strong>Director general, Oficina Gubernamental de<br>Tecnolog\u00edas de la Informaci\u00f3n y Comunicaci\u00f3n (OGTIC)<\/figcaption><\/figure>\n<\/div><\/div>            <\/div>\n                                                <div data-span=\"6\">\n                    <div class=\"ituContainer\">\n<blockquote class=\"wp-block-quote is-style-plain is-layout-flow wp-block-quote-is-layout-flow\"><div class=\"ituContainer\">\n<p class=\"has-text-align-left wp-block-paragraph\">Abogado, pol\u00edtico, y consultor. Licenciado en Derecho de la Pontificia Universidad Cat\u00f3lica Madre y Maestra (PUCMM). Tiene estudios de maestr\u00eda en Derecho y Direcci\u00f3n de Empresas de la Universidad de Palermo, Argentina. Adem\u00e1s, es mag\u00edster en Derecho Administrativo por la Pontificia Universidad Cat\u00f3lica Madre y Maestra de la Rep\u00fablica Dominicana, posee postgrados en Derecho Constitucional, Procesal Constitucional y Derechos Humanos por la Universidad de Buenos Aires (UBA). Tambi\u00e9n posee un postgrado en Liderazgo para la Alta Direcci\u00f3n para la Gesti\u00f3n P\u00fablica, por Barna Management School.<\/p>\n<\/div>\n\n<div class=\"ituContainer\">\n<p class=\"wp-block-paragraph\">Es egresado y ex-becario del Programa Liderazgo Sindical e Impacto Comunitario, impartido por el Instituto Internacional para el Liderazgo Histradrut, Kfar Saba, Israel. Tambi\u00e9n es egresado y ex-becario del International Visitor Leadership Program (IVLP) en el programa Transparency and Accountability in Government.<\/p>\n<\/div>\n\n<div class=\"ituContainer\">\n<p class=\"wp-block-paragraph\">Tambi\u00e9n es egresado y ex-becario del programa sobre el Sistema Interamericano de Derechos Humanos, organizado por la Comisi\u00f3n Interamericana de Derechos Humanos, American University, Washington College of Law, el Centro por los Derechos Humanos y la Justicia Bernard y Audre Rapoport de la Universidad de Texas, el Instituto Interamericano de Derechos Humanos y Robert F. Kennedy Human Rights.<\/p>\n<\/div>\n\n<div class=\"ituContainer\">\n<p class=\"wp-block-paragraph\">Ha sido consultor en materia de pol\u00edticas p\u00fablicas de diversas organizaciones nacionales e internacionales.<\/p>\n<\/div>\n\n<div class=\"ituContainer\">\n<p class=\"has-text-align-left wp-block-paragraph\">Actualmente es director general de la Oficina Gubernamental de Tecnolog\u00edas de la Informaci\u00f3n y Comunicaci\u00f3n (OGTIC) y director ejecutivo del Gabinete de Innovaci\u00f3n, con funciones honor\u00edficas.<\/p>\n<\/div><\/blockquote>\n<\/div>            <\/div>\n                                                <div data-span=\"3\">\n                    <div class=\"ituContainer\">\n<div class=\"wp-block-columns is-layout-flex wp-container-core-columns-is-layout-8f761849 wp-block-columns-is-layout-flex\"><div class=\"ituContainer\">\n<div class=\"wp-block-column is-layout-flow wp-block-column-is-layout-flow\" style=\"flex-basis:100px\"><div class=\"wp-block-image\"><div class=\"ituContainer\">\n<figure class=\"aligncenter size-full is-resized\"><img loading=\"lazy\" decoding=\"async\" width=\"96\" height=\"96\" src=\"https:\/\/www.itu.int\/cities\/wp-content\/uploads\/2023\/07\/organization-2.jpg\" alt=\"\" class=\"wp-image-1460\" style=\"width:74px;height:74px\"\/><figcaption class=\"wp-element-caption\"><strong>Affiliation<\/strong><\/figcaption><\/figure>\n<\/div><\/div><\/div>\n<\/div>\n\n<div class=\"ituContainer\">\n<div class=\"wp-block-column is-vertically-aligned-center is-layout-flow wp-block-column-is-layout-flow\"><div class=\"ituContainer\">\n<p class=\"has-text-align-left wp-block-paragraph\"><strong><strong><strong><strong><strong>Oficina Gubernamental de<br>Tecnolog\u00edas de la Informaci\u00f3n y Comunicaci\u00f3n (OGTIC)<\/strong><\/strong><\/strong><\/strong><\/strong><\/p>\n<\/div><\/div>\n<\/div><\/div>\n<\/div>                    <div class=\"ituContainer\">\n<div class=\"wp-block-columns is-layout-flex wp-container-core-columns-is-layout-8f761849 wp-block-columns-is-layout-flex\"><div class=\"ituContainer\">\n<div class=\"wp-block-column is-vertically-aligned-center is-layout-flow wp-block-column-is-layout-flow\" style=\"flex-basis:100px\"><div class=\"wp-block-image\"><div class=\"ituContainer\">\n<figure class=\"aligncenter size-full is-resized\"><img loading=\"lazy\" decoding=\"async\" width=\"96\" height=\"96\" src=\"https:\/\/www.itu.int\/cities\/wp-content\/uploads\/2023\/07\/Affliation-1.jpg\" alt=\"\" class=\"wp-image-1459\" style=\"width:72px;height:72px\"\/><figcaption class=\"wp-element-caption\"><strong>Profession<\/strong><\/figcaption><\/figure>\n<\/div><\/div><\/div>\n<\/div>\n\n<div class=\"ituContainer\">\n<div class=\"wp-block-column is-vertically-aligned-center is-layout-flow wp-block-column-is-layout-flow\"><div class=\"ituContainer\">\n<p class=\"has-text-align-left wp-block-paragraph\"><strong><strong><strong><strong><strong>Director general<\/strong><\/strong><\/strong><\/strong><\/strong><\/p>\n<\/div><\/div>\n<\/div><\/div>\n<\/div>            <\/div>\n                    <\/div>\n    <\/section>\n\n\n<div class=\"ituContainer\">\n<p class=\"wp-block-paragraph\"><a href=\"https:\/\/www.itu.int\/cities\/?page_id=1462\" data-type=\"URL\" data-id=\"standards4dt\"><strong>See all speakers &gt;<\/strong><\/a><\/p>\n<\/div><\/div>\n<\/div><\/div>\n<\/div>                    <\/div>\n    <\/div>\n","protected":false},"excerpt":{"rendered":"","protected":false},"author":5,"featured_media":0,"parent":234,"menu_order":0,"comment_status":"closed","ping_status":"closed","template":"","meta":{"_crdt_document":"","footnotes":""},"class_list":["post-2850","page","type-page","status-publish","hentry"],"featured_image_src":null,"featured_image_src_square":null,"_links":{"self":[{"href":"https:\/\/www.itu.int\/cities\/wp-json\/wp\/v2\/pages\/2850","targetHints":{"allow":["GET"]}}],"collection":[{"href":"https:\/\/www.itu.int\/cities\/wp-json\/wp\/v2\/pages"}],"about":[{"href":"https:\/\/www.itu.int\/cities\/wp-json\/wp\/v2\/types\/page"}],"author":[{"embeddable":true,"href":"https:\/\/www.itu.int\/cities\/wp-json\/wp\/v2\/users\/5"}],"replies":[{"embeddable":true,"href":"https:\/\/www.itu.int\/cities\/wp-json\/wp\/v2\/comments?post=2850"}],"version-history":[{"count":0,"href":"https:\/\/www.itu.int\/cities\/wp-json\/wp\/v2\/pages\/2850\/revisions"}],"up":[{"embeddable":true,"href":"https:\/\/www.itu.int\/cities\/wp-json\/wp\/v2\/pages\/234"}],"wp:attachment":[{"href":"https:\/\/www.itu.int\/cities\/wp-json\/wp\/v2\/media?parent=2850"}],"curies":[{"name":"wp","href":"https:\/\/api.w.org\/{rel}","templated":true}]}}