{"id":2830,"date":"2024-04-10T12:19:25","date_gmt":"2024-04-10T12:19:25","guid":{"rendered":"https:\/\/www.itu.int\/cities\/?page_id=2830"},"modified":"2025-08-26T12:24:53","modified_gmt":"2025-08-26T12:24:53","slug":"dt-bio-luis-nava-guerrero","status":"publish","type":"page","link":"https:\/\/www.itu.int\/cities\/standards4dt\/dt-bio-luis-nava-guerrero\/","title":{"rendered":"Luis Nava Guerrero"},"content":{"rendered":"    <div class=\"ituContainer grid\">\n        <div data-span=\"12\">\n                            <div class=\"ituContainer\">\n<div class=\"wp-block-columns has-white-background-color has-background is-layout-flex wp-container-core-columns-is-layout-8f761849 wp-block-columns-is-layout-flex\"><div class=\"ituContainer\">\n<div class=\"wp-block-column is-layout-flow wp-block-column-is-layout-flow\">    <section>\n        <div class=\"ituContainer grid\">\n                                                <div data-span=\"3\">\n                    <div class=\"wp-block-image is-resized is-style-rounded\"><div class=\"ituContainer\">\n<figure class=\"aligncenter size-full\"><img loading=\"lazy\" decoding=\"async\" width=\"2288\" height=\"2739\" src=\"https:\/\/www.itu.int\/cities\/wp-content\/uploads\/2024\/04\/Nava-2.png\" alt=\"\" class=\"wp-image-2831\" style=\"aspect-ratio:1;object-fit:cover;width:200px;height:auto\" srcset=\"https:\/\/www.itu.int\/cities\/wp-content\/uploads\/2024\/04\/Nava-2.png 2288w, https:\/\/www.itu.int\/cities\/wp-content\/uploads\/2024\/04\/Nava-2-251x300.png 251w, https:\/\/www.itu.int\/cities\/wp-content\/uploads\/2024\/04\/Nava-2-855x1024.png 855w, https:\/\/www.itu.int\/cities\/wp-content\/uploads\/2024\/04\/Nava-2-768x919.png 768w, https:\/\/www.itu.int\/cities\/wp-content\/uploads\/2024\/04\/Nava-2-1283x1536.png 1283w, https:\/\/www.itu.int\/cities\/wp-content\/uploads\/2024\/04\/Nava-2-1711x2048.png 1711w\" sizes=\"auto, (max-width: 2288px) 100vw, 2288px\" \/><figcaption class=\"wp-element-caption\"><strong>Luis Nava Guerrero<br><\/strong>Alcalde de Quer\u00e9taro, M\u00e9xico<\/figcaption><\/figure>\n<\/div><\/div>            <\/div>\n                                                <div data-span=\"6\">\n                    <div class=\"ituContainer\">\n<blockquote class=\"wp-block-quote is-style-plain is-layout-flow wp-block-quote-is-layout-flow\"><div class=\"ituContainer\">\n<p class=\"has-text-align-left wp-block-paragraph\">Luis Nava Guerrero naci\u00f3 el 18 de enero de 1975 en Santiago de Quer\u00e9taro, Quer\u00e9taro.<\/p>\n<\/div>\n\n<div class=\"ituContainer\">\n<p class=\"wp-block-paragraph\">Es Licenciado en Econom\u00eda y cuenta con Maestr\u00eda en Alta Direcci\u00f3n.Es miembro del Partido Acci\u00f3n Nacional (PAN). Ha sido Diputado local (2012-2015), Jefe de la Oficina de la Gubernatura (2015-2018) y Presidente Municipal de Quer\u00e9taro (2018-2021).<br>Actualmente ejerce su segundo periodo (2021-2024) como alcalde de Quer\u00e9taro tras ganar la reelecci\u00f3n en 2021.<\/p>\n<\/div>\n\n<div class=\"ituContainer\">\n<p class=\"wp-block-paragraph\">Es Presidente de la Asociaci\u00f3n de Ciudades Mexicanas Patrimonio Mundial y Vicepresidente de la Asociaci\u00f3n Nacional de Alcaldes (ANAC) donde se fortalece a los municipios y se replican casos de \u00e9xito de los gobiernos locales.<\/p>\n<\/div>\n\n<div class=\"ituContainer\">\n<p class=\"wp-block-paragraph\">En abril 2022, particip\u00f3 en la reuni\u00f3n especial del Consejo Econ\u00f3mico y Social de la Organizaci\u00f3n de las Naciones Unidas (ONU) en Nueva York, como representantes de los gobiernos locales del mundo.<\/p>\n<\/div>\n\n<div class=\"ituContainer\">\n<p class=\"has-text-align-left wp-block-paragraph\">En junio de 2023 particip\u00f3 en la Asamblea de las Naciones Unidas para el H\u00e1bitat que se celebr\u00f3 en Nairobi, Kenia.<\/p>\n<\/div><\/blockquote>\n<\/div>            <\/div>\n                                                <div data-span=\"3\">\n                    <div class=\"ituContainer\">\n<div class=\"wp-block-columns is-layout-flex wp-container-core-columns-is-layout-8f761849 wp-block-columns-is-layout-flex\"><div class=\"ituContainer\">\n<div class=\"wp-block-column is-layout-flow wp-block-column-is-layout-flow\" style=\"flex-basis:100px\"><div class=\"wp-block-image\"><div class=\"ituContainer\">\n<figure class=\"aligncenter size-full is-resized\"><img loading=\"lazy\" decoding=\"async\" width=\"96\" height=\"96\" src=\"https:\/\/www.itu.int\/cities\/wp-content\/uploads\/2023\/07\/organization-2.jpg\" alt=\"\" class=\"wp-image-1460\" style=\"width:74px;height:74px\"\/><figcaption class=\"wp-element-caption\"><strong>Affiliation<\/strong><\/figcaption><\/figure>\n<\/div><\/div><\/div>\n<\/div>\n\n<div class=\"ituContainer\">\n<div class=\"wp-block-column is-vertically-aligned-center is-layout-flow wp-block-column-is-layout-flow\"><div class=\"ituContainer\">\n<p class=\"has-text-align-left wp-block-paragraph\"><strong><strong>Alcalde de Quer\u00e9taro<\/strong><\/strong><\/p>\n<\/div><\/div>\n<\/div><\/div>\n<\/div>                    <div class=\"ituContainer\">\n<div class=\"wp-block-columns is-layout-flex wp-container-core-columns-is-layout-8f761849 wp-block-columns-is-layout-flex\"><div class=\"ituContainer\">\n<div class=\"wp-block-column is-vertically-aligned-center is-layout-flow wp-block-column-is-layout-flow\" style=\"flex-basis:100px\"><div class=\"wp-block-image\"><div class=\"ituContainer\">\n<figure class=\"aligncenter size-full is-resized\"><img loading=\"lazy\" decoding=\"async\" width=\"96\" height=\"96\" src=\"https:\/\/www.itu.int\/cities\/wp-content\/uploads\/2023\/07\/Affliation-1.jpg\" alt=\"\" class=\"wp-image-1459\" style=\"width:72px;height:72px\"\/><figcaption class=\"wp-element-caption\"><strong>Profession<\/strong><\/figcaption><\/figure>\n<\/div><\/div><\/div>\n<\/div>\n\n<div class=\"ituContainer\">\n<div class=\"wp-block-column is-vertically-aligned-center is-layout-flow wp-block-column-is-layout-flow\"><div class=\"ituContainer\">\n<p class=\"has-text-align-left wp-block-paragraph\"><strong><strong>Municipal de Quer\u00e9taro, M\u00e9xico<\/strong><\/strong><\/p>\n<\/div><\/div>\n<\/div><\/div>\n<\/div>            <\/div>\n                    <\/div>\n    <\/section>\n\n\n<div class=\"ituContainer\">\n<p class=\"wp-block-paragraph\"><a href=\"https:\/\/www.itu.int\/cities\/?page_id=1462\" data-type=\"URL\" data-id=\"standards4dt\"><strong>See all speakers &gt;<\/strong><\/a><\/p>\n<\/div><\/div>\n<\/div><\/div>\n<\/div>                    <\/div>\n    <\/div>\n","protected":false},"excerpt":{"rendered":"","protected":false},"author":5,"featured_media":0,"parent":234,"menu_order":0,"comment_status":"closed","ping_status":"closed","template":"","meta":{"_crdt_document":"","footnotes":""},"class_list":["post-2830","page","type-page","status-publish","hentry"],"featured_image_src":null,"featured_image_src_square":null,"_links":{"self":[{"href":"https:\/\/www.itu.int\/cities\/wp-json\/wp\/v2\/pages\/2830","targetHints":{"allow":["GET"]}}],"collection":[{"href":"https:\/\/www.itu.int\/cities\/wp-json\/wp\/v2\/pages"}],"about":[{"href":"https:\/\/www.itu.int\/cities\/wp-json\/wp\/v2\/types\/page"}],"author":[{"embeddable":true,"href":"https:\/\/www.itu.int\/cities\/wp-json\/wp\/v2\/users\/5"}],"replies":[{"embeddable":true,"href":"https:\/\/www.itu.int\/cities\/wp-json\/wp\/v2\/comments?post=2830"}],"version-history":[{"count":0,"href":"https:\/\/www.itu.int\/cities\/wp-json\/wp\/v2\/pages\/2830\/revisions"}],"up":[{"embeddable":true,"href":"https:\/\/www.itu.int\/cities\/wp-json\/wp\/v2\/pages\/234"}],"wp:attachment":[{"href":"https:\/\/www.itu.int\/cities\/wp-json\/wp\/v2\/media?parent=2830"}],"curies":[{"name":"wp","href":"https:\/\/api.w.org\/{rel}","templated":true}]}}