{"id":2809,"date":"2024-03-27T14:28:28","date_gmt":"2024-03-27T14:28:28","guid":{"rendered":"https:\/\/www.itu.int\/cities\/?page_id=2809"},"modified":"2025-08-21T08:46:23","modified_gmt":"2025-08-21T08:46:23","slug":"dt-bio-noelia-nunez","status":"publish","type":"page","link":"https:\/\/www.itu.int\/cities\/standards4dt\/dt-bio-noelia-nunez\/","title":{"rendered":"Noelia Nunez"},"content":{"rendered":"    <div class=\"ituContainer grid\">\n        <div data-span=\"12\">\n                            <div class=\"ituContainer\">\n<div class=\"wp-block-columns has-white-background-color has-background is-layout-flex wp-container-core-columns-is-layout-8f761849 wp-block-columns-is-layout-flex\"><div class=\"ituContainer\">\n<div class=\"wp-block-column is-layout-flow wp-block-column-is-layout-flow\">    <section>\n        <div class=\"ituContainer grid\">\n                                                <div data-span=\"3\">\n                    <div class=\"wp-block-image is-style-rounded\"><div class=\"ituContainer\">\n<figure class=\"aligncenter size-full is-resized\"><img loading=\"lazy\" decoding=\"async\" width=\"1024\" height=\"1024\" src=\"https:\/\/www.itu.int\/cities\/wp-content\/uploads\/2024\/06\/IMG_2983-copy-1024x1024-1.jpg\" alt=\"\" class=\"wp-image-3140\" style=\"object-fit:cover;width:200px;height:200px\" srcset=\"https:\/\/www.itu.int\/cities\/wp-content\/uploads\/2024\/06\/IMG_2983-copy-1024x1024-1.jpg 1024w, https:\/\/www.itu.int\/cities\/wp-content\/uploads\/2024\/06\/IMG_2983-copy-1024x1024-1-300x300.jpg 300w, https:\/\/www.itu.int\/cities\/wp-content\/uploads\/2024\/06\/IMG_2983-copy-1024x1024-1-150x150.jpg 150w, https:\/\/www.itu.int\/cities\/wp-content\/uploads\/2024\/06\/IMG_2983-copy-1024x1024-1-768x768.jpg 768w, https:\/\/www.itu.int\/cities\/wp-content\/uploads\/2024\/06\/IMG_2983-copy-1024x1024-1-600x600.jpg 600w\" sizes=\"auto, (max-width: 1024px) 100vw, 1024px\" \/><figcaption class=\"wp-element-caption\"><strong><strong>Noelia Nu\u00f1ez<\/strong><br><\/strong>Analista en la Direcci\u00f3n de Derechos Humanos, Ministerio de Relaciones Exteriores de la Rep\u00fablica Dominicana (MIREX)<\/figcaption><\/figure>\n<\/div><\/div>            <\/div>\n                                                <div data-span=\"6\">\n                    <div class=\"ituContainer\">\n<blockquote class=\"wp-block-quote is-style-plain is-layout-flow wp-block-quote-is-layout-flow\"><div class=\"ituContainer\">\n<p class=\"has-text-align-left wp-block-paragraph\">Noelia Nu\u00f1ez es funcionaria p\u00fablica desde el a\u00f1o 2014, ha trabajado en el \u00e1rea de Derecho Bancario y Derechos humanos. En su rol de analista en la Direcci\u00f3n de Derechos Humanos se encarga de los temas de derecho laboral internacional, empresas y derechos de las personas con discapacidad. Como parte de sus obligaciones ha participado en la elaboraci\u00f3n del Plan Nacional de Derechos Humanos 2018-2024, en el informe peri\u00f3dico de la Convenci\u00f3n sobre los Derechos de las Personas con Discapacidad, as\u00ed como en el informe de la Convenci\u00f3n de la Eliminaci\u00f3n de todas las Formas de Discriminaci\u00f3n de las Personas con Discapacidad y la Erradicaci\u00f3n de las Peores Formas de Trabajo Infantil. En numerosas ocasiones ha representado al Ministerio de Relaciones Exteriores ante el Comit\u00e9 Directivo Nacional y ante la Organizaci\u00f3n Internacional del Trabajo en Ginebra, Suiza. trabaj\u00f3 recientemente en la primera sesi\u00f3n del Consejo de Derechos Humanos apoyando los temas de discapacidad y los derechos de las minor\u00edas.<\/p>\n<\/div>\n\n<div class=\"ituContainer\">\n<p class=\"has-text-align-left wp-block-paragraph\">Como parte de su formaci\u00f3n profesional estudi\u00f3 Derecho y ha realizado cursos especializados sobre la utilizaci\u00f3n del Sistema Interamericano de Derechos Humanos, el Fortalecimiento de la Participaci\u00f3n Pol\u00edtica de las Mujeres, Avances en el Cumplimiento de los Derechos de la Personas con Discapacidad en Am\u00e9rica Latina y el Caribe, entre otros.<\/p>\n<\/div><\/blockquote>\n<\/div>            <\/div>\n                                                <div data-span=\"3\">\n                    <div class=\"ituContainer\">\n<div class=\"wp-block-columns is-layout-flex wp-container-core-columns-is-layout-8f761849 wp-block-columns-is-layout-flex\"><div class=\"ituContainer\">\n<div class=\"wp-block-column is-layout-flow wp-block-column-is-layout-flow\" style=\"flex-basis:100px\"><div class=\"wp-block-image\"><div class=\"ituContainer\">\n<figure class=\"aligncenter size-full is-resized\"><img loading=\"lazy\" decoding=\"async\" width=\"96\" height=\"96\" src=\"https:\/\/www.itu.int\/cities\/wp-content\/uploads\/2023\/07\/organization-2.jpg\" alt=\"\" class=\"wp-image-1460\" style=\"width:74px;height:74px\"\/><figcaption class=\"wp-element-caption\"><strong>Affiliation<\/strong><\/figcaption><\/figure>\n<\/div><\/div><\/div>\n<\/div>\n\n<div class=\"ituContainer\">\n<div class=\"wp-block-column is-vertically-aligned-center is-layout-flow wp-block-column-is-layout-flow\"><div class=\"ituContainer\">\n<p class=\"has-text-align-left wp-block-paragraph\"><strong><strong><strong><strong><strong>Ministerio de Relaciones Exteriores de la Rep\u00fablica Dominicana (MIREX)<\/strong><\/strong><\/strong><\/strong><\/strong><\/p>\n<\/div><\/div>\n<\/div><\/div>\n<\/div>                    <div class=\"ituContainer\">\n<div class=\"wp-block-columns is-layout-flex wp-container-core-columns-is-layout-8f761849 wp-block-columns-is-layout-flex\"><div class=\"ituContainer\">\n<div class=\"wp-block-column is-vertically-aligned-center is-layout-flow wp-block-column-is-layout-flow\" style=\"flex-basis:100px\"><div class=\"wp-block-image\"><div class=\"ituContainer\">\n<figure class=\"aligncenter size-full is-resized\"><img loading=\"lazy\" decoding=\"async\" width=\"96\" height=\"96\" src=\"https:\/\/www.itu.int\/cities\/wp-content\/uploads\/2023\/07\/Affliation-1.jpg\" alt=\"\" class=\"wp-image-1459\" style=\"width:72px;height:72px\"\/><figcaption class=\"wp-element-caption\"><strong>Profession<\/strong><\/figcaption><\/figure>\n<\/div><\/div><\/div>\n<\/div>\n\n<div class=\"ituContainer\">\n<div class=\"wp-block-column is-vertically-aligned-center is-layout-flow wp-block-column-is-layout-flow\"><div class=\"ituContainer\">\n<p class=\"has-text-align-left wp-block-paragraph\"><strong><strong><strong><strong><strong>Analista en la Direcci\u00f3n de Derechos Humanos<\/strong><\/strong><\/strong><\/strong><\/strong><\/p>\n<\/div><\/div>\n<\/div><\/div>\n<\/div>            <\/div>\n                    <\/div>\n    <\/section>\n\n\n<div class=\"ituContainer\">\n<p class=\"wp-block-paragraph\"><a href=\"https:\/\/www.itu.int\/cities\/?page_id=1462\" data-type=\"URL\" data-id=\"standards4dt\"><strong>See all speakers &gt;<\/strong><\/a><\/p>\n<\/div><\/div>\n<\/div><\/div>\n<\/div>                    <\/div>\n    <\/div>\n","protected":false},"excerpt":{"rendered":"","protected":false},"author":5,"featured_media":0,"parent":234,"menu_order":0,"comment_status":"closed","ping_status":"closed","template":"","meta":{"_crdt_document":"","footnotes":""},"class_list":["post-2809","page","type-page","status-publish","hentry"],"featured_image_src":null,"featured_image_src_square":null,"_links":{"self":[{"href":"https:\/\/www.itu.int\/cities\/wp-json\/wp\/v2\/pages\/2809","targetHints":{"allow":["GET"]}}],"collection":[{"href":"https:\/\/www.itu.int\/cities\/wp-json\/wp\/v2\/pages"}],"about":[{"href":"https:\/\/www.itu.int\/cities\/wp-json\/wp\/v2\/types\/page"}],"author":[{"embeddable":true,"href":"https:\/\/www.itu.int\/cities\/wp-json\/wp\/v2\/users\/5"}],"replies":[{"embeddable":true,"href":"https:\/\/www.itu.int\/cities\/wp-json\/wp\/v2\/comments?post=2809"}],"version-history":[{"count":0,"href":"https:\/\/www.itu.int\/cities\/wp-json\/wp\/v2\/pages\/2809\/revisions"}],"up":[{"embeddable":true,"href":"https:\/\/www.itu.int\/cities\/wp-json\/wp\/v2\/pages\/234"}],"wp:attachment":[{"href":"https:\/\/www.itu.int\/cities\/wp-json\/wp\/v2\/media?parent=2809"}],"curies":[{"name":"wp","href":"https:\/\/api.w.org\/{rel}","templated":true}]}}