{"id":2788,"date":"2024-03-25T09:45:37","date_gmt":"2024-03-25T09:45:37","guid":{"rendered":"https:\/\/www.itu.int\/cities\/?page_id=2788"},"modified":"2025-08-21T12:53:22","modified_gmt":"2025-08-21T12:53:22","slug":"dt-bio-karina-perez-teruel","status":"publish","type":"page","link":"https:\/\/www.itu.int\/cities\/standards4dt\/dt-bio-karina-perez-teruel\/","title":{"rendered":"Karina Perez Teruel"},"content":{"rendered":"    <div class=\"ituContainer grid\">\n        <div data-span=\"12\">\n                            <div class=\"ituContainer\">\n<div class=\"wp-block-columns has-white-background-color has-background is-layout-flex wp-container-core-columns-is-layout-8f761849 wp-block-columns-is-layout-flex\"><div class=\"ituContainer\">\n<div class=\"wp-block-column is-layout-flow wp-block-column-is-layout-flow\">    <section>\n        <div class=\"ituContainer grid\">\n                                                <div data-span=\"3\">\n                    <div class=\"wp-block-image is-style-rounded\"><div class=\"ituContainer\">\n<figure class=\"aligncenter size-full is-resized\"><img loading=\"lazy\" decoding=\"async\" width=\"1080\" height=\"1080\" src=\"https:\/\/www.itu.int\/cities\/wp-content\/uploads\/2024\/03\/Karina-Perez-Teruel.jpeg\" alt=\"\" class=\"wp-image-2789\" style=\"object-fit:cover;width:200px;height:200px\" srcset=\"https:\/\/www.itu.int\/cities\/wp-content\/uploads\/2024\/03\/Karina-Perez-Teruel.jpeg 1080w, https:\/\/www.itu.int\/cities\/wp-content\/uploads\/2024\/03\/Karina-Perez-Teruel-300x300.jpeg 300w, https:\/\/www.itu.int\/cities\/wp-content\/uploads\/2024\/03\/Karina-Perez-Teruel-1024x1024.jpeg 1024w, https:\/\/www.itu.int\/cities\/wp-content\/uploads\/2024\/03\/Karina-Perez-Teruel-150x150.jpeg 150w, https:\/\/www.itu.int\/cities\/wp-content\/uploads\/2024\/03\/Karina-Perez-Teruel-768x768.jpeg 768w, https:\/\/www.itu.int\/cities\/wp-content\/uploads\/2024\/03\/Karina-Perez-Teruel-600x600.jpeg 600w\" sizes=\"auto, (max-width: 1080px) 100vw, 1080px\" \/><figcaption class=\"wp-element-caption\"><strong>Karina P\u00e9rez Teruel<br><\/strong>Profesora en la carrera Ingenier\u00eda de Software de Instituto Tecnol\u00f3gico de Santo Domingo\u00a0(INTEC)<\/figcaption><\/figure>\n<\/div><\/div>            <\/div>\n                                                <div data-span=\"6\">\n                    <div class=\"ituContainer\">\n<blockquote class=\"wp-block-quote is-style-plain is-layout-flow wp-block-quote-is-layout-flow\"><div class=\"ituContainer\">\n<p class=\"has-text-align-left wp-block-paragraph\">Compromiso con el fomento de una cultura de innovaci\u00f3n y creatividad, lograr su conexi\u00f3n con las capacidades y talentos de las personas y generar soluciones sostenibles a problem\u00e1ticas haciendo uso de las Tecnolog\u00edas de la Informaci\u00f3n.&nbsp;<\/p>\n<\/div>\n\n<div class=\"ituContainer\">\n<p class=\"wp-block-paragraph\">Artista Pl\u00e1stica de formaci\u00f3n autodidacta. Explora y desarrolla la integraci\u00f3n entre&nbsp; Ciencia, Tecnolog\u00eda, Ingenier\u00eda, Artes y Matem\u00e1ticas (STEAM) con el prop\u00f3sito de fortalecer la transformaci\u00f3n sostenible de la sociedad. &nbsp;<\/p>\n<\/div>\n\n<div class=\"ituContainer\">\n<p class=\"wp-block-paragraph\">Para ello se especializa en:<\/p>\n<\/div>\n\n<div class=\"ituContainer\">\n<p class=\"has-text-align-left wp-block-paragraph\">Gesti\u00f3n de Proyectos | An\u00e1lisis de datos | OKR | Dise\u00f1o Centrado en las Personas | Pensamiento de Dise\u00f1o | Innovaci\u00f3n Tecnol\u00f3gica | entre otras \u00e1reas afines.<\/p>\n<\/div><\/blockquote>\n<\/div>            <\/div>\n                                                <div data-span=\"3\">\n                    <div class=\"ituContainer\">\n<div class=\"wp-block-columns is-layout-flex wp-container-core-columns-is-layout-8f761849 wp-block-columns-is-layout-flex\"><div class=\"ituContainer\">\n<div class=\"wp-block-column is-layout-flow wp-block-column-is-layout-flow\" style=\"flex-basis:100px\"><div class=\"wp-block-image\"><div class=\"ituContainer\">\n<figure class=\"aligncenter size-full is-resized\"><img loading=\"lazy\" decoding=\"async\" width=\"96\" height=\"96\" src=\"https:\/\/www.itu.int\/cities\/wp-content\/uploads\/2023\/07\/organization-2.jpg\" alt=\"\" class=\"wp-image-1460\" style=\"width:74px;height:74px\"\/><figcaption class=\"wp-element-caption\"><strong>Affiliation<\/strong><\/figcaption><\/figure>\n<\/div><\/div><\/div>\n<\/div>\n\n<div class=\"ituContainer\">\n<div class=\"wp-block-column is-vertically-aligned-center is-layout-flow wp-block-column-is-layout-flow\"><div class=\"ituContainer\">\n<p class=\"has-text-align-left wp-block-paragraph\"><strong><strong><strong><strong><strong><strong>Instituto Tecnol\u00f3gico de Santo Domingo\u00a0(INTEC)<\/strong><\/strong><\/strong><\/strong><\/strong><\/strong><\/p>\n<\/div><\/div>\n<\/div><\/div>\n<\/div>                    <div class=\"ituContainer\">\n<div class=\"wp-block-columns is-layout-flex wp-container-core-columns-is-layout-8f761849 wp-block-columns-is-layout-flex\"><div class=\"ituContainer\">\n<div class=\"wp-block-column is-vertically-aligned-center is-layout-flow wp-block-column-is-layout-flow\" style=\"flex-basis:100px\"><div class=\"wp-block-image\"><div class=\"ituContainer\">\n<figure class=\"aligncenter size-full is-resized\"><img loading=\"lazy\" decoding=\"async\" width=\"96\" height=\"96\" src=\"https:\/\/www.itu.int\/cities\/wp-content\/uploads\/2023\/07\/Affliation-1.jpg\" alt=\"\" class=\"wp-image-1459\" style=\"width:72px;height:72px\"\/><figcaption class=\"wp-element-caption\"><strong>Profession<\/strong><\/figcaption><\/figure>\n<\/div><\/div><\/div>\n<\/div>\n\n<div class=\"ituContainer\">\n<div class=\"wp-block-column is-vertically-aligned-center is-layout-flow wp-block-column-is-layout-flow\"><div class=\"ituContainer\">\n<p class=\"has-text-align-left wp-block-paragraph\"><strong><strong><strong><strong><strong><strong>Profesora en la carrera Ingenier\u00eda de Software<\/strong><\/strong><\/strong><\/strong><\/strong><\/strong><\/p>\n<\/div><\/div>\n<\/div><\/div>\n<\/div>            <\/div>\n                    <\/div>\n    <\/section>\n\n\n<div class=\"ituContainer\">\n<p class=\"wp-block-paragraph\"><a href=\"https:\/\/www.itu.int\/cities\/?page_id=1462\" data-type=\"URL\" data-id=\"standards4dt\"><strong>See all speakers &gt;<\/strong><\/a><\/p>\n<\/div><\/div>\n<\/div><\/div>\n<\/div>                    <\/div>\n    <\/div>\n","protected":false},"excerpt":{"rendered":"","protected":false},"author":5,"featured_media":0,"parent":234,"menu_order":0,"comment_status":"closed","ping_status":"closed","template":"","meta":{"_crdt_document":"","footnotes":""},"class_list":["post-2788","page","type-page","status-publish","hentry"],"featured_image_src":null,"featured_image_src_square":null,"_links":{"self":[{"href":"https:\/\/www.itu.int\/cities\/wp-json\/wp\/v2\/pages\/2788","targetHints":{"allow":["GET"]}}],"collection":[{"href":"https:\/\/www.itu.int\/cities\/wp-json\/wp\/v2\/pages"}],"about":[{"href":"https:\/\/www.itu.int\/cities\/wp-json\/wp\/v2\/types\/page"}],"author":[{"embeddable":true,"href":"https:\/\/www.itu.int\/cities\/wp-json\/wp\/v2\/users\/5"}],"replies":[{"embeddable":true,"href":"https:\/\/www.itu.int\/cities\/wp-json\/wp\/v2\/comments?post=2788"}],"version-history":[{"count":0,"href":"https:\/\/www.itu.int\/cities\/wp-json\/wp\/v2\/pages\/2788\/revisions"}],"up":[{"embeddable":true,"href":"https:\/\/www.itu.int\/cities\/wp-json\/wp\/v2\/pages\/234"}],"wp:attachment":[{"href":"https:\/\/www.itu.int\/cities\/wp-json\/wp\/v2\/media?parent=2788"}],"curies":[{"name":"wp","href":"https:\/\/api.w.org\/{rel}","templated":true}]}}